{"id":1409,"date":"2016-08-31T10:49:17","date_gmt":"2016-08-31T07:49:17","guid":{"rendered":"http:\/\/i68176kq.bget.ru\/?page_id=1409"},"modified":"2020-02-03T13:20:37","modified_gmt":"2020-02-03T10:20:37","slug":"passenger-information-system","status":"publish","type":"page","link":"https:\/\/lotgroup.eu\/bg\/product\/smart-city\/passenger-information-system\/","title":{"rendered":"Passenger Information System"},"content":{"rendered":"<section class=\"wpb-content-wrapper\">[vc_row][vc_column][vc_row_inner][vc_column_inner width=&#8220;2\/3&#8243;][vc_column_text]H\u1ec7 th\u1ed1ng th\u00f4ng tin h\u00e0nh kh\u00e1ch (PIS) l\u00e0 m\u1ed9t c\u00f4ng c\u1ee5 hi\u1ec7u qu\u1ea3 cung c\u1ea5p cho h\u00e0nh kh\u00e1ch c\u00e1c th\u00f4ng tin c\u1ea7n thi\u1ebft li\u00ean quan \u0111\u1ebfn l\u1ecbch tr\u00ecnh xe bu\u00fdt, th\u1eddi gian \u0111\u1ebfn v\u00e0 kh\u1edfi h\u00e0nh c\u1ee7a t\u00e0u, th\u1eddi gian v\u00e0 ng\u00e0y hi\u1ec7n t\u1ea1i, c\u00e1c th\u00f4ng tin tr\u1ee3 gi\u00fap kh\u00e1c nhau.<\/p>\n<h4>Nhi\u1ec7m v\u1ee5 ch\u00ednh \u0111\u01b0\u1ee3c PIS \u0111\u1ec1 xu\u1ea5t gi\u1ea3i quy\u1ebft l\u00e0:<\/h4>\n<ul>\n<li>th\u00f4ng b\u00e1o b\u1eb1ng tr\u1ef1c quan c\u1ee7a h\u00e0nh kh\u00e1ch v\u1ec1 c\u00e1c tuy\u1ebfn xe bu\u00fdt t\u1ea1i tr\u1ea1m;<\/li>\n<li>th\u00f4ng b\u00e1o b\u1eb1ng tr\u1ef1c quan c\u1ee7a h\u00e0nh kh\u00e1ch v\u1ec1 kho\u1ea3ng th\u1eddi gian xe bu\u00fdt \u0111\u1ebfn v\u00e0 kh\u1edfi h\u00e0nh t\u1ea1i c\u00e1c tr\u1ea1m;<\/li>\n<li>th\u00f4ng b\u00e1o b\u1eb1ng tr\u1ef1c quan c\u1ee7a h\u00e0nh kh\u00e1ch v\u1ec1 l\u1ecbch tr\u00ecnh xe bu\u00fdt t\u1ea1i tr\u1ea1m;<\/li>\n<li>cung c\u1ea5p th\u00f4ng tin v\u1ec1 ng\u00e0y gi\u1edd hi\u1ec7n t\u1ea1i;<\/li>\n<li>cung c\u1ea5p cho h\u00e0nh kh\u00e1ch c\u00e1c lo\u1ea1i th\u00f4ng tin tr\u1ee3 gi\u00fap kh\u00e1c nhau (v\u00ed d\u1ee5 th\u00f4ng tin v\u1ec1 gi\u00e1 v\u00e9, tuy\u1ebfn \u0111\u01b0\u1eddng, vv);<\/li>\n<li>hi\u1ec3n th\u1ecb th\u00f4ng tin v\u1ec1 c\u00e1c d\u1ecbch v\u1ee5 v\u1eadn h\u00e0nh kh\u1ea9n c\u1ea5p (v\u00ed d\u1ee5 hi\u1ec3n th\u1ecb th\u00f4ng tin v\u1ec1 h\u1ec7 th\u1ed1ng ph\u00f2ng ch\u00e1y ch\u1eefa ch\u00e1y);<\/li>\n<li>cung c\u1ea5p c\u00e1c h\u1ec7 th\u1ed1ng li\u00ean quan nh\u01b0 <a href=\"\/vi\/product\/smart-city\/public-address-system\/\" target=\"_blank\" rel=\"noopener\">H\u1ec7 th\u1ed1ng \u0111\u1ecba ch\u1ec9 c\u00f4ng c\u1ed9ng<\/a>, <a href=\"\/vi\/product\/rail-transport\/scada\/\" target=\"_blank\" rel=\"noopener\">SCADA<\/a>, ATS, <a href=\"\/vi\/product\/smart-city\/automated-fare-collection-system\/\" target=\"_blank\" rel=\"noopener\">AFC<\/a> v\u00e0 c\u00e1c d\u1ecbch v\u1ee5 v\u1eadn h\u00e0nh kh\u1ea9n c\u1ea5p v\u1edbi c\u00e1c t\u00e0i nguy\u00ean PIS.<\/li>\n<\/ul>\n[\/vc_column_text][\/vc_column_inner][vc_column_inner width=&#8220;1\/3&#8243;][vc_single_image image=&#8220;5565&#8243;][\/vc_column_inner][\/vc_row_inner]<div class=\"vcex-image-grid-wrap wpex-clr\"><div class=\"vcex-module vcex-image-grid grid-style-default wpex-row wpex-clr wpex-lightbox-group\"><div class=\"id-1853 vcex-image-grid-entry vcex-grid-item textcenter span_1_of_1 col col-1\"><figure class=\"vcex-image-grid-entry-figure wpex-last-mb-0 wpex-clr\"><div class=\"vcex-image-grid-entry-img entry-media wpex-mb-20\"><a href=\"https:\/\/lotgroup.eu\/wp-content\/uploads\/2016\/09\/smart_pis_sheme.png\" class=\"vcex-image-grid-entry-link wpex-lightbox-group-item\" data-title=\"Passenger Information System Sheme\" data-caption=\"Passenger Information System Sheme\"><img width=\"1057\" height=\"973\" src=\"https:\/\/lotgroup.eu\/wp-content\/uploads\/2016\/09\/smart_pis_sheme.png\" class=\"wpex-align-middle\" alt=\"Passenger Information System Sheme\" decoding=\"async\" loading=\"lazy\" srcset=\"https:\/\/lotgroup.eu\/wp-content\/uploads\/2016\/09\/smart_pis_sheme.png 1057w, https:\/\/lotgroup.eu\/wp-content\/uploads\/2016\/09\/smart_pis_sheme-600x552.png 600w, https:\/\/lotgroup.eu\/wp-content\/uploads\/2016\/09\/smart_pis_sheme-768x707.png 768w\" sizes=\"(max-width: 1057px) 100vw, 1057px\" \/><\/a><\/div><\/figure><\/div><\/div><\/div>[vc_column_text]\n<h4>\u01afu \u0111i\u1ec3m c\u1ee7a vi\u1ec7c th\u1ef1c hi\u1ec7n PIS l\u00e0:<\/h4>\n<ul>\n<li><strong>t\u0103ng l\u01b0u l\u01b0\u1ee3ng h\u00e0nh kh\u00e1ch <\/strong>b\u1eb1ng c\u00e1ch th\u00f4ng b\u00e1o cho h\u00e0nh kh\u00e1ch v\u1ec1 th\u1eddi gian bi\u1ec3u v\u00e0 kho\u1ea3ng th\u1eddi gian di chuy\u1ec3n c\u1ee7a t\u00e0u \u1edf ch\u1ebf \u0111\u1ed9 tr\u1ef1c tuy\u1ebfn, h\u01b0\u1edbng \u0111i c\u1ee7a t\u00e0u, \u0111i\u1ec1u n\u00e0y cho ph\u00e9p n\u00e2ng cao hi\u1ec7u qu\u1ea3 c\u1ee7a d\u1ecbch v\u1ee5 h\u00e0nh kh\u00e1ch;<\/li>\n<li><strong>h\u1ed3i \u0111\u00e1p nhanh ch\u00f3ng \u0111\u1ed1i v\u1edbi c\u00e1c t\u00ecnh hu\u1ed1ng kh\u1ea9n c\u1ea5p <\/strong>trong khi t\u00e0u chuy\u1ec3n \u0111\u1ed9ng (kh\u00f4ng ho\u1ea1t \u0111\u1ed9ng nh\u01b0 mong mu\u1ed1n, tai n\u1ea1n, vv), t\u1ef1 \u0111\u1ed9ng \u0111i\u1ec1u ch\u1ec9nh l\u1ecbch tr\u00ecnh giao th\u00f4ng v\u00e0 th\u00f4ng b\u00e1o cho h\u00e0nh kh\u00e1ch v\u1ec1 nh\u1eefng thay \u0111\u1ed5i n\u00e0y;<\/li>\n<li>t\u1ea1o ra <strong>trung t\u00e2m gi\u00e1m s\u00e1t<\/strong> chung PIS, cho ph\u00e9p ki\u1ec3m so\u00e1t tr\u1ef1c ti\u1ebfp c\u00e1c th\u00f4ng tin hi\u1ec3n th\u1ecb tr\u00ean m\u00e0n h\u00ecnh th\u00f4ng tin h\u00e0nh kh\u00e1ch (PID &#8211; M\u00e0n h\u00ecnh hi\u1ec3n th\u1ecb th\u00f4ng tin h\u00e0nh kh\u00e1ch) v\u00e0 th\u1ef1c hi\u1ec7n theo d\u00f5i ho\u1ea1t \u0111\u1ed9ng c\u1ee7a m\u00e0n h\u00ecnh \u1edf ch\u1ebf \u0111\u1ed9 tr\u1ef1c tuy\u1ebfn.<\/li>\n<\/ul>\n[\/vc_column_text][vc_empty_space][vc_btn title=&#8220;C\u00c1C D\u1ef0 \u00c1N \u0110\u00c3 TH\u1ef0C HI\u1ec6N&#8220; shape=&#8220;square&#8220; link=&#8220;url:%2Freview%2Fselected-projects%2Fsmart-projects%2F%231472654783502-aeb58de7-26bd|||&#8220;][\/vc_column][\/vc_row]\n<\/section>","protected":false},"excerpt":{"rendered":"<p>[vc_row][vc_column][vc_row_inner][vc_column_inner width=&#8220;2\/3&#8243;][vc_column_text]H\u1ec7 th\u1ed1ng th\u00f4ng tin h\u00e0nh kh\u00e1ch (PIS) l\u00e0 m\u1ed9t c\u00f4ng c\u1ee5 hi\u1ec7u qu\u1ea3 cung c\u1ea5p cho h\u00e0nh kh\u00e1ch c\u00e1c th\u00f4ng tin c\u1ea7n thi\u1ebft li\u00ean quan \u0111\u1ebfn l\u1ecbch tr\u00ecnh xe bu\u00fdt, th\u1eddi gian \u0111\u1ebfn v\u00e0 kh\u1edfi h\u00e0nh c\u1ee7a t\u00e0u, th\u1eddi gian v\u00e0 ng\u00e0y hi\u1ec7n t\u1ea1i, c\u00e1c th\u00f4ng tin tr\u1ee3 gi\u00fap kh\u00e1c nhau. Nhi\u1ec7m v\u1ee5 ch\u00ednh&hellip;<\/p>\n","protected":false},"author":6,"featured_media":0,"parent":450,"menu_order":0,"comment_status":"closed","ping_status":"closed","template":"","meta":{"footnotes":""},"translation":{"provider":"WPGlobus","version":"2.12.2","language":"bg","enabled_languages":["en","ru","bg","vi"],"languages":{"en":{"title":true,"content":true,"excerpt":false},"ru":{"title":true,"content":true,"excerpt":false},"bg":{"title":false,"content":true,"excerpt":false},"vi":{"title":true,"content":true,"excerpt":false}}},"_links":{"self":[{"href":"https:\/\/lotgroup.eu\/bg\/wp-json\/wp\/v2\/pages\/1409"}],"collection":[{"href":"https:\/\/lotgroup.eu\/bg\/wp-json\/wp\/v2\/pages"}],"about":[{"href":"https:\/\/lotgroup.eu\/bg\/wp-json\/wp\/v2\/types\/page"}],"author":[{"embeddable":true,"href":"https:\/\/lotgroup.eu\/bg\/wp-json\/wp\/v2\/users\/6"}],"replies":[{"embeddable":true,"href":"https:\/\/lotgroup.eu\/bg\/wp-json\/wp\/v2\/comments?post=1409"}],"version-history":[{"count":28,"href":"https:\/\/lotgroup.eu\/bg\/wp-json\/wp\/v2\/pages\/1409\/revisions"}],"predecessor-version":[{"id":5564,"href":"https:\/\/lotgroup.eu\/bg\/wp-json\/wp\/v2\/pages\/1409\/revisions\/5564"}],"up":[{"embeddable":true,"href":"https:\/\/lotgroup.eu\/bg\/wp-json\/wp\/v2\/pages\/450"}],"wp:attachment":[{"href":"https:\/\/lotgroup.eu\/bg\/wp-json\/wp\/v2\/media?parent=1409"}],"curies":[{"name":"wp","href":"https:\/\/api.w.org\/{rel}","templated":true}]}}