{"id":450,"date":"2016-07-19T14:19:40","date_gmt":"2016-07-19T11:19:40","guid":{"rendered":"http:\/\/i68176kq.bget.ru\/?page_id=450"},"modified":"2020-07-15T18:13:19","modified_gmt":"2020-07-15T15:13:19","slug":"smart-city","status":"publish","type":"page","link":"https:\/\/lotgroup.eu\/bg\/product\/smart-city\/","title":{"rendered":"Smart City"},"content":{"rendered":"<section class=\"wpb-content-wrapper\">[vc_row][vc_column width=&#8220;1\/4&#8243;]<a class=\"vcex-module vcex-icon-box vcex-icon-box-four vcex-icon-box-has-link wpex-inherit-color wpex-no-underline wpex-block wpex-text-center wpex-p-30 wpex-bordered\" href=\"\/vi\/product\/smart-city\/afc\/\"><div class=\"vcex-icon-box-symbol wpex-mb-20\"><img width=\"400\" height=\"300\" src=\"https:\/\/lotgroup.eu\/wp-content\/uploads\/2018\/07\/tram.jpg\" class=\"vcex-icon-box-image wpex-align-middle\" alt=\"\" decoding=\"async\" loading=\"lazy\" \/><\/div><div class=\"vcex-icon-box-text\"><h2 class=\"vcex-icon-box-heading wpex-heading wpex-text-md wpex-mb-10\">Thu ti\u1ec1n v\u00e9 t\u1ef1 \u0111\u1ed9ng<\/h2><\/div><\/a>[\/vc_column][vc_column width=&#8220;1\/4&#8243;]<a class=\"vcex-module vcex-icon-box vcex-icon-box-four vcex-icon-box-has-link wpex-inherit-color wpex-no-underline wpex-block wpex-text-center wpex-p-30 wpex-bordered\" href=\"\/vi\/product\/smart-city\/vehicle-operation-management-system\/\"><div class=\"vcex-icon-box-symbol wpex-mb-20\"><img width=\"498\" height=\"389\" src=\"https:\/\/lotgroup.eu\/wp-content\/uploads\/2016\/08\/D6911B2F8B956F1B9231EFBBA2F64CFA3F900A423514262A5E_pimgpsh_fullsize_distr-e1473761665324.jpg\" class=\"vcex-icon-box-image wpex-align-middle\" alt=\"\" decoding=\"async\" loading=\"lazy\" \/><\/div><div class=\"vcex-icon-box-text\"><h2 class=\"vcex-icon-box-heading wpex-heading wpex-text-md wpex-mb-10\">Qu\u1ea3n l\u00fd v\u1eadn h\u00e0nh xe c\u1ed9<\/h2><\/div><\/a>[\/vc_column][vc_column width=&#8220;1\/4&#8243;]<a class=\"vcex-module vcex-icon-box vcex-icon-box-four vcex-icon-box-has-link wpex-inherit-color wpex-no-underline wpex-block wpex-text-center wpex-p-30 wpex-bordered\" href=\"\/vi\/product\/smart-city\/intersection-control-system\/\"><div class=\"vcex-icon-box-symbol wpex-mb-20\"><img width=\"400\" height=\"300\" src=\"https:\/\/lotgroup.eu\/wp-content\/uploads\/2016\/08\/smart_ico_intersect.jpg\" class=\"vcex-icon-box-image wpex-align-middle\" alt=\"\" decoding=\"async\" loading=\"lazy\" \/><\/div><div class=\"vcex-icon-box-text\"><h2 class=\"vcex-icon-box-heading wpex-heading wpex-text-md wpex-mb-10\">Ki\u1ec3m so\u00e1t giao l\u1ed9<\/h2><\/div><\/a>[\/vc_column][vc_column width=&#8220;1\/4&#8243;]<a class=\"vcex-module vcex-icon-box vcex-icon-box-four vcex-icon-box-has-link wpex-inherit-color wpex-no-underline wpex-block wpex-text-center wpex-p-30 wpex-bordered\" href=\"\/vi\/product\/smart-city\/cctv\/\"><div class=\"vcex-icon-box-symbol wpex-mb-20\"><img width=\"400\" height=\"300\" src=\"https:\/\/lotgroup.eu\/wp-content\/uploads\/2016\/08\/smart_ico_cctv.jpg\" class=\"vcex-icon-box-image wpex-align-middle\" alt=\"\" decoding=\"async\" loading=\"lazy\" \/><\/div><div class=\"vcex-icon-box-text\"><h2 class=\"vcex-icon-box-heading wpex-heading wpex-text-md wpex-mb-10\">CCTV - Camera gi\u00e1m s\u00e1t<\/h2><\/div><\/a>[\/vc_column][\/vc_row][vc_row][vc_column width=&#8220;1\/4&#8243;]<a class=\"vcex-module vcex-icon-box vcex-icon-box-four vcex-icon-box-has-link wpex-inherit-color wpex-no-underline wpex-block wpex-text-center wpex-p-30 wpex-bordered\" href=\"\/vi\/product\/smart-city\/automated-parking-system\/\"><div class=\"vcex-icon-box-symbol wpex-mb-20\"><img width=\"400\" height=\"300\" src=\"https:\/\/lotgroup.eu\/wp-content\/uploads\/2016\/07\/smart_ico_parking-proj.jpg\" class=\"vcex-icon-box-image wpex-align-middle\" alt=\"\" decoding=\"async\" loading=\"lazy\" \/><\/div><div class=\"vcex-icon-box-text\"><h2 class=\"vcex-icon-box-heading wpex-heading wpex-text-md wpex-mb-10\">\u0110\u1ed7 xe t\u1ef1 \u0111\u1ed9ng<\/h2><\/div><\/a>[\/vc_column][vc_column width=&#8220;1\/4&#8243;]<a class=\"vcex-module vcex-icon-box vcex-icon-box-four vcex-icon-box-has-link wpex-inherit-color wpex-no-underline wpex-block wpex-text-center wpex-p-30 wpex-bordered\" href=\"\/vi\/product\/smart-city\/passenger-information-system\/\"><div class=\"vcex-icon-box-symbol wpex-mb-20\"><img width=\"400\" height=\"267\" src=\"https:\/\/lotgroup.eu\/wp-content\/uploads\/2016\/07\/pis.jpg\" class=\"vcex-icon-box-image wpex-align-middle\" alt=\"\" decoding=\"async\" loading=\"lazy\" \/><\/div><div class=\"vcex-icon-box-text\"><h2 class=\"vcex-icon-box-heading wpex-heading wpex-text-md wpex-mb-10\">H\u1ec7 th\u1ed1ng th\u00f4ng tin h\u00e0nh kh\u00e1ch<\/h2><\/div><\/a>[\/vc_column][vc_column width=&#8220;1\/4&#8243;]<a class=\"vcex-module vcex-icon-box vcex-icon-box-four vcex-icon-box-has-link wpex-inherit-color wpex-no-underline wpex-block wpex-text-center wpex-p-30 wpex-bordered\" href=\"\/vi\/product\/smart-city\/public-address-system\/\"><div class=\"vcex-icon-box-symbol wpex-mb-20\"><img width=\"400\" height=\"268\" src=\"https:\/\/lotgroup.eu\/wp-content\/uploads\/2016\/09\/Smart_PAS-e1473333336567.png\" class=\"vcex-icon-box-image wpex-align-middle\" alt=\"\" decoding=\"async\" loading=\"lazy\" \/><\/div><div class=\"vcex-icon-box-text\"><h2 class=\"vcex-icon-box-heading wpex-heading wpex-text-md wpex-mb-10\">H\u1ec7 th\u1ed1ng \u0111\u1ecba ch\u1ec9 c\u00f4ng c\u1ed9ng<\/h2><\/div><\/a>[\/vc_column][vc_column width=&#8220;1\/4&#8243;]<a class=\"vcex-module vcex-icon-box vcex-icon-box-four vcex-icon-box-has-link wpex-inherit-color wpex-no-underline wpex-block wpex-text-center wpex-p-30 wpex-bordered\" href=\"\/vi\/product\/smart-city\/unified-precisiontime-system\/\"><div class=\"vcex-icon-box-symbol wpex-mb-20\"><img width=\"200\" height=\"147\" src=\"https:\/\/lotgroup.eu\/wp-content\/uploads\/2016\/07\/smart_ico_time.jpg\" class=\"vcex-icon-box-image wpex-align-middle\" alt=\"\" decoding=\"async\" loading=\"lazy\" \/><\/div><div class=\"vcex-icon-box-text\"><h2 class=\"vcex-icon-box-heading wpex-heading wpex-text-md wpex-mb-10\">Th\u1eddi gian ch\u00ednh x\u00e1c h\u1ee3p nh\u1ea5t<\/h2><\/div><\/a>[\/vc_column][\/vc_row][vc_row][vc_column width=&#8220;1\/4&#8243;]<a class=\"vcex-module vcex-icon-box vcex-icon-box-four vcex-icon-box-has-link wpex-inherit-color wpex-no-underline wpex-block wpex-text-center wpex-p-30 wpex-bordered\" href=\"\/vi\/product\/smart-city\/multi-services-network\/\"><div class=\"vcex-icon-box-symbol wpex-mb-20\"><img width=\"400\" height=\"300\" src=\"https:\/\/lotgroup.eu\/wp-content\/uploads\/2016\/07\/smart_ico_network.jpg\" class=\"vcex-icon-box-image wpex-align-middle\" alt=\"\" decoding=\"async\" loading=\"lazy\" \/><\/div><div class=\"vcex-icon-box-text\"><h2 class=\"vcex-icon-box-heading wpex-heading wpex-text-md wpex-mb-10\">M\u1ea1ng l\u01b0\u1edbi \u0111a d\u1ecbch v\u1ee5<\/h2><\/div><\/a>[\/vc_column][\/vc_row]\n<\/section>","protected":false},"excerpt":{"rendered":"<p>[vc_row][vc_column width=&#8220;1\/4&#8243;][\/vc_column][vc_column width=&#8220;1\/4&#8243;][\/vc_column][vc_column width=&#8220;1\/4&#8243;][\/vc_column][vc_column width=&#8220;1\/4&#8243;][\/vc_column][\/vc_row][vc_row][vc_column width=&#8220;1\/4&#8243;][\/vc_column][vc_column width=&#8220;1\/4&#8243;][\/vc_column][vc_column width=&#8220;1\/4&#8243;][\/vc_column][vc_column width=&#8220;1\/4&#8243;][\/vc_column][\/vc_row][vc_row][vc_column width=&#8220;1\/4&#8243;][\/vc_column][\/vc_row]<\/p>\n","protected":false},"author":6,"featured_media":0,"parent":439,"menu_order":0,"comment_status":"closed","ping_status":"closed","template":"","meta":{"footnotes":""},"translation":{"provider":"WPGlobus","version":"2.12.2","language":"bg","enabled_languages":["en","ru","bg","vi"],"languages":{"en":{"title":true,"content":true,"excerpt":false},"ru":{"title":true,"content":true,"excerpt":false},"bg":{"title":false,"content":true,"excerpt":false},"vi":{"title":true,"content":true,"excerpt":false}}},"_links":{"self":[{"href":"https:\/\/lotgroup.eu\/bg\/wp-json\/wp\/v2\/pages\/450"}],"collection":[{"href":"https:\/\/lotgroup.eu\/bg\/wp-json\/wp\/v2\/pages"}],"about":[{"href":"https:\/\/lotgroup.eu\/bg\/wp-json\/wp\/v2\/types\/page"}],"author":[{"embeddable":true,"href":"https:\/\/lotgroup.eu\/bg\/wp-json\/wp\/v2\/users\/6"}],"replies":[{"embeddable":true,"href":"https:\/\/lotgroup.eu\/bg\/wp-json\/wp\/v2\/comments?post=450"}],"version-history":[{"count":58,"href":"https:\/\/lotgroup.eu\/bg\/wp-json\/wp\/v2\/pages\/450\/revisions"}],"predecessor-version":[{"id":5603,"href":"https:\/\/lotgroup.eu\/bg\/wp-json\/wp\/v2\/pages\/450\/revisions\/5603"}],"up":[{"embeddable":true,"href":"https:\/\/lotgroup.eu\/bg\/wp-json\/wp\/v2\/pages\/439"}],"wp:attachment":[{"href":"https:\/\/lotgroup.eu\/bg\/wp-json\/wp\/v2\/media?parent=450"}],"curies":[{"name":"wp","href":"https:\/\/api.w.org\/{rel}","templated":true}]}}