{"id":1014,"date":"2016-08-29T14:51:34","date_gmt":"2016-08-29T11:51:34","guid":{"rendered":"http:\/\/i68176kq.bget.ru\/?page_id=1014"},"modified":"2018-09-24T12:18:28","modified_gmt":"2018-09-24T09:18:28","slug":"flap-turnstiles","status":"publish","type":"page","link":"https:\/\/lotgroup.eu\/vi\/product\/production\/turnstiles\/flap-turnstiles\/","title":{"rendered":"C\u1eeda quay Flap"},"content":{"rendered":"<section class=\"wpb-content-wrapper\">[vc_row][vc_column][vc_tta_tabs shape=&#8221;square&#8221; color=&#8221;white&#8221; active_section=&#8221;1&#8243;][vc_tta_section title=&#8221;Eclipse&#8221; tab_id=&#8221;1472465489914-427a6a37-5001&#8243;][vc_row_inner][vc_column_inner width=&#8221;2\/3&#8243;][vc_column_text]\n<h3>Eclipse<\/h3>\n<p>Eclipse l\u00e0 m\u1ed9t d\u1ea1ng c\u1eeda quay th\u00f4ng minh \u0111\u01b0\u1ee3c thi\u1ebft k\u1ebf \u0111\u00e1p \u1ee9ng c\u00e1c xu h\u01b0\u1edbng hi\u1ec7n t\u1ea1i. \u0110\u00e2y l\u00e0 lo\u1ea1i c\u1eeda quay \u0111\u1ea7u ti\u00ean c\u00f3 th\u1ec3 \u0111\u01b0\u1ee3c r\u00fat l\u1ea1i th\u00e0nh c\u1eeda th\u1eb3ng. C\u00e1c c\u1eeda \u0111\u01b0\u1ee3c ch\u1ebf t\u1ea1o b\u1eb1ng nh\u1ef1a v\u00e0 c\u01a1 c\u1ea5u c\u01a1 kh\u00ed c\u1ee7a c\u1eeda ho\u1ea1t \u0111\u1ed9ng m\u1ed9t c\u00e1ch \u0111\u1eb7c bi\u1ec7t ch\u1eafn ch\u1eafn. Eclipse c\u00f3 t\u1ea5t c\u1ea3 c\u00e1c l\u1ee3i th\u1ebf c\u1ee7a m\u1ed9t c\u1eeda quay sang tr\u1ecdng. Tr\u1ee5 quay nh\u1eb9 nh\u00e0ng, \u0111\u01b0\u1ee3c nghi\u00ean c\u1ee9u k\u1ef9 l\u01b0\u1ee1ng, c\u00f3 th\u1ec3 thay \u0111\u1ed5i c\u00e1ch b\u00e0i tr\u00ed v\u00e0 bi\u1ec3u c\u1ea3m l\u00e0m cho c\u1eeda quay \u0111\u01b0\u1ee3c s\u1eed d\u1ee5ng m\u1ed9t c\u00e1ch an to\u00e0n, thu\u1eadn ti\u1ec7n cho c\u00e1c h\u00e0nh kh\u00e1ch. Tr\u1ee5 quay \u0111\u01b0\u1ee3c thi\u1ebft k\u1ebf nh\u1ecf \u0111\u1ea3m b\u1ea3o kho\u1ea3ng kh\u00f4ng l\u1edbn nh\u1ea5t gi\u1eefa c\u00e1c c\u00e1nh. M\u00f4 h\u00ecnh n\u00e0y mong \u0111\u1ee3i \u0111\u01b0\u1ee3c l\u1eafp \u0111\u1eb7t nh\u01b0 l\u00e0 m\u1ed9t ph\u1ea7n c\u1ee7a h\u1ec7 th\u1ed1ng ki\u1ec3m so\u00e1t l\u1ed1i \u0111i c\u0169ng nh\u01b0 l\u00e0 h\u1ec7 th\u1ed1ng thu ti\u1ec1n v\u00e9 t\u1ef1 \u0111\u1ed9ng, \u0111\u1eb7c bi\u1ec7t l\u00e0 \u1edf h\u1ec7 th\u1ed1ng t\u00e0u xe \u0111i\u1ec7n ng\u1ea7m.[\/vc_column_text][\/vc_column_inner][vc_column_inner width=&#8221;1\/3&#8243;]<div class=\"wpex-slider-preloaderimg \"><img width=\"600\" height=\"600\" src=\"https:\/\/lotgroup.eu\/wp-content\/uploads\/2016\/08\/eclipse.jpg\" class=\"skip-lazy\" alt=\"\" data-no-lazy=\"1\" fetchpriority=\"high\" srcset=\"https:\/\/lotgroup.eu\/wp-content\/uploads\/2016\/08\/eclipse.jpg 600w, https:\/\/lotgroup.eu\/wp-content\/uploads\/2016\/08\/eclipse-300x300.jpg 300w\" sizes=\"(max-width: 600px) 100vw, 600px\" \/><\/div><div class=\"vcex-module wpex-slider slider-pro no-margin-thumbnails vcex-image-gallery-slider wpex-clr\" data-thumbnails=\"true\" data-thumbnail-height=\"auto\" data-auto-play-delay=\"5000\" data-animation-speed=\"600\" data-height-animation-duration=\"500\"><div class=\"wpex-slider-slides sp-slides\"><div class=\"wpex-slider-slide sp-slide\"><div class=\"wpex-slider-media\"><img width=\"600\" height=\"600\" src=\"https:\/\/lotgroup.eu\/wp-content\/uploads\/2016\/08\/eclipse.jpg\" class=\"skip-lazy\" alt=\"\" data-no-lazy=\"1\" srcset=\"https:\/\/lotgroup.eu\/wp-content\/uploads\/2016\/08\/eclipse.jpg 600w, https:\/\/lotgroup.eu\/wp-content\/uploads\/2016\/08\/eclipse-300x300.jpg 300w\" sizes=\"(max-width: 600px) 100vw, 600px\" \/><\/div><\/div><div class=\"wpex-slider-slide sp-slide\"><div class=\"wpex-slider-media\"><img width=\"600\" height=\"600\" src=\"https:\/\/lotgroup.eu\/wp-content\/uploads\/2016\/08\/eclipse_front.jpg\" class=\"skip-lazy\" alt=\"\" data-no-lazy=\"1\" srcset=\"https:\/\/lotgroup.eu\/wp-content\/uploads\/2016\/08\/eclipse_front.jpg 600w, https:\/\/lotgroup.eu\/wp-content\/uploads\/2016\/08\/eclipse_front-300x300.jpg 300w\" sizes=\"(max-width: 600px) 100vw, 600px\" \/><\/div><\/div><div class=\"wpex-slider-slide sp-slide\"><div class=\"wpex-slider-media\"><img width=\"600\" height=\"600\" src=\"https:\/\/lotgroup.eu\/wp-content\/uploads\/2016\/08\/eclipse_left.jpg\" class=\"skip-lazy\" alt=\"\" data-no-lazy=\"1\" srcset=\"https:\/\/lotgroup.eu\/wp-content\/uploads\/2016\/08\/eclipse_left.jpg 600w, https:\/\/lotgroup.eu\/wp-content\/uploads\/2016\/08\/eclipse_left-300x300.jpg 300w\" sizes=\"(max-width: 600px) 100vw, 600px\" \/><\/div><\/div><div class=\"wpex-slider-slide sp-slide\"><div class=\"wpex-slider-media\"><img width=\"600\" height=\"600\" src=\"https:\/\/lotgroup.eu\/wp-content\/uploads\/2016\/08\/eclipse_top.jpg\" class=\"skip-lazy\" alt=\"\" data-no-lazy=\"1\" srcset=\"https:\/\/lotgroup.eu\/wp-content\/uploads\/2016\/08\/eclipse_top.jpg 600w, https:\/\/lotgroup.eu\/wp-content\/uploads\/2016\/08\/eclipse_top-300x300.jpg 300w\" sizes=\"(max-width: 600px) 100vw, 600px\" \/><\/div><\/div><div class=\"wpex-slider-slide sp-slide\"><div class=\"wpex-slider-media\"><img width=\"600\" height=\"600\" src=\"https:\/\/lotgroup.eu\/wp-content\/uploads\/2016\/08\/eclipse_scheme_01.png\" class=\"skip-lazy\" alt=\"\" data-no-lazy=\"1\" srcset=\"https:\/\/lotgroup.eu\/wp-content\/uploads\/2016\/08\/eclipse_scheme_01.png 600w, https:\/\/lotgroup.eu\/wp-content\/uploads\/2016\/08\/eclipse_scheme_01-300x300.png 300w\" sizes=\"(max-width: 600px) 100vw, 600px\" \/><\/div><\/div><div class=\"wpex-slider-slide sp-slide\"><div class=\"wpex-slider-media\"><img width=\"600\" height=\"600\" src=\"https:\/\/lotgroup.eu\/wp-content\/uploads\/2016\/08\/eclipse_scheme_02.png\" class=\"skip-lazy\" alt=\"\" data-no-lazy=\"1\" srcset=\"https:\/\/lotgroup.eu\/wp-content\/uploads\/2016\/08\/eclipse_scheme_02.png 600w, https:\/\/lotgroup.eu\/wp-content\/uploads\/2016\/08\/eclipse_scheme_02-300x300.png 300w\" sizes=\"(max-width: 600px) 100vw, 600px\" \/><\/div><\/div><\/div><div class=\"wpex-slider-thumbnails sp-nc-thumbnails cols-6\"><img width=\"600\" height=\"600\" src=\"https:\/\/lotgroup.eu\/wp-content\/uploads\/2016\/08\/eclipse.jpg\" class=\"wpex-slider-thumbnail sp-nc-thumbnail skip-lazy\" alt=\"\" data-no-lazy=\"1\" srcset=\"https:\/\/lotgroup.eu\/wp-content\/uploads\/2016\/08\/eclipse.jpg 600w, https:\/\/lotgroup.eu\/wp-content\/uploads\/2016\/08\/eclipse-300x300.jpg 300w\" sizes=\"(max-width: 600px) 100vw, 600px\" \/><img width=\"600\" height=\"600\" src=\"https:\/\/lotgroup.eu\/wp-content\/uploads\/2016\/08\/eclipse_front.jpg\" class=\"wpex-slider-thumbnail sp-nc-thumbnail skip-lazy\" alt=\"\" data-no-lazy=\"1\" srcset=\"https:\/\/lotgroup.eu\/wp-content\/uploads\/2016\/08\/eclipse_front.jpg 600w, https:\/\/lotgroup.eu\/wp-content\/uploads\/2016\/08\/eclipse_front-300x300.jpg 300w\" sizes=\"(max-width: 600px) 100vw, 600px\" \/><img width=\"600\" height=\"600\" src=\"https:\/\/lotgroup.eu\/wp-content\/uploads\/2016\/08\/eclipse_left.jpg\" class=\"wpex-slider-thumbnail sp-nc-thumbnail skip-lazy\" alt=\"\" data-no-lazy=\"1\" srcset=\"https:\/\/lotgroup.eu\/wp-content\/uploads\/2016\/08\/eclipse_left.jpg 600w, https:\/\/lotgroup.eu\/wp-content\/uploads\/2016\/08\/eclipse_left-300x300.jpg 300w\" sizes=\"(max-width: 600px) 100vw, 600px\" \/><img width=\"600\" height=\"600\" src=\"https:\/\/lotgroup.eu\/wp-content\/uploads\/2016\/08\/eclipse_top.jpg\" class=\"wpex-slider-thumbnail sp-nc-thumbnail skip-lazy\" alt=\"\" data-no-lazy=\"1\" srcset=\"https:\/\/lotgroup.eu\/wp-content\/uploads\/2016\/08\/eclipse_top.jpg 600w, https:\/\/lotgroup.eu\/wp-content\/uploads\/2016\/08\/eclipse_top-300x300.jpg 300w\" sizes=\"(max-width: 600px) 100vw, 600px\" \/><img width=\"600\" height=\"600\" src=\"https:\/\/lotgroup.eu\/wp-content\/uploads\/2016\/08\/eclipse_scheme_01.png\" class=\"wpex-slider-thumbnail sp-nc-thumbnail skip-lazy\" alt=\"\" data-no-lazy=\"1\" srcset=\"https:\/\/lotgroup.eu\/wp-content\/uploads\/2016\/08\/eclipse_scheme_01.png 600w, https:\/\/lotgroup.eu\/wp-content\/uploads\/2016\/08\/eclipse_scheme_01-300x300.png 300w\" sizes=\"(max-width: 600px) 100vw, 600px\" \/><img width=\"600\" height=\"600\" src=\"https:\/\/lotgroup.eu\/wp-content\/uploads\/2016\/08\/eclipse_scheme_02.png\" class=\"wpex-slider-thumbnail sp-nc-thumbnail skip-lazy\" alt=\"\" data-no-lazy=\"1\" srcset=\"https:\/\/lotgroup.eu\/wp-content\/uploads\/2016\/08\/eclipse_scheme_02.png 600w, https:\/\/lotgroup.eu\/wp-content\/uploads\/2016\/08\/eclipse_scheme_02-300x300.png 300w\" sizes=\"(max-width: 600px) 100vw, 600px\" \/><\/div><\/div>[\/vc_column_inner][\/vc_row_inner][vc_column_text]\n<h4>\u0110\u1eb7c \u0111i\u1ec3m:<\/h4>\n<ul>\n<li>An to\u00e0n cho h\u00e0nh kh\u00e1ch, kh\u00f4ng c\u00f3 c\u00e1c c\u1ea1nh s\u1eafc<\/li>\n<li>Tr\u00ean v\u1ecf b\u1ecdc c\u00f3\u00a0 m\u00e0n h\u00ecnh LCD ho\u1eb7c TFT (l\u00ean \u0111\u1ebfn 5 inch) \u0111\u01b0\u1ee3c l\u1eafp \u0111\u1ec3 bi\u1ec3u th\u1ecb tr\u1ea1ng th\u00e1i h\u00e0nh kh\u00e1ch, l\u1eddi nh\u1eafc h\u00e0nh kh\u00e1ch v\u00e0 c\u00e2n b\u1eb1ng th\u1ebb chuy\u00ean ch\u1edf<\/li>\n<li>C\u00e1c c\u1ea3m bi\u1ebfn quan h\u1ecdc ti\u00ean ti\u1ebfn \u0111\u1ec3 ng\u0103n l\u1ed1i \u0111i kh\u00f4ng \u0111\u01b0\u1ee3c ph\u00e9p<\/li>\n<li>C\u00e1c thi\u1ebft b\u1ecb \u0111\u01b0\u1ee3c l\u1eafp \u0111\u1eb7t s\u1eb5n nh\u01b0:<\/li>\n<li>\u0110\u1ea7u \u0111\u1ecdc th\u1ebb 125kHz RFID hay 13,56 MHz MIFARE\u00ae*<\/li>\n<li>\u0110\u1ea7u \u0111\u1ecdc v\u00e9 barcode<\/li>\n<li>\u0110\u1ea7u \u0111\u1ecdc smart-token<\/li>\n<li>\u0110\u1ea7u \u0111\u1ecdc v\u00e9 t\u1eeb stripe<\/li>\n<li>Thi\u1ebft b\u1ecb \u00e2m thanh c\u1ea3nh b\u00e1o c\u00f3 th\u1ec3 \u0111\u01b0\u1ee3c l\u1eafp \u0111\u1eb7t \u0111\u1ec3 ng\u0103n ch\u1eb7n vi\u1ec7c \u00a0kh\u00f4ng \u0111\u01b0\u1ee3c ph\u00e9p<\/li>\n<\/ul>\n[\/vc_column_text][vc_row_inner][vc_column_inner width=&#8221;1\/3&#8243;][vc_column_text]\n<h4>C\u00e1c l\u1ef1a ch\u1ecdn thi\u1ebft k\u1ebf:<\/h4>\n<p>V\u1ecf b\u1ecdc:<\/p>\n<ul>\n<li>Th\u00e9p kh\u00f4ng g\u1ec9 b\u00f3ng<\/li>\n<li>Th\u00e9p kh\u00f4ng g\u1ec9 \u0111\u01b0\u1ee3c ch\u1ea3i qua<\/li>\n<\/ul>\n<p>Vi\u1ec1n:<\/p>\n<ul>\n<li>Vi\u1ec1n plastic c\u00f3 th\u1ec3 r\u00fat l\u1ea1i<\/li>\n<\/ul>\n[\/vc_column_text][\/vc_column_inner][vc_column_inner width=&#8221;1\/3&#8243;][vc_column_text]\n<h4>K\u00edch th\u01b0\u1edbc t\u1ed5ng th\u1ec3:<\/h4>\n<table width=\"100%\">\n<tbody>\n<tr>\n<td>Chi\u1ec1u cao tr\u1ee5<\/td>\n<td>1170 mm<\/td>\n<\/tr>\n<tr>\n<td>R\u1ed9ng tr\u1ee5<\/td>\n<td>222 mm<\/td>\n<\/tr>\n<tr>\n<td>D\u00e0i tr\u1ee5<\/td>\n<td>1730 mm<\/td>\n<\/tr>\n<tr>\n<td>Chi\u1ec1u r\u1ed9ng l\u1ed1i \u0111i<\/td>\n<td>550 mm<\/td>\n<\/tr>\n<tr>\n<td>Tr\u1ecdng l\u01b0\u1ee3ng tr\u1ee5<\/td>\n<td>140 kg<\/td>\n<\/tr>\n<\/tbody>\n<\/table>\n[\/vc_column_text][\/vc_column_inner][vc_column_inner width=&#8221;1\/3&#8243;][vc_column_text]\n<h4>\u0110\u1eb7c t\u00ednh:<\/h4>\n<table width=\"100%\">\n<tbody>\n<tr>\n<td>\u0110i\u1ec7n \u00e1p cung c\u1ea5p<\/td>\n<td>220 V<\/td>\n<\/tr>\n<tr>\n<td>C\u00f4ng su\u1ea5t ti\u00eau th\u1ee5<\/td>\n<td>80 W<\/td>\n<\/tr>\n<tr>\n<td>N\u0103ng su\u1ea5t<\/td>\n<td>20 ng\u01b0\u1eddi\/ph\u00fat v\u00e0 h\u01a1n<\/td>\n<\/tr>\n<tr>\n<td>Nhi\u1ec7t \u0111\u1ed9 l\u00e0m vi\u1ec7c<\/td>\n<td>0\u2026+45\u00b0C<\/td>\n<\/tr>\n<tr>\n<td>M\u00f4 men quay c\u1ee7a c\u01a1 c\u1ea5u flap<\/td>\n<td>5\u00b11 nm<\/td>\n<\/tr>\n<tr>\n<td>T\u1ef7 l\u1ec7 b\u1ea3o v\u1ec7 kh\u1ecfi b\u1ee5i v\u00e0 n\u01b0\u1edbc<\/td>\n<td>IP 32<\/td>\n<\/tr>\n<\/tbody>\n<\/table>\n[\/vc_column_text][\/vc_column_inner][\/vc_row_inner][\/vc_tta_section][\/vc_tta_tabs][vc_column_text]<span style=\"font-size: small;\"><em>* MIFARE\u00ae v\u00e0 MIFARE CLASSIC\u00ae l\u00e0 c\u00e1c nh\u00e3n hi\u1ec7u \u0111\u00e3 \u0111\u0103ng k\u00fd thu\u1ed9c s\u1edf h\u1eefu c\u1ee7a NXP B.V.<\/em><\/span>[\/vc_column_text][\/vc_column][\/vc_row]\n<\/section>","protected":false},"excerpt":{"rendered":"<p>[vc_row][vc_column][vc_tta_tabs shape=&#8221;square&#8221; color=&#8221;white&#8221; active_section=&#8221;1&#8243;][vc_tta_section title=&#8221;Eclipse&#8221; tab_id=&#8221;1472465489914-427a6a37-5001&#8243;][vc_row_inner][vc_column_inner width=&#8221;2\/3&#8243;][vc_column_text] Eclipse Eclipse l\u00e0 m\u1ed9t d\u1ea1ng c\u1eeda quay th\u00f4ng minh \u0111\u01b0\u1ee3c thi\u1ebft k\u1ebf \u0111\u00e1p \u1ee9ng c\u00e1c xu h\u01b0\u1edbng hi\u1ec7n t\u1ea1i. \u0110\u00e2y l\u00e0 lo\u1ea1i c\u1eeda quay \u0111\u1ea7u ti\u00ean c\u00f3 th\u1ec3 \u0111\u01b0\u1ee3c r\u00fat l\u1ea1i th\u00e0nh c\u1eeda th\u1eb3ng. C\u00e1c c\u1eeda \u0111\u01b0\u1ee3c ch\u1ebf t\u1ea1o b\u1eb1ng nh\u1ef1a v\u00e0 c\u01a1 c\u1ea5u c\u01a1 kh\u00ed c\u1ee7a c\u1eeda&hellip;<\/p>\n","protected":false},"author":6,"featured_media":0,"parent":969,"menu_order":0,"comment_status":"closed","ping_status":"closed","template":"","meta":{"footnotes":""},"translation":{"provider":"WPGlobus","version":"2.12.2","language":"vi","enabled_languages":["en","ru","bg","vi"],"languages":{"en":{"title":true,"content":true,"excerpt":false},"ru":{"title":true,"content":true,"excerpt":false},"bg":{"title":false,"content":false,"excerpt":false},"vi":{"title":true,"content":true,"excerpt":false}}},"_links":{"self":[{"href":"https:\/\/lotgroup.eu\/vi\/wp-json\/wp\/v2\/pages\/1014"}],"collection":[{"href":"https:\/\/lotgroup.eu\/vi\/wp-json\/wp\/v2\/pages"}],"about":[{"href":"https:\/\/lotgroup.eu\/vi\/wp-json\/wp\/v2\/types\/page"}],"author":[{"embeddable":true,"href":"https:\/\/lotgroup.eu\/vi\/wp-json\/wp\/v2\/users\/6"}],"replies":[{"embeddable":true,"href":"https:\/\/lotgroup.eu\/vi\/wp-json\/wp\/v2\/comments?post=1014"}],"version-history":[{"count":31,"href":"https:\/\/lotgroup.eu\/vi\/wp-json\/wp\/v2\/pages\/1014\/revisions"}],"predecessor-version":[{"id":5405,"href":"https:\/\/lotgroup.eu\/vi\/wp-json\/wp\/v2\/pages\/1014\/revisions\/5405"}],"up":[{"embeddable":true,"href":"https:\/\/lotgroup.eu\/vi\/wp-json\/wp\/v2\/pages\/969"}],"wp:attachment":[{"href":"https:\/\/lotgroup.eu\/vi\/wp-json\/wp\/v2\/media?parent=1014"}],"curies":[{"name":"wp","href":"https:\/\/api.w.org\/{rel}","templated":true}]}}