{"id":1020,"date":"2016-08-29T15:02:03","date_gmt":"2016-08-29T12:02:03","guid":{"rendered":"http:\/\/i68176kq.bget.ru\/?page_id=1020"},"modified":"2018-08-15T11:03:38","modified_gmt":"2018-08-15T08:03:38","slug":"rotor-turnstiles","status":"publish","type":"page","link":"https:\/\/lotgroup.eu\/vi\/product\/production\/turnstiles\/rotor-turnstiles\/","title":{"rendered":"C\u1eeda quay R\u00f4-to"},"content":{"rendered":"<section class=\"wpb-content-wrapper\">[vc_row][vc_column][vc_tta_tabs shape=&#8221;square&#8221; color=&#8221;white&#8221; active_section=&#8221;1&#8243;][vc_tta_section title=&#8221;Defender&#8221; tab_id=&#8221;1472465489914-427a6a37-5001&#8243;][vc_row_inner][vc_column_inner width=&#8221;2\/3&#8243;][vc_column_text]\n<h3>Defender<\/h3>\n<p>C\u1eeda quay Defender l\u00e0 m\u1ed9t trong nh\u1eefng thi\u1ebft b\u1ecb \u0111\u00e1ng tin c\u1eady nh\u1ea5t trong s\u1ed1 c\u00e1c h\u1ec7 th\u1ed1ng ki\u1ec3m so\u00e1t truy c\u1eadp. T\u00ednh b\u1ea3o v\u1ec7 cao kh\u1ecfi vi\u1ec7c \u0111\u1ed9t nh\u1eadp tr\u00e1i ph\u00e9p \u0111\u01b0\u1ee3c \u0111\u1ea3m b\u1ea3o b\u1edfi k\u00edch th\u01b0\u1edbc c\u1eeda quay \u2013 t\u01b0\u01a1ng \u0111\u01b0\u01a1ng chi\u1ec1u cao c\u1ee7a m\u1ed9t ng\u01b0\u1eddi l\u1edbn, gi\u00fap lo\u1ea1i b\u1ecf kh\u1ea3 n\u0103ng \u0111i qua khoang quay, v\u00ed d\u1ee5 nh\u01b0 nh\u1ea3y qua l\u1ed1i \u0111i. Rotor ki\u1ec3u X \u0111\u1ea3m b\u1ea3o ki\u1ec3m so\u00e1t 100% ng\u01b0\u1eddi qua l\u1ea1i. C\u1eeda quay \u0111\u01b0\u1ee3c trang b\u1ecb h\u1ed9p s\u1ed1 \u0111i\u1ec7n c\u01a1 t\u0103ng c\u01b0\u1eddng v\u00e0 \u0111\u01b0\u1ee3c s\u1eed d\u1ee5ng \u0111\u1ec3 l\u1eafp \u0111\u1eb7t trong nh\u00e0 v\u00e0 ngo\u00e0i tr\u1eddi: s\u00e2n v\u1eadn \u0111\u1ed9ng, x\u01b0\u1edfng s\u1ea3n xu\u1ea5t, nh\u00e0 ga v\u00e0 s\u00e2n bay.[\/vc_column_text][\/vc_column_inner][vc_column_inner width=&#8221;1\/3&#8243;]<div class=\"wpex-slider-preloaderimg \"><img width=\"600\" height=\"600\" src=\"https:\/\/lotgroup.eu\/wp-content\/uploads\/2016\/08\/defender.jpg\" class=\"skip-lazy\" alt=\"\" data-no-lazy=\"1\" fetchpriority=\"high\" srcset=\"https:\/\/lotgroup.eu\/wp-content\/uploads\/2016\/08\/defender.jpg 600w, https:\/\/lotgroup.eu\/wp-content\/uploads\/2016\/08\/defender-300x300.jpg 300w\" sizes=\"(max-width: 600px) 100vw, 600px\" \/><\/div><div class=\"vcex-module wpex-slider slider-pro no-margin-thumbnails vcex-image-gallery-slider wpex-clr\" data-thumbnails=\"true\" data-thumbnail-height=\"auto\" data-auto-play-delay=\"5000\" data-animation-speed=\"600\" data-height-animation-duration=\"500\"><div class=\"wpex-slider-slides sp-slides\"><div class=\"wpex-slider-slide sp-slide\"><div class=\"wpex-slider-media\"><img width=\"600\" height=\"600\" src=\"https:\/\/lotgroup.eu\/wp-content\/uploads\/2016\/08\/defender.jpg\" class=\"skip-lazy\" alt=\"\" data-no-lazy=\"1\" srcset=\"https:\/\/lotgroup.eu\/wp-content\/uploads\/2016\/08\/defender.jpg 600w, https:\/\/lotgroup.eu\/wp-content\/uploads\/2016\/08\/defender-300x300.jpg 300w\" sizes=\"(max-width: 600px) 100vw, 600px\" \/><\/div><\/div><div class=\"wpex-slider-slide sp-slide\"><div class=\"wpex-slider-media\"><img width=\"600\" height=\"600\" src=\"https:\/\/lotgroup.eu\/wp-content\/uploads\/2016\/08\/defender_cheme01.png\" class=\"skip-lazy\" alt=\"\" data-no-lazy=\"1\" srcset=\"https:\/\/lotgroup.eu\/wp-content\/uploads\/2016\/08\/defender_cheme01.png 600w, https:\/\/lotgroup.eu\/wp-content\/uploads\/2016\/08\/defender_cheme01-300x300.png 300w\" sizes=\"(max-width: 600px) 100vw, 600px\" \/><\/div><\/div><div class=\"wpex-slider-slide sp-slide\"><div class=\"wpex-slider-media\"><img width=\"600\" height=\"600\" src=\"https:\/\/lotgroup.eu\/wp-content\/uploads\/2016\/08\/defender_left.jpg\" class=\"skip-lazy\" alt=\"\" data-no-lazy=\"1\" srcset=\"https:\/\/lotgroup.eu\/wp-content\/uploads\/2016\/08\/defender_left.jpg 600w, https:\/\/lotgroup.eu\/wp-content\/uploads\/2016\/08\/defender_left-300x300.jpg 300w\" sizes=\"(max-width: 600px) 100vw, 600px\" \/><\/div><\/div><div class=\"wpex-slider-slide sp-slide\"><div class=\"wpex-slider-media\"><img width=\"600\" height=\"600\" src=\"https:\/\/lotgroup.eu\/wp-content\/uploads\/2016\/08\/defender_front.jpg\" class=\"skip-lazy\" alt=\"\" data-no-lazy=\"1\" srcset=\"https:\/\/lotgroup.eu\/wp-content\/uploads\/2016\/08\/defender_front.jpg 600w, https:\/\/lotgroup.eu\/wp-content\/uploads\/2016\/08\/defender_front-300x300.jpg 300w\" sizes=\"(max-width: 600px) 100vw, 600px\" \/><\/div><\/div><div class=\"wpex-slider-slide sp-slide\"><div class=\"wpex-slider-media\"><img width=\"600\" height=\"600\" src=\"https:\/\/lotgroup.eu\/wp-content\/uploads\/2016\/08\/defender_top.jpg\" class=\"skip-lazy\" alt=\"\" data-no-lazy=\"1\" srcset=\"https:\/\/lotgroup.eu\/wp-content\/uploads\/2016\/08\/defender_top.jpg 600w, https:\/\/lotgroup.eu\/wp-content\/uploads\/2016\/08\/defender_top-300x300.jpg 300w\" sizes=\"(max-width: 600px) 100vw, 600px\" \/><\/div><\/div><div class=\"wpex-slider-slide sp-slide\"><div class=\"wpex-slider-media\"><img width=\"600\" height=\"600\" src=\"https:\/\/lotgroup.eu\/wp-content\/uploads\/2016\/08\/defender_scheme02.png\" class=\"skip-lazy\" alt=\"\" data-no-lazy=\"1\" srcset=\"https:\/\/lotgroup.eu\/wp-content\/uploads\/2016\/08\/defender_scheme02.png 600w, https:\/\/lotgroup.eu\/wp-content\/uploads\/2016\/08\/defender_scheme02-300x300.png 300w\" sizes=\"(max-width: 600px) 100vw, 600px\" \/><\/div><\/div><\/div><div class=\"wpex-slider-thumbnails sp-nc-thumbnails cols-6\"><img width=\"600\" height=\"600\" src=\"https:\/\/lotgroup.eu\/wp-content\/uploads\/2016\/08\/defender.jpg\" class=\"wpex-slider-thumbnail sp-nc-thumbnail skip-lazy\" alt=\"\" data-no-lazy=\"1\" srcset=\"https:\/\/lotgroup.eu\/wp-content\/uploads\/2016\/08\/defender.jpg 600w, https:\/\/lotgroup.eu\/wp-content\/uploads\/2016\/08\/defender-300x300.jpg 300w\" sizes=\"(max-width: 600px) 100vw, 600px\" \/><img width=\"600\" height=\"600\" src=\"https:\/\/lotgroup.eu\/wp-content\/uploads\/2016\/08\/defender_cheme01.png\" class=\"wpex-slider-thumbnail sp-nc-thumbnail skip-lazy\" alt=\"\" data-no-lazy=\"1\" srcset=\"https:\/\/lotgroup.eu\/wp-content\/uploads\/2016\/08\/defender_cheme01.png 600w, https:\/\/lotgroup.eu\/wp-content\/uploads\/2016\/08\/defender_cheme01-300x300.png 300w\" sizes=\"(max-width: 600px) 100vw, 600px\" \/><img width=\"600\" height=\"600\" src=\"https:\/\/lotgroup.eu\/wp-content\/uploads\/2016\/08\/defender_left.jpg\" class=\"wpex-slider-thumbnail sp-nc-thumbnail skip-lazy\" alt=\"\" data-no-lazy=\"1\" srcset=\"https:\/\/lotgroup.eu\/wp-content\/uploads\/2016\/08\/defender_left.jpg 600w, https:\/\/lotgroup.eu\/wp-content\/uploads\/2016\/08\/defender_left-300x300.jpg 300w\" sizes=\"(max-width: 600px) 100vw, 600px\" \/><img width=\"600\" height=\"600\" src=\"https:\/\/lotgroup.eu\/wp-content\/uploads\/2016\/08\/defender_front.jpg\" class=\"wpex-slider-thumbnail sp-nc-thumbnail skip-lazy\" alt=\"\" data-no-lazy=\"1\" srcset=\"https:\/\/lotgroup.eu\/wp-content\/uploads\/2016\/08\/defender_front.jpg 600w, https:\/\/lotgroup.eu\/wp-content\/uploads\/2016\/08\/defender_front-300x300.jpg 300w\" sizes=\"(max-width: 600px) 100vw, 600px\" \/><img width=\"600\" height=\"600\" src=\"https:\/\/lotgroup.eu\/wp-content\/uploads\/2016\/08\/defender_top.jpg\" class=\"wpex-slider-thumbnail sp-nc-thumbnail skip-lazy\" alt=\"\" data-no-lazy=\"1\" srcset=\"https:\/\/lotgroup.eu\/wp-content\/uploads\/2016\/08\/defender_top.jpg 600w, https:\/\/lotgroup.eu\/wp-content\/uploads\/2016\/08\/defender_top-300x300.jpg 300w\" sizes=\"(max-width: 600px) 100vw, 600px\" \/><img width=\"600\" height=\"600\" src=\"https:\/\/lotgroup.eu\/wp-content\/uploads\/2016\/08\/defender_scheme02.png\" class=\"wpex-slider-thumbnail sp-nc-thumbnail skip-lazy\" alt=\"\" data-no-lazy=\"1\" srcset=\"https:\/\/lotgroup.eu\/wp-content\/uploads\/2016\/08\/defender_scheme02.png 600w, https:\/\/lotgroup.eu\/wp-content\/uploads\/2016\/08\/defender_scheme02-300x300.png 300w\" sizes=\"(max-width: 600px) 100vw, 600px\" \/><\/div><\/div>[\/vc_column_inner][\/vc_row_inner][vc_column_text]\n<h4>Features:<\/h4>\n<ul>\n<li>V\u1ecf c\u1eeda xoay \u0111\u01b0\u1ee3c l\u00e0m b\u1eb1ng th\u00e9p, c\u00f3 c\u1ea5u tr\u00fac b\u1ec1n v\u1eefng gi\u00fap \u0111\u1ea3m b\u1ea3o tr\u00e1nh l\u1ed7i c\u1ee7a ph\u1ea7n c\u1ee9ng trong th\u1eddi ti\u1ebft v\u00e0 \u0111i\u1ec1u ki\u1ec7n c\u01a1 kh\u00ed nh\u1ea5t \u0111\u1ecbnh.<\/li>\n<li>C\u00f3 th\u1ec3 \u0111\u01b0\u1ee3c c\u00e0i \u0111\u1eb7t \u0111\u1ed9c l\u1eadp ho\u1eb7c l\u00e0 m\u1ed9t ph\u1ea7n c\u1ee7a h\u1ec7 th\u1ed1ng ki\u1ec3m so\u00e1t truy c\u1eadp.<\/li>\n<li>M\u1ed9t s\u1ed1 ch\u1ebf \u0111\u1ed9 \u0111i\u1ec1u khi\u1ec3n c\u1ee7a c\u1eeda quay c\u00f3 s\u1eb5n: t\u1ef1 do, ki\u1ec3m so\u00e1t, kh\u00f3a.<\/li>\n<li>C\u1eeda xoay c\u00f3 th\u1ec3 cung c\u1ea5p ki\u1ec3m so\u00e1t th\u00f4ng qua cho l\u1ed1i v\u00e0o, l\u1ed1i ra v\u00e0 c\u1ea3 hai h\u01b0\u1edbng.<\/li>\n<li>Ch\u1ec9 th\u1ecb LED.<\/li>\n<li>M\u1ee9c ti\u00eau th\u1ee5 th\u1ea5p do thi\u1ebft k\u1ebf \u0111\u01a1n gi\u1ea3n c\u1ee7a c\u1eeda quay.<\/li>\n<\/ul>\n[\/vc_column_text][vc_row_inner][vc_column_inner width=&#8221;1\/3&#8243;][vc_column_text]\n<h4>T\u00f9y ch\u1ecdn thi\u1ebft k\u1ebf:<\/h4>\n<p>V\u1ecf:<\/p>\n<ul>\n<li>Th\u00e9p kh\u00f4ng g\u1ec9 ph\u1ee7 m\u1edd<\/li>\n<li>Th\u00e9p kh\u00f4ng g\u1ec9 \u0111\u00e1nh b\u00f3ng<\/li>\n<li>Kim lo\u1ea1i \u0111en \u0111\u01b0\u1ee3c s\u01a1n ph\u1ee7<\/li>\n<\/ul>\n<p>R\u00f4 tor:<\/p>\n<ul>\n<li>Kim lo\u1ea1i \u0111en \u0111\u01b0\u1ee3c s\u01a1n ph\u1ee7<\/li>\n<li>Th\u00e9p kh\u00f4ng g\u1ec9 \u0111\u00e1nh b\u00f3ng<\/li>\n<\/ul>\n<p>H\u1ed9p s\u1ed1:<\/p>\n<ul>\n<li>Chuy\u1ec1n \u0111\u1ed9ng c\u01a1 \u0111i\u1ec7n t\u0103ng c\u01b0\u1eddng<\/li>\n<\/ul>\n[\/vc_column_text][\/vc_column_inner][vc_column_inner width=&#8221;1\/3&#8243;][vc_column_text]\n<h4>K\u00edch th\u01b0\u1edbc t\u1ed5ng th\u1ec3:<\/h4>\n<table width=\"100%\">\n<tbody>\n<tr>\n<td>Chi\u1ec1u cao v\u1ecf<\/td>\n<td>2319 mm<\/td>\n<\/tr>\n<tr>\n<td>Chi\u1ec1u r\u1ed9ng v\u1ecf<\/td>\n<td>1436 mm<\/td>\n<\/tr>\n<tr>\n<td>Chi\u1ec1u s\u00e2u v\u1ecf<\/td>\n<td>1200 mm<\/td>\n<\/tr>\n<tr>\n<td>\u0110\u1ed9 r\u1ed9ng h\u00e0nh lang<\/td>\n<td>602 mm<\/td>\n<\/tr>\n<tr>\n<td>Tr\u1ecdng l\u01b0\u1ee3ng<\/td>\n<td>200 kg<\/td>\n<\/tr>\n<\/tbody>\n<\/table>\n[\/vc_column_text][\/vc_column_inner][vc_column_inner width=&#8221;1\/3&#8243;][vc_column_text]\n<h4>\u0110\u1eb7c t\u00ednh k\u1ef9 thu\u1eadt:<\/h4>\n<table width=\"100%\">\n<tbody>\n<tr>\n<td>Ngu\u1ed3n c\u1ea5p<\/td>\n<td>24 V<\/td>\n<\/tr>\n<tr>\n<td>C\u00f4ng su\u1ea5t ti\u00eau th\u1ee5<\/td>\n<td>25 W<\/td>\n<\/tr>\n<tr>\n<td>N\u0103ng su\u1ea5t<\/td>\n<td>15 ng\u01b0\u1eddi\/ ph\u00fat ho\u1eb7c h\u01a1n<\/td>\n<\/tr>\n<tr>\n<td>Nhi\u1ec7t \u0111\u1ed9 l\u00e0m vi\u1ec7c<\/td>\n<td>\u201320\u2026+50\u00b0\u0421<\/td>\n<\/tr>\n<tr>\n<td>Chu\u1ea9nch\u1ed1ngb\u1ee5iv\u00e0 n\u01b0\u1edbc<\/td>\n<td>IP 53<\/td>\n<\/tr>\n<\/tbody>\n<\/table>\n[\/vc_column_text][\/vc_column_inner][\/vc_row_inner][\/vc_tta_section][\/vc_tta_tabs][\/vc_column][\/vc_row]\n<\/section>","protected":false},"excerpt":{"rendered":"<p>[vc_row][vc_column][vc_tta_tabs shape=&#8221;square&#8221; color=&#8221;white&#8221; active_section=&#8221;1&#8243;][vc_tta_section title=&#8221;Defender&#8221; tab_id=&#8221;1472465489914-427a6a37-5001&#8243;][vc_row_inner][vc_column_inner width=&#8221;2\/3&#8243;][vc_column_text] Defender C\u1eeda quay Defender l\u00e0 m\u1ed9t trong nh\u1eefng thi\u1ebft b\u1ecb \u0111\u00e1ng tin c\u1eady nh\u1ea5t trong s\u1ed1 c\u00e1c h\u1ec7 th\u1ed1ng ki\u1ec3m so\u00e1t truy c\u1eadp. T\u00ednh b\u1ea3o v\u1ec7 cao kh\u1ecfi vi\u1ec7c \u0111\u1ed9t nh\u1eadp tr\u00e1i ph\u00e9p \u0111\u01b0\u1ee3c \u0111\u1ea3m b\u1ea3o b\u1edfi k\u00edch th\u01b0\u1edbc c\u1eeda quay \u2013 t\u01b0\u01a1ng \u0111\u01b0\u01a1ng chi\u1ec1u cao c\u1ee7a m\u1ed9t&hellip;<\/p>\n","protected":false},"author":6,"featured_media":0,"parent":969,"menu_order":0,"comment_status":"closed","ping_status":"closed","template":"","meta":{"footnotes":""},"translation":{"provider":"WPGlobus","version":"2.12.2","language":"vi","enabled_languages":["en","ru","bg","vi"],"languages":{"en":{"title":true,"content":true,"excerpt":false},"ru":{"title":true,"content":true,"excerpt":false},"bg":{"title":false,"content":false,"excerpt":false},"vi":{"title":true,"content":true,"excerpt":false}}},"_links":{"self":[{"href":"https:\/\/lotgroup.eu\/vi\/wp-json\/wp\/v2\/pages\/1020"}],"collection":[{"href":"https:\/\/lotgroup.eu\/vi\/wp-json\/wp\/v2\/pages"}],"about":[{"href":"https:\/\/lotgroup.eu\/vi\/wp-json\/wp\/v2\/types\/page"}],"author":[{"embeddable":true,"href":"https:\/\/lotgroup.eu\/vi\/wp-json\/wp\/v2\/users\/6"}],"replies":[{"embeddable":true,"href":"https:\/\/lotgroup.eu\/vi\/wp-json\/wp\/v2\/comments?post=1020"}],"version-history":[{"count":26,"href":"https:\/\/lotgroup.eu\/vi\/wp-json\/wp\/v2\/pages\/1020\/revisions"}],"predecessor-version":[{"id":6023,"href":"https:\/\/lotgroup.eu\/vi\/wp-json\/wp\/v2\/pages\/1020\/revisions\/6023"}],"up":[{"embeddable":true,"href":"https:\/\/lotgroup.eu\/vi\/wp-json\/wp\/v2\/pages\/969"}],"wp:attachment":[{"href":"https:\/\/lotgroup.eu\/vi\/wp-json\/wp\/v2\/media?parent=1020"}],"curies":[{"name":"wp","href":"https:\/\/api.w.org\/{rel}","templated":true}]}}