{"id":1025,"date":"2016-08-29T15:03:21","date_gmt":"2016-08-29T12:03:21","guid":{"rendered":"http:\/\/i68176kq.bget.ru\/?page_id=1025"},"modified":"2018-09-24T12:21:09","modified_gmt":"2018-09-24T09:21:09","slug":"slide-turnstiles","status":"publish","type":"page","link":"https:\/\/lotgroup.eu\/vi\/product\/production\/turnstiles\/slide-turnstiles\/","title":{"rendered":"C\u1eeda quay tr\u01b0\u1ee3t"},"content":{"rendered":"<section class=\"wpb-content-wrapper\">[vc_row][vc_column][vc_column_text][\/vc_column_text][\/vc_column][\/vc_row][vc_row][vc_column][vc_tta_tabs shape=&#8221;square&#8221; color=&#8221;white&#8221; active_section=&#8221;1&#8243;][vc_tta_section title=&#8221;Style&#8221; tab_id=&#8221;1472465489914-427a6a37-5001&#8243;][vc_row_inner][vc_column_inner width=&#8221;2\/3&#8243;][vc_column_text]\n<h3>Style<\/h3>\n<p>C\u1eeda Style l\u00e0 m\u1ed9t thi\u1ebft k\u1ebf m\u1edbi c\u1ee7a T\u1eadp \u0111o\u00e0n LOT theo xu h\u01b0\u1edbng hi\u1ec7n \u0111\u1ea1i. C\u1eeda quay n\u00e0y \u0111\u01b0\u1ee3c trang b\u1ecb c\u00e1c khe tr\u01b0\u1ee3t kh\u00e9p k\u00edn theo chi\u1ec1u ngang. G\u1ea1t xoay \u0111\u01b0\u1ee3c lam b\u1eb1ng th\u1ee7y tinh ch\u1ecbu nhi\u1ec7t, \u0111\u1eb7c \u0111i\u1ec3m l\u00e0 kh\u00f4ng m\u1eafc l\u1ed7i ph\u1ea7n c\u1ee9ng v\u00e0 ho\u1ea1t \u0111\u1ed9ng tr\u01a1n tru. Thi\u1ebft k\u1ebf ti\u1ec7n d\u1ee5ng tr\u1ee5 xoay, \u0111\u1ed9 ph\u1ea3n quang c\u00f3 th\u1ec3 thay \u0111\u1ed5i v\u00e0 ch\u1ec9 d\u1eabn r\u00f5 r\u00e0ng khi\u1ebfn s\u1eed d\u1ee5ng c\u1eeda xoay n\u00e0y an to\u00e0n v\u00e0 tho\u1ea3i m\u00e1i cho h\u00e0nh kh\u00e1ch. Model n\u00e0y \u0111\u01b0\u1ee3c d\u00f9ng cho vi\u1ec7c l\u1eafp \u0111\u1eb7t nh\u01b0 l\u00e0 m\u1ed9t ph\u1ea7n c\u1ee7a c\u00e1c h\u1ec7 th\u1ed1ng ki\u1ec3m so\u00e1t ra v\u00e0o, c\u0169ng nh\u01b0 c\u00e1c h\u1ec7 th\u1ed1ng thu v\u00e9 t\u1ef1 \u0111\u1ed9ng, \u0111\u1eb7c bi\u1ec7t l\u00e0 trong c\u00e1c ga t\u00e0u \u0111i\u1ec7n ng\u1ea7m.[\/vc_column_text][\/vc_column_inner][vc_column_inner width=&#8221;1\/3&#8243;]<div class=\"wpex-slider-preloaderimg \"><img width=\"600\" height=\"600\" src=\"https:\/\/lotgroup.eu\/wp-content\/uploads\/2016\/08\/style.jpg\" class=\"skip-lazy\" alt=\"\" data-no-lazy=\"1\" fetchpriority=\"high\" srcset=\"https:\/\/lotgroup.eu\/wp-content\/uploads\/2016\/08\/style.jpg 600w, https:\/\/lotgroup.eu\/wp-content\/uploads\/2016\/08\/style-300x300.jpg 300w\" sizes=\"(max-width: 600px) 100vw, 600px\" \/><\/div><div class=\"vcex-module wpex-slider slider-pro no-margin-thumbnails vcex-image-gallery-slider wpex-clr\" data-thumbnails=\"true\" data-thumbnail-height=\"auto\" data-auto-play-delay=\"5000\" data-animation-speed=\"600\" data-height-animation-duration=\"500\"><div class=\"wpex-slider-slides sp-slides\"><div class=\"wpex-slider-slide sp-slide\"><div class=\"wpex-slider-media\"><img width=\"600\" height=\"600\" src=\"https:\/\/lotgroup.eu\/wp-content\/uploads\/2016\/08\/style.jpg\" class=\"skip-lazy\" alt=\"\" data-no-lazy=\"1\" srcset=\"https:\/\/lotgroup.eu\/wp-content\/uploads\/2016\/08\/style.jpg 600w, https:\/\/lotgroup.eu\/wp-content\/uploads\/2016\/08\/style-300x300.jpg 300w\" sizes=\"(max-width: 600px) 100vw, 600px\" \/><\/div><\/div><div class=\"wpex-slider-slide sp-slide\"><div class=\"wpex-slider-media\"><img width=\"600\" height=\"600\" src=\"https:\/\/lotgroup.eu\/wp-content\/uploads\/2016\/08\/style_top.jpg\" class=\"skip-lazy\" alt=\"\" data-no-lazy=\"1\" srcset=\"https:\/\/lotgroup.eu\/wp-content\/uploads\/2016\/08\/style_top.jpg 600w, https:\/\/lotgroup.eu\/wp-content\/uploads\/2016\/08\/style_top-300x300.jpg 300w\" sizes=\"(max-width: 600px) 100vw, 600px\" \/><\/div><\/div><div class=\"wpex-slider-slide sp-slide\"><div class=\"wpex-slider-media\"><img width=\"600\" height=\"600\" src=\"https:\/\/lotgroup.eu\/wp-content\/uploads\/2016\/08\/style_front.jpg\" class=\"skip-lazy\" alt=\"\" data-no-lazy=\"1\" srcset=\"https:\/\/lotgroup.eu\/wp-content\/uploads\/2016\/08\/style_front.jpg 600w, https:\/\/lotgroup.eu\/wp-content\/uploads\/2016\/08\/style_front-300x300.jpg 300w\" sizes=\"(max-width: 600px) 100vw, 600px\" \/><\/div><\/div><div class=\"wpex-slider-slide sp-slide\"><div class=\"wpex-slider-media\"><img width=\"600\" height=\"600\" src=\"https:\/\/lotgroup.eu\/wp-content\/uploads\/2016\/08\/style_left.jpg\" class=\"skip-lazy\" alt=\"\" data-no-lazy=\"1\" srcset=\"https:\/\/lotgroup.eu\/wp-content\/uploads\/2016\/08\/style_left.jpg 600w, https:\/\/lotgroup.eu\/wp-content\/uploads\/2016\/08\/style_left-300x300.jpg 300w\" sizes=\"(max-width: 600px) 100vw, 600px\" \/><\/div><\/div><div class=\"wpex-slider-slide sp-slide\"><div class=\"wpex-slider-media\"><img width=\"600\" height=\"600\" src=\"https:\/\/lotgroup.eu\/wp-content\/uploads\/2016\/08\/style_scheme_02.png\" class=\"skip-lazy\" alt=\"\" data-no-lazy=\"1\" srcset=\"https:\/\/lotgroup.eu\/wp-content\/uploads\/2016\/08\/style_scheme_02.png 600w, https:\/\/lotgroup.eu\/wp-content\/uploads\/2016\/08\/style_scheme_02-300x300.png 300w\" sizes=\"(max-width: 600px) 100vw, 600px\" \/><\/div><\/div><div class=\"wpex-slider-slide sp-slide\"><div class=\"wpex-slider-media\"><img width=\"600\" height=\"600\" src=\"https:\/\/lotgroup.eu\/wp-content\/uploads\/2016\/08\/style_scheme_01.png\" class=\"skip-lazy\" alt=\"\" data-no-lazy=\"1\" srcset=\"https:\/\/lotgroup.eu\/wp-content\/uploads\/2016\/08\/style_scheme_01.png 600w, https:\/\/lotgroup.eu\/wp-content\/uploads\/2016\/08\/style_scheme_01-300x300.png 300w\" sizes=\"(max-width: 600px) 100vw, 600px\" \/><\/div><\/div><\/div><div class=\"wpex-slider-thumbnails sp-nc-thumbnails cols-6\"><img width=\"600\" height=\"600\" src=\"https:\/\/lotgroup.eu\/wp-content\/uploads\/2016\/08\/style.jpg\" class=\"wpex-slider-thumbnail sp-nc-thumbnail skip-lazy\" alt=\"\" data-no-lazy=\"1\" srcset=\"https:\/\/lotgroup.eu\/wp-content\/uploads\/2016\/08\/style.jpg 600w, https:\/\/lotgroup.eu\/wp-content\/uploads\/2016\/08\/style-300x300.jpg 300w\" sizes=\"(max-width: 600px) 100vw, 600px\" \/><img width=\"600\" height=\"600\" src=\"https:\/\/lotgroup.eu\/wp-content\/uploads\/2016\/08\/style_top.jpg\" class=\"wpex-slider-thumbnail sp-nc-thumbnail skip-lazy\" alt=\"\" data-no-lazy=\"1\" srcset=\"https:\/\/lotgroup.eu\/wp-content\/uploads\/2016\/08\/style_top.jpg 600w, https:\/\/lotgroup.eu\/wp-content\/uploads\/2016\/08\/style_top-300x300.jpg 300w\" sizes=\"(max-width: 600px) 100vw, 600px\" \/><img width=\"600\" height=\"600\" src=\"https:\/\/lotgroup.eu\/wp-content\/uploads\/2016\/08\/style_front.jpg\" class=\"wpex-slider-thumbnail sp-nc-thumbnail skip-lazy\" alt=\"\" data-no-lazy=\"1\" srcset=\"https:\/\/lotgroup.eu\/wp-content\/uploads\/2016\/08\/style_front.jpg 600w, https:\/\/lotgroup.eu\/wp-content\/uploads\/2016\/08\/style_front-300x300.jpg 300w\" sizes=\"(max-width: 600px) 100vw, 600px\" \/><img width=\"600\" height=\"600\" src=\"https:\/\/lotgroup.eu\/wp-content\/uploads\/2016\/08\/style_left.jpg\" class=\"wpex-slider-thumbnail sp-nc-thumbnail skip-lazy\" alt=\"\" data-no-lazy=\"1\" srcset=\"https:\/\/lotgroup.eu\/wp-content\/uploads\/2016\/08\/style_left.jpg 600w, https:\/\/lotgroup.eu\/wp-content\/uploads\/2016\/08\/style_left-300x300.jpg 300w\" sizes=\"(max-width: 600px) 100vw, 600px\" \/><img width=\"600\" height=\"600\" src=\"https:\/\/lotgroup.eu\/wp-content\/uploads\/2016\/08\/style_scheme_02.png\" class=\"wpex-slider-thumbnail sp-nc-thumbnail skip-lazy\" alt=\"\" data-no-lazy=\"1\" srcset=\"https:\/\/lotgroup.eu\/wp-content\/uploads\/2016\/08\/style_scheme_02.png 600w, https:\/\/lotgroup.eu\/wp-content\/uploads\/2016\/08\/style_scheme_02-300x300.png 300w\" sizes=\"(max-width: 600px) 100vw, 600px\" \/><img width=\"600\" height=\"600\" src=\"https:\/\/lotgroup.eu\/wp-content\/uploads\/2016\/08\/style_scheme_01.png\" class=\"wpex-slider-thumbnail sp-nc-thumbnail skip-lazy\" alt=\"\" data-no-lazy=\"1\" srcset=\"https:\/\/lotgroup.eu\/wp-content\/uploads\/2016\/08\/style_scheme_01.png 600w, https:\/\/lotgroup.eu\/wp-content\/uploads\/2016\/08\/style_scheme_01-300x300.png 300w\" sizes=\"(max-width: 600px) 100vw, 600px\" \/><\/div><\/div>[\/vc_column_inner][\/vc_row_inner][vc_column_text]\n<h4>\u0110\u1eb7c \u0111i\u1ec3m:<\/h4>\n<ul>\n<li>\u0110\u1ea3m b\u1ea3o s\u1ef1 an to\u00e0n c\u1ee7a h\u00e0nh kh\u00e1ch, c\u1eeda quay kh\u00f4ng c\u00f3 c\u1ea1nh s\u1eafc.<\/li>\n<li>Tr\u00ean V\u1ecf c\u1eeda quay, c\u00f3 m\u00e0n h\u00ecnh LCD ho\u1eb7c m\u00e0n h\u00ecnh TFT (l\u00ean t\u1edbi 5 &#8220;) \u0111\u1ec3 hi\u1ec3n th\u1ecb tr\u1ea1ng th\u00e1i th\u00f4ng b\u00e1o, tin nh\u1eafn c\u1ee7a h\u00e0nh kh\u00e1ch v\u00e0 ti\u1ec1n c\u00f2n l\u1ea1i c\u1ee7a th\u1ebb v\u1eadn chuy\u1ec3n.<\/li>\n<li>B\u1ed9 c\u1ea3m bi\u1ebfn quang h\u1ecdc ti\u00ean ti\u1ebfn \u0111\u1ec3 ng\u0103n ch\u1eb7n x\u00e2m nh\u1eadp tr\u00e1i ph\u00e9p.<\/li>\n<li>\u0110\u1ec3 ti\u1ebft ki\u1ec7m t\u00e0i nguy\u00ean, c\u00e1c thanh g\u1ea1t c\u1eeda quay th\u01b0\u1eddng m\u1edf ra.<\/li>\n<li>C\u00e0i \u0111\u1eb7t c\u00e1c thi\u1ebft b\u1ecb t\u00f9y ch\u1ecdn t\u00edch h\u1ee3p:<\/li>\n<li>\u0111\u1ea7u \u0111\u1ecdc th\u1ebb RFID 125 kHz ho\u1eb7c th\u1ebb MIFARE\u00ae* 13,56 MHz<\/li>\n<li>\u0111\u1ea7u \u0111\u1ecdc m\u00e3 v\u1ea1ch v\u00e9<\/li>\n<li>\u0110\u1ea7u \u0111\u1ecdc th\u1ebb th\u00f4ng minh<\/li>\n<li>\u0110\u1ea7u \u0111\u1ecdc v\u00e9 t\u1eeb.<\/li>\n<li>M\u1ed9t thi\u1ebft b\u1ecb ph\u00e1t m\u1ed9t s\u1ed1 c\u1ea3nh b\u00e1o \u00e2m thanh c\u00f3 th\u1ec3 \u0111\u01b0\u1ee3c c\u00e0i \u0111\u1eb7t \u0111\u1ec3 ng\u0103n ch\u1eb7n c\u00e1c nguy c\u01a1 x\u00e2m nh\u1eadp tr\u00e1i ph\u00e9p.<\/li>\n<\/ul>\n[\/vc_column_text][vc_row_inner][vc_column_inner width=&#8221;1\/3&#8243;][vc_column_text]\n<h4>T\u00f9ych\u1ecdn thi\u1ebft k\u1ebf:<\/h4>\n<p>V\u1ecf:<\/p>\n<ul>\n<li>Th\u00e9p kh\u00f4ng g\u1ec9 \u0111\u00e1nh b\u00f3ng<\/li>\n<li>Th\u00e9p kh\u00f4ng g\u1ec9 xoa \u00a0m\u1edd<\/li>\n<\/ul>\n<p>G\u1ea1t:<\/p>\n<ul>\n<li>G\u1ea1t tr\u01b0\u1ee3t l\u00e0m b\u1eb1ng th\u1ee7y tinh ch\u1ecbu nhi\u1ec7t (v\u1ecb tr\u00ed \u0111\u00e1nh d\u1ea5u kh\u00e1ch h\u00e0ng c\u0169ng l\u00e0 t\u00f9y ch\u1ecdn)<\/li>\n<\/ul>\n[\/vc_column_text][\/vc_column_inner][vc_column_inner width=&#8221;1\/3&#8243;][vc_column_text]\n<h4>K\u00edch th\u01b0\u1edbc t\u1ed5ng th\u1ec3:<\/h4>\n<table width=\"100%\">\n<tbody>\n<tr>\n<td>Chi\u1ec1u cao tr\u1ee5<\/td>\n<td>1120 mm<\/td>\n<\/tr>\n<tr>\n<td>Chi\u1ec1u d\u00e0i tr\u1ee5<\/td>\n<td>1700 mm<\/td>\n<\/tr>\n<tr>\n<td>Chi\u1ec1u r\u1ed9ng tr\u1ee5<\/td>\n<td>320 mm<\/td>\n<\/tr>\n<tr>\n<td>\u0110\u1ed9 r\u1ed9ng h\u00e0nh lang<\/td>\n<td>550 mm<\/td>\n<\/tr>\n<tr>\n<td>Tr\u1ecdng l\u01b0\u1ee3ng tr\u1ee5<\/td>\n<td>150 kg<\/td>\n<\/tr>\n<\/tbody>\n<\/table>\n[\/vc_column_text][\/vc_column_inner][vc_column_inner width=&#8221;1\/3&#8243;][vc_column_text]\n<h4>\u0110\u1eb7c t\u00ednh k\u1ef9 thu\u1eadt:<\/h4>\n<table width=\"100%\">\n<tbody>\n<tr>\n<td>Ngu\u1ed3n c\u1ea5p<\/td>\n<td>220 V<\/td>\n<\/tr>\n<tr>\n<td>C\u00f4ng su\u1ea5t ti\u00eau th\u1ee5<\/td>\n<td>120 W<\/td>\n<\/tr>\n<tr>\n<td>N\u0103ng su\u1ea5t<\/td>\n<td>20 ng\u01b0\u1eddi \/ph\u00fat v\u00e0 h\u01a1n<\/td>\n<\/tr>\n<tr>\n<td>M\u00f4 men tr\u00ean c\u01a1 c\u1ea5u g\u1ea1t<\/td>\n<td>30 nm<\/td>\n<\/tr>\n<tr>\n<td>Nhi\u1ec7t \u0111\u1ed9 l\u00e0m vi\u1ec7c<\/td>\n<td>0\u2026+45\u00b0C<\/td>\n<\/tr>\n<tr>\n<td>Chu\u1ea9n ch\u1ed1ng b\u1ee5iv\u00e0 n\u01b0\u1edbc<\/td>\n<td>IP 32<\/td>\n<\/tr>\n<\/tbody>\n<\/table>\n[\/vc_column_text][\/vc_column_inner][\/vc_row_inner][\/vc_tta_section][vc_tta_section title=&#8221;Cayman&#8221; tab_id=&#8221;1472472689614-41053bf6-5584&#8243;][vc_row_inner][vc_column_inner width=&#8221;2\/3&#8243;][vc_column_text]\n<h3>Cayman<\/h3>\n<p>Cayman &#8211; c\u1eeda quay sang tr\u1ecdng &#8211; l\u00e0 m\u1ed9t trong nh\u1eefng thi\u1ebft k\u1ebf m\u1edbi nh\u1ea5t c\u1ee7a c\u00f4ng ty. C\u1eeda n\u00e0y \u0111\u01b0\u1ee3c d\u00f9ng cho t\u00e0u \u0111i\u1ec7n ng\u1ea7m, v\u00e0 l\u1eafp \u0111\u1eb7t th\u00e0nh c\u00f4ng tr\u00ean c\u00e1c tr\u1ea1m m\u1edbi trong h\u1ec7 th\u1ed1ng t\u00e0u \u0111i\u1ec7n ng\u1ea7m c\u1ee7a Baku. C\u1eeda quay Cayman v\u1edbi gi\u1ea3i ph\u00e1p thi\u1ebft k\u1ebf ho\u00e0n h\u1ea3o, l\u00e0m b\u1eb1ng ch\u1ea5t li\u1ec7u hi\u1ec7n \u0111\u1ea1i ch\u1ea5t l\u01b0\u1ee3ng cao, \u0111\u01b0\u1ee3c trang b\u1ecb c\u01a1 ch\u1ebf \u0111\u00e1ng tin c\u1eady v\u00e0 \u0111\u1ea1t \u0111\u01b0\u1ee3c c\u00e1c ch\u1ee9c n\u0103ng xu\u1ea5t s\u1eafc. K\u1ebft h\u1ee3p b\u1edfi th\u00e9p v\u00e0 th\u1ee7y tinh l\u1ea5p l\u00e1nh, c\u00e1c \u0111i\u1ec3m n\u1ed5i b\u1eadt c\u00f3 th\u1ec3 thay \u0111\u1ed5i, m\u00e0n h\u00ecnh TFT v\u00e0 ch\u1ec9 th\u1ecb LED b\u1ed5 sung l\u00e0m cho s\u1ea3n ph\u1ea9m n\u00e0y tr\u1edf th\u00e0nh s\u1ea3n ph\u1ea9m h\u00e0ng \u0111\u1ea7u c\u1ee7a d\u00f2ng c\u1eeda xoay.[\/vc_column_text][\/vc_column_inner][vc_column_inner width=&#8221;1\/3&#8243;]<div class=\"wpex-slider-preloaderimg \"><img width=\"600\" height=\"600\" src=\"https:\/\/lotgroup.eu\/wp-content\/uploads\/2016\/08\/cayman.jpg\" class=\"skip-lazy\" alt=\"\" data-no-lazy=\"1\" srcset=\"https:\/\/lotgroup.eu\/wp-content\/uploads\/2016\/08\/cayman.jpg 600w, https:\/\/lotgroup.eu\/wp-content\/uploads\/2016\/08\/cayman-300x300.jpg 300w\" sizes=\"(max-width: 600px) 100vw, 600px\" \/><\/div><div class=\"vcex-module wpex-slider slider-pro no-margin-thumbnails vcex-image-gallery-slider wpex-clr\" data-thumbnails=\"true\" data-thumbnail-height=\"auto\" data-auto-play-delay=\"5000\" data-animation-speed=\"600\" data-height-animation-duration=\"500\"><div class=\"wpex-slider-slides sp-slides\"><div class=\"wpex-slider-slide sp-slide\"><div class=\"wpex-slider-media\"><img width=\"600\" height=\"600\" src=\"https:\/\/lotgroup.eu\/wp-content\/uploads\/2016\/08\/cayman.jpg\" class=\"skip-lazy\" alt=\"\" data-no-lazy=\"1\" srcset=\"https:\/\/lotgroup.eu\/wp-content\/uploads\/2016\/08\/cayman.jpg 600w, https:\/\/lotgroup.eu\/wp-content\/uploads\/2016\/08\/cayman-300x300.jpg 300w\" sizes=\"(max-width: 600px) 100vw, 600px\" \/><\/div><\/div><div class=\"wpex-slider-slide sp-slide\"><div class=\"wpex-slider-media\"><img width=\"600\" height=\"600\" src=\"https:\/\/lotgroup.eu\/wp-content\/uploads\/2016\/08\/cayman_left.jpg\" class=\"skip-lazy\" alt=\"\" data-no-lazy=\"1\" srcset=\"https:\/\/lotgroup.eu\/wp-content\/uploads\/2016\/08\/cayman_left.jpg 600w, https:\/\/lotgroup.eu\/wp-content\/uploads\/2016\/08\/cayman_left-300x300.jpg 300w\" sizes=\"(max-width: 600px) 100vw, 600px\" \/><\/div><\/div><div class=\"wpex-slider-slide sp-slide\"><div class=\"wpex-slider-media\"><img width=\"600\" height=\"600\" src=\"https:\/\/lotgroup.eu\/wp-content\/uploads\/2016\/08\/cayman_front.jpg\" class=\"skip-lazy\" alt=\"\" data-no-lazy=\"1\" srcset=\"https:\/\/lotgroup.eu\/wp-content\/uploads\/2016\/08\/cayman_front.jpg 600w, https:\/\/lotgroup.eu\/wp-content\/uploads\/2016\/08\/cayman_front-300x300.jpg 300w\" sizes=\"(max-width: 600px) 100vw, 600px\" \/><\/div><\/div><div class=\"wpex-slider-slide sp-slide\"><div class=\"wpex-slider-media\"><img width=\"600\" height=\"600\" src=\"https:\/\/lotgroup.eu\/wp-content\/uploads\/2016\/08\/cayman_top.jpg\" class=\"skip-lazy\" alt=\"\" data-no-lazy=\"1\" srcset=\"https:\/\/lotgroup.eu\/wp-content\/uploads\/2016\/08\/cayman_top.jpg 600w, https:\/\/lotgroup.eu\/wp-content\/uploads\/2016\/08\/cayman_top-300x300.jpg 300w\" sizes=\"(max-width: 600px) 100vw, 600px\" \/><\/div><\/div><div class=\"wpex-slider-slide sp-slide\"><div class=\"wpex-slider-media\"><img width=\"600\" height=\"600\" src=\"https:\/\/lotgroup.eu\/wp-content\/uploads\/2016\/08\/cayman_scheme_01.png\" class=\"skip-lazy\" alt=\"\" data-no-lazy=\"1\" srcset=\"https:\/\/lotgroup.eu\/wp-content\/uploads\/2016\/08\/cayman_scheme_01.png 600w, https:\/\/lotgroup.eu\/wp-content\/uploads\/2016\/08\/cayman_scheme_01-300x300.png 300w\" sizes=\"(max-width: 600px) 100vw, 600px\" \/><\/div><\/div><div class=\"wpex-slider-slide sp-slide\"><div class=\"wpex-slider-media\"><img width=\"600\" height=\"600\" src=\"https:\/\/lotgroup.eu\/wp-content\/uploads\/2016\/08\/cayman_scheme_02.png\" class=\"skip-lazy\" alt=\"\" data-no-lazy=\"1\" srcset=\"https:\/\/lotgroup.eu\/wp-content\/uploads\/2016\/08\/cayman_scheme_02.png 600w, https:\/\/lotgroup.eu\/wp-content\/uploads\/2016\/08\/cayman_scheme_02-300x300.png 300w\" sizes=\"(max-width: 600px) 100vw, 600px\" \/><\/div><\/div><\/div><div class=\"wpex-slider-thumbnails sp-nc-thumbnails cols-6\"><img width=\"600\" height=\"600\" src=\"https:\/\/lotgroup.eu\/wp-content\/uploads\/2016\/08\/cayman.jpg\" class=\"wpex-slider-thumbnail sp-nc-thumbnail skip-lazy\" alt=\"\" data-no-lazy=\"1\" srcset=\"https:\/\/lotgroup.eu\/wp-content\/uploads\/2016\/08\/cayman.jpg 600w, https:\/\/lotgroup.eu\/wp-content\/uploads\/2016\/08\/cayman-300x300.jpg 300w\" sizes=\"(max-width: 600px) 100vw, 600px\" \/><img width=\"600\" height=\"600\" src=\"https:\/\/lotgroup.eu\/wp-content\/uploads\/2016\/08\/cayman_left.jpg\" class=\"wpex-slider-thumbnail sp-nc-thumbnail skip-lazy\" alt=\"\" data-no-lazy=\"1\" srcset=\"https:\/\/lotgroup.eu\/wp-content\/uploads\/2016\/08\/cayman_left.jpg 600w, https:\/\/lotgroup.eu\/wp-content\/uploads\/2016\/08\/cayman_left-300x300.jpg 300w\" sizes=\"(max-width: 600px) 100vw, 600px\" \/><img width=\"600\" height=\"600\" src=\"https:\/\/lotgroup.eu\/wp-content\/uploads\/2016\/08\/cayman_front.jpg\" class=\"wpex-slider-thumbnail sp-nc-thumbnail skip-lazy\" alt=\"\" data-no-lazy=\"1\" srcset=\"https:\/\/lotgroup.eu\/wp-content\/uploads\/2016\/08\/cayman_front.jpg 600w, https:\/\/lotgroup.eu\/wp-content\/uploads\/2016\/08\/cayman_front-300x300.jpg 300w\" sizes=\"(max-width: 600px) 100vw, 600px\" \/><img width=\"600\" height=\"600\" src=\"https:\/\/lotgroup.eu\/wp-content\/uploads\/2016\/08\/cayman_top.jpg\" class=\"wpex-slider-thumbnail sp-nc-thumbnail skip-lazy\" alt=\"\" data-no-lazy=\"1\" srcset=\"https:\/\/lotgroup.eu\/wp-content\/uploads\/2016\/08\/cayman_top.jpg 600w, https:\/\/lotgroup.eu\/wp-content\/uploads\/2016\/08\/cayman_top-300x300.jpg 300w\" sizes=\"(max-width: 600px) 100vw, 600px\" \/><img width=\"600\" height=\"600\" src=\"https:\/\/lotgroup.eu\/wp-content\/uploads\/2016\/08\/cayman_scheme_01.png\" class=\"wpex-slider-thumbnail sp-nc-thumbnail skip-lazy\" alt=\"\" data-no-lazy=\"1\" srcset=\"https:\/\/lotgroup.eu\/wp-content\/uploads\/2016\/08\/cayman_scheme_01.png 600w, https:\/\/lotgroup.eu\/wp-content\/uploads\/2016\/08\/cayman_scheme_01-300x300.png 300w\" sizes=\"(max-width: 600px) 100vw, 600px\" \/><img width=\"600\" height=\"600\" src=\"https:\/\/lotgroup.eu\/wp-content\/uploads\/2016\/08\/cayman_scheme_02.png\" class=\"wpex-slider-thumbnail sp-nc-thumbnail skip-lazy\" alt=\"\" data-no-lazy=\"1\" srcset=\"https:\/\/lotgroup.eu\/wp-content\/uploads\/2016\/08\/cayman_scheme_02.png 600w, https:\/\/lotgroup.eu\/wp-content\/uploads\/2016\/08\/cayman_scheme_02-300x300.png 300w\" sizes=\"(max-width: 600px) 100vw, 600px\" \/><\/div><\/div>[\/vc_column_inner][\/vc_row_inner][vc_column_text]\n<h4>Features:<\/h4>\n<ul>\n<li>\u0110\u1ea3m b\u1ea3o s\u1ef1 an to\u00e0n c\u1ee7a h\u00e0nh kh\u00e1ch, c\u1eeda quay kh\u00f4ng c\u00f3 c\u1ea1nh s\u1eafc.<\/li>\n<li>C\u1eeda xoay c\u00f3 th\u1ec3 \u0111\u01b0\u1ee3c trang b\u1ecb \u0111\u1ea7u \u0111\u1ecdc th\u1ebb RFID 125 kHz ho\u1eb7c th\u1ebb MIFARE\u00ae* 13,56MHz.<\/li>\n<li>Tr\u00ean v\u1ecf c\u00f3 m\u00e0n h\u00ecnh 10 &#8221; TFT \u0111\u01b0\u1ee3c c\u00e0i \u0111\u1eb7t \u0111\u1ec3 hi\u1ec3n th\u1ecb t\u00ecnh tr\u1ea1ng h\u00e0nh kh\u00e1ch v\u00e0 s\u1ed1 d\u01b0 th\u1ebb v\u1eadn chuy\u1ec3n. B\u1ed9 \u0111i\u1ec1u khi\u1ec3n \u0111\u01b0\u1ee3c t\u00edch h\u1ee3p c\u00f3 th\u1ec3 hi\u1ec3n th\u1ecb qu\u1ea3ng c\u00e1o tr\u00ean m\u00e0n h\u00ecnh n\u00e0y v\u00e0 h\u01b0\u1edbng d\u1eabn b\u1ed5 sung cho h\u00e0nh kh\u00e1ch.<\/li>\n<li>B\u1ed9 \u0111i\u1ec1u khi\u1ec3n c\u1eeda xoay ho\u1ea1t \u0111\u1ed9ng tr\u00ean Linux \/ Windows CE, cho ph\u00e9p ph\u00e1t tri\u1ec3n ph\u1ea7n m\u1ec1m nhanh ch\u00f3ng v\u00e0 d\u1ec5 d\u00e0ng, c\u0169ng nh\u01b0 l\u01b0u tr\u1eef v\u00e0 x\u1eed l\u00fd m\u1ed9t l\u01b0\u1ee3ng l\u1edbn th\u00f4ng tin c\u1ea7n thi\u1ebft \u0111\u1ec3 \u0111\u01b0a ra quy\u1ebft \u0111\u1ecbnh v\u1ec1 s\u1ef1 cho ph\u00e9p th\u00f4ng qua c\u1ee7a h\u00e0nh kh\u00e1ch khi m\u1ea5t k\u1ebft n\u1ed1i v\u1edbi m\u00e1y ch\u1ee7.<\/li>\n<li>\u00a0C\u1eeda xoay c\u00f3 th\u1ec3 \u0111\u01b0\u1ee3c k\u1ebft n\u1ed1i v\u1edbi h\u1ec7 th\u1ed1ng th\u00f4ng qua giao th\u1ee9c Ethernet ho\u1eb7c RS-485, v\u00e0 c\u00f3 kh\u1ea3 n\u0103ng ho\u1ea1t \u0111\u1ed9ng \u1edf ch\u1ebf \u0111\u1ed9 on-line v\u00e0 off-line.<\/li>\n<li>Ph\u1ea7n m\u1ec1m h\u1ed7 tr\u1ee3 h\u1ec7 th\u1ed1ng th\u1ed1ng k\u00ea r\u1ed9ng r\u00e3i.<\/li>\n<li>\u0110\u1ec3 ti\u1ebft ki\u1ec7m t\u00e0i nguy\u00ean, c\u00e1c thanh g\u1ea1t c\u1eeda quay th\u01b0\u1eddng m\u1edf ra.<\/li>\n<li>Ch\u1ee9c n\u0103ng ch\u1ed1ng h\u1ed7n lo\u1ea1n c\u00f3 th\u1ec3 \u0111\u01b0\u1ee3c ki\u1ec3m so\u00e1t t\u1eeb xa v\u00e0 cho ph\u00e9p t\u1ef1 do \u0111i qua trong tr\u01b0\u1eddng h\u1ee3p kh\u1ea9n c\u1ea5p khi m\u1edf ho\u00e0n to\u00e0n c\u1eeda quay. Ch\u1ee9c n\u0103ng ch\u1ed1ng h\u1ed7n lo\u1ea1n l\u00e0 c\u01a1 h\u1ecdc v\u00e0 ho\u1ea1t \u0111\u1ed9ng ngay c\u1ea3 khi kh\u00f4ng c\u00f3 ngu\u1ed3n \u0111i\u1ec7n, gi\u00fap c\u1ea3i thi\u1ec7n \u0111\u1ed9 an to\u00e0n c\u1ee7a c\u1eeda.<\/li>\n<\/ul>\n[\/vc_column_text][vc_row_inner][vc_column_inner width=&#8221;1\/3&#8243;][vc_column_text]\n<h4>T\u00f9y ch\u1ecdn thi\u1ebft k\u1ebf:<\/h4>\n<p>V\u1ecf:<\/p>\n<ul>\n<li>Th\u00e9p kh\u00f4ng g\u1ec9 \u0111\u00e1nh b\u00f3ng v\u1edbi c\u00e1c th\u00e0nh ph\u1ea7n th\u00e9p \u0111\u01b0\u1ee3c s\u01a1n ph\u1ee7<\/li>\n<li>Th\u00e9p kh\u00f4ng g\u1ec9 xoa m\u1edd v\u1edbi c\u00e1c th\u00e0nh ph\u1ea7n th\u00e9p \u0111\u01b0\u1ee3c s\u01a1n ph\u1ee7<\/li>\n<li>Ho\u00e0n thi\u1ec7n b\u1eb1ng g\u1ed7 ho\u1eb7c \u0111\u00e1 trang tr\u00ed<\/li>\n<\/ul>\n[\/vc_column_text][\/vc_column_inner][vc_column_inner width=&#8221;1\/3&#8243;][vc_column_text]\n<h4>K\u00edch th\u01b0\u1edbc t\u1ed5ng th\u1ec3:<\/h4>\n<table width=\"100%\">\n<tbody>\n<tr>\n<td>Chi\u1ec1u cao c\u1eeda quay<\/td>\n<td>1245 mm<\/td>\n<\/tr>\n<tr>\n<td>Chi\u1ec1u cao g\u1ea1t<\/td>\n<td>1500 mm<\/td>\n<\/tr>\n<tr>\n<td>Chi\u1ec1u d\u00e0i tr\u1ee5<\/td>\n<td>1800 mm<\/td>\n<\/tr>\n<tr>\n<td>Chi\u1ec1u r\u1ed9ng tr\u1ee5<\/td>\n<td>320 mm<\/td>\n<\/tr>\n<tr>\n<td>Tr\u1ecdng l\u01b0\u1ee3ng tr\u1ee5<\/td>\n<td>120 kg<\/td>\n<\/tr>\n<\/tbody>\n<\/table>\n[\/vc_column_text][\/vc_column_inner][vc_column_inner width=&#8221;1\/3&#8243;][vc_column_text]\n<h4>\u0110\u1eb7c t\u00ednh k\u1ef9 thu\u1eadt:<\/h4>\n<table width=\"100%\">\n<tbody>\n<tr>\n<td>Ngu\u1ed3n c\u1ea5p<\/td>\n<td>220 V<\/td>\n<\/tr>\n<tr>\n<td>C\u00f4ng su\u1ea5t ti\u00eau th\u1ee5<\/td>\n<td>120 W<\/td>\n<\/tr>\n<tr>\n<td>N\u0103ng su\u1ea5t<\/td>\n<td>20 ng\u01b0\u1eddi \/ph\u00fat v\u00e0 h\u01a1n<\/td>\n<\/tr>\n<tr>\n<td>M\u00f4 men tr\u00ean c\u01a1 c\u1ea5u g\u1ea1t<\/td>\n<td>30 nm<\/td>\n<\/tr>\n<tr>\n<td>Nhi\u1ec7t \u0111\u1ed9 l\u00e0m vi\u1ec7c<\/td>\n<td>0\u2026+45\u00b0\u0421<\/td>\n<\/tr>\n<tr>\n<td>Chu\u1ea9n ch\u1ed1ng b\u1ee5i v\u00e0 n\u01b0\u1edbc<\/td>\n<td>IP 41<\/td>\n<\/tr>\n<\/tbody>\n<\/table>\n[\/vc_column_text][\/vc_column_inner][\/vc_row_inner][\/vc_tta_section][\/vc_tta_tabs][\/vc_column][\/vc_row][vc_row][vc_column][vc_column_text][\/vc_column_text][vc_column_text]&lt;span style=&#8221;font-size: small;&#8221;&gt;&lt;em&gt;* MIFARE\u00ae v\u00e0 MIFARE CLASSIC\u00ae l\u00e0 c\u00e1c nh\u00e3n hi\u1ec7u \u0111\u00e3 \u0111\u0103ng k\u00fd thu\u1ed9c s\u1edf h\u1eefu c\u1ee7a NXP B.V.&lt;\/em&gt;&lt;\/span&gt;[\/vc_column_text][\/vc_column][\/vc_row]\n<\/section>","protected":false},"excerpt":{"rendered":"<p>[vc_row][vc_column][vc_column_text][\/vc_column_text][\/vc_column][\/vc_row][vc_row][vc_column][vc_tta_tabs shape=&#8221;square&#8221; color=&#8221;white&#8221; active_section=&#8221;1&#8243;][vc_tta_section title=&#8221;Style&#8221; tab_id=&#8221;1472465489914-427a6a37-5001&#8243;][vc_row_inner][vc_column_inner width=&#8221;2\/3&#8243;][vc_column_text] Style C\u1eeda Style l\u00e0 m\u1ed9t thi\u1ebft k\u1ebf m\u1edbi c\u1ee7a T\u1eadp \u0111o\u00e0n LOT theo xu h\u01b0\u1edbng hi\u1ec7n \u0111\u1ea1i. C\u1eeda quay n\u00e0y \u0111\u01b0\u1ee3c trang b\u1ecb c\u00e1c khe tr\u01b0\u1ee3t kh\u00e9p k\u00edn theo chi\u1ec1u ngang. G\u1ea1t xoay \u0111\u01b0\u1ee3c lam b\u1eb1ng th\u1ee7y tinh ch\u1ecbu nhi\u1ec7t, \u0111\u1eb7c \u0111i\u1ec3m l\u00e0 kh\u00f4ng m\u1eafc l\u1ed7i ph\u1ea7n c\u1ee9ng&hellip;<\/p>\n","protected":false},"author":6,"featured_media":0,"parent":969,"menu_order":0,"comment_status":"closed","ping_status":"closed","template":"","meta":{"footnotes":""},"translation":{"provider":"WPGlobus","version":"2.12.2","language":"vi","enabled_languages":["en","ru","bg","vi"],"languages":{"en":{"title":true,"content":true,"excerpt":false},"ru":{"title":true,"content":true,"excerpt":false},"bg":{"title":false,"content":false,"excerpt":false},"vi":{"title":true,"content":true,"excerpt":false}}},"_links":{"self":[{"href":"https:\/\/lotgroup.eu\/vi\/wp-json\/wp\/v2\/pages\/1025"}],"collection":[{"href":"https:\/\/lotgroup.eu\/vi\/wp-json\/wp\/v2\/pages"}],"about":[{"href":"https:\/\/lotgroup.eu\/vi\/wp-json\/wp\/v2\/types\/page"}],"author":[{"embeddable":true,"href":"https:\/\/lotgroup.eu\/vi\/wp-json\/wp\/v2\/users\/6"}],"replies":[{"embeddable":true,"href":"https:\/\/lotgroup.eu\/vi\/wp-json\/wp\/v2\/comments?post=1025"}],"version-history":[{"count":42,"href":"https:\/\/lotgroup.eu\/vi\/wp-json\/wp\/v2\/pages\/1025\/revisions"}],"predecessor-version":[{"id":5407,"href":"https:\/\/lotgroup.eu\/vi\/wp-json\/wp\/v2\/pages\/1025\/revisions\/5407"}],"up":[{"embeddable":true,"href":"https:\/\/lotgroup.eu\/vi\/wp-json\/wp\/v2\/pages\/969"}],"wp:attachment":[{"href":"https:\/\/lotgroup.eu\/vi\/wp-json\/wp\/v2\/media?parent=1025"}],"curies":[{"name":"wp","href":"https:\/\/api.w.org\/{rel}","templated":true}]}}