{"id":1071,"date":"2016-08-29T17:54:00","date_gmt":"2016-08-29T14:54:00","guid":{"rendered":"http:\/\/i68176kq.bget.ru\/?page_id=1071"},"modified":"2018-09-24T12:44:58","modified_gmt":"2018-09-24T09:44:58","slug":"parking-equipment","status":"publish","type":"page","link":"https:\/\/lotgroup.eu\/vi\/product\/production\/parking-equipment\/","title":{"rendered":"Thi\u1ebft b\u1ecb t\u1ea1i b\u00e3i \u0111\u1eadu xe"},"content":{"rendered":"<section class=\"wpb-content-wrapper\">[vc_row][vc_column][vc_column_text][\/vc_column_text][\/vc_column][\/vc_row][vc_row][vc_column][vc_tta_tabs shape=&#8221;square&#8221; color=&#8221;white&#8221; active_section=&#8221;1&#8243;][vc_tta_section title=&#8221;B\u1ed9 ki\u1ec3m so\u00e1t t\u1ea1i l\u1ed1i v\u00e0o b\u00e3i \u0111\u1eadu xe&#8221; tab_id=&#8221;1472465489914-427a6a37-5001&#8243;][vc_row_inner][vc_column_inner width=&#8221;2\/3&#8243;][vc_column_text]\n<h3>B\u1ed9 ki\u1ec3m so\u00e1t t\u1ea1i l\u1ed1i v\u00e0o b\u00e3i \u0111\u1eadu xe<\/h3>\n<p>B\u1ed9 ki\u1ec3m so\u00e1t t\u1ea1i l\u1ed1i v\u00e0o b\u00e3i \u0111\u1eadu xe \u0111\u01b0\u1ee3c s\u1eed d\u1ee5ng v\u1edbi m\u1ee5c \u0111\u00edch ki\u1ec3m so\u00e1t nh\u1eefng chi\u1ebfc xe l\u00e1i \u0111\u1ebfn b\u00e3i \u0111\u1eadu xe \u0111\u00e3 chi tr\u1ea3 ph\u00ed d\u1ecbch v\u1ee5. B\u1ed9 ki\u1ec3m so\u00e1t \u0111\u01b0a ra m\u1ed9t th\u1ebb kh\u00f4ng ti\u1ebfp x\u00fac \u0111\u1ec3 thanh to\u00e1n ti\u1ec1n v\u00e9 ph\u1ee5 ph\u00ed v\u00e0 ngo\u00e0i ra c\u0169ng x\u1eed l\u00fd c\u00e1c th\u1ebb VIP. Ph\u1ea7n c\u1ee9ng thi\u1ebft b\u1ecb n\u00e0y \u0111\u01b0\u1ee3c c\u00e0i \u0111\u1eb7t \u1edf khu v\u1ef1c l\u1ed1i v\u00e0o b\u00e3i \u0111\u1eadu xe \u1edf ph\u00eda tr\u01b0\u1edbc r\u00e0o c\u1ea3n.<\/p>\n<h4>\u0110\u1eb7c \u0111i\u1ec3m:<\/h4>\n<ul>\n<li>\u0110\u0103ng k\u00fd xe \u0111\u1ebfn b\u00e3i \u0111\u1eadu xe.<\/li>\n<li>Cung c\u1ea5p th\u1ebb kh\u00f4ng ti\u1ebfp x\u00fac \u0111\u1ec3 thanh to\u00e1n b\u1ed5 sung.<\/li>\n<li>Hi\u1ec3n th\u1ecb d\u1eef li\u1ec7u th\u1ebb VIP.<\/li>\n<li>Truy\u1ec1n d\u1eef li\u1ec7u giao d\u1ecbch t\u1edbi n\u00fat trung t\u00e2m.<\/li>\n<\/ul>\n[\/vc_column_text][\/vc_column_inner][vc_column_inner width=&#8221;1\/3&#8243;][vc_single_image image=&#8221;2533&#8243;][\/vc_column_inner][\/vc_row_inner][vc_row_inner][vc_column_inner width=&#8221;1\/3&#8243;][vc_column_text]\n<h4>B\u1ed9 thi\u1ebft b\u1ecb:<\/h4>\n<ul>\n<li>M\u00e0n h\u00ecnh LCD (2 d\u00f2ng x 16 k\u00fd t\u1ef1).<\/li>\n<li>M\u00e1y r\u00fat th\u1ebb kh\u00f4ng ti\u1ebfp x\u00fac \u0111\u01b0\u1ee3c trang b\u1ecb \u0111\u1ea7u \u0111\u1ecdc th\u1ebb th\u00f4ng minh t\u00edch h\u1ee3p (th\u1ebb MIFARE\u00ae* 13,56 MHz, ti\u00eau chu\u1ea9n ISO 14443).<\/li>\n<li>N\u00fat ch\u1ed1ng gi\u1ea3 m\u1ea1o \u01b0u vi\u1ec7t \u0111\u1ed1i v\u1edbi vi\u1ec7c b\u00e0n giao th\u1ebb kh\u00f4ng ti\u1ebfp x\u00fac.<\/li>\n<li>B\u1ed9 \u0111i\u1ec1u khi\u1ec3n ch\u00ednh c\u1ee7a tr\u1ee5 ki\u1ec3m tra t\u1ea1i l\u1ed1i v\u00e0o.<\/li>\n<li>B\u1ed9 \u0111i\u1ec1u khi\u1ec3n c\u1eeda b\u1ea3n l\u1ec1.<\/li>\n<li>Chuy\u1ec3n m\u1ea1ch Ethernet<\/li>\n<\/ul>\n[\/vc_column_text][\/vc_column_inner][vc_column_inner width=&#8221;1\/3&#8243;][vc_column_text]\n<h4>T\u00f9y ch\u1ecdn:<\/h4>\n<ul>\n<li>Camera IP<\/li>\n<li>Qu\u1ea3n l\u00fd \u0111\u00e8n giao th\u00f4ng<\/li>\n<li>Tho\u1ea1i IP<\/li>\n<li>M\u00e0n h\u00ecnh TFT<\/li>\n<\/ul>\n[\/vc_column_text][\/vc_column_inner][vc_column_inner width=&#8221;1\/3&#8243;][vc_column_text]\n<h4>Th\u00f4ng s\u1ed1 k\u1ef9 thu\u1eadt:<\/h4>\n<table width=\"100%\">\n<tbody>\n<tr>\n<td>K\u00edch th\u01b0\u1edbc t\u1ed5ng th\u1ec3<\/td>\n<td>1315 mm \u0445 330\u00a0mm \u0445 376 mm<\/td>\n<\/tr>\n<tr>\n<td>Kh\u1ed1i l\u01b0\u1ee3ng<\/td>\n<td>Kh\u00f4ng qu\u00e1 70 kg<\/td>\n<\/tr>\n<tr>\n<td>\u0110i\u00ea\u0323n \u00e1p ngu\u1ed3n<\/td>\n<td>220 V \u00b1 10%<\/td>\n<\/tr>\n<tr>\n<td>Nhi\u1ec7t \u0111\u1ed9 l\u00e0m vi\u1ec7c<\/td>\n<td>-25\u2026+40\u00b0C<\/td>\n<\/tr>\n<tr>\n<td>X\u1ebfp h\u1ea1ng v\u1ec1 b\u1ee5i v\u00e0 n\u01b0\u1edbc<\/td>\n<td>IP 54<\/td>\n<\/tr>\n<tr>\n<td>Dung l\u01b0\u1ee3ng x\u1ebfp ch\u1ed3ng th\u1ebb<\/td>\n<td>500<\/td>\n<\/tr>\n<tr>\n<td>Giao di\u1ec7n c\u1eafm ngo\u00e0i<\/td>\n<td>Ethernet<\/td>\n<\/tr>\n<tr>\n<td>\u0110\u1ea7u \u0111\u1ecdc th\u1ebb<\/td>\n<td>T\u01b0\u01a1ng th\u00edch th\u1ebb MIFARE\u00ae*<\/td>\n<\/tr>\n<\/tbody>\n<\/table>\n<h4><\/h4>\n[\/vc_column_text][\/vc_column_inner][\/vc_row_inner][\/vc_tta_section][vc_tta_section title=&#8221;B\u1ed9 ki\u1ec3m so\u00e1t t\u1ea1i l\u1ed1i ra b\u00e3i \u0111\u1eadu xe&#8221; tab_id=&#8221;1472472689614-41053bf6-5584&#8243;][vc_row_inner][vc_column_inner width=&#8221;2\/3&#8243;][vc_column_text]\n<h3>B\u1ed9 ki\u1ec3m so\u00e1t t\u1ea1i l\u1ed1i ra b\u00e3i \u0111\u1eadu xe<\/h3>\n<p>B\u1ed9 ki\u1ec3m so\u00e1t t\u1ea1i l\u1ed1i ra b\u00e3i \u0111\u1eadu xe \u0111\u01b0\u1ee3c s\u1eed d\u1ee5ng v\u1edbi m\u1ee5c \u0111\u00edch ki\u1ec3m so\u00e1t nh\u1eefng chi\u1ebfc xe l\u00e1i \u0111\u1ebfn b\u00e3i \u0111\u1eadu xe \u0111\u00e3 chi tr\u1ea3 ph\u00ed d\u1ecbch v\u1ee5. B\u1ed9 ki\u1ec3m so\u00e1t ti\u1ebfp nh\u1eadn th\u1ebb kh\u00f4ng ti\u1ebfp x\u00fac \u0111\u1ec3 ki\u1ec3m tra vi\u1ec7c thanh to\u00e1n ti\u1ec1n v\u00e9 v\u00e0 ngo\u00e0i ra c\u0169ng x\u1eed l\u00fd c\u00e1c th\u1ebb VIP. Ph\u1ea7n c\u1ee9ng thi\u1ebft b\u1ecb n\u00e0y \u0111\u01b0\u1ee3c c\u00e0i \u0111\u1eb7t \u1edf khu v\u1ef1c l\u1ed1i ra b\u00e3i \u0111\u1eadu xe \u1edf ph\u00eda tr\u01b0\u1edbc r\u00e0o c\u1ea3n[\/vc_column_text][vc_column_text]\n<h4>\u0110\u1eb7c \u0111i\u1ec3m:<\/h4>\n<ul>\n<li>\u0110\u0103ng k\u00fd xe ra kh\u1ecfi b\u00e3i \u0111\u1eadu xe<\/li>\n<li>Ch\u1ea5p nh\u1eadn th\u1ebb kh\u00f4ng ti\u1ebfp x\u00fac.<\/li>\n<li>Hi\u1ec3n th\u1ecb d\u1eef li\u1ec7u th\u1ebb VIP.<\/li>\n<li>Truy\u1ec1n d\u1eef li\u1ec7u giao d\u1ecbch t\u1edbi n\u00fat trung t\u00e2m.<\/li>\n<\/ul>\n[\/vc_column_text][\/vc_column_inner][vc_column_inner width=&#8221;1\/3&#8243;][vc_single_image image=&#8221;3012&#8243;][\/vc_column_inner][\/vc_row_inner][vc_row_inner][vc_column_inner width=&#8221;1\/3&#8243;][vc_column_text]\n<h4>B\u1ed9 thi\u1ebft b\u1ecb:<\/h4>\n<ul>\n<li>M\u00e0n h\u00ecnh LCD (2 d\u00f2ng x 16 k\u00fd t\u1ef1).<\/li>\n<li>M\u00e1y r\u00fat th\u1ebb kh\u00f4ng ti\u1ebfp x\u00fac \u0111\u01b0\u1ee3c trang b\u1ecb \u0111\u1ea7u \u0111\u1ecdc th\u1ebb th\u00f4ng minh t\u00edch h\u1ee3p (th\u1ebb MIFARE\u00ae* 13,56 MHz, ti\u00eau chu\u1ea9n ISO 14443).<\/li>\n<li>B\u1ed9 \u0111i\u1ec1u khi\u1ec3n ch\u00ednh c\u1ee7a tr\u1ee5 ki\u1ec3m tra t\u1ea1i l\u1ed1i ra.<\/li>\n<li>B\u1ed9 \u0111i\u1ec1u khi\u1ec3n c\u1eeda b\u1ea3n l\u1ec1.<\/li>\n<li>Chuy\u1ec3n m\u1ea1ch Ethernet<\/li>\n<\/ul>\n[\/vc_column_text][\/vc_column_inner][vc_column_inner width=&#8221;1\/3&#8243;][vc_column_text]\n<h4>T\u00f9y ch\u1ecdn:<\/h4>\n<ul>\n<li>Camera IP<\/li>\n<li>Qu\u1ea3n l\u00fd \u0111\u00e8n giao th\u00f4ng<\/li>\n<li>Tho\u1ea1i IP<\/li>\n<li>M\u00e0n h\u00ecnh TFT<\/li>\n<\/ul>\n[\/vc_column_text][\/vc_column_inner][vc_column_inner width=&#8221;1\/3&#8243;][vc_column_text]\n<h4>Th\u00f4ng s\u1ed1 k\u1ef9 thu\u1eadt:<\/h4>\n<table width=\"100%\">\n<tbody>\n<tr>\n<td>K\u00edch th\u01b0\u1edbc t\u1ed5ng th\u1ec3<\/td>\n<td>1315 mm \u0445 330\u00a0mm \u0445 376 mm<\/td>\n<\/tr>\n<tr>\n<td>Kh\u1ed1i l\u01b0\u1ee3ng<\/td>\n<td>Kh\u00f4ng tr\u00ean 65 kg<\/td>\n<\/tr>\n<tr>\n<td>\u0110i\u00ea\u0323n \u00e1p ngu\u1ed3n<\/td>\n<td>220 V \u00b1 10%<\/td>\n<\/tr>\n<tr>\n<td>Nhi\u1ec7t \u0111\u1ed9 l\u00e0m vi\u1ec7c<\/td>\n<td>-25\u2026+40\u00b0C<\/td>\n<\/tr>\n<tr>\n<td>X\u1ebfp h\u1ea1ng v\u1ec1 b\u1ee5i v\u00e0 n\u01b0\u1edbc<\/td>\n<td>IP 54<\/td>\n<\/tr>\n<tr>\n<td>Dung l\u01b0\u1ee3ng x\u1ebfp ch\u1ed3ng th\u1ebb<\/td>\n<td>500<\/td>\n<\/tr>\n<tr>\n<td>Giao di\u1ec7n c\u1eafm ngo\u00e0i<\/td>\n<td>Ethernet<\/td>\n<\/tr>\n<tr>\n<td>\u0110\u1ea7u \u0111\u1ecdc th\u1ebb<\/td>\n<td>T\u01b0\u01a1ng th\u00edch th\u1ebb MIFARE\u00ae*<\/td>\n<\/tr>\n<\/tbody>\n<\/table>\n<h4><\/h4>\n[\/vc_column_text][\/vc_column_inner][\/vc_row_inner][\/vc_tta_section][vc_tta_section title=&#8221;Thi\u1ebft b\u1ecb chi tr\u1ea3 \u0111\u1ea7u cu\u1ed1i&#8221; tab_id=&#8221;1472558269223-ed8f0f53-044a&#8221;][vc_row_inner][vc_column_inner width=&#8221;2\/3&#8243;][vc_column_text]\n<h3><strong>Thi\u1ebft <\/strong><strong>b\u1ecb <\/strong><strong>chi <\/strong><strong>tr\u1ea3 \u0111<\/strong><strong>\u1ea7u <\/strong><strong>cu\u1ed1i <\/strong><\/h3>\n<p>Thi\u1ebft b\u1ecb chi tr\u1ea3 \u0111\u1ea7u cu\u1ed1i \u0111\u01b0\u1ee3c s\u1eed d\u1ee5ng v\u1edbi m\u1ee5c \u0111\u00edch thanh to\u00e1n d\u1ecbch v\u1ee5 \u0111\u1ed7 xe m\u00e0 kh\u00f4ng c\u1ea7n s\u1ef1 tr\u1ee3 gi\u00fap c\u1ee7a ng\u01b0\u1eddi thu ph\u00ed. Thi\u1ebft b\u1ecb \u0111\u1ea7u cu\u1ed1i \u0111\u01b0\u1ee3c l\u1eafp \u0111\u1eb7t tr\u00ean ph\u1ea1m vi b\u00e3i \u0111\u1ed7 xe t\u1ea1i nh\u1eefng n\u01a1i ti\u1ec7n l\u1ee3i cho ng\u01b0\u1eddi l\u00e1i xe.<\/p>\n<p>Thi\u1ebft b\u1ecb chi tr\u1ea3 \u0111\u1ea7u cu\u1ed1i c\u00f3 th\u1ec3 \u0111\u01b0\u1ee3c l\u1eafp \u0111\u1eb7t b\u00ean trong t\u00f2a nh\u00e0 v\u00e0 b\u00ean d\u01b0\u1edbi m\u00e1i che b\u1ea3o v\u1ec7 ngo\u00e0i c\u1eeda. Theo nhu c\u1ea7u thanh to\u00e1n c\u1ee7a kh\u00e1ch h\u00e0ng, thi\u1ebft b\u1ecb chi tr\u1ea3 \u0111\u1ea7u cu\u1ed1i c\u00f3 th\u1ec3 \u0111\u01b0\u1ee3c trang b\u1ecb c\u00e1c b\u1ed9 thi\u1ebft b\u1ecb kh\u00e1c nhau v\u00e0 \u0111\u01b0a ra c\u00e1c t\u00ednh n\u0103ng kh\u00e1c nhau.<\/p>\n<h4>T\u00ednh n\u0103ng:<\/h4>\n<ul>\n<li>Ti\u1ebfp nh\u1eadn h\u00f3a \u0111\u01a1n;<\/li>\n<li>Nh\u1eadn ti\u1ec1n xu;<\/li>\n<li>Nh\u1eadn th\u1ebb ng\u00e2n h\u00e0ng;<\/li>\n<li>D\u1ecbch v\u1ee5 \u0111\u1ed5i ti\u1ec1n gi\u1ea5y (t\u00f9y ch\u1ecdn);<\/li>\n<li>D\u1ecbch v\u1ee5 \u0111\u1ed5i ti\u1ec1n xu (t\u00f9y ch\u1ecdn);<\/li>\n<li>S\u1eed d\u1ee5ng th\u1ebb \u0111\u1ed7 xe kh\u00f4ng ti\u1ebfp x\u00fac;<\/li>\n<li>In bi\u00ean lai nh\u1eadn x\u00e1c nh\u1eadn thanh to\u00e1n;<\/li>\n<li>Cung c\u1ea5p cho kh\u00e1ch h\u00e0ng t\u1ea5t c\u1ea3 c\u00e1c th\u00f4ng tin c\u1ea7n thi\u1ebft tr\u00ean m\u00e0n h\u00ecnh.<\/li>\n<\/ul>\n[\/vc_column_text][\/vc_column_inner][vc_column_inner width=&#8221;1\/3&#8243;][vc_single_image image=&#8221;3014&#8243;][\/vc_column_inner][\/vc_row_inner][\/vc_tta_section][vc_tta_section title=&#8221;M\u00e1y ch\u1ee7 h\u1ec7 th\u1ed1ng&#8221; tab_id=&#8221;1472558547695-f3e2ff70-e77c&#8221;][vc_row_inner][vc_column_inner width=&#8221;2\/3&#8243;][vc_column_text]\n<h3><strong>M\u00e1y ch\u1ee7 h\u1ec7 th\u1ed1ng<\/strong><\/h3>\n<p>M\u00e1y ch\u1ee7 h\u1ec7 th\u1ed1ng \u0111\u01b0\u1ee3c s\u1eed d\u1ee5ng nh\u1eb1m m\u1ee5c \u0111\u00edch t\u1ea1o, l\u01b0u tr\u1eef v\u00e0 qu\u1ea3n tr\u1ecb c\u01a1 s\u1edf d\u1eef li\u1ec7u v\u1edbi t\u1ea5t c\u1ea3 c\u00e1c tham s\u1ed1 v\u00e0 d\u1eef li\u1ec7u th\u1ed1ng k\u00ea v\u1ec1 ho\u1ea1t \u0111\u1ed9ng \u0111\u1ed7 xe.<\/p>\n<p>M\u00e1y ch\u1ee7 c\u01a1 s\u1edf d\u1eef li\u1ec7u l\u00e0 m\u1ed9t m\u00e1y t\u00ednh c\u00f3 c\u00e0i \u0111\u1eb7t ph\u1ea7n m\u1ec1m \u0111\u1eb7c bi\u1ec7t. Ph\u1ea7n m\u1ec1m Firebird \u0111\u01b0\u1ee3c s\u1eed d\u1ee5ng l\u00e0m c\u01a1 s\u1edf d\u1eef li\u1ec7u.[\/vc_column_text][\/vc_column_inner][vc_column_inner width=&#8221;1\/3&#8243;][vc_single_image image=&#8221;3016&#8243;][\/vc_column_inner][\/vc_row_inner][vc_column_text]\n<h4>T\u00ednh n\u0103ng:<\/h4>\n<ul>\n<li>L\u01b0u tr\u1eef c\u1ea5u h\u00ecnh c\u1ee7a ph\u1ea7n c\u1ee9ng \u0111\u1ed7 xe;<\/li>\n<li>L\u01b0u tr\u1eef c\u00e1c chi ti\u1ebft \u0111\u0103ng k\u00fd tr\u00ean m\u1ecdi ph\u01b0\u01a1ng ti\u1ec7n thanh to\u00e1n;<\/li>\n<li>L\u01b0u tr\u1eef gi\u00e1 c\u01b0\u1edbc v\u00e0 c\u00e1c quy\u1ec1n truy c\u1eadp;<\/li>\n<li>Ch\u1ea5p nh\u1eadn c\u00e1c giao d\u1ecbch t\u1eeb c\u00e1c thi\u1ebft b\u1ecb h\u1ec7 th\u1ed1ng v\u00e0 ghi ch\u00e9p v\u00e0o c\u01a1 s\u1edf d\u1eef li\u1ec7u;<\/li>\n<li>H\u00ecnh th\u00e0nh d\u1eef li\u1ec7u c\u01a1 s\u1edf cho h\u1ec7 th\u1ed1ng ph\u1ee5 b\u00e1o c\u00e1o.<\/li>\n<\/ul>\n[\/vc_column_text][\/vc_tta_section][vc_tta_section title=&#8221;N\u01a1i l\u00e0m vi\u1ec7c t\u1ef1 \u0111\u1ed9ng c\u1ee7a ng\u01b0\u1eddi \u0111i\u1ec1u h\u00e0nh (AWP)&#8221; tab_id=&#8221;1472558690011-73afd7ee-bd13&#8243;][vc_row_inner][vc_column_inner width=&#8221;2\/3&#8243;][vc_column_text]\n<h3><strong>N\u01a1i l\u00e0m vi\u1ec7c t\u1ef1 \u0111\u1ed9ng c\u1ee7a ng\u01b0\u1eddi \u0111i\u1ec1u h\u00e0nh (AWP<\/strong>)<\/h3>\n<p>AWP \u0111\u01b0\u1ee3c thi\u1ebft k\u1ebf \u0111\u1ec3 thi\u1ebft l\u1eadp c\u00e1c th\u00f4ng s\u1ed1 c\u1ee7a h\u1ec7 th\u1ed1ng b\u00e3i \u0111\u1ed7 xe, \u0111i\u1ec1u ch\u1ec9nh ch\u00ednh s\u00e1ch c\u01b0\u1edbc ph\u00ed c\u0169ng nh\u01b0 \u0111\u1ec3 qu\u1ea3n l\u00fd c\u01a1 s\u1edf d\u1eef li\u1ec7u.<\/p>\n<p>AWP bao g\u1ed3m c\u00e1c m\u00f4 \u0111un ph\u1ea7n m\u1ec1m v\u1edbi v\u1ecf \u0111\u1ed3 ho\u1ea1[\/vc_column_text][\/vc_column_inner][vc_column_inner width=&#8221;1\/3&#8243;][vc_single_image image=&#8221;3017&#8243;][\/vc_column_inner][\/vc_row_inner][vc_column_text]\n<h4>T\u00ednh n\u0103ng:<\/h4>\n<ul>\n<li>c\u1ea5u h\u00ecnh ph\u1ea7n c\u1ee9ng;<\/li>\n<li>c\u1ea5u h\u00ecnh c\u00e0i \u0111\u1eb7t m\u1ea1ng;<\/li>\n<li>\u0111\u0103ng k\u00fd c\u1ea5u h\u00ecnh v\u00e0 ki\u1ec3m so\u00e1t truy c\u1eadp ra v\u00e0o t\u1edbi c\u00e1c m\u00f4\u0111un h\u1ec7 th\u1ed1ng kh\u00e1c nhau;<\/li>\n<li>c\u1ea5u h\u00ecnh vi\u1ec7c b\u00e1o c\u00e1o;<\/li>\n<li>s\u1eed d\u1ee5ng th\u1ebb c\u00e1 nh\u00e2n ho\u1eb7c d\u1ecbch v\u1ee5;<\/li>\n<li>\u0111i\u1ec1u ch\u1ec9nh c\u01b0\u1edbc ph\u00ed;<\/li>\n<li>\u0111i\u1ec1u ch\u1ec9nh gi\u1ea3m gi\u00e1.<\/li>\n<\/ul>\n[\/vc_column_text][\/vc_tta_section][\/vc_tta_tabs][vc_column_text]<span style=\"font-size: small;\"><em>* MIFARE\u00ae v\u00e0 MIFARE CLASSIC\u00ae l\u00e0 c\u00e1c nh\u00e3n hi\u1ec7u \u0111\u00e3 \u0111\u0103ng k\u00fd thu\u1ed9c s\u1edf h\u1eefu c\u1ee7a NXP B.V.<\/em><\/span>[\/vc_column_text][\/vc_column][\/vc_row][vc_row][vc_column][vc_column_text][\/vc_column_text][\/vc_column][\/vc_row]\n<\/section>","protected":false},"excerpt":{"rendered":"<p>[vc_row][vc_column][vc_column_text][\/vc_column_text][\/vc_column][\/vc_row][vc_row][vc_column][vc_tta_tabs shape=&#8221;square&#8221; color=&#8221;white&#8221; active_section=&#8221;1&#8243;][vc_tta_section title=&#8221;B\u1ed9 ki\u1ec3m so\u00e1t t\u1ea1i l\u1ed1i v\u00e0o b\u00e3i \u0111\u1eadu xe&#8221; tab_id=&#8221;1472465489914-427a6a37-5001&#8243;][vc_row_inner][vc_column_inner width=&#8221;2\/3&#8243;][vc_column_text] B\u1ed9 ki\u1ec3m so\u00e1t t\u1ea1i l\u1ed1i v\u00e0o b\u00e3i \u0111\u1eadu xe B\u1ed9 ki\u1ec3m so\u00e1t t\u1ea1i l\u1ed1i v\u00e0o b\u00e3i \u0111\u1eadu xe \u0111\u01b0\u1ee3c s\u1eed d\u1ee5ng v\u1edbi m\u1ee5c \u0111\u00edch ki\u1ec3m so\u00e1t nh\u1eefng chi\u1ebfc xe l\u00e1i \u0111\u1ebfn b\u00e3i \u0111\u1eadu xe \u0111\u00e3 chi tr\u1ea3 ph\u00ed d\u1ecbch v\u1ee5.&hellip;<\/p>\n","protected":false},"author":6,"featured_media":0,"parent":454,"menu_order":0,"comment_status":"closed","ping_status":"closed","template":"","meta":{"footnotes":""},"translation":{"provider":"WPGlobus","version":"2.12.2","language":"vi","enabled_languages":["en","ru","bg","vi"],"languages":{"en":{"title":true,"content":true,"excerpt":false},"ru":{"title":true,"content":true,"excerpt":false},"bg":{"title":false,"content":false,"excerpt":false},"vi":{"title":true,"content":true,"excerpt":false}}},"_links":{"self":[{"href":"https:\/\/lotgroup.eu\/vi\/wp-json\/wp\/v2\/pages\/1071"}],"collection":[{"href":"https:\/\/lotgroup.eu\/vi\/wp-json\/wp\/v2\/pages"}],"about":[{"href":"https:\/\/lotgroup.eu\/vi\/wp-json\/wp\/v2\/types\/page"}],"author":[{"embeddable":true,"href":"https:\/\/lotgroup.eu\/vi\/wp-json\/wp\/v2\/users\/6"}],"replies":[{"embeddable":true,"href":"https:\/\/lotgroup.eu\/vi\/wp-json\/wp\/v2\/comments?post=1071"}],"version-history":[{"count":44,"href":"https:\/\/lotgroup.eu\/vi\/wp-json\/wp\/v2\/pages\/1071\/revisions"}],"predecessor-version":[{"id":6024,"href":"https:\/\/lotgroup.eu\/vi\/wp-json\/wp\/v2\/pages\/1071\/revisions\/6024"}],"up":[{"embeddable":true,"href":"https:\/\/lotgroup.eu\/vi\/wp-json\/wp\/v2\/pages\/454"}],"wp:attachment":[{"href":"https:\/\/lotgroup.eu\/vi\/wp-json\/wp\/v2\/media?parent=1071"}],"curies":[{"name":"wp","href":"https:\/\/api.w.org\/{rel}","templated":true}]}}