{"id":1080,"date":"2016-08-29T17:58:06","date_gmt":"2016-08-29T14:58:06","guid":{"rendered":"http:\/\/i68176kq.bget.ru\/?page_id=1080"},"modified":"2018-08-16T11:35:27","modified_gmt":"2018-08-16T08:35:27","slug":"automated-working-stations","status":"publish","type":"page","link":"https:\/\/lotgroup.eu\/vi\/product\/production\/automated-working-stations\/","title":{"rendered":"Tr\u1ea1m l\u00e0m vi\u1ec7c t\u1ef1 \u0111\u1ed9ng"},"content":{"rendered":"<section class=\"wpb-content-wrapper\">[vc_row][vc_column][vc_tta_tabs][vc_tta_section title=&#8221;Tr\u1ea1m l\u00e0m vi\u1ec7c t\u1ef1 \u0111\u1ed9ng&#8221; tab_id=&#8221;1472465489914-427a6a37-5001&#8243;][vc_row_inner][vc_column_inner width=&#8221;2\/3&#8243;][vc_column_text]\n<h3>Tr\u1ea1m l\u00e0m vi\u1ec7c t\u1ef1 \u0111\u1ed9ng (AWS)<\/h3>\n<p>Tr\u1ea1m l\u00e0m vi\u1ec7c t\u1ef1 \u0111\u1ed9ng c\u1ee7a nh\u00e0 \u0111i\u1ec1u h\u00e0nh v\u1eadn t\u1ea3i l\u00e0 m\u1ed9t c\u00f4ng tr\u00ecnh \u0111\u01b0\u1ee3c thi\u1ebft k\u1ebf c\u1ea9n th\u1eadn: ch\u00e2n \u0111\u1ebf b\u1eb1ng kim lo\u1ea1i ch\u1eafc ch\u1eafn v\u1edbi gi\u00e1 \u0111\u1ee1 c\u1ed1 \u0111\u1ecbnh m\u00e1y vi t\u00ednh, m\u1eb7t b\u00e0n l\u00e0m vi\u1ec7c ti\u1ec7n d\u1ee5ng, th\u00e2n thi\u1ec7n m\u00f4i tr\u01b0\u1eddng v\u00e0 m\u00e0n h\u00ecnh r\u1ed9ng. Gi\u1ea3i ph\u00e1p t\u00edch h\u1ee3p c\u1ee7a ch\u00fang t\u00f4i \u0111\u1ea3m b\u1ea3o nh\u00e0 \u0111i\u1ec1u h\u00e0nh v\u1eadn t\u1ea3i s\u1ebd ho\u1ea1t \u0111\u1ed9ng hi\u1ec7u qu\u1ea3. M\u1ed9t s\u1ed1 t\u00f9y ch\u1ecdn c\u1ee7a AWS: chi\u1ec1u cao c\u1ee7a tr\u1ea1m c\u00f3 th\u1ec3 t\u00f9y ch\u1ec9nh, c\u1ea5u h\u00ecnh m\u00e1y t\u00ednh c\u00f3 th\u1ec3 thay \u0111\u1ed5i.[\/vc_column_text][\/vc_column_inner][vc_column_inner width=&#8221;1\/3&#8243;]<div class=\"wpex-slider-preloaderimg \"><img width=\"600\" height=\"600\" src=\"https:\/\/lotgroup.eu\/wp-content\/uploads\/2016\/08\/aws.jpg\" class=\"skip-lazy\" alt=\"\" data-no-lazy=\"1\" fetchpriority=\"high\" srcset=\"https:\/\/lotgroup.eu\/wp-content\/uploads\/2016\/08\/aws.jpg 600w, https:\/\/lotgroup.eu\/wp-content\/uploads\/2016\/08\/aws-300x300.jpg 300w\" sizes=\"(max-width: 600px) 100vw, 600px\" \/><\/div><div class=\"vcex-module wpex-slider slider-pro no-margin-thumbnails vcex-image-gallery-slider wpex-clr\" data-thumbnails=\"true\" data-thumbnail-height=\"auto\" data-auto-play-delay=\"5000\" data-animation-speed=\"600\" data-height-animation-duration=\"500\"><div class=\"wpex-slider-slides sp-slides\"><div class=\"wpex-slider-slide sp-slide\"><div class=\"wpex-slider-media\"><img width=\"600\" height=\"600\" src=\"https:\/\/lotgroup.eu\/wp-content\/uploads\/2016\/08\/aws.jpg\" class=\"skip-lazy\" alt=\"\" data-no-lazy=\"1\" srcset=\"https:\/\/lotgroup.eu\/wp-content\/uploads\/2016\/08\/aws.jpg 600w, https:\/\/lotgroup.eu\/wp-content\/uploads\/2016\/08\/aws-300x300.jpg 300w\" sizes=\"(max-width: 600px) 100vw, 600px\" \/><\/div><\/div><div class=\"wpex-slider-slide sp-slide\"><div class=\"wpex-slider-media\"><img width=\"600\" height=\"600\" src=\"https:\/\/lotgroup.eu\/wp-content\/uploads\/2016\/08\/aws_scheme01.png\" class=\"skip-lazy\" alt=\"\" data-no-lazy=\"1\" srcset=\"https:\/\/lotgroup.eu\/wp-content\/uploads\/2016\/08\/aws_scheme01.png 600w, https:\/\/lotgroup.eu\/wp-content\/uploads\/2016\/08\/aws_scheme01-300x300.png 300w\" sizes=\"(max-width: 600px) 100vw, 600px\" \/><\/div><\/div><div class=\"wpex-slider-slide sp-slide\"><div class=\"wpex-slider-media\"><img width=\"600\" height=\"600\" src=\"https:\/\/lotgroup.eu\/wp-content\/uploads\/2016\/08\/aws_scheme02.png\" class=\"skip-lazy\" alt=\"\" data-no-lazy=\"1\" srcset=\"https:\/\/lotgroup.eu\/wp-content\/uploads\/2016\/08\/aws_scheme02.png 600w, https:\/\/lotgroup.eu\/wp-content\/uploads\/2016\/08\/aws_scheme02-300x300.png 300w\" sizes=\"(max-width: 600px) 100vw, 600px\" \/><\/div><\/div><div class=\"wpex-slider-slide sp-slide\"><div class=\"wpex-slider-media\"><img width=\"600\" height=\"600\" src=\"https:\/\/lotgroup.eu\/wp-content\/uploads\/2016\/08\/aws_scheme03.png\" class=\"skip-lazy\" alt=\"\" data-no-lazy=\"1\" srcset=\"https:\/\/lotgroup.eu\/wp-content\/uploads\/2016\/08\/aws_scheme03.png 600w, https:\/\/lotgroup.eu\/wp-content\/uploads\/2016\/08\/aws_scheme03-300x300.png 300w\" sizes=\"(max-width: 600px) 100vw, 600px\" \/><\/div><\/div><\/div><div class=\"wpex-slider-thumbnails sp-nc-thumbnails cols-6\"><img width=\"600\" height=\"600\" src=\"https:\/\/lotgroup.eu\/wp-content\/uploads\/2016\/08\/aws.jpg\" class=\"wpex-slider-thumbnail sp-nc-thumbnail skip-lazy\" alt=\"\" data-no-lazy=\"1\" srcset=\"https:\/\/lotgroup.eu\/wp-content\/uploads\/2016\/08\/aws.jpg 600w, https:\/\/lotgroup.eu\/wp-content\/uploads\/2016\/08\/aws-300x300.jpg 300w\" sizes=\"(max-width: 600px) 100vw, 600px\" \/><img width=\"600\" height=\"600\" src=\"https:\/\/lotgroup.eu\/wp-content\/uploads\/2016\/08\/aws_scheme01.png\" class=\"wpex-slider-thumbnail sp-nc-thumbnail skip-lazy\" alt=\"\" data-no-lazy=\"1\" srcset=\"https:\/\/lotgroup.eu\/wp-content\/uploads\/2016\/08\/aws_scheme01.png 600w, https:\/\/lotgroup.eu\/wp-content\/uploads\/2016\/08\/aws_scheme01-300x300.png 300w\" sizes=\"(max-width: 600px) 100vw, 600px\" \/><img width=\"600\" height=\"600\" src=\"https:\/\/lotgroup.eu\/wp-content\/uploads\/2016\/08\/aws_scheme02.png\" class=\"wpex-slider-thumbnail sp-nc-thumbnail skip-lazy\" alt=\"\" data-no-lazy=\"1\" srcset=\"https:\/\/lotgroup.eu\/wp-content\/uploads\/2016\/08\/aws_scheme02.png 600w, https:\/\/lotgroup.eu\/wp-content\/uploads\/2016\/08\/aws_scheme02-300x300.png 300w\" sizes=\"(max-width: 600px) 100vw, 600px\" \/><img width=\"600\" height=\"600\" src=\"https:\/\/lotgroup.eu\/wp-content\/uploads\/2016\/08\/aws_scheme03.png\" class=\"wpex-slider-thumbnail sp-nc-thumbnail skip-lazy\" alt=\"\" data-no-lazy=\"1\" srcset=\"https:\/\/lotgroup.eu\/wp-content\/uploads\/2016\/08\/aws_scheme03.png 600w, https:\/\/lotgroup.eu\/wp-content\/uploads\/2016\/08\/aws_scheme03-300x300.png 300w\" sizes=\"(max-width: 600px) 100vw, 600px\" \/><\/div><\/div>[\/vc_column_inner][\/vc_row_inner][vc_column_text]\n<h4>\u0110\u1eb7c t\u00ednh:<\/h4>\n<ul>\n<li>C\u00f3 th\u1ec3 c\u00e0i \u0111\u1eb7t b\u1ea5t k\u1ef3 ph\u1ea7n m\u1ec1m theo y\u00eau c\u1ea7u c\u1ee7a kh\u00e1ch h\u00e0ng tr\u00ean m\u00e1y t\u00ednh c\u1ee7a AWS.<\/li>\n<li>AWS c\u00f3 th\u1ec3 \u0111\u01b0\u1ee3c trang b\u1ecb nhi\u1ec1u m\u00e0n h\u00ecnh kh\u00e1c nhau (t\u1eeb 1 cho \u0111\u1ebfn 3).<\/li>\n<li>Chi\u1ec1u cao c\u1ee7a tr\u1ea1m l\u00e0m vi\u1ec7c c\u00f3 th\u1ec3 t\u00f9y ch\u1ec9nh.<\/li>\n<li>M\u1eb7t b\u00e0n \u0111\u01b0\u1ee3c g\u1eafn tr\u00ean 4 ch\u00e2n, hai trong s\u1ed1 4 ch\u00e2n c\u00f3 th\u1ec3 t\u00f9y ch\u1ec9nh.<\/li>\n<li>Ch\u00e2n tr\u1ea1m AWS \u0111\u01b0\u1ee3c l\u00e0m b\u1eb1ng kim lo\u1ea1i v\u00e0 m\u1eb7t b\u00e0n &#8211; d\u1ea1ng b\u1ea3ng g\u1ed7 \u00e9p \u0111a l\u1edbp. Thi\u1ebft k\u1ebf m\u1eb7t b\u00e0n c\u00f3 th\u1ec3 \u0111\u01b0\u1ee3c s\u1eeda \u0111\u1ed5i \u0111\u1ec3 \u0111\u00e1p \u1ee9ng nhu c\u1ea7u c\u1ee7a kh\u00e1ch h\u00e0ng<\/li>\n<\/ul>\n[\/vc_column_text][vc_row_inner][vc_column_inner width=&#8221;1\/3&#8243;][vc_column_text]\n<h4>B\u1ed9 thi\u1ebft b\u1ecb:<\/h4>\n<ul>\n<li>B\u00e0n l\u00e0m vi\u1ec7c c\u1ee7a nh\u00e0 \u0111i\u1ec1u h\u00e0nh v\u1eadn t\u1ea3i.<\/li>\n<li>M\u1ed9t m\u00e1y t\u00ednh c\u00f4ng nghi\u1ec7p v\u1edbi c\u1ea5u h\u00ecnh t\u01b0\u01a1ng \u1ee9ng (Kh\u00f4ng bao g\u1ed3m h\u1ec7 th\u1ed1ng th\u00f4ng gi\u00f3).<\/li>\n<li>B\u00e0n ph\u00edm v\u00e0 chu\u1ed9t.<\/li>\n<li>B\u1ed9 l\u1ecdc ngu\u1ed3n c\u1ea5p \u0111i\u1ec7n v\u1edbi 3 khe.<\/li>\n<li>B\u1ec7 \u0111\u1ee1 g\u1eafn m\u00e0n h\u00ecnh (l\u00ean \u0111\u1ebfn 3 chi\u1ebfc).<\/li>\n<\/ul>\n[\/vc_column_text][\/vc_column_inner][vc_column_inner width=&#8221;1\/3&#8243;][vc_column_text]\n<h4>K\u00edch th\u01b0\u1edbc t\u1ed5ng th\u1ec3:<\/h4>\n<table width=\"100%\">\n<tbody>\n<tr>\n<td>Chi\u1ec1u r\u1ed9ng<\/td>\n<td>1600 mm<\/td>\n<\/tr>\n<tr>\n<td>\u0110\u1ed9 s\u00e2u<\/td>\n<td>800 mm<\/td>\n<\/tr>\n<tr>\n<td>Chi\u1ec1u cao<\/td>\n<td>1138 mm + 440 mm (t\u00f9y ch\u1ec9nh)<\/td>\n<\/tr>\n<tr>\n<td>Kh\u1ed1i l\u01b0\u1ee3ng<\/td>\n<td>85 kg<\/td>\n<\/tr>\n<\/tbody>\n<\/table>\n[\/vc_column_text][\/vc_column_inner][vc_column_inner width=&#8221;1\/3&#8243;][vc_column_text]\n<h4>Th\u00f4ng s\u1ed1 k\u1ef9 thu\u1eadt:<\/h4>\n<table width=\"100%\">\n<tbody>\n<tr>\n<td>\u0110i\u1ec7n \u00e1p c\u1ea5p<\/td>\n<td>220 V, 50 Hz<\/td>\n<\/tr>\n<tr>\n<td>C\u00f4ng su\u1ea5t ti\u00eau th\u1ee5<\/td>\n<td>500 W<\/td>\n<\/tr>\n<\/tbody>\n<\/table>\n[\/vc_column_text][\/vc_column_inner][\/vc_row_inner][\/vc_tta_section][\/vc_tta_tabs][\/vc_column][\/vc_row]\n<\/section>","protected":false},"excerpt":{"rendered":"<p>[vc_row][vc_column][vc_tta_tabs][vc_tta_section title=&#8221;Tr\u1ea1m l\u00e0m vi\u1ec7c t\u1ef1 \u0111\u1ed9ng&#8221; tab_id=&#8221;1472465489914-427a6a37-5001&#8243;][vc_row_inner][vc_column_inner width=&#8221;2\/3&#8243;][vc_column_text] Tr\u1ea1m l\u00e0m vi\u1ec7c t\u1ef1 \u0111\u1ed9ng (AWS) Tr\u1ea1m l\u00e0m vi\u1ec7c t\u1ef1 \u0111\u1ed9ng c\u1ee7a nh\u00e0 \u0111i\u1ec1u h\u00e0nh v\u1eadn t\u1ea3i l\u00e0 m\u1ed9t c\u00f4ng tr\u00ecnh \u0111\u01b0\u1ee3c thi\u1ebft k\u1ebf c\u1ea9n th\u1eadn: ch\u00e2n \u0111\u1ebf b\u1eb1ng kim lo\u1ea1i ch\u1eafc ch\u1eafn v\u1edbi gi\u00e1 \u0111\u1ee1 c\u1ed1 \u0111\u1ecbnh m\u00e1y vi t\u00ednh, m\u1eb7t b\u00e0n l\u00e0m vi\u1ec7c ti\u1ec7n d\u1ee5ng,&hellip;<\/p>\n","protected":false},"author":6,"featured_media":0,"parent":454,"menu_order":0,"comment_status":"closed","ping_status":"closed","template":"","meta":{"footnotes":""},"translation":{"provider":"WPGlobus","version":"2.12.2","language":"vi","enabled_languages":["en","ru","bg","vi"],"languages":{"en":{"title":true,"content":true,"excerpt":false},"ru":{"title":true,"content":true,"excerpt":false},"bg":{"title":false,"content":false,"excerpt":false},"vi":{"title":true,"content":true,"excerpt":false}}},"_links":{"self":[{"href":"https:\/\/lotgroup.eu\/vi\/wp-json\/wp\/v2\/pages\/1080"}],"collection":[{"href":"https:\/\/lotgroup.eu\/vi\/wp-json\/wp\/v2\/pages"}],"about":[{"href":"https:\/\/lotgroup.eu\/vi\/wp-json\/wp\/v2\/types\/page"}],"author":[{"embeddable":true,"href":"https:\/\/lotgroup.eu\/vi\/wp-json\/wp\/v2\/users\/6"}],"replies":[{"embeddable":true,"href":"https:\/\/lotgroup.eu\/vi\/wp-json\/wp\/v2\/comments?post=1080"}],"version-history":[{"count":13,"href":"https:\/\/lotgroup.eu\/vi\/wp-json\/wp\/v2\/pages\/1080\/revisions"}],"predecessor-version":[{"id":5070,"href":"https:\/\/lotgroup.eu\/vi\/wp-json\/wp\/v2\/pages\/1080\/revisions\/5070"}],"up":[{"embeddable":true,"href":"https:\/\/lotgroup.eu\/vi\/wp-json\/wp\/v2\/pages\/454"}],"wp:attachment":[{"href":"https:\/\/lotgroup.eu\/vi\/wp-json\/wp\/v2\/media?parent=1080"}],"curies":[{"name":"wp","href":"https:\/\/api.w.org\/{rel}","templated":true}]}}