{"id":1251,"date":"2016-08-30T15:46:36","date_gmt":"2016-08-30T12:46:36","guid":{"rendered":"http:\/\/i68176kq.bget.ru\/?page_id=1251"},"modified":"2018-09-24T09:44:58","modified_gmt":"2018-09-24T06:44:58","slug":"local-payment","status":"publish","type":"page","link":"https:\/\/lotgroup.eu\/vi\/product\/access-control\/local-payment\/","title":{"rendered":"H\u1ec7 th\u1ed1ng thanh to\u00e1n"},"content":{"rendered":"<section class=\"wpb-content-wrapper\">[vc_row][vc_column][vc_row_inner][vc_column_inner width=&#8221;1\/2&#8243;][vc_column_text]H\u1ec7 th\u1ed1ng thanh to\u00e1n l\u00e0 t\u1ed5 h\u1ee3p g\u1ed3m ph\u1ea7n c\u1ee9ng v\u00e0 ph\u1ea7n m\u1ec1m cho ph\u00e9p t\u1ef1 \u0111\u1ed9ng h\u00f3a qu\u00e1 tr\u00ecnh thanh to\u00e1n d\u1ecbch v\u1ee5 v\u00e0 ki\u1ec3m so\u00e1t truy c\u1eadp v\u00e0o trang web, h\u1ec7 th\u1ed1ng cung c\u1ea5p nhi\u1ec1u ch\u1ee9c n\u0103ng \u0111\u1ec3 ki\u1ec3m so\u00e1t truy c\u1eadp v\u00e0 qu\u1ea3n l\u00fd thanh to\u00e1n. Th\u1ee7 thu\u1eadt ch\u00ednh c\u1ee7a h\u1ec7 th\u1ed1ng l\u00e0 kh\u00e1ch h\u00e0ng thanh to\u00e1n c\u00e1c d\u1ecbch v\u1ee5 b\u1eb1ng ph\u01b0\u01a1ng c\u00e1c ph\u01b0\u01a1ng ti\u1ec7n \u0111a d\u1ea1ng (th\u1ebb, th\u1ebb token, kh\u00f3a tay v\u00e0 m\u1ed9t s\u1ed1 ph\u01b0\u01a1ng ti\u1ec7n kh\u00e1c). N\u00f3i c\u00e1ch kh\u00e1c, vi\u1ec7c c\u00f3 \u0111\u01b0\u1ee3c c\u00e1c d\u1ecbch v\u1ee5 v\u00e0 thanh to\u00e1n cho c\u00e1c d\u1ecbch v\u1ee5 n\u00e0y kh\u00f4ng t\u01b0\u01a1ng quan v\u1ec1 th\u1eddi gian v\u00e0 kh\u00f4ng gian. \u0110i\u1ec1u n\u00e0y kh\u00e1 hi\u1ec7u qu\u1ea3, bao g\u1ed3m chi ph\u00ed l\u1eafp \u0111\u1eb7t h\u1ec7 th\u1ed1ng thanh to\u00e1n \u0111\u1ed1i v\u1edbi t\u1eebng nh\u00e0 cung c\u1ea5p d\u1ecbch v\u1ee5. Ngo\u00e0i ra, c\u00e1c h\u1ec7 th\u1ed1ng thanh to\u00e1n \u0111em l\u1ea1i nhi\u1ec1u l\u1ee3i \u00edch kh\u00e1c, c\u1ee5 th\u1ec3:<\/p>\n<ul>\n<li>T\u0103ng ch\u1ea5t l\u01b0\u1ee3ng d\u1ecbch v\u1ee5 v\u00e0 gi\u1ea3m th\u1eddi gian ch\u1edd \u0111\u1ee3i \u0111\u1ed1i v\u1edbi kh\u00e1ch h\u00e0ng v\u00e0 t\u0103ng t\u00ednh h\u1ea5p d\u1eabn c\u1ee7a d\u1ecbch v\u1ee5.<\/li>\n<li>Kh\u1ea3 n\u0103ng s\u1eed d\u1ee5ng ch\u00ednh s\u00e1ch thu\u1ebf linh ho\u1ea1t v\u00e0 qu\u1ea3n l\u00fd th\u1eddi gian th\u1ef1c.<\/li>\n<li>Qu\u1ea3n l\u00fd d\u1ec5 d\u00e0ng b\u1eb1ng c\u00e1ch hi\u1ec3n th\u1ecb c\u00e1c b\u00e1o c\u00e1o theo tr\u1eadt t\u1ef1 ngay l\u1eadp t\u1ee9c.<\/li>\n<li>T\u0103ng m\u1ee9c \u0111\u1ed9 b\u1ea3o m\u1eadt, ph\u00f2ng ch\u1ed1ng gian l\u1eadn.<\/li>\n<li>Gi\u1ea3m chi ph\u00ed v\u1eadn h\u00e0nh c\u01a1 s\u1edf.<\/li>\n<\/ul>\n<p>T\u1eadp \u0111o\u00e0n LOT cung c\u1ea5p c\u00e1c gi\u1ea3i ph\u00e1p v\u1ec1 h\u1ec7 th\u1ed1ng thanh to\u00e1n cho c\u00e1c c\u01a1 c\u1ea5u kh\u00e1c nhau, ph\u1ee5 thu\u1ed9c v\u00e0o quy m\u00f4 c\u1ee7a c\u00f4ng ty v\u00e0 c\u00e1c chi nh\u00e1nh.[\/vc_column_text][\/vc_column_inner][vc_column_inner width=&#8221;1\/2&#8243;][vc_single_image image=&#8221;2398&#8243;][\/vc_column_inner][\/vc_row_inner]<div class=\"vcex-heading vcex-heading-plain vcex-module wpex-text-2xl wpex-font-normal\"><span class=\"vcex-heading-inner wpex-inline-block\">C\u01a1 c\u1ea5u h\u1ec7 th\u1ed1ng thanh to\u00e1n t\u1ea1i ch\u1ed7<\/span><\/div>[vc_row_inner][vc_column_inner width=&#8221;1\/2&#8243;][vc_column_text]\n<h4>1. Ph\u01b0\u01a1ng ti\u1ec7n thanh to\u00e1n (Mua v\u00e9)<\/h4>\n<p>C\u00f3 th\u1ec3 s\u1eed d\u1ee5ng c\u00e1c ph\u01b0\u01a1ng ti\u1ec7n thanh to\u00e1n d\u01b0\u1edbi \u0111\u00e2y:<\/p>\n<ul>\n<li>SMART-Card (MIFARE\u00ae*, JavaCardo, Calypso);<\/li>\n<li>SMART-Bracelet (MIFARE\u00ae*, M-Marine) v\u00e0 c\u00e1c ph\u01b0\u01a1ng ti\u1ec7n c\u00f3 h\u00ecnh d\u1ea1ng kh\u00e1c (d\u00e2y chuy\u1ec1n c\u00f3 m\u1eb7t, d\u00e2y ch\u00eca kh\u00f3a, vv);<\/li>\n<li>SMART-Token (MIFARE\u00ae*);<\/li>\n<li>Th\u1ebb token quang h\u1ecdc;<\/li>\n<li>V\u00e9 c\u00f3 m\u00e3 v\u1ea1ch;<\/li>\n<li>Thanh to\u00e1n b\u1eb1ng SMS (MMS).<\/li>\n<\/ul>\n<p>Kh\u00e1ch h\u00e0ng c\u00f3 th\u1ec3 mua m\u1ed9t ph\u01b0\u01a1ng ti\u1ec7n t\u1eeb m\u00e1y b\u00e1n h\u00e0ng t\u1ef1 \u0111\u1ed9ng \/ m\u00e1y n\u1ea1p ti\u1ec1n (do T\u1eadp \u0111o\u00e0n LOT s\u1ea3n xu\u1ea5t) ho\u1eb7c t\u1eeb ph\u00f2ng v\u00e9 \u0111\u01b0\u1ee3c trang b\u1ecb c\u00e1c thi\u1ebft b\u1ecb POS-terminals.[\/vc_column_text][\/vc_column_inner][vc_column_inner width=&#8221;1\/2&#8243;][vc_single_image image=&#8221;2405&#8243;][\/vc_column_inner][\/vc_row_inner][vc_row_inner][vc_column_inner width=&#8221;1\/2&#8243;][vc_column_text]\n<h4>2. \u0110i\u1ec3m ki\u1ec3m so\u00e1t ra v\u00e0o (c\u1eeda quay)<\/h4>\n<p>M\u1ed9t \u0111i\u1ec3m ki\u1ec3m so\u00e1t truy c\u1eadp, \u0111\u01b0\u1ee3c trang b\u1ecb c\u00e1c c\u1eeda quay, cho ph\u00e9p vi\u1ec7c \u0111\u1ebfm ch\u00ednh x\u00e1c c\u00e1c giao d\u1ecbch v\u00e0 h\u1ec7 th\u1ed1ng \u0111o l\u01b0\u1eddng \u0111\u1ed1i v\u1edbi s\u1ed1 c\u1ee7a kh\u00e1ch h\u00e0ng trong t\u1eebng khu v\u1ef1c c\u01a1 s\u1edf.<\/p>\n<p>T\u1eadp \u0111o\u00e0n LOT cung c\u1ea5p ph\u1ea7n c\u1ee9ng c\u1ee7a h\u1ec7 th\u1ed1ng thanh to\u00e1n t\u1ea1i ch\u1ed7 sau \u0111\u00e2y:<\/p>\n<p>C\u1eeda quay Gate<\/p>\n<ul>\n<li><a href=\"https:\/\/lotgroup.eu\/product\/production\/turnstiles\/slide-turnstiles\/#1472472689614-41053bf6-5584\">C\u1eeda quay Cayman <\/a><\/li>\n<li><a href=\"https:\/\/lotgroup.eu\/product\/production\/turnstiles\/flap-turnstiles\/\">C\u1eeda quay Eclipse <\/a><\/li>\n<li><a href=\"https:\/\/lotgroup.eu\/product\/production\/turnstiles\/swing-turnstiles\/#1472466238218-a1ff7aa3-f174\">C\u1eeda quay Dnepr <\/a><\/li>\n<\/ul>\n<p>C\u1eeda quay ba ch\u00e2n<\/p>\n<ul>\n<li><a href=\"https:\/\/lotgroup.eu\/vi\/product\/production\/turnstiles\/stand-tripod-turnstiles\/#1472465489914-427a6a37-5001\">C\u1eeda quay Castle<\/a><\/li>\n<li><a href=\"https:\/\/lotgroup.eu\/vi\/product\/production\/turnstiles\/tripod-turnstiles\/#1472465489914-427a6a37-5001\">C\u1eeda quay Expert <\/a><\/li>\n<li><a href=\"https:\/\/lotgroup.eu\/vi\/product\/production\/complex-solutions\/#1472465489992-d94459d1-af03\">C\u1eeda quay Irbis<\/a><\/li>\n<\/ul>\n[\/vc_column_text][\/vc_column_inner][vc_column_inner width=&#8221;1\/2&#8243;][vc_column_text]\n<h4>3. \u0110i\u1ec3m ki\u1ec3m so\u00e1t thanh to\u00e1n<\/h4>\n<p>Nh\u00e0 cung c\u1ea5p d\u1ecbch v\u1ee5 c\u00f3 th\u1ec3 l\u1eafp \u0111\u1eb7t \u0111i\u1ec3m ki\u1ec3m so\u00e1t thanh to\u00e1n t\u1ea1i b\u1ea5t k\u1ef3 khu v\u1ef1c mong mu\u1ed1n n\u00e0o trong c\u01a1 s\u1edf:<\/p>\n<ul>\n<li>Ph\u00f2ng thay qu\u1ea7n \u00e1o<\/li>\n<li>Khu vui ch\u01a1i gi\u1ea3i tr\u00ed<\/li>\n<li>Qu\u00e1n bar v\u00e0 qu\u00e1n c\u00e0 ph\u00ea<\/li>\n<li>Khu thu\u00ea thi\u1ebft b<\/li>\n<li>Khu v\u1ef1c d\u1ecbch v\u1ee5 b\u1ed5 sung<\/li>\n<\/ul>\n<p>Vi\u1ec7c ki\u1ec3m tra thanh to\u00e1n \u0111\u01b0\u1ee3c th\u1ef1c hi\u1ec7n b\u1edfi c\u00e1c m\u1eabu thi\u1ebft b\u1ecb \u0111\u00e1nh gi\u00e1 kh\u00e1c nhau, bao g\u1ed3m c\u1ea3 c\u00e1c thi\u1ebft b\u1ecb thi\u1ebft k\u1ebf ri\u00eang (do T\u1eadp \u0111o\u00e0n LOT s\u1ea3n xu\u1ea5t).<\/p>\n<p>H\u01a1n n\u1eefa, kh\u00e1ch c\u00f3 th\u1ec3 n\u1ea1p ti\u1ec1n v\u00e0o t\u00e0i kho\u1ea3n v\u00e0 ti\u1ec1n v\u00e9 \u0111\u01b0\u1ee3c thu t\u1eeb c\u00e1c ph\u01b0\u01a1ng ti\u1ec7n tr\u1ef1c ti\u1ebfp t\u1ea1i th\u1eddi \u0111i\u1ec3m cung c\u1ea5p d\u1ecbch v\u1ee5. Ngo\u00e0i ra, ph\u00ed d\u1ecbch v\u1ee5 c\u00f3 th\u1ec3 \u0111\u01b0\u1ee3c c\u1ed9ng d\u1ed3n v\u00e0o m\u1ed9t h\u00f3a \u0111\u01a1n v\u00e0 s\u1ebd thanh to\u00e1n khi r\u1eddi kh\u1ecfi c\u01a1 s\u1edf.[\/vc_column_text][\/vc_column_inner][\/vc_row_inner][vc_row_inner][vc_column_inner width=&#8221;1\/2&#8243;][vc_single_image image=&#8221;2406&#8243;][\/vc_column_inner][vc_column_inner width=&#8221;1\/2&#8243;][vc_column_text]\n<h4>4. M\u00e1y ch\u1ee7 h\u1ec7 th\u1ed1ng (ph\u00f2ng \u0111i\u1ec1u h\u00e0nh)<\/h4>\n<p>M\u00e1y ch\u1ee7 l\u00e0 trung t\u00e2m h\u1ec7 th\u1ed1ng, n\u01a1i t\u1ea5t c\u1ea3 c\u00e1c d\u1eef li\u1ec7u \u0111\u01b0\u1ee3c thu th\u1eadp v\u00e0 x\u1eed l\u00fd:<\/p>\n<ul>\n<li>S\u1ed1 l\u01b0\u1ee3ng kh\u00e1ch (b\u1ed9 l\u1ecdc \u0111\u01b0\u1ee3c \u00e1p d\u1ee5ng nh\u01b0 ph\u00e2n chia khu v\u1ef1c, ph\u00e2n chia th\u1eddi gian, vv).<\/li>\n<li>Thu th\u1eadp c\u00e1c b\u00e1o c\u00e1o kh\u00e1c nhau bao g\u1ed3m vi\u1ec7c s\u1eed d\u1ee5ng c\u00e1c d\u1ecbch v\u1ee5 ho\u1eb7c khu v\u1ef1c \u0111\u01b0\u1ee3c l\u1ef1a ch\u1ecdn.<\/li>\n<li>B\u00e1o c\u00e1o v\u1ec1 thi\u1ebft b\u1ecb \u0111\u01b0\u1ee3c thu\u00ea.<\/li>\n<li>B\u00e1o c\u00e1o v\u1ec1 s\u1ef1 hi\u1ec7n di\u1ec7n.<\/li>\n<li>B\u00e1o c\u00e1o t\u00e0i ch\u00ednh cho t\u1eebng ph\u01b0\u01a1ng ti\u1ec7n nh\u1eadn d\u1ea1ng vv.<\/li>\n<li>C\u00e1c s\u1ed1 li\u1ec7u th\u1ed1ng k\u00ea c\u00e1 nh\u00e2n v\u1ec1 d\u1ecbch v\u1ee5 thu \u0111\u01b0\u1ee3c theo t\u1eebng ph\u01b0\u01a1ng ti\u1ec7n nh\u1eadn d\u1ea1ng.<\/li>\n<li>Kh\u1ea3 n\u0103ng ph\u00e2n lo\u1ea1i c\u00e1c nh\u00f3m nh\u1eadn d\u1ea1ng.<\/li>\n<li>Kh\u1ea3 n\u0103ng h\u1ea1n ch\u1ebf ra v\u00e0o c\u00e1c khu v\u1ef1c c\u01a1 s\u1edf theo y\u00eau c\u1ea7u (\u0111\u1ed1i v\u1edbi m\u1ed9t s\u1ed1 nh\u00f3m kh\u00e1ch).<\/li>\n<li>S\u00e1ng t\u1ea1o trong vi\u1ec7c \u0111\u00f3ng g\u00f3p v\u00e0o h\u1ec7 th\u1ed1ng v\u00e0 qu\u1ea3n l\u00fd.<\/li>\n<\/ul>\n<p>Ng\u01b0\u1eddi qu\u1ea3n l\u00fd ki\u1ec3m so\u00e1t h\u1ec7 th\u1ed1ng \u1edf ch\u1ebf \u0111\u1ed9 th\u1eddi gian th\u1ef1c v\u00e0 c\u00f3 th\u1ec3 t\u00e1c \u0111\u1ed9ng l\u00ean c\u00e1c s\u1ef1 ki\u1ec7n ho\u1ea1t \u0111\u1ed9ng trong h\u1ec7 th\u1ed1ng.[\/vc_column_text][\/vc_column_inner][\/vc_row_inner][vc_row_inner][vc_column_inner][vc_separator color=&#8221;blue&#8221; css=&#8221;.vc_custom_1473929790386{margin-top: px !important;margin-bottom: 32px !important;}&#8221;][vc_column_text]\n<div id=\"_idContainer051\" class=\"_idGenObjectStyleOverride-1\">\n<h3>H\u1ec7 th\u1ed1ng thanh to\u00e1n t\u1ea1i ch\u1ed7 c\u1ee7a T\u1eadp \u0111o\u00e0n LOT: C\u00e1c c\u01a1 h\u1ed9i m\u1edbi cho doanh nghi\u1ec7p c\u1ee7a b\u1ea1n<\/h3>\n<p>H\u1ec7 th\u1ed1ng thanh to\u00e1n t\u1ea1i ch\u1ed7 c\u1ee7a T\u1eadp \u0111o\u00e0n LOT &#8211; l\u00e0 gi\u1ea3i ph\u00e1p s\u00e1ng t\u1ea1o hi\u1ec7n \u0111\u1ea1i gi\u00fap doanh nghi\u1ec7p c\u1ee7a b\u1ea1n lu\u00f4n c\u1eadp nh\u1eadt th\u00f4ng tin m\u1edbi, b\u1ecf l\u1ea1i c\u00e1c \u0111\u1ed1i th\u1ee7 c\u1ea1nh tranh \u1edf ph\u00eda sau. Ch\u00fang t\u00f4i t\u1eadp h\u1ee3p t\u1ea5t c\u1ea3 c\u00e1c k\u1ef9 n\u0103ng v\u00e0 kinh nghi\u1ec7m c\u1ee7a m\u00ecnh v\u00e0o nh\u1eefng h\u1ec7 th\u1ed1ng m\u00e0 ch\u00fang t\u00f4i \u00e1p d\u1ee5ng, \u0111\u1ed3ng th\u1eddi ch\u00fang t\u00f4i t\u00f9y ch\u1ec9nh h\u1ec7 th\u1ed1ng theo y\u00eau c\u1ea7u c\u1ee7a kh\u00e1ch h\u00e0ng, t\u1eeb \u0111\u00f3 \u0111\u01b0a ra m\u1ed9t gi\u1ea3i ph\u00e1p \u0111\u1ed9c \u0111\u00e1o trong m\u1ed7i d\u1ef1 \u00e1n; \u0111\u1ed1i v\u1edbi ch\u00fang t\u00f4i kh\u00f4ng c\u00f3 kh\u00e1i ni\u1ec7m gi\u1ea3i ph\u00e1p \u201c\u0111\u1ea1i tr\u00e0\u201d.<\/p>\n<p>Vi\u1ec7c \u00e1p d\u1ee5ng h\u1ec7 th\u1ed1ng thanh to\u00e1n c\u1ee7a T\u1eadp \u0111o\u00e0n LOT \u0111\u1ea3m b\u1ea3o:<\/p>\n<ul>\n<li>\u0110\u01a1n gi\u1ea3n ho\u00e1 vi\u1ec7c ti\u1ebfp c\u1eadn c\u01a1 s\u1edf \u0111\u1ed1i v\u1edbi kh\u00e1ch h\u00e0ng v\u00e0 t\u0103ng ch\u1ea5t l\u01b0\u1ee3ng d\u1ecbch v\u1ee5.<\/li>\n<li>T\u1ea5t c\u1ea3 c\u00e1c giao d\u1ecbch \u0111\u01b0\u1ee3c l\u01b0u trong c\u01a1 s\u1edf d\u1eef li\u1ec7u th\u00f4ng tin v\u00e0 t\u00e0i ch\u00ednh th\u1ed1ng nh\u1ea5t.<\/li>\n<li>\u0110a ch\u1ee9c n\u0103ng nh\u01b0 \u00e1p d\u1ee5ng ch\u00ednh s\u00e1ch v\u1ec1 gi\u00e1 v\u00e9 linh ho\u1ea1t, c\u00e1c ch\u01b0\u01a1ng tr\u00ecnh gi\u1ea3m gi\u00e1 v\u00e0 tri \u00e2n kh\u00e1ch h\u00e0ng, gi\u1edbi thi\u1ec7u c\u00e1c kho\u1ea3n ph\u00ed li\u00ean quan \u0111\u1ebfn th\u1eddi gian.<\/li>\n<li>S\u1eed d\u1ee5ng c\u00e1c k\u00eanh b\u00e1n h\u00e0ng b\u1ed5 sung (v\u00ed d\u1ee5 nh\u01b0 qua Internet).<\/li>\n<li>Gi\u1ea3m chi ph\u00ed v\u00e0 t\u0103ng l\u1ee3i nhu\u1eadn.<\/li>\n<li>Kh\u1ea3 n\u0103ng gi\u00e1m s\u00e1t c\u01a1 s\u1edf \u1edf ch\u1ebf \u0111\u1ed9 th\u1eddi gian th\u1ef1c, v\u00e0 qu\u1ea3n l\u00fd tr\u1ef1c tuy\u1ebfn m\u1ecdi s\u1ef1 ki\u1ec7n.<\/li>\n<li>Qu\u1ea3n l\u00fd hi\u1ec7u qu\u1ea3 l\u01b0\u1ee3ng kh\u00e1ch v\u00e0 ki\u1ec3m so\u00e1t m\u1ee9c \u0111\u1ed9 chi\u1ebfm d\u1ee5ng \u0111\u1ed1i v\u1edbi t\u1eebng khu v\u1ef1c.<\/li>\n<li>T\u0103ng m\u1ee9c \u0111\u1ed9 b\u1ea3o m\u1eadt v\u00e0 t\u1ea5t c\u1ea3 c\u00e1c lo\u1ea1i h\u00ecnh ph\u00f2ng ch\u1ed1ng gian l\u1eadn.<\/li>\n<li>Gi\u00e1m s\u00e1t c\u00e1c thi\u1ebft b\u1ecb c\u00f3 t\u1ea1i v\u0103n ph\u00f2ng cho thu\u00ea, qu\u1ea3n l\u00fd s\u1ed1 l\u01b0\u1ee3ng thi\u1ebft b\u1ecb.<\/li>\n<li>T\u0103ng \u0111\u00e1ng k\u1ec3 t\u00ednh hi\u1ec7u qu\u1ea3 c\u1ee7a c\u01a1 s\u1edf.<\/li>\n<\/ul>\n<\/div>\n[\/vc_column_text][vc_btn title=&#8221;C\u00c1C D\u1ef0 \u00c1N \u0110\u00c3 TH\u1ef0C HI\u1ec6N&#8221; shape=&#8221;square&#8221; link=&#8221;url:%2Fvi%2Freview%2Fselected-projects%2Faccess-control-projects%2F%231472564342231-7000fdd1-7ba3|||&#8221; css=&#8221;.vc_custom_1497345843910{margin-top: 32px !important;}&#8221;][\/vc_column_inner][\/vc_row_inner][vc_column_text]<span style=\"font-size: small;\"><em>* MIFARE\u00ae v\u00e0 MIFARE CLASSIC\u00ae l\u00e0 c\u00e1c nh\u00e3n hi\u1ec7u \u0111\u00e3 \u0111\u0103ng k\u00fd thu\u1ed9c s\u1edf h\u1eefu c\u1ee7a NXP B.V.<\/em><\/span>[\/vc_column_text][\/vc_column][\/vc_row]\n<\/section>","protected":false},"excerpt":{"rendered":"<p>[vc_row][vc_column][vc_row_inner][vc_column_inner width=&#8221;1\/2&#8243;][vc_column_text]H\u1ec7 th\u1ed1ng thanh to\u00e1n l\u00e0 t\u1ed5 h\u1ee3p g\u1ed3m ph\u1ea7n c\u1ee9ng v\u00e0 ph\u1ea7n m\u1ec1m cho ph\u00e9p t\u1ef1 \u0111\u1ed9ng h\u00f3a qu\u00e1 tr\u00ecnh thanh to\u00e1n d\u1ecbch v\u1ee5 v\u00e0 ki\u1ec3m so\u00e1t truy c\u1eadp v\u00e0o trang web, h\u1ec7 th\u1ed1ng cung c\u1ea5p nhi\u1ec1u ch\u1ee9c n\u0103ng \u0111\u1ec3 ki\u1ec3m so\u00e1t truy c\u1eadp v\u00e0 qu\u1ea3n l\u00fd thanh to\u00e1n. Th\u1ee7 thu\u1eadt ch\u00ednh c\u1ee7a h\u1ec7&hellip;<\/p>\n","protected":false},"author":6,"featured_media":0,"parent":452,"menu_order":0,"comment_status":"closed","ping_status":"closed","template":"","meta":{"footnotes":""},"translation":{"provider":"WPGlobus","version":"2.12.2","language":"vi","enabled_languages":["en","ru","bg","vi"],"languages":{"en":{"title":true,"content":true,"excerpt":false},"ru":{"title":true,"content":true,"excerpt":false},"bg":{"title":false,"content":false,"excerpt":false},"vi":{"title":true,"content":true,"excerpt":false}}},"_links":{"self":[{"href":"https:\/\/lotgroup.eu\/vi\/wp-json\/wp\/v2\/pages\/1251"}],"collection":[{"href":"https:\/\/lotgroup.eu\/vi\/wp-json\/wp\/v2\/pages"}],"about":[{"href":"https:\/\/lotgroup.eu\/vi\/wp-json\/wp\/v2\/types\/page"}],"author":[{"embeddable":true,"href":"https:\/\/lotgroup.eu\/vi\/wp-json\/wp\/v2\/users\/6"}],"replies":[{"embeddable":true,"href":"https:\/\/lotgroup.eu\/vi\/wp-json\/wp\/v2\/comments?post=1251"}],"version-history":[{"count":37,"href":"https:\/\/lotgroup.eu\/vi\/wp-json\/wp\/v2\/pages\/1251\/revisions"}],"predecessor-version":[{"id":5437,"href":"https:\/\/lotgroup.eu\/vi\/wp-json\/wp\/v2\/pages\/1251\/revisions\/5437"}],"up":[{"embeddable":true,"href":"https:\/\/lotgroup.eu\/vi\/wp-json\/wp\/v2\/pages\/452"}],"wp:attachment":[{"href":"https:\/\/lotgroup.eu\/vi\/wp-json\/wp\/v2\/media?parent=1251"}],"curies":[{"name":"wp","href":"https:\/\/api.w.org\/{rel}","templated":true}]}}