{"id":1366,"date":"2016-08-31T09:43:38","date_gmt":"2016-08-31T06:43:38","guid":{"rendered":"http:\/\/i68176kq.bget.ru\/?page_id=1366"},"modified":"2018-08-14T11:20:05","modified_gmt":"2018-08-14T08:20:05","slug":"afc","status":"publish","type":"page","link":"https:\/\/lotgroup.eu\/vi\/product\/smart-city\/afc\/","title":{"rendered":"H\u1ec7 th\u1ed1ng thu ti\u1ec1n v\u00e9 t\u1ef1 \u0111\u1ed9ng"},"content":{"rendered":"<section class=\"wpb-content-wrapper\">[vc_row][vc_column][vc_empty_space height=&#8221;16px&#8221;][vc_row_inner][vc_column_inner width=&#8221;1\/2&#8243;][vc_column_text]H\u1ec7 th\u1ed1ng thu ti\u1ec1n v\u00e9 t\u1ef1 \u0111\u1ed9ng chu\u1ea9n b\u1ecb cho vi\u1ec7c thu ti\u1ec1n v\u00e9 t\u1ef1 \u0111\u1ed9ng tr\u00ean tuy\u1ebfn \u0111\u01b0\u1eddng, ki\u1ec3m so\u00e1t ra v\u00e0o c\u00e1c tr\u1ea1m, ki\u1ec3m so\u00e1t v\u00e0 ph\u00e2n t\u00edch l\u01b0\u1ee3ng h\u00e0nh kh\u00e1ch c\u0169ng nh\u01b0 ki\u1ec3m so\u00e1t c\u00e1c ch\u00ednh s\u00e1ch thu\u1ebf quan.<\/p>\n<p>V\u00e9 c\u00f3 m\u00e3 v\u1ea1ch, th\u1ebb token th\u00f4ng minh, th\u1ebb thanh to\u00e1n kh\u00f4ng ti\u1ebfp x\u00fac theo ti\u00eau chu\u1ea9n MIFARE\u00ae v\u00e0 th\u1ebb ng\u00e2n h\u00e0ng \u0111\u01b0\u1ee3c s\u1eed d\u1ee5ng l\u00e0m ph\u01b0\u01a1ng ti\u1ec7n thanh to\u00e1n trong h\u1ec7 th\u1ed1ng. V\u00e9 c\u00f3 m\u00e3 v\u1ea1ch v\u00e0 th\u1ebb token th\u00f4ng minh \u0111\u01b0\u1ee3c s\u1eed d\u1ee5ng l\u00e0m ph\u01b0\u01a1ng ti\u1ec7n thanh to\u00e1n ti\u1ec1n v\u00e9 m\u1ed9t l\u1ea7n. Th\u1ebb thanh to\u00e1n kh\u00f4ng ti\u1ebfp x\u00fac theo ti\u00eau chu\u1ea9n MIFARE\u00ae v\u00e0 th\u1ebb ng\u00e2n h\u00e0ng \u0111\u01b0\u1ee3c s\u1eed d\u1ee5ng l\u00e0m ph\u01b0\u01a1ng ti\u1ec7n thanh to\u00e1n ti\u1ec1n v\u00e9 nhi\u1ec1u l\u1ea7n l\u1eb7p l\u1ea1i.<\/p>\n<p>Th\u1ebb MIFARE\u00ae c\u0169ng c\u00f3 th\u1ec3 \u0111\u01b0\u1ee3c s\u1eed d\u1ee5ng l\u00e0m v\u00e9 theo m\u00f9a cho c\u00e1c m\u1ee5c \u0111\u00edch kh\u00e1c nhau.[\/vc_column_text][\/vc_column_inner][vc_column_inner width=&#8221;1\/2&#8243;][vc_single_image image=&#8221;1877&#8243;][\/vc_column_inner][\/vc_row_inner][vc_column_text]<strong>M\u1ed7i h\u1ec7 th\u1ed1ng ph\u1ee5 bao g\u1ed3m ph\u1ea7n m\u1ec1m v\u00e0 ph\u1ea7n c\u1ee9ng <\/strong>v\u00e0 chu\u1ea9n b\u1ecb th\u1ef1c hi\u1ec7n c\u00e1c ch\u1ee9c n\u0103ng c\u1ee7a h\u1ec7 th\u1ed1ng ph\u1ee5. M\u1ed7i h\u1ec7 th\u1ed1ng ph\u1ee5 bao g\u1ed3m c\u00e1c \u0111\u1ecba \u0111i\u1ec3m l\u00e0m vi\u1ec7c t\u1ef1 \u0111\u1ed9ng, cho ph\u00e9p ki\u1ec3m so\u00e1t ho\u1ea1t \u0111\u1ed9ng c\u1ee7a h\u1ec7 th\u1ed1ng v\u00e0 nh\u1eadn d\u1eef li\u1ec7u c\u1ea7n thi\u1ebft. Trung t\u00e2m c\u1ee7a h\u1ec7 th\u1ed1ng l\u00e0 m\u1ed9t trung t\u00e2m x\u1eed l\u00fd (n\u1ed1t m\u1ea1ng m\u00e1y ch\u1ee7 trung t\u00e2m). B\u1ed9 thi\u1ebft b\u1ecb m\u00e1y ch\u1ee7 v\u1edbi ph\u1ea7n m\u1ec1m t\u01b0\u01a1ng \u1ee9ng, cung c\u1ea5p ho\u1ea1t \u0111\u1ed9ng c\u1ee7a h\u1ec7 th\u1ed1ng, \u0111\u01b0\u1ee3c c\u00e0i \u0111\u1eb7t t\u1ea1i trung t\u00e2m x\u1eed l\u00fd.[\/vc_column_text][vc_row_inner][vc_column_inner]<div class=\"vcex-image-grid-wrap wpex-clr\"><div class=\"vcex-module vcex-image-grid grid-style-default wpex-row wpex-clr wpex-lightbox-group\"><div class=\"id-1849 vcex-image-grid-entry vcex-grid-item textcenter span_1_of_1 col col-1\"><figure class=\"vcex-image-grid-entry-figure wpex-last-mb-0 wpex-clr\"><div class=\"vcex-image-grid-entry-img entry-media wpex-mb-20\"><a href=\"https:\/\/lotgroup.eu\/wp-content\/uploads\/2016\/09\/smart_afc_scheme.png\" class=\"vcex-image-grid-entry-link wpex-lightbox-group-item\" data-title=\"Automated Fare Collection System Scheme\" data-caption=\"Automated Fare Collection System Scheme\"><img width=\"993\" height=\"1075\" src=\"https:\/\/lotgroup.eu\/wp-content\/uploads\/2016\/09\/smart_afc_scheme.png\" class=\"wpex-align-middle\" alt=\"Automated Fare Collection System Scheme\" decoding=\"async\" loading=\"lazy\" srcset=\"https:\/\/lotgroup.eu\/wp-content\/uploads\/2016\/09\/smart_afc_scheme.png 993w, https:\/\/lotgroup.eu\/wp-content\/uploads\/2016\/09\/smart_afc_scheme-600x650.png 600w, https:\/\/lotgroup.eu\/wp-content\/uploads\/2016\/09\/smart_afc_scheme-768x831.png 768w\" sizes=\"(max-width: 993px) 100vw, 993px\" \/><\/a><\/div><\/figure><\/div><\/div><\/div>[vc_column_text]\n<h4>\u01afu \u0111i\u1ec3m c\u1ee7a vi\u1ec7c tri\u1ec3n khai h\u1ec7 th\u1ed1ng AFC:<\/h4>\n<ul>\n<li>t\u0103ng doanh thu thu ti\u1ec1n v\u00e9;<\/li>\n<li>ph\u00e2n t\u00edch h\u1ed3 s\u01a1 v\u1ec1 l\u01b0\u1ee3ng h\u00e0nh kh\u00e1ch \u0111\u1ec3 qu\u1ea3n l\u00fd t\u00ednh hi\u1ec7u qu\u1ea3 c\u1ee7a tuy\u1ebfn giao th\u00f4ng;<\/li>\n<li>kh\u1ea3 n\u0103ng th\u1ef1c hi\u1ec7n ch\u00ednh s\u00e1ch linh ho\u1ea1t (theo kho\u1ea3ng c\u00e1ch, v\u00f9ng, vv);<\/li>\n<li>th\u1ef1c hi\u1ec7n c\u00e1c h\u1ec7 th\u1ed1ng \u0111\u00e1ng tin c\u1eady kh\u00e1c nhau;<\/li>\n<li>ng\u0103n ch\u1eb7n gian l\u1eadn \u0111\u1ed1i v\u1edbi c\u1ea3 h\u00e0nh kh\u00e1ch c\u0169ng nh\u01b0 nh\u00e2n vi\u00ean c\u1ee7a c\u00f4ng ty v\u1eadn t\u1ea3i;<\/li>\n<li>gi\u1ea3m chi ph\u00ed cho vi\u1ec7c thu ti\u1ec1n v\u00e9;<\/li>\n<li>ph\u00e1t tri\u1ec3n h\u1ec7 th\u1ed1ng b\u00e1o c\u00e1o m\u1edf r\u1ed9ng \u0111\u1ec3 theo d\u00f5i l\u01b0u l\u01b0\u1ee3ng t\u00e0i ch\u00ednh tr\u1ef1c tuy\u1ebfn;<\/li>\n<li>t\u0103ng s\u1ef1 h\u1ea5p d\u1eabn v\u1ec1 giao th\u00f4ng c\u00f4ng c\u1ed9ng \u0111\u1ed1i v\u1edbi h\u00e0nh kh\u00e1ch;<\/li>\n<li>c\u1ea3i thi\u1ec7n m\u00f4i tr\u01b0\u1eddng do gi\u1ea3m vi\u1ec7c s\u1eed d\u1ee5ng ph\u01b0\u01a1ng ti\u1ec7n giao th\u00f4ng c\u00e1 nh\u00e2n.<\/li>\n<\/ul>\n[\/vc_column_text][\/vc_column_inner][\/vc_row_inner][vc_row_inner][vc_column_inner]<div class=\"vcex-image-grid-wrap wpex-clr\"><div class=\"vcex-module vcex-image-grid grid-style-default wpex-row wpex-clr wpex-lightbox-group\"><div class=\"id-1850 vcex-image-grid-entry vcex-grid-item textcenter span_1_of_1 col col-1\"><figure class=\"vcex-image-grid-entry-figure wpex-last-mb-0 wpex-clr\"><div class=\"vcex-image-grid-entry-img entry-media wpex-mb-20\"><a href=\"https:\/\/lotgroup.eu\/wp-content\/uploads\/2016\/09\/smart_afc_scheme_02.png\" class=\"vcex-image-grid-entry-link wpex-lightbox-group-item\" data-title=\"Fare Collection Process\" data-caption=\"Fare Collection Process\"><img width=\"1072\" height=\"849\" src=\"https:\/\/lotgroup.eu\/wp-content\/uploads\/2016\/09\/smart_afc_scheme_02.png\" class=\"wpex-align-middle\" alt=\"Fare Collection Process\" decoding=\"async\" loading=\"lazy\" srcset=\"https:\/\/lotgroup.eu\/wp-content\/uploads\/2016\/09\/smart_afc_scheme_02.png 1072w, https:\/\/lotgroup.eu\/wp-content\/uploads\/2016\/09\/smart_afc_scheme_02-600x475.png 600w, https:\/\/lotgroup.eu\/wp-content\/uploads\/2016\/09\/smart_afc_scheme_02-768x608.png 768w\" sizes=\"(max-width: 1072px) 100vw, 1072px\" \/><\/a><\/div><\/figure><\/div><\/div><\/div>[vc_column_text]\n<h4>H\u1ec7 th\u1ed1ng AFC nh\u1eb1m th\u1ef1c hi\u1ec7n c\u00e1c ch\u1ee9c n\u0103ng sau:<\/h4>\n<ul>\n<li>ph\u00e1t h\u00e0nh th\u1ebb kh\u00f4ng ti\u1ebfp x\u00fac v\u1edbi c\u00e1c t\u00ednh n\u0103ng v\u00e0 m\u1ee5c \u0111\u00edch kh\u00e1c nhau;<\/li>\n<li>ph\u00e1t h\u00e0nh th\u1ebb token th\u00f4ng minh thanh to\u00e1n \u0111\u1ec3 thanh to\u00e1n ti\u1ec1n v\u00e9 m\u1ed9t l\u1ea7n;<\/li>\n<li>x\u00e1c nh\u1eadn ph\u01b0\u01a1ng ti\u1ec7n thanh to\u00e1n theo c\u00e1c quy t\u1eafc \u0111\u00e3 thi\u1ebft l\u1eadp;<\/li>\n<li>thu th\u1eadp th\u00f4ng tin th\u1ed1ng k\u00ea v\u1ec1 vi\u1ec7c s\u1eed d\u1ee5ng ph\u01b0\u01a1ng ti\u1ec7n thanh to\u00e1n v\u00e0 b\u00e1n h\u00e0ng t\u1ef1 \u0111\u1ed9ng;<\/li>\n<li>ch\u1ea5p nh\u1eadn v\u00e0 truy\u1ec1n t\u00edn hi\u1ec7u \u0111i\u1ec1u khi\u1ec3n \u0111\u1ebfn thi\u1ebft b\u1ecb tr\u1ea1m ph\u00e1t t\u00edn hi\u1ec7u;<\/li>\n<li>ki\u1ec3m so\u00e1t t\u00ednh hi\u1ec7u qu\u1ea3 ho\u1ea1t \u0111\u1ed9ng c\u1ee7a thi\u1ebft b\u1ecb tr\u1ea1m ph\u00e1t v\u00e0 m\u00e1y ch\u1ee7.<\/li>\n<\/ul>\n[\/vc_column_text][\/vc_column_inner][\/vc_row_inner][vc_btn title=&#8221;C\u00c1C D\u1ef0 \u00c1N \u0110\u00c3 TH\u1ef0C HI\u1ec6N&#8221; style=&#8221;flat&#8221; shape=&#8221;square&#8221; link=&#8221;url:%2Freview%2Fselected-projects%2Fafc-systems%2F|||&#8221;][\/vc_column][\/vc_row]\n<\/section>","protected":false},"excerpt":{"rendered":"<p>[vc_row][vc_column][vc_empty_space height=&#8221;16px&#8221;][vc_row_inner][vc_column_inner width=&#8221;1\/2&#8243;][vc_column_text]H\u1ec7 th\u1ed1ng thu ti\u1ec1n v\u00e9 t\u1ef1 \u0111\u1ed9ng chu\u1ea9n b\u1ecb cho vi\u1ec7c thu ti\u1ec1n v\u00e9 t\u1ef1 \u0111\u1ed9ng tr\u00ean tuy\u1ebfn \u0111\u01b0\u1eddng, ki\u1ec3m so\u00e1t ra v\u00e0o c\u00e1c tr\u1ea1m, ki\u1ec3m so\u00e1t v\u00e0 ph\u00e2n t\u00edch l\u01b0\u1ee3ng h\u00e0nh kh\u00e1ch c\u0169ng nh\u01b0 ki\u1ec3m so\u00e1t c\u00e1c ch\u00ednh s\u00e1ch thu\u1ebf quan. V\u00e9 c\u00f3 m\u00e3 v\u1ea1ch, th\u1ebb token th\u00f4ng minh, th\u1ebb thanh to\u00e1n&hellip;<\/p>\n","protected":false},"author":6,"featured_media":0,"parent":450,"menu_order":0,"comment_status":"closed","ping_status":"closed","template":"","meta":{"footnotes":""},"translation":{"provider":"WPGlobus","version":"2.12.2","language":"vi","enabled_languages":["en","ru","bg","vi"],"languages":{"en":{"title":true,"content":true,"excerpt":false},"ru":{"title":true,"content":true,"excerpt":false},"bg":{"title":false,"content":false,"excerpt":false},"vi":{"title":true,"content":true,"excerpt":false}}},"_links":{"self":[{"href":"https:\/\/lotgroup.eu\/vi\/wp-json\/wp\/v2\/pages\/1366"}],"collection":[{"href":"https:\/\/lotgroup.eu\/vi\/wp-json\/wp\/v2\/pages"}],"about":[{"href":"https:\/\/lotgroup.eu\/vi\/wp-json\/wp\/v2\/types\/page"}],"author":[{"embeddable":true,"href":"https:\/\/lotgroup.eu\/vi\/wp-json\/wp\/v2\/users\/6"}],"replies":[{"embeddable":true,"href":"https:\/\/lotgroup.eu\/vi\/wp-json\/wp\/v2\/comments?post=1366"}],"version-history":[{"count":37,"href":"https:\/\/lotgroup.eu\/vi\/wp-json\/wp\/v2\/pages\/1366\/revisions"}],"predecessor-version":[{"id":4782,"href":"https:\/\/lotgroup.eu\/vi\/wp-json\/wp\/v2\/pages\/1366\/revisions\/4782"}],"up":[{"embeddable":true,"href":"https:\/\/lotgroup.eu\/vi\/wp-json\/wp\/v2\/pages\/450"}],"wp:attachment":[{"href":"https:\/\/lotgroup.eu\/vi\/wp-json\/wp\/v2\/media?parent=1366"}],"curies":[{"name":"wp","href":"https:\/\/api.w.org\/{rel}","templated":true}]}}