{"id":1380,"date":"2016-08-31T09:53:03","date_gmt":"2016-08-31T06:53:03","guid":{"rendered":"http:\/\/i68176kq.bget.ru\/?page_id=1380"},"modified":"2018-01-26T11:43:36","modified_gmt":"2018-01-26T08:43:36","slug":"vehicle-operation-management-system","status":"publish","type":"page","link":"https:\/\/lotgroup.eu\/vi\/product\/smart-city\/vehicle-operation-management-system\/","title":{"rendered":"H\u1ec7 th\u1ed1ng qu\u1ea3n l\u00fd v\u1eadn h\u00e0nh xe c\u1ed9"},"content":{"rendered":"<section class=\"wpb-content-wrapper\">[vc_row][vc_column][vc_row_inner][vc_column_inner width=&#8221;1\/2&#8243;][vc_column_text]Vi\u1ec7c th\u1ef1c hi\u1ec7n h\u1ec7 th\u1ed1ng cho ph\u00e9p h\u1ec7 th\u1ed1ng h\u00f3a v\u00e0 \u0111i\u1ec1u ti\u1ebft qu\u00e1 tr\u00ecnh di chuy\u1ec3n xe \u0111\u1ebfn tuy\u1ebfn \u0111\u01b0\u1eddng, l\u01b0u gi\u1eef h\u1ed3 s\u01a1 ch\u00ednh x\u00e1c v\u1ec1 m\u1ecdi ho\u1ea1t \u0111\u1ed9ng c\u1ee7a l\u00e1i xe v\u00e0 m\u1ecdi ho\u1ea1t \u0111\u1ed9ng c\u1ee7a c\u00e1c ph\u01b0\u01a1ng ti\u1ec7n giao th\u00f4ng c\u0169ng nh\u01b0 vi\u1ec7c \u0111\u01b0a ra s\u1ef1 giao ti\u1ebfp nhanh ch\u00f3ng v\u00e0 hi\u1ec7u qu\u1ea3 gi\u1eefa c\u00e1c l\u00e1i xe v\u00e0 nh\u1eefng ng\u01b0\u1eddi \u0111i\u1ec1u khi\u1ec3n giao th\u00f4ng.<\/p>\n<p>Y\u1ebfu t\u1ed1 ch\u00ednh c\u1ee7a h\u1ec7 th\u1ed1ng l\u00e0 m\u00e0n h\u00ecnh \u0111i\u1ec1u khi\u1ec3n giao th\u00f4ng GPS \u0111\u1ec3 th\u00f4ng b\u00e1o cho ng\u01b0\u1eddi \u0111i\u1ec1u khi\u1ec3n giao th\u00f4ng ch\u00ednh v\u1ec1 t\u00ecnh h\u00ecnh hi\u1ec7n t\u1ea1i trong to\u00e0n b\u1ed9 khu v\u1ef1c \u0111i\u1ec1u khi\u1ec3n h\u1ec7 th\u1ed1ng v\u1eadn chuy\u1ec3n xe.[\/vc_column_text][\/vc_column_inner][vc_column_inner width=&#8221;1\/2&#8243;][vc_single_image image=&#8221;1443&#8243;][\/vc_column_inner][\/vc_row_inner][vc_column_text]\n<h4>T\u1ea5t c\u1ea3 c\u00e1c y\u1ebfu t\u1ed1 ch\u00ednh c\u1ee7a h\u1ec7 th\u1ed1ng \u0111\u01b0\u1ee3c hi\u1ec3n th\u1ecb tr\u00ean m\u00e0n h\u00ecnh trung t\u00e2m:<\/h4>\n<ul>\n<li><strong>minh ho\u1ea1 <\/strong>d\u01b0\u1edbi d\u1ea1ng gi\u1ea3n \u0111\u1ed3 v\u1ec1<strong> c\u00e1c ph\u01b0\u01a1ng ti\u1ec7n<\/strong> tr\u00ean c\u00e1c tuy\u1ebfn \u0111\u01b0\u1eddng;<\/li>\n<li><strong>minh h\u1ecda <\/strong>d\u01b0\u1edbi d\u1ea1ng gi\u1ea3n \u0111\u1ed3 v\u1edbi s\u01a1 \u0111\u1ed3 c\u00e1c <strong>\u0111i\u1ec3m d\u1eebng ch\u00e2n<\/strong>;<\/li>\n<li><strong>minh ho\u1ea1 <\/strong>d\u01b0\u1edbi d\u1ea1ng gi\u1ea3n \u0111\u1ed3 v\u1ec1<strong> c\u00e1c tuy\u1ebfn \u0111\u01b0\u1eddng<\/strong>;<\/li>\n<li>bi\u1ec3u t\u01b0\u1ee3ng mi\u00eau t\u1ea3 v\u1ec1 <strong>ch\u1ebf \u0111\u1ed9 ho\u1ea1t \u0111\u1ed9ng<\/strong>.<\/li>\n<\/ul>\n[\/vc_column_text][vc_column_text]\n<h4>\u01afu \u0111i\u1ec3m c\u1ee7a vi\u1ec7c tri\u1ec3n khai h\u1ec7 th\u1ed1ng:<\/h4>\n<ul>\n<li>n\u00e2ng cao <strong>ch\u1ea5t l\u01b0\u1ee3ng d\u1ecbch v\u1ee5<\/strong> b\u1eb1ng c\u00e1ch \u0111\u01b0a ra t\u00ednh quy c\u1ee7 giao th\u00f4ng; gi\u1ea3m m\u1eadt \u0111\u1ed9 giao th\u00f4ng \u0111\u00f4ng \u0111\u00fac; gi\u1ea3m kho\u1ea3ng th\u1eddi gian tr\u00ean c\u00e1c tuy\u1ebfn \u0111\u01b0\u1eddng trong gi\u1edd cao \u0111i\u1ec3m; n\u00e2ng cao s\u1ef1 an to\u00e0n c\u1ee7a v\u1eadn t\u1ea3i h\u00e0nh kh\u00e1ch;<\/li>\n<li><strong>n\u00e2ng cao nh\u1eadn th\u1ee9c v\u1ec1 th\u00f4ng tin <\/strong>c\u1ee7a ng\u01b0\u1eddi d\u00e2n v\u1ec1 ho\u1ea1t \u0111\u1ed9ng v\u1eadn t\u1ea3i c\u00f4ng c\u1ed9ng;<\/li>\n<li>\u0111\u01b0a ra s\u1ef1 ki\u1ec3m so\u00e1t t\u1eadp trung c\u00f3 hi\u1ec7u qu\u1ea3 v\u00e0<strong> qu\u1ea3n l\u00fd v\u1eadn t\u1ea3i<\/strong> n\u00f3i chung;<\/li>\n<li>t\u0103ng c\u01b0\u1eddng <strong>qu\u1ea3n l\u00fd ch\u1ea5t l\u01b0\u1ee3ng<\/strong> c\u1ee7a c\u00e1c d\u1ecbch v\u1ee5 v\u1eadn t\u1ea3i c\u00f4ng c\u1ed9ng;<\/li>\n<li>cung c\u1ea5p vi\u1ec7c <strong>theo d\u00f5i t\u1eadp trung th\u1eddi gian v\u00e0 t\u1ed1c \u0111\u1ed9 \u0111i qua c\u00e1c tuy\u1ebfn \u0111\u01b0\u1eddng<\/strong>.<\/li>\n<\/ul>\n[\/vc_column_text][\/vc_column][\/vc_row]\n<\/section>","protected":false},"excerpt":{"rendered":"<p>[vc_row][vc_column][vc_row_inner][vc_column_inner width=&#8221;1\/2&#8243;][vc_column_text]Vi\u1ec7c th\u1ef1c hi\u1ec7n h\u1ec7 th\u1ed1ng cho ph\u00e9p h\u1ec7 th\u1ed1ng h\u00f3a v\u00e0 \u0111i\u1ec1u ti\u1ebft qu\u00e1 tr\u00ecnh di chuy\u1ec3n xe \u0111\u1ebfn tuy\u1ebfn \u0111\u01b0\u1eddng, l\u01b0u gi\u1eef h\u1ed3 s\u01a1 ch\u00ednh x\u00e1c v\u1ec1 m\u1ecdi ho\u1ea1t \u0111\u1ed9ng c\u1ee7a l\u00e1i xe v\u00e0 m\u1ecdi ho\u1ea1t \u0111\u1ed9ng c\u1ee7a c\u00e1c ph\u01b0\u01a1ng ti\u1ec7n giao th\u00f4ng c\u0169ng nh\u01b0 vi\u1ec7c \u0111\u01b0a ra s\u1ef1 giao ti\u1ebfp nhanh ch\u00f3ng&hellip;<\/p>\n","protected":false},"author":6,"featured_media":0,"parent":450,"menu_order":0,"comment_status":"closed","ping_status":"closed","template":"","meta":{"footnotes":""},"translation":{"provider":"WPGlobus","version":"2.12.2","language":"vi","enabled_languages":["en","ru","bg","vi"],"languages":{"en":{"title":true,"content":true,"excerpt":false},"ru":{"title":true,"content":true,"excerpt":false},"bg":{"title":false,"content":false,"excerpt":false},"vi":{"title":true,"content":true,"excerpt":false}}},"_links":{"self":[{"href":"https:\/\/lotgroup.eu\/vi\/wp-json\/wp\/v2\/pages\/1380"}],"collection":[{"href":"https:\/\/lotgroup.eu\/vi\/wp-json\/wp\/v2\/pages"}],"about":[{"href":"https:\/\/lotgroup.eu\/vi\/wp-json\/wp\/v2\/types\/page"}],"author":[{"embeddable":true,"href":"https:\/\/lotgroup.eu\/vi\/wp-json\/wp\/v2\/users\/6"}],"replies":[{"embeddable":true,"href":"https:\/\/lotgroup.eu\/vi\/wp-json\/wp\/v2\/comments?post=1380"}],"version-history":[{"count":18,"href":"https:\/\/lotgroup.eu\/vi\/wp-json\/wp\/v2\/pages\/1380\/revisions"}],"predecessor-version":[{"id":4504,"href":"https:\/\/lotgroup.eu\/vi\/wp-json\/wp\/v2\/pages\/1380\/revisions\/4504"}],"up":[{"embeddable":true,"href":"https:\/\/lotgroup.eu\/vi\/wp-json\/wp\/v2\/pages\/450"}],"wp:attachment":[{"href":"https:\/\/lotgroup.eu\/vi\/wp-json\/wp\/v2\/media?parent=1380"}],"curies":[{"name":"wp","href":"https:\/\/api.w.org\/{rel}","templated":true}]}}