{"id":1388,"date":"2016-08-31T10:07:46","date_gmt":"2016-08-31T07:07:46","guid":{"rendered":"http:\/\/i68176kq.bget.ru\/?page_id=1388"},"modified":"2018-01-25T18:59:43","modified_gmt":"2018-01-25T15:59:43","slug":"intersection-control-system","status":"publish","type":"page","link":"https:\/\/lotgroup.eu\/vi\/product\/smart-city\/intersection-control-system\/","title":{"rendered":"H\u1ec7 th\u1ed1ng ki\u1ec3m so\u00e1t giao l\u1ed9"},"content":{"rendered":"<section class=\"wpb-content-wrapper\">[vc_row][vc_column][vc_row_inner][vc_column_inner][vc_single_image image=&#8221;1446&#8243;][vc_empty_space height=&#8221;16px&#8221;][vc_column_text]H\u1ec7 th\u1ed1ng ki\u1ec3m so\u00e1t giao l\u1ed9 cung c\u1ea5p vi\u1ec7c \u0111i\u1ec1u khi\u1ec3n \u0111\u00e8n giao th\u00f4ng t\u1ef1 \u0111\u1ed9ng t\u1ea1i giao l\u1ed9 \u0111\u1ec3 \u0111\u01b0a ra c\u00e1c \u0111\u1eb7c quy\u1ec1n l\u01b0u th\u00f4ng \u0111\u1ed1i v\u1edbi xe c\u1ed9 khi b\u0103ng qua c\u00e1c giao l\u1ed9.<\/p>\n<p>H\u1ec7 th\u1ed1ng ki\u1ec3m so\u00e1t giao l\u1ed9 l\u00e0 m\u1ed9t h\u1ec7 th\u1ed1ng \u0111a c\u1ea5p ph\u1ee9c t\u1ea1p.<\/p>\n<p><strong>M\u1ee9c \u0111\u1ea7u ti\u00ean<\/strong> bao g\u1ed3m c\u00e1c thi\u1ebft b\u1ecb \u0111i\u1ec1u h\u00e0nh v\u00e0 c\u1ea3m bi\u1ebfn l\u01b0u l\u01b0\u1ee3ng giao th\u00f4ng: \u0111\u00e8n giao th\u00f4ng, b\u1ea3ng th\u00f4ng tin, ra-\u0111a s\u00f3ng c\u1ef1c ng\u1eafn, camera gi\u00e1m s\u00e1t v\u1edbi ch\u1ee9c n\u0103ng ph\u00e2n t\u00edch h\u1ed7 tr\u1ee3.<\/p>\n<p><strong>M\u1ee9c hai<\/strong> \u0111\u01b0\u1ee3c th\u1ef1c hi\u1ec7n b\u1edfi b\u1ed9 \u0111i\u1ec1u khi\u1ec3n tr\u00ean \u0111\u01b0\u1eddng. B\u1ed9 \u0111i\u1ec1u khi\u1ec3n cho ph\u00e9p ki\u1ec3m so\u00e1t c\u00e1c \u0111\u00e8n giao th\u00f4ng v\u00e0 b\u1ea3ng th\u00f4ng tin, thu th\u1eadp th\u00f4ng tin v\u1ec1 l\u01b0u l\u01b0\u1ee3ng giao th\u00f4ng v\u00e0 giao l\u1ed9 \u0111\u00f4ng \u0111\u00fac, ph\u00e2n t\u00edch v\u00e0 x\u1eed l\u00fd c\u00e1c th\u00f4ng tin nh\u1eadn \u0111\u01b0\u1ee3c v\u00e0 theo c\u00e1c d\u1eef li\u1ec7u n\u00e0y \u0111\u1ec3 ra kh\u1ecfi giao l\u1ed9, k\u1ebft n\u1ed1i v\u1edbi trung t\u00e2m \u0111i\u1ec1u khi\u1ec3n giao th\u00f4ng th\u00f4ng qua b\u1ea5t k\u1ef3 k\u00eanh truy\u1ec1n th\u00f4ng n\u00e0o, ghi l\u1ea1i l\u1ecbch s\u1eed ho\u1ea1t \u0111\u1ed9ng c\u1ee7a k\u00eanh \u0111\u00f3 \u0111\u1ec3 c\u00f3 c\u01a1 h\u1ed9i nh\u1eadn \u0111\u01b0\u1ee3c th\u00f4ng tin n\u00e0y khi xem x\u00e9t c\u00e1c t\u00ecnh hu\u1ed1ng kh\u00f3 gi\u1ea3i quy\u1ebft.<\/p>\n<p><strong>M\u1ee9c ba<\/strong> c\u1ee7a h\u1ec7 th\u1ed1ng \u0111\u01b0\u1ee3c d\u00f9ng \u0111\u1ec3 chuy\u1ec3n d\u1eef li\u1ec7u t\u1eeb b\u1ed9 \u0111i\u1ec1u khi\u1ec3n \u0111\u01b0\u1eddng b\u1ed9 \u0111\u1ebfn trung t\u00e2m \u0111i\u1ec1u khi\u1ec3n giao th\u00f4ng v\u00e0 n\u1ebfu c\u1ea7n thi\u1ebft, d\u00f9ng \u0111\u1ec3 nh\u1eadn c\u00e1c l\u1ec7nh \u0111i\u1ec1u khi\u1ec3n b\u1eb1ng c\u00e1c thi\u1ebft b\u1ecb \u1edf m\u1ee9c \u0111\u1ea7u ti\u00ean.<\/p>\n<p><strong>M\u1ee9c b\u1ed1n<\/strong> c\u1ee7a h\u1ec7 th\u1ed1ng \u0111\u01b0\u1ee3c th\u1ef1c hi\u1ec7n b\u1edfi n\u00fat m\u00e1y ch\u1ee7 trung t\u00e2m, trung t\u00e2m \u0111i\u1ec1u khi\u1ec3n giao th\u00f4ng trung t\u00e2m, n\u01a1i l\u00e0m vi\u1ec7c t\u1ef1 \u0111\u1ed9ng cung c\u1ea5p th\u00f4ng tin cho c\u00e1c h\u1ec7 th\u1ed1ng kh\u00e1c v\u00e0 cho ph\u00e9p ki\u1ec3m so\u00e1t c\u00e1c thi\u1ebft b\u1ecb c\u1ee7a c\u00e1c giao l\u1ed9 nh\u1ea5t \u0111\u1ecbnh v\u00e0 to\u00e0n b\u1ed9 h\u1ec7 th\u1ed1ng n\u00f3i chung.[\/vc_column_text][\/vc_column_inner][\/vc_row_inner][vc_column_text css=&#8221;.vc_custom_1497425612996{margin-top: -32px !important;}&#8221;]\n<h4>Tri\u1ec3n khai h\u1ec7 th\u1ed1ng ki\u1ec3m so\u00e1t Giao l\u1ed9 s\u1ebd cho ph\u00e9p gi\u1ea3i quy\u1ebft c\u00e1c v\u1ea5n \u0111\u1ec1 sau:<\/h4>\n<ul>\n<li>n\u00e2ng c\u00e1o <strong>ki\u1ec3m so\u00e1t giao th\u00f4ng<\/strong>;<\/li>\n<li><strong>gi\u1ea3m m\u1ee9c ph\u00e1t th\u1ea3i xe c\u01a1 gi\u1edbi <\/strong>t\u1eeb c\u00e1c xe \u00f4 t\u00f4 \u0111ang b\u1ecb k\u1eb9t xe;<\/li>\n<li>gi\u1ea3m th\u1eddi gian \u0111i l\u1ea1i v\u00e0<strong> t\u1ed5ng s\u1ed1 gi\u1ea3m ti\u00eau th\u1ee5 nhi\u00ean li\u1ec7u<\/strong>;<\/li>\n<li><strong>ki\u1ec3m so\u00e1t xe \u01b0u ti\u00ean <\/strong>tr\u00ean \u0111\u01b0\u1eddng \u0111\u1ed1i v\u1edbi nh\u1eefng ph\u01b0\u01a1ng ti\u1ec7n tham gia giao th\u00f4ng kh\u00e1c;<\/li>\n<li><strong>h\u1ed7 tr\u1ee3 t\u1ed1i \u0111a <\/strong>trong vi\u1ec7c n\u1eafm b\u1eaft l\u1ecbch tr\u00ecnh xe c\u1ed9;<\/li>\n<li>ph\u00f2ng ch\u1ed1ng \u00f9n t\u1eafc giao th\u00f4ng v\u00e0<strong> gi\u1ea3m th\u1eddi gian l\u00e0m \u00f9n t\u1eafc giao th\u00f4ng t\u1ea1i c\u00e1c giao l\u1ed9 ph\u1ee9c t\u1ea1p v\u00e0 \u0111\u00f4ng \u0111\u00fac<\/strong>;<\/li>\n<li>cung c\u1ea5p <strong>th\u00f4ng tin cho c\u00e1c d\u1ecbch v\u1ee5 c\u1ee7a th\u00e0nh ph\u1ed1 <\/strong>v\u1ec1 xa l\u1ed9 \u0111\u00f4ng \u0111\u00fac, cung c\u1ea5p kh\u1ea3 n\u0103ng thay \u0111\u1ed5i t\u00ecnh h\u00ecnh giao th\u00f4ng \u0111\u1ec3 gi\u1ea3i quy\u1ebft c\u00e1c t\u00ecnh hu\u1ed1ng kh\u1ea9n c\u1ea5p (\u01b0u ti\u00ean cho c\u00e1c lo\u1ea1i xe chuy\u00ean d\u00f9ng, vv).<\/li>\n<\/ul>\n[\/vc_column_text][\/vc_column][\/vc_row]\n<\/section>","protected":false},"excerpt":{"rendered":"<p>[vc_row][vc_column][vc_row_inner][vc_column_inner][vc_single_image image=&#8221;1446&#8243;][vc_empty_space height=&#8221;16px&#8221;][vc_column_text]H\u1ec7 th\u1ed1ng ki\u1ec3m so\u00e1t giao l\u1ed9 cung c\u1ea5p vi\u1ec7c \u0111i\u1ec1u khi\u1ec3n \u0111\u00e8n giao th\u00f4ng t\u1ef1 \u0111\u1ed9ng t\u1ea1i giao l\u1ed9 \u0111\u1ec3 \u0111\u01b0a ra c\u00e1c \u0111\u1eb7c quy\u1ec1n l\u01b0u th\u00f4ng \u0111\u1ed1i v\u1edbi xe c\u1ed9 khi b\u0103ng qua c\u00e1c giao l\u1ed9. H\u1ec7 th\u1ed1ng ki\u1ec3m so\u00e1t giao l\u1ed9 l\u00e0 m\u1ed9t h\u1ec7 th\u1ed1ng \u0111a c\u1ea5p ph\u1ee9c t\u1ea1p. M\u1ee9c \u0111\u1ea7u&hellip;<\/p>\n","protected":false},"author":6,"featured_media":0,"parent":450,"menu_order":0,"comment_status":"closed","ping_status":"closed","template":"","meta":{"footnotes":""},"translation":{"provider":"WPGlobus","version":"2.12.2","language":"vi","enabled_languages":["en","ru","bg","vi"],"languages":{"en":{"title":true,"content":true,"excerpt":false},"ru":{"title":true,"content":true,"excerpt":false},"bg":{"title":false,"content":false,"excerpt":false},"vi":{"title":true,"content":true,"excerpt":false}}},"_links":{"self":[{"href":"https:\/\/lotgroup.eu\/vi\/wp-json\/wp\/v2\/pages\/1388"}],"collection":[{"href":"https:\/\/lotgroup.eu\/vi\/wp-json\/wp\/v2\/pages"}],"about":[{"href":"https:\/\/lotgroup.eu\/vi\/wp-json\/wp\/v2\/types\/page"}],"author":[{"embeddable":true,"href":"https:\/\/lotgroup.eu\/vi\/wp-json\/wp\/v2\/users\/6"}],"replies":[{"embeddable":true,"href":"https:\/\/lotgroup.eu\/vi\/wp-json\/wp\/v2\/comments?post=1388"}],"version-history":[{"count":19,"href":"https:\/\/lotgroup.eu\/vi\/wp-json\/wp\/v2\/pages\/1388\/revisions"}],"predecessor-version":[{"id":4495,"href":"https:\/\/lotgroup.eu\/vi\/wp-json\/wp\/v2\/pages\/1388\/revisions\/4495"}],"up":[{"embeddable":true,"href":"https:\/\/lotgroup.eu\/vi\/wp-json\/wp\/v2\/pages\/450"}],"wp:attachment":[{"href":"https:\/\/lotgroup.eu\/vi\/wp-json\/wp\/v2\/media?parent=1388"}],"curies":[{"name":"wp","href":"https:\/\/api.w.org\/{rel}","templated":true}]}}