{"id":1395,"date":"2016-08-31T10:17:23","date_gmt":"2016-08-31T07:17:23","guid":{"rendered":"http:\/\/i68176kq.bget.ru\/?page_id=1395"},"modified":"2018-02-02T18:11:17","modified_gmt":"2018-02-02T15:11:17","slug":"cctv","status":"publish","type":"page","link":"https:\/\/lotgroup.eu\/vi\/product\/smart-city\/cctv\/","title":{"rendered":"CCTV &#8211; Camera gi\u00e1m s\u00e1t"},"content":{"rendered":"<section class=\"wpb-content-wrapper\">[vc_row][vc_column][vc_row_inner][vc_column_inner width=&#8221;2\/3&#8243;][vc_column_text]\u0110\u1ec3 ki\u1ec3m so\u00e1t giao th\u00f4ng v\u1eadn t\u1ea3i c\u00f4ng c\u1ed9ng v\u00e0 \u0111\u01b0a ra s\u1ef1 chuy\u1ec3n \u0111\u1ed9ng an to\u00e0n tr\u00ean c\u00e1c tuy\u1ebfn \u0111\u01b0\u1eddng, ch\u00fang t\u00f4i cung c\u1ea5p th\u1ef1c hi\u1ec7n c\u00e1c h\u1ec7 th\u1ed1ng ph\u1ee5 sau \u0111\u00e2y c\u1ee7a <strong>h\u1ec7 th\u1ed1ng CCTV (truy\u1ec1n h\u00ecnh m\u1ea1ch k\u00edn &#8211; Camera quan s\u00e1t<\/strong>):<\/p>\n<ul>\n<li>h\u1ec7 th\u1ed1ng ph\u1ee5 ph\u00e1t hi\u1ec7n video t\u1ef1 \u0111\u1ed9ng c\u1ee7a c\u00e1c ph\u01b0\u01a1ng ti\u1ec7n di chuy\u1ec3n;<\/li>\n<li>h\u1ec7 th\u1ed1ng ph\u00e1t hi\u1ec7n video t\u1ef1 \u0111\u1ed9ng c\u1ee7a c\u00e1c xe v\u01b0\u1ee3t \u0111\u00e8n \u0111\u1ecf;<\/li>\n<li>h\u1ec7 th\u1ed1ng \u0111o t\u1ed1c \u0111\u1ed9 t\u1eebng \u0111o\u1ea1n.<\/li>\n<\/ul>\n<p>H\u1ec7 th\u1ed1ng ph\u1ee5 t\u1ef1 \u0111\u1ed9ng ph\u00e1t hi\u1ec7n video c\u1ee7a <strong>c\u00e1c ph\u01b0\u01a1ng ti\u1ec7n di chuy\u1ec3n<\/strong> \u0111\u01b0a ra c\u00e1c ch\u1ee9c n\u0103ng sau::<\/p>\n<ul>\n<li>c\u00f4ng nh\u1eadn t\u1ea5m gi\u1ea5y ph\u00e9p l\u00e1i xe;<\/li>\n<li>t\u00ecm ki\u1ebfm xe b\u1ecb \u0111\u00e1nh c\u1eafp;<\/li>\n<li>ki\u1ec3m tra giao th\u00f4ng tr\u00ean \u0111\u01b0\u1eddng d\u00e0nh ri\u00eang cho xe bu\u00fdt v\u00e0 xe \u0111i\u1ec7n;<\/li>\n<li>gi\u00e1m s\u00e1t h\u1ec7 th\u1ed1ng l\u1ec7 ph\u00ed \u0111i\u1ec7n t\u1eed;<\/li>\n<li>gi\u1ea3i ph\u00e1p m\u00f4 \u0111un cho ph\u00e9p th\u1ef1c hi\u1ec7n c\u00e1c ch\u1ee9c n\u0103ng b\u1ed5 sung.<\/li>\n<\/ul>\n<p>H\u1ec7 th\u1ed1ng ph\u00e1t hi\u1ec7n video t\u1ef1 \u0111\u1ed9ng c\u1ee7a <strong>c\u00e1c xe v\u01b0\u1ee3t \u0111\u00e8n \u0111\u1ecf<\/strong> \u0111\u01b0a ra c\u00e1c ch\u1ee9c n\u0103ng sau:<\/p>\n<ul>\n<li>ph\u00e1t hi\u1ec7n video c\u1ee7a \u0111\u00e8n s\u00e1ng n\u00fat giao th\u00f4ng;<\/li>\n<li>c\u00f4ng nh\u1eadn t\u1ea5m gi\u1ea5y ph\u00e9p;<\/li>\n<li>l\u01b0u tr\u1eef t\u00e0i li\u1ec7u h\u00ecnh \u1ea3nh v\u00e0 vi ph\u1ea1m giao th\u00f4ng;<\/li>\n<li>t\u00f9y ch\u1ecdn kh\u00f4i ph\u1ee5c l\u1ea1i tai n\u1ea1n giao th\u00f4ng t\u1eeb h\u00ecnh \u1ea3nh \u0111\u00e3 ghi tr\u00ean video;<\/li>\n<li>k\u1ebft n\u1ed1i v\u1edbi \u0111\u00e8n n\u00fat giao th\u00f4ng kh\u00f4ng c\u1ea7n thi\u1ebft.<\/li>\n<\/ul>\n<p><strong>H\u1ec7 th\u1ed1ng ph\u1ee5 \u0111o t\u1ed1c \u0111\u1ed9 khu v\u1ef1c cung c\u1ea5p c\u00e1c ch\u1ee9c n\u0103ng sau:<\/strong><\/p>\n<ul>\n<li>c\u00f4ng nh\u1eadn t\u1ea5m gi\u1ea5y ph\u00e9p l\u00e1i xe;<\/li>\n<li>\u0111o m\u1ed9t \u0111o\u1ea1n \u0111\u01b0\u1eddng d\u00e0i t\u00f9y \u00fd;<\/li>\n<li>\u0111\u1ed9 tin c\u1eady v\u00e0 ch\u00ednh x\u00e1c cao;<\/li>\n<li>x\u1eed l\u00fd d\u1eef li\u1ec7u t\u1ef1 \u0111\u1ed9ng;<\/li>\n<li>d\u1ec5 d\u00e0ng x\u1eed l\u00fd vi ph\u1ea1m.<\/li>\n<\/ul>\n[\/vc_column_text][\/vc_column_inner][vc_column_inner width=&#8221;1\/3&#8243;][vc_single_image image=&#8221;1450&#8243;][\/vc_column_inner][\/vc_row_inner][\/vc_column][\/vc_row]\n<\/section>","protected":false},"excerpt":{"rendered":"<p>[vc_row][vc_column][vc_row_inner][vc_column_inner width=&#8221;2\/3&#8243;][vc_column_text]\u0110\u1ec3 ki\u1ec3m so\u00e1t giao th\u00f4ng v\u1eadn t\u1ea3i c\u00f4ng c\u1ed9ng v\u00e0 \u0111\u01b0a ra s\u1ef1 chuy\u1ec3n \u0111\u1ed9ng an to\u00e0n tr\u00ean c\u00e1c tuy\u1ebfn \u0111\u01b0\u1eddng, ch\u00fang t\u00f4i cung c\u1ea5p th\u1ef1c hi\u1ec7n c\u00e1c h\u1ec7 th\u1ed1ng ph\u1ee5 sau \u0111\u00e2y c\u1ee7a h\u1ec7 th\u1ed1ng CCTV (truy\u1ec1n h\u00ecnh m\u1ea1ch k\u00edn &#8211; Camera quan s\u00e1t): h\u1ec7 th\u1ed1ng ph\u1ee5 ph\u00e1t hi\u1ec7n video t\u1ef1 \u0111\u1ed9ng c\u1ee7a&hellip;<\/p>\n","protected":false},"author":6,"featured_media":0,"parent":450,"menu_order":0,"comment_status":"closed","ping_status":"closed","template":"","meta":{"footnotes":""},"translation":{"provider":"WPGlobus","version":"2.12.2","language":"vi","enabled_languages":["en","ru","bg","vi"],"languages":{"en":{"title":true,"content":true,"excerpt":false},"ru":{"title":true,"content":true,"excerpt":false},"bg":{"title":false,"content":false,"excerpt":false},"vi":{"title":true,"content":true,"excerpt":false}}},"_links":{"self":[{"href":"https:\/\/lotgroup.eu\/vi\/wp-json\/wp\/v2\/pages\/1395"}],"collection":[{"href":"https:\/\/lotgroup.eu\/vi\/wp-json\/wp\/v2\/pages"}],"about":[{"href":"https:\/\/lotgroup.eu\/vi\/wp-json\/wp\/v2\/types\/page"}],"author":[{"embeddable":true,"href":"https:\/\/lotgroup.eu\/vi\/wp-json\/wp\/v2\/users\/6"}],"replies":[{"embeddable":true,"href":"https:\/\/lotgroup.eu\/vi\/wp-json\/wp\/v2\/comments?post=1395"}],"version-history":[{"count":22,"href":"https:\/\/lotgroup.eu\/vi\/wp-json\/wp\/v2\/pages\/1395\/revisions"}],"predecessor-version":[{"id":4572,"href":"https:\/\/lotgroup.eu\/vi\/wp-json\/wp\/v2\/pages\/1395\/revisions\/4572"}],"up":[{"embeddable":true,"href":"https:\/\/lotgroup.eu\/vi\/wp-json\/wp\/v2\/pages\/450"}],"wp:attachment":[{"href":"https:\/\/lotgroup.eu\/vi\/wp-json\/wp\/v2\/media?parent=1395"}],"curies":[{"name":"wp","href":"https:\/\/api.w.org\/{rel}","templated":true}]}}