{"id":1401,"date":"2016-08-31T10:30:11","date_gmt":"2016-08-31T07:30:11","guid":{"rendered":"http:\/\/i68176kq.bget.ru\/?page_id=1401"},"modified":"2018-02-01T17:20:10","modified_gmt":"2018-02-01T14:20:10","slug":"automated-parking-system","status":"publish","type":"page","link":"https:\/\/lotgroup.eu\/vi\/product\/smart-city\/automated-parking-system\/","title":{"rendered":"H\u1ec7 th\u1ed1ng \u0111\u1ed7 xe t\u1ef1 \u0111\u1ed9ng"},"content":{"rendered":"<section class=\"wpb-content-wrapper\">[vc_row][vc_column][vc_row_inner][vc_column_inner width=&#8221;1\/2&#8243;][vc_column_text]Ng\u00e0y nay, trung t\u00e2m hi\u1ec7n \u0111\u1ea1i \u0111ang chuy\u1ec3n \u0111\u1ed9ng li\u00ean t\u1ee5c. Kh\u00f4ng th\u1ec3 t\u01b0\u1edfng t\u01b0\u1ee3ng \u0111\u01b0\u1ee3c s\u1ef1 d\u1ecbch chuy\u1ec3n n\u00e0y m\u00e0 kh\u00f4ng c\u00f3 c\u01a1 s\u1edf h\u1ea1 t\u1ea7ng v\u1eadn t\u1ea3i m\u1edf r\u1ed9ng v\u00e0 m\u1ea1ng l\u01b0\u1edbi b\u00e3i \u0111\u1ed7 xe r\u1ed9ng kh\u1eafp. C\u00e1c ch\u1ee7 c\u1ee7a b\u00e3i \u0111\u1ed7 xe lu\u00f4n ph\u1ea3i gi\u1ea3i quy\u1ebft c\u00e1c v\u1ea5n \u0111\u1ec1 v\u1ec1 s\u1ef1 kh\u00f4ng trung th\u1ef1c v\u00e0 l\u1ea1m quy\u1ec1n c\u1ee7a nh\u00e2n vi\u00ean v\u00e0 kh\u00e1ch h\u00e0ng c\u0169ng nh\u01b0 s\u1ed1 li\u1ec7u th\u1ed1ng k\u00ea kh\u00f4ng ch\u00ednh x\u00e1c, vv.<\/p>\n<p><strong>H\u1ec7 th\u1ed1ng thu ti\u1ec1n v\u00e9 t\u1ef1 \u0111\u1ed9ng cho b\u00e3i \u0111\u1ed7 xe LOT PARKING do T\u1eadp \u0111o\u00e0n LOT s\u1ea3n xu\u1ea5t l\u00e0 m\u1ed9t gi\u1ea3i ph\u00e1p hi\u1ec7u qu\u1ea3 v\u00e0 ph\u00f9 h\u1ee3p cho nh\u1eefng ng\u01b0\u1eddi \u0111i l\u1ea1i nhi\u1ec1u l\u1ea7n.<\/strong><\/p>\n<p>LOT PARKING nh\u1eb1m \u0111\u01b0a ra s\u1ef1 ki\u1ec3m so\u00e1t ch\u1ea5t l\u01b0\u1ee3ng v\u00e0 t\u1ef1 \u0111\u1ed9ng h\u00f3a t\u1ed1i \u0111a vi\u1ec7c \u0111i v\u00e0 \u0111\u1ebfn c\u1ee7a \u00f4 t\u00f4 c\u0169ng nh\u01b0 thu ti\u1ec1n v\u00e9 t\u1ef1 \u0111\u1ed9ng cho c\u00e1c d\u1ecbch v\u1ee5 \u0111\u1ed7 xe.[\/vc_column_text][\/vc_column_inner][vc_column_inner width=&#8221;1\/2&#8243;][vc_single_image image=&#8221;1453&#8243;][\/vc_column_inner][\/vc_row_inner][vc_row_inner][vc_column_inner width=&#8221;1\/4&#8243;][vc_single_image image=&#8221;2508&#8243; img_size=&#8221;medium&#8221; css=&#8221;.vc_custom_1473956031488{margin-top: 32px !important;}&#8221;][\/vc_column_inner][vc_column_inner width=&#8221;3\/4&#8243;][vc_column_text]\n<h4>\u01afu \u0111i\u1ec3m c\u1ee7a h\u1ec7 th\u1ed1ng LOT PARKING:<\/h4>\n<ul>\n<li>thu ti\u1ec1n v\u00e9 t\u1ef1 \u0111\u1ed9ng;<\/li>\n<li>ki\u1ec3m so\u00e1t t\u00e0i ch\u00ednh;<\/li>\n<li>theo d\u00f5i c\u00e1c s\u1ef1 ki\u1ec7n \u1edf ch\u1ebf \u0111\u1ed9 th\u1eddi gian th\u1ef1c;<\/li>\n<li>an ninh;<\/li>\n<li>s\u1ef1 thu\u1eadn ti\u1ec7n c\u1ee7a kh\u00e1ch h\u00e0ng.<\/li>\n<\/ul>\n[\/vc_column_text][vc_column_text]\n<h4>LOT PARKING \u0111ang gi\u1ea3i quy\u1ebft c\u00e1c v\u1ea5n \u0111\u1ec1 sau:<\/h4>\n<ul>\n<li>t\u1ef1 \u0111\u1ed9ng h\u00f3a vi\u1ec7c \u0111\u1ebfn\/r\u1eddi \u0111i c\u1ee7a xe \u00f4 t\u00f4 \u0111\u1ebfn b\u00e3i \u0111\u1ed7 xe;<\/li>\n<li>t\u1ef1 \u0111\u1ed9ng ho\u00e1 h\u1ec7 th\u1ed1ng thu ti\u1ec1n v\u00e9 d\u1ef1a tr\u00ean v\u00e9 c\u00f3 m\u00e3 v\u1ea1ch v\u00e0 th\u1ebb kh\u00f4ng ti\u1ebfp x\u00fac;<\/li>\n<li>ki\u1ec3m so\u00e1t v\u00e0 ph\u00e2n t\u00edch h\u1ee3p l\u00fd v\u1ec1 ho\u1ea1t \u0111\u1ed9ng t\u00e0i ch\u00ednh c\u1ee7a khu \u0111\u1ed7 xe t\u1ed5 h\u1ee3p;<\/li>\n<li>gi\u1ea3m s\u1ed1 l\u01b0\u1ee3ng nh\u00e2n vi\u00ean l\u1ea1m quy\u1ec1n v\u00e0 s\u1ed1 kh\u00e1ch h\u00e0ng kh\u00f4ng trung th\u1ef1c;<\/li>\n<li>theo d\u00f5i c\u00e1c s\u1ef1 ki\u1ec7n trong h\u1ec7 th\u1ed1ng LOT PARKING \u1edf ch\u1ebf \u0111\u1ed9 th\u1eddi gian th\u1ef1c;<\/li>\n<li>c\u00e1c \u0111i\u1ec1u ki\u1ec7n tho\u1ea3i m\u00e1i khi s\u1eed d\u1ee5ng d\u1ecbch v\u1ee5 \u0111\u1ed7 xe \u0111\u1ed1i v\u1edbi kh\u00e1ch h\u00e0ng.<\/li>\n<\/ul>\n[\/vc_column_text][vc_column_text]\n<h4><strong>H\u1ec7 th\u1ed1ng thu ti\u1ec1n v\u00e9 t\u1ef1 \u0111\u1ed9ng LOT PARKING c\u00f3 th\u1ec3 \u0111\u01b0\u1ee3c l\u1eafp \u0111\u1eb7t tr\u00ean c\u00e1c \u0111\u1ed1i t\u01b0\u1ee3ng ph\u1ea3i tr\u1ea3 d\u1ecbch v\u1ee5 \u0111\u1ed7 xe:<\/strong><\/h4>\n<ul>\n<li>tr\u00ean ph\u1ea1m vi <strong>khu t\u1ed5 h\u1ee3p \u0111\u1ed7 xe \u0111\u1eb7c bi\u1ec7t;<\/strong><\/li>\n<li>tr\u00ean khu v\u1ef1c \u0111\u1ed7 xe g\u1ea7n <strong>trung t\u00e2m th\u01b0\u01a1ng m\u1ea1i;<\/strong><\/li>\n<li>tr\u00ean khu v\u1ef1c \u0111\u1ed7 xe g\u1ea7n <strong>khu t\u1ed5 h\u1ee3p th\u1ec3 thao v\u00e0 gi\u1ea3i tr\u00ed;<\/strong><\/li>\n<li>tr\u00ean khu v\u1ef1c \u0111\u1ed7 xe g\u1ea7n <strong>nh\u00e0 ga v\u00e0 s\u00e2n bay;<\/strong><\/li>\n<li>tr\u00ean khu v\u1ef1c \u0111\u1ed7 xe g\u1ea7n <strong>kh\u00e1ch s\u1ea1n;<\/strong><\/li>\n<li>tr\u00ean khu v\u1ef1c \u0111\u1ed7 xe g\u1ea7n <strong>khu tri\u1ec3n l\u00e3m;<\/strong><\/li>\n<li>tr\u00ean khu v\u1ef1c \u0111\u1ed7 xe g\u1ea7n <strong>trung t\u00e2m mua s\u1eafm.<\/strong><\/li>\n<\/ul>\n[\/vc_column_text][vc_column_text]\n<h4>Tri\u1ec3n khai h\u1ec7 th\u1ed1ng LOT PARKING s\u1ebd cho ph\u00e9p:<\/h4>\n<ul>\n<li>t\u1ea1o ra m\u1ed9t H\u1ec7 th\u1ed1ng thu ti\u1ec1n v\u00e9 <strong>th\u00e2n thi\u1ec7n v\u1edbi ng\u01b0\u1eddi d\u00f9ng, d\u1ec5 d\u00e0ng v\u00e0 thu\u1eadn ti\u1ec7n<\/strong>;<\/li>\n<li>c\u1eaft gi\u1ea3m <strong>chi ph\u00ed lao \u0111\u1ed9ng;<\/strong><\/li>\n<li>\u0111\u1eb7t ra <strong>gi\u00e1 c\u01b0\u1edbc c\u00f3 th\u1ec3 qu\u1ea3n l\u00fd \u0111\u01b0\u1ee3c;<\/strong><\/li>\n<li>nh\u1eadn <strong>b\u00e1o c\u00e1o chi ti\u1ebft;<\/strong><\/li>\n<li>\u0111\u1ea3m b\u1ea3o <strong>ho\u1ea1t \u0111\u1ed9ng d\u01b0\u1edbi \u00e1p l\u1ef1c cao<\/strong> c\u1ee7a b\u00e3i \u0111\u1ed7 xe trong m\u1ed9t th\u1eddi gian d\u00e0i;<\/li>\n<li><strong>n\u00e2ng cao t\u00ednh hi\u1ec7u qu\u1ea3<\/strong> cho ch\u1ee7 b\u00e3i \u0111\u1ed7 xe.<\/li>\n<\/ul>\n[\/vc_column_text][\/vc_column_inner][\/vc_row_inner][vc_column_text]\n<h4>Th\u00e0nh ph\u1ea7n h\u1ec7 th\u1ed1ng<\/h4>\n<p class=\"main\" lang=\"ru-RU\"><span class=\"main\" lang=\"en-GB\">H\u1ec7 th\u1ed1ng thu ti\u1ec1n v\u00e9 t\u1ef1 \u0111\u1ed9ng LOT PARKING bao g\u1ed3m <a href=\"\/vi\/product\/production\/parking-equipment\/#1472465489914-427a6a37-5001\" target=\"_blank\" rel=\"noopener\">c\u1ed5ng v\u00e0o<\/a>, <a href=\"\/vi\/product\/production\/parking-equipment\/#1472472689614-41053bf6-5584\" target=\"_blank\" rel=\"noopener\">c\u1ed5ng ra<\/a>, <a href=\"\/vi\/product\/production\/parking-equipment\/#1472558269223-ed8f0f53-044a\" target=\"_blank\" rel=\"noopener\">c\u1ed5ng thanh to\u00e1n<\/a>, <a href=\"\/vi\/product\/production\/parking-equipment\/#1472558547695-f3e2ff70-e77c\" target=\"_blank\" rel=\"noopener\">m\u00e1y ch\u1ee7 h\u1ec7 th\u1ed1ng<\/a>, <a href=\"\/vi\/product\/production\/parking-equipment\/#1472558690011-73afd7ee-bd13\" target=\"_blank\" rel=\"noopener\">n\u01a1i l\u00e0m vi\u1ec7c t\u1ef1 \u0111\u1ed9ng c\u1ee7a qu\u1ea3n tr\u1ecb vi\u00ean<\/a>, n\u01a1i l\u00e0m vi\u1ec7c t\u1ef1 \u0111\u1ed9ng c\u1ee7a thu ng\u00e2n v\u00e0 ph\u1ea7n m\u1ec1m \u0111\u1eb7c bi\u1ec7t.<\/span><\/p>\n<p class=\"main\" lang=\"ru-RU\"><span class=\"main\" lang=\"en-GB\"><a href=\"\/vi\/product\/production\/parking-equipment\/#1472465489914-427a6a37-5001\" target=\"_blank\" rel=\"noopener\">C\u1ed5ng v\u00e0o<\/a> v\u00e0 <a href=\"\/vi\/product\/production\/parking-equipment\/#1472472689614-41053bf6-5584\" target=\"_blank\" rel=\"noopener\">c\u1ed5ng ra<\/a> c\u00f3 hai b\u1ed9 \u0111i\u1ec1u ch\u1ec9nh v\u00e0 cho ph\u00e9p s\u1eed d\u1ee5ng th\u1ebb kh\u00f4ng ti\u1ebfp x\u00fac ho\u1eb7c v\u00e9 c\u00f3 m\u00e3 v\u1ea1ch nh\u01b0 ph\u01b0\u01a1ng ti\u1ec7n thanh to\u00e1n.<\/span><\/p>\n<p class=\"main\" lang=\"ru-RU\"><span class=\"main\" lang=\"en-GB\">R\u00e0o ch\u1eafn l\u1ed1i v\u00e0o v\u00e0 l\u1ed1i ra c\u00f3 th\u1ec3 \u1edf trong b\u1ed9 ph\u00e2n ph\u1ed1i theo y\u00eau c\u1ea7u c\u1ee7a kh\u00e1ch h\u00e0ng.<\/span><\/p>\n[\/vc_column_text][vc_empty_space height=&#8221;16px&#8221;]<div class=\"vcex-image-grid-wrap wpex-clr\"><div class=\"vcex-module vcex-image-grid grid-style-default wpex-row wpex-clr wpex-lightbox-group\"><div class=\"id-3198 vcex-image-grid-entry vcex-grid-item textcenter span_1_of_1 col col-1\"><figure class=\"vcex-image-grid-entry-figure wpex-last-mb-0 wpex-clr\"><div class=\"vcex-image-grid-entry-img entry-media wpex-mb-20\"><a href=\"https:\/\/lotgroup.eu\/wp-content\/uploads\/2016\/08\/parking_02_system-composition.jpg\" class=\"vcex-image-grid-entry-link wpex-lightbox-group-item\" data-title=\"Parking System Composition\" data-caption=\"Parking System Composition\"><img width=\"1200\" height=\"751\" src=\"https:\/\/lotgroup.eu\/wp-content\/uploads\/2016\/08\/parking_02_system-composition.jpg\" class=\"wpex-align-middle\" alt=\"Parking System Composition\" decoding=\"async\" loading=\"lazy\" srcset=\"https:\/\/lotgroup.eu\/wp-content\/uploads\/2016\/08\/parking_02_system-composition.jpg 1200w, https:\/\/lotgroup.eu\/wp-content\/uploads\/2016\/08\/parking_02_system-composition-600x376.jpg 600w, https:\/\/lotgroup.eu\/wp-content\/uploads\/2016\/08\/parking_02_system-composition-768x481.jpg 768w\" sizes=\"(max-width: 1200px) 100vw, 1200px\" \/><\/a><\/div><\/figure><\/div><\/div><\/div>[vc_column_text]\n<h4>Xe \u0111\u1ebfn b\u00e3i \u0111\u1ed7 xe<\/h4>\n<p class=\"main\" lang=\"ru-RU\"><span lang=\"en-GB\">Khi m\u1ed9t chi\u1ebfc xe \u0111\u1ebfn khu v\u1ef1c ph\u1ee7 s\u00f3ng c\u1ee7a v\u00f2ng t\u1eeb c\u1ea3m \u1ee9ng \u0111\u1ea7u ti\u00ean, h\u1ec7 th\u1ed1ng cho ph\u00e9p xe ch\u1ea1y v\u00e0o b\u00e3i \u0111\u1ed7 xe. Ng\u01b0\u1eddi l\u00e1i xe ph\u1ea3i nh\u1ea5n n\u00fat tr\u00ean <a href=\"\/vi\/product\/production\/parking-equipment\/#1472465489914-427a6a37-5001\" target=\"_blank\" rel=\"noopener\">c\u1ed5ng v\u00e0o<\/a>. c\u1ed5ng v\u00e0o <a href=\"\/vi\/product\/production\/parking-equipment\/#1472465489914-427a6a37-5001\" target=\"_blank\" rel=\"noopener\">c\u1ed5ng v\u00e0o<\/a>, r\u00e0o ch\u1eafn s\u1ebd m\u1edf ra. TChi\u1ebfc xe v\u01b0\u1ee3t qua v\u00f2ng t\u1eeb c\u1ea3m \u1ee9ng \u0111\u1ea7u ti\u00ean v\u00e0 th\u1ee9 hai. T\u1ea1i th\u1eddi \u0111i\u1ec3m r\u1eddi kh\u1ecfi v\u00f2ng t\u1eeb th\u1ee9 hai, h\u1ec7 th\u1ed1ng chuy\u1ec3n l\u1ec7nh \u0111\u1ec3 \u0111\u00f3ng r\u00e0o ch\u1eafn l\u1ed1i v\u00e0o.<\/span><\/p>\n<p class=\"main\" lang=\"ru-RU\"><span lang=\"en-GB\">Vi\u1ec7c nh\u1eafc nh\u1edf ng\u01b0\u1eddi l\u00e1i xe \u0111\u01b0\u1ee3c hi\u1ec3n th\u1ecb tr\u00ean m\u00e0n h\u00ecnh \u0111\u1ee9ng. Trong tr\u01b0\u1eddng h\u1ee3p ng\u01b0\u1eddi l\u00e1i xe c\u00f3 th\u1eafc m\u1eafc, anh ta c\u00f3 th\u1ec3 giao ti\u1ebfp tho\u1ea1i v\u1edbi ng\u01b0\u1eddi qu\u1ea3n tr\u1ecb h\u1ec7 th\u1ed1ng.<\/span><\/p>\n[\/vc_column_text][vc_empty_space height=&#8221;16px&#8221;]<div class=\"vcex-image-grid-wrap wpex-clr\"><div class=\"vcex-module vcex-image-grid grid-style-default wpex-row wpex-clr wpex-lightbox-group\"><div class=\"id-1786 vcex-image-grid-entry vcex-grid-item textcenter span_1_of_1 col col-1\"><figure class=\"vcex-image-grid-entry-figure wpex-last-mb-0 wpex-clr\"><div class=\"vcex-image-grid-entry-img entry-media wpex-mb-20\"><a href=\"https:\/\/lotgroup.eu\/wp-content\/uploads\/2016\/08\/parking_03_car-arrival.png\" class=\"vcex-image-grid-entry-link wpex-lightbox-group-item\" data-title=\"Car arrival to the parking\" data-caption=\"Car arrival to the parking\"><img width=\"800\" height=\"803\" src=\"https:\/\/lotgroup.eu\/wp-content\/uploads\/2016\/08\/parking_03_car-arrival.png\" class=\"wpex-align-middle\" alt=\"Car arrival to the parking\" decoding=\"async\" loading=\"lazy\" srcset=\"https:\/\/lotgroup.eu\/wp-content\/uploads\/2016\/08\/parking_03_car-arrival.png 800w, https:\/\/lotgroup.eu\/wp-content\/uploads\/2016\/08\/parking_03_car-arrival-300x300.png 300w, https:\/\/lotgroup.eu\/wp-content\/uploads\/2016\/08\/parking_03_car-arrival-600x602.png 600w, https:\/\/lotgroup.eu\/wp-content\/uploads\/2016\/08\/parking_03_car-arrival-768x771.png 768w\" sizes=\"(max-width: 800px) 100vw, 800px\" \/><\/a><\/div><\/figure><\/div><\/div><\/div>[vc_column_text]\n<h4>Thanh to\u00e1n ph\u00ed \u0111\u1ed7 xe<\/h4>\n<p>\u0110\u1ec3 thanh to\u00e1n d\u1ecbch v\u1ee5 \u0111\u1ed7 xe, kh\u00e1ch h\u00e0ng c\u00f3 th\u1ec3 s\u1eed d\u1ee5ng c\u1ed5ng thanh to\u00e1n ho\u1eb7c thanh to\u00e1n qua c\u1eeda s\u1ed5 c\u1ee7a thu ng\u00e2n. Kh\u00e1ch h\u00e0ng \u0111\u01b0a ra th\u1ebb\/ v\u00e9 c\u00f3 m\u00e3 v\u1ea1ch nh\u1eadn \u0111\u01b0\u1ee3c t\u1ea1i c\u1ed5ng v\u00e0o. H\u1ec7 th\u1ed1ng x\u00e1c \u0111\u1ecbnh th\u1eddi gian \u0111\u1ebfn v\u00e0 t\u00ednh chi ph\u00ed c\u1ee7a c\u00e1c d\u1ecbch v\u1ee5 \u0111\u1ed7 xe theo thu\u1ebf su\u1ea5t hi\u1ec7n h\u00e0nh. Kh\u00e1ch h\u00e0ng ph\u1ea3i thanh to\u00e1n c\u00e1c d\u1ecbch v\u1ee5 t\u1ea1i c\u1ed5ng thanh to\u00e1n ho\u1eb7c qua c\u1eeda s\u1ed5 c\u1ee7a thu ng\u00e2n. H\u1ec7 th\u1ed1ng \u0111\u0103ng k\u00fd th\u00f4ng tin v\u1ec1 vi\u1ec7c thanh to\u00e1n v\u00e0 kh\u00e1ch h\u00e0ng c\u00f3 c\u01a1 h\u1ed9i \u0111\u1ec3 r\u1eddi b\u00e3i \u0111\u1ed7 xe.[\/vc_column_text][vc_column_text]\n<h4>H\u1ec7 th\u1ed1ng b\u1ea3ng gi\u00e1<\/h4>\n<p>H\u1ec7 th\u1ed1ng LOT PARKING \u0111\u01b0a ra h\u1ec7 th\u1ed1ng b\u1ea3ng gi\u00e1 linh ho\u1ea1t. T\u00f9y thu\u1ed9c v\u00e0o y\u00eau c\u1ea7u c\u1ee7a kh\u00e1ch h\u00e0ng, h\u1ec7 th\u1ed1ng cho ph\u00e9p ch\u1ecdn b\u1ea3ng gi\u00e1 c\u1ea7n thi\u1ebft.<\/p>\n<p>Chi ph\u00ed cho c\u00e1c d\u1ecbch v\u1ee5 \u0111\u1ed7 xe ph\u1ee5 thu\u1ed9c v\u00e0o th\u1eddi gian xe \u0111\u1ed7 trong b\u00e3i \u0111\u1ed7 xe. H\u1ec7 th\u1ed1ng t\u1ef1 \u0111\u1ed9ng LOT PARKING cho ph\u00e9p s\u1eed d\u1ee5ng c\u00e1c lo\u1ea1i b\u1ea3ng gi\u00e1 sau:<\/p>\n<ul>\n<li>ban ng\u00e0y;<\/li>\n<li>ban \u0111\u00eam;<\/li>\n<li>cu\u1ed1i tu\u1ea7n;<\/li>\n<li>theo gi\u1edd;<\/li>\n<li>h\u00e0ng ng\u00e0y.<\/li>\n<\/ul>\n[\/vc_column_text][vc_column_text]Kho\u1ea3ng th\u1eddi gian mi\u1ec5n ph\u00ed, khi m\u1ed9t kh\u00e1ch h\u00e0ng s\u1eed d\u1ee5ng b\u00e3i \u0111\u1ed7 xe mi\u1ec5n ph\u00ed, c\u00f3 th\u1ec3 \u0111\u01b0\u1ee3c th\u00eam v\u00e0o h\u1ec7 th\u1ed1ng theo y\u00eau c\u1ea7u c\u1ee7a kh\u00e1ch h\u00e0ng.<\/p>\n<p>H\u1ec7 th\u1ed1ng LOT PARKING \u0111\u01b0a ra h\u1ec7 th\u1ed1ng gi\u1ea3m gi\u00e1 linh ho\u1ea1t.[\/vc_column_text][vc_column_text]\n<h4 class=\"main\" lang=\"ru-RU\">Xe xu\u1ea5t ph\u00e1t t\u1eeb ph\u1ea1m vi b\u00e3i \u0111\u1ed7 xe<\/h4>\n<p class=\"main\" lang=\"ru-RU\"><span lang=\"en-GB\">Khi m\u1ed9t chi\u1ebfc xe r\u1eddi kh\u1ecfi ph\u1ea1m vi b\u00e3i \u0111\u1ed7 xe, xe s\u1ebd v\u00e0o khu v\u1ef1c ph\u1ee7 s\u00f3ng c\u1ee7a v\u00f2ng t\u1eeb c\u1ea3m \u1ee9ng \u0111\u1ea7u ti\u00ean v\u00e0 b\u1eaft \u0111\u1ea7u th\u1ee7 t\u1ee5c r\u1eddi b\u00e3i. Khi r\u1eddi kh\u1ecfi b\u00e3i \u0111\u1ed7 xe, kh\u00e1ch h\u00e0ng g\u00e0i th\u1ebb v\u00e0o <a href=\"\/vi\/product\/production\/parking-equipment\/#1472472689614-41053bf6-5584\" target=\"_blank\" rel=\"noopener\">c\u1ed5ng ra<\/a>. H\u1ec7 th\u1ed1ng ki\u1ec3m tra th\u1ef1c t\u1ebf thanh to\u00e1n theo t\u00e0i li\u1ec7u hi\u1ec3n th\u1ecb (th\u1ebb\/ v\u00e9 c\u00f3 m\u00e3 v\u1ea1ch). Trong tr\u01b0\u1eddng h\u1ee3p thanh to\u00e1n \u0111\u01b0\u1ee3c x\u00e1c nh\u1eadn th\u00e0nh c\u00f4ng, h\u1ec7 th\u1ed1ng s\u1ebd m\u1edf r\u00e0o ch\u1eafn l\u1ed1i ra. Kh\u00e1ch h\u00e0ng c\u00f3 quy\u1ec1n r\u1eddi kh\u1ecfi b\u00e3i \u0111\u1ed7 xe v\u00e0 sau khi kh\u00e1ch h\u00e0ng ra kh\u1ecfi v\u00f2ng t\u1eeb c\u1ea3m \u1ee9ng th\u1ee9 hai, h\u1ec7 th\u1ed1ng s\u1ebd \u0111\u00f3ng r\u00e0o ch\u1eafn l\u1ea1i.<\/span><\/p>\n[\/vc_column_text][vc_empty_space height=&#8221;16px&#8221;]<div class=\"vcex-image-grid-wrap wpex-clr\"><div class=\"vcex-module vcex-image-grid grid-style-default wpex-row wpex-clr wpex-lightbox-group\"><div class=\"id-1788 vcex-image-grid-entry vcex-grid-item textcenter span_1_of_1 col col-1\"><figure class=\"vcex-image-grid-entry-figure wpex-last-mb-0 wpex-clr\"><div class=\"vcex-image-grid-entry-img entry-media wpex-mb-20\"><a href=\"https:\/\/lotgroup.eu\/wp-content\/uploads\/2016\/08\/parking_04_car-departure.png\" class=\"vcex-image-grid-entry-link wpex-lightbox-group-item\" data-title=\"Car departure from the territory of the parking\" data-caption=\"Car departure from the territory of the parking\"><img width=\"800\" height=\"802\" src=\"https:\/\/lotgroup.eu\/wp-content\/uploads\/2016\/08\/parking_04_car-departure.png\" class=\"wpex-align-middle\" alt=\"Car departure from the territory of the parking\" decoding=\"async\" loading=\"lazy\" srcset=\"https:\/\/lotgroup.eu\/wp-content\/uploads\/2016\/08\/parking_04_car-departure.png 800w, https:\/\/lotgroup.eu\/wp-content\/uploads\/2016\/08\/parking_04_car-departure-300x300.png 300w, https:\/\/lotgroup.eu\/wp-content\/uploads\/2016\/08\/parking_04_car-departure-600x602.png 600w, https:\/\/lotgroup.eu\/wp-content\/uploads\/2016\/08\/parking_04_car-departure-768x770.png 768w\" sizes=\"(max-width: 800px) 100vw, 800px\" \/><\/a><\/div><\/figure><\/div><\/div><\/div>[vc_empty_space height=&#8221;16px&#8221;][vc_column_text]H\u1ec7 th\u1ed1ng ho\u1ea1t \u0111\u1ed9ng \u1edf ch\u1ebf \u0111\u1ed9 tr\u1ef1c tuy\u1ebfn do \u0111\u00f3 vi\u1ec7c k\u1ebft n\u1ed1i li\u00ean t\u1ee5c gi\u1eefa c\u00e1c thi\u1ebft b\u1ecb l\u00e0 c\u1ea7n thi\u1ebft cho ho\u1ea1t \u0111\u1ed9ng kh\u00f4ng m\u1eafc l\u1ed7i c\u1ee7a h\u1ec7 th\u1ed1ng.[\/vc_column_text][vc_row_inner css=&#8221;.vc_custom_1473686504673{margin-top: 16px !important;}&#8221;][vc_column_inner width=&#8221;1\/4&#8243;][vc_btn title=&#8221;C\u00c1C D\u1ef0 \u00c1N \u0110\u00c3 TH\u1ef0C HI\u1ec6N&#8221; shape=&#8221;square&#8221; link=&#8221;url:%2Freview%2Fselected-projects%2Fsmart-projects%2F%231472643823183-822a2532-343e|||&#8221;][\/vc_column_inner][vc_column_inner width=&#8221;1\/4&#8243;][vc_btn title=&#8221;XEM THI\u1ebeT B\u1eca&#8221; shape=&#8221;square&#8221; link=&#8221;url:%2Fvi%2Fproduct%2Fproduction%2Fparking-equipment%2F|||&#8221;][\/vc_column_inner][vc_column_inner width=&#8221;1\/4&#8243;][\/vc_column_inner][vc_column_inner width=&#8221;1\/4&#8243;][\/vc_column_inner][\/vc_row_inner][\/vc_column][\/vc_row]\n<\/section>","protected":false},"excerpt":{"rendered":"<p>[vc_row][vc_column][vc_row_inner][vc_column_inner width=&#8221;1\/2&#8243;][vc_column_text]Ng\u00e0y nay, trung t\u00e2m hi\u1ec7n \u0111\u1ea1i \u0111ang chuy\u1ec3n \u0111\u1ed9ng li\u00ean t\u1ee5c. Kh\u00f4ng th\u1ec3 t\u01b0\u1edfng t\u01b0\u1ee3ng \u0111\u01b0\u1ee3c s\u1ef1 d\u1ecbch chuy\u1ec3n n\u00e0y m\u00e0 kh\u00f4ng c\u00f3 c\u01a1 s\u1edf h\u1ea1 t\u1ea7ng v\u1eadn t\u1ea3i m\u1edf r\u1ed9ng v\u00e0 m\u1ea1ng l\u01b0\u1edbi b\u00e3i \u0111\u1ed7 xe r\u1ed9ng kh\u1eafp. C\u00e1c ch\u1ee7 c\u1ee7a b\u00e3i \u0111\u1ed7 xe lu\u00f4n ph\u1ea3i gi\u1ea3i quy\u1ebft c\u00e1c v\u1ea5n \u0111\u1ec1 v\u1ec1 s\u1ef1&hellip;<\/p>\n","protected":false},"author":6,"featured_media":0,"parent":450,"menu_order":0,"comment_status":"closed","ping_status":"closed","template":"","meta":{"footnotes":""},"translation":{"provider":"WPGlobus","version":"2.12.2","language":"vi","enabled_languages":["en","ru","bg","vi"],"languages":{"en":{"title":true,"content":true,"excerpt":false},"ru":{"title":true,"content":true,"excerpt":false},"bg":{"title":false,"content":false,"excerpt":false},"vi":{"title":true,"content":true,"excerpt":false}}},"_links":{"self":[{"href":"https:\/\/lotgroup.eu\/vi\/wp-json\/wp\/v2\/pages\/1401"}],"collection":[{"href":"https:\/\/lotgroup.eu\/vi\/wp-json\/wp\/v2\/pages"}],"about":[{"href":"https:\/\/lotgroup.eu\/vi\/wp-json\/wp\/v2\/types\/page"}],"author":[{"embeddable":true,"href":"https:\/\/lotgroup.eu\/vi\/wp-json\/wp\/v2\/users\/6"}],"replies":[{"embeddable":true,"href":"https:\/\/lotgroup.eu\/vi\/wp-json\/wp\/v2\/comments?post=1401"}],"version-history":[{"count":43,"href":"https:\/\/lotgroup.eu\/vi\/wp-json\/wp\/v2\/pages\/1401\/revisions"}],"predecessor-version":[{"id":5598,"href":"https:\/\/lotgroup.eu\/vi\/wp-json\/wp\/v2\/pages\/1401\/revisions\/5598"}],"up":[{"embeddable":true,"href":"https:\/\/lotgroup.eu\/vi\/wp-json\/wp\/v2\/pages\/450"}],"wp:attachment":[{"href":"https:\/\/lotgroup.eu\/vi\/wp-json\/wp\/v2\/media?parent=1401"}],"curies":[{"name":"wp","href":"https:\/\/api.w.org\/{rel}","templated":true}]}}