{"id":1417,"date":"2016-08-31T10:57:16","date_gmt":"2016-08-31T07:57:16","guid":{"rendered":"http:\/\/i68176kq.bget.ru\/?page_id=1417"},"modified":"2018-01-26T15:04:10","modified_gmt":"2018-01-26T12:04:10","slug":"public-address-system","status":"publish","type":"page","link":"https:\/\/lotgroup.eu\/vi\/product\/smart-city\/public-address-system\/","title":{"rendered":"H\u1ec7 th\u1ed1ng \u0111\u1ecba ch\u1ec9 c\u00f4ng c\u1ed9ng (PAS)"},"content":{"rendered":"<section class=\"wpb-content-wrapper\">[vc_row][vc_column][vc_empty_space][vc_single_image image=&#8221;3225&#8243;][vc_empty_space][vc_column_text]H\u1ec7 th\u1ed1ng \u0111\u1ecba ch\u1ec9 c\u00f4ng c\u1ed9ng nh\u1eb1m cung c\u1ea5p \u0111\u1ecba ch\u1ec9 cho h\u00e0nh kh\u00e1ch qua th\u00f4ng b\u00e1o b\u1eb1ng gi\u1ecdng n\u00f3i t\u1ea1i c\u00e1c \u0111i\u1ec3m d\u1eebng ch\u00e2n v\u00e0 t\u1ea1i c\u00e1c giao l\u1ed9.<\/p>\n<p>Th\u00f4ng b\u00e1o b\u1eb1ng gi\u1ecdng n\u00f3i cho h\u00e0nh kh\u00e1ch l\u00e0 m\u1ed9t ph\u1ea7n b\u1ed5 sung c\u1ee7a <a href=\"\/vi\/product\/smart-city\/passenger-information-system\/\" target=\"_blank\" rel=\"noopener\"> H\u1ec7 th\u1ed1ng th\u00f4ng tin h\u00e0nh kh\u00e1ch (PIS)<\/a> cho ph\u00e9p <strong>th\u1ef1c hi\u1ec7n c\u00e1c ch\u1ee9c n\u0103ng sau<\/strong>:<\/p>\n<ul>\n<li>th\u00f4ng b\u00e1o v\u1ec1 th\u1eddi gian kh\u1edfi h\u00e0nh\/th\u1eddi gian \u0111\u1ebfn c\u1ee7a xe bu\u00fdt v\u1edbi ch\u1ec9 d\u1eabn v\u1ec1 tuy\u1ebfn \u0111\u01b0\u1eddng;<\/li>\n<li>th\u00f4ng b\u00e1o b\u1eb1ng gi\u1ecdng n\u00f3i cho h\u00e0nh kh\u00e1ch v\u1ec1 nh\u1eefng thay \u0111\u1ed5i trong l\u1ecbch tr\u00ecnh xe bu\u00fdt (tr\u00ec ho\u00e3n, h\u1ee7y b\u1ecf, vv);<\/li>\n<li>cung c\u1ea5p th\u00f4ng tin d\u1ecbch v\u1ee5 (th\u00f4ng tin v\u1ec1 c\u00e1ch s\u1eed d\u1ee5ng c\u00e1c thi\u1ebft b\u1ecb h\u1ec7 th\u1ed1ng AFC, th\u00f4ng tin v\u1ec1 c\u00e1c y\u00eau c\u1ea7u v\u1ec1 an to\u00e0n, vv);<\/li>\n<li>b\u1eaft bu\u1ed9c chuy\u1ec3n c\u00e1c tin nh\u1eafn tho\u1ea1i \u0111\u1ebfn c\u00e1c nh\u00e2n vi\u00ean ph\u1ee5 tr\u00e1ch c\u1ee7a h\u1ec7 th\u1ed1ng PAS \u0111\u1ebfn b\u1ea5t k\u1ef3 tr\u1ea1m n\u00e0o;<\/li>\n<li>b\u1eaft bu\u1ed9c chuy\u1ec3n c\u00e1c tin nh\u1eafntho\u1ea1i \u0111\u1ebfn c\u00e1c nh\u00e2n vi\u00ean ph\u1ee5 tr\u00e1ch t\u1ea1i tr\u1ea1m;<\/li>\n<li>b\u00e1o c\u00e1o c\u1ea3nh b\u00e1o (ch\u00e1y, \u0111e d\u1ecda kh\u1ee7ng b\u1ed1, vv);<\/li>\n<li>cung c\u1ea5p th\u00f4ng tin kh\u00e1ch du l\u1ecbch v\u00e0 qu\u1ea3ng c\u00e1o (xem t\u1ea1i tr\u1ea1m);<\/li>\n<li>kh\u1ea3 n\u0103ng ph\u00e1t s\u00f3ng nh\u1ea1c n\u1ec1n.<\/li>\n<\/ul>\n<p>H\u1ec7 th\u1ed1ng PAS nh\u1eadn \u0111\u01b0\u1ee3c th\u00f4ng tin t\u1eeb c\u00e1c h\u1ec7 th\u1ed1ng kh\u00e1c (H\u1ec7 th\u1ed1ng \u0111\u1ecbnh v\u1ecb to\u00e0n c\u1ea7u, <a href=\"\/vi\/product\/smart-city\/passenger-information-system\/\" target=\"_blank\" rel=\"noopener\">H\u1ec7 th\u1ed1ng th\u00f4ng tin h\u00e0nh kh\u00e1ch<\/a>) \u0111\u01b0\u1ee3c th\u1ef1c hi\u1ec7n \u0111\u1ed3ng b\u1ed9 \u0111\u1ed1i v\u1edbi h\u00e0nh kh\u00e1ch. H\u1ec7 th\u1ed1ng PAS c\u00f3 c\u00e1c giao di\u1ec7n t\u01b0\u01a1ng t\u00e1c v\u1edbi c\u00e1c h\u1ec7 th\u1ed1ng kh\u00e1c v\u00ed d\u1ee5 nh\u01b0 h\u1ec7 th\u1ed1ng ch\u1eefa ch\u00e1y.[\/vc_column_text][\/vc_column][\/vc_row]\n<\/section>","protected":false},"excerpt":{"rendered":"<p>[vc_row][vc_column][vc_empty_space][vc_single_image image=&#8221;3225&#8243;][vc_empty_space][vc_column_text]H\u1ec7 th\u1ed1ng \u0111\u1ecba ch\u1ec9 c\u00f4ng c\u1ed9ng nh\u1eb1m cung c\u1ea5p \u0111\u1ecba ch\u1ec9 cho h\u00e0nh kh\u00e1ch qua th\u00f4ng b\u00e1o b\u1eb1ng gi\u1ecdng n\u00f3i t\u1ea1i c\u00e1c \u0111i\u1ec3m d\u1eebng ch\u00e2n v\u00e0 t\u1ea1i c\u00e1c giao l\u1ed9. Th\u00f4ng b\u00e1o b\u1eb1ng gi\u1ecdng n\u00f3i cho h\u00e0nh kh\u00e1ch l\u00e0 m\u1ed9t ph\u1ea7n b\u1ed5 sung c\u1ee7a H\u1ec7 th\u1ed1ng th\u00f4ng tin h\u00e0nh kh\u00e1ch (PIS) cho ph\u00e9p th\u1ef1c&hellip;<\/p>\n","protected":false},"author":6,"featured_media":0,"parent":450,"menu_order":0,"comment_status":"closed","ping_status":"closed","template":"","meta":{"footnotes":""},"translation":{"provider":"WPGlobus","version":"2.12.2","language":"vi","enabled_languages":["en","ru","bg","vi"],"languages":{"en":{"title":true,"content":true,"excerpt":false},"ru":{"title":true,"content":true,"excerpt":false},"bg":{"title":false,"content":false,"excerpt":false},"vi":{"title":true,"content":true,"excerpt":false}}},"_links":{"self":[{"href":"https:\/\/lotgroup.eu\/vi\/wp-json\/wp\/v2\/pages\/1417"}],"collection":[{"href":"https:\/\/lotgroup.eu\/vi\/wp-json\/wp\/v2\/pages"}],"about":[{"href":"https:\/\/lotgroup.eu\/vi\/wp-json\/wp\/v2\/types\/page"}],"author":[{"embeddable":true,"href":"https:\/\/lotgroup.eu\/vi\/wp-json\/wp\/v2\/users\/6"}],"replies":[{"embeddable":true,"href":"https:\/\/lotgroup.eu\/vi\/wp-json\/wp\/v2\/comments?post=1417"}],"version-history":[{"count":19,"href":"https:\/\/lotgroup.eu\/vi\/wp-json\/wp\/v2\/pages\/1417\/revisions"}],"predecessor-version":[{"id":4526,"href":"https:\/\/lotgroup.eu\/vi\/wp-json\/wp\/v2\/pages\/1417\/revisions\/4526"}],"up":[{"embeddable":true,"href":"https:\/\/lotgroup.eu\/vi\/wp-json\/wp\/v2\/pages\/450"}],"wp:attachment":[{"href":"https:\/\/lotgroup.eu\/vi\/wp-json\/wp\/v2\/media?parent=1417"}],"curies":[{"name":"wp","href":"https:\/\/api.w.org\/{rel}","templated":true}]}}