{"id":1424,"date":"2016-08-31T11:03:15","date_gmt":"2016-08-31T08:03:15","guid":{"rendered":"http:\/\/i68176kq.bget.ru\/?page_id=1424"},"modified":"2018-01-26T14:06:27","modified_gmt":"2018-01-26T11:06:27","slug":"unified-precisiontime-system","status":"publish","type":"page","link":"https:\/\/lotgroup.eu\/vi\/product\/smart-city\/unified-precisiontime-system\/","title":{"rendered":"H\u1ec7 th\u1ed1ng th\u1eddi gian ch\u00ednh x\u00e1c h\u1ee3p nh\u1ea5t"},"content":{"rendered":"<section class=\"wpb-content-wrapper\">[vc_row][vc_column][vc_column_text]H\u1ec7 th\u1ed1ng th\u1eddi gian ch\u00ednh x\u00e1c h\u1ee3p nh\u1ea5t \u0111\u1ec3 \u0111\u1ed3ng b\u1ed9 h\u00f3a th\u1eddi gian ch\u00ednh x\u00e1c v\u1edbi t\u1ea5t c\u1ea3 c\u00e1c h\u1ec7 th\u1ed1ng \u0111\u00f2i h\u1ecfi \u0111\u1ed3ng b\u1ed9 h\u00f3a th\u1eddi gian v\u00e0 hi\u1ec3n th\u1ecb th\u1eddi gian cho nh\u00e2n vi\u00ean v\u00e0 h\u00e0nh kh\u00e1ch.<br \/>\nH\u1ec7 th\u1ed1ng s\u1ebd \u0111\u1ed3ng b\u1ed9 h\u00f3a th\u1eddi gian c\u1ee7a m\u00e1y ch\u1ee7 th\u1eddi gian trung t\u00e2m (H\u1ec7 th\u1ed1ng \u0111\u1ed3ng h\u1ed3 trung t\u00e2m ch\u00ednh) v\u1edbi Gi\u1edd ph\u1ed1i h\u1ee3p qu\u1ed1c t\u1ebf v\u00e0 t\u1ea5t c\u1ea3 c\u00e1c \u0111\u1ed3ng h\u1ed3 l\u00e0m vi\u1ec7c li\u00ean t\u1ee5c \u0111\u01b0\u1ee3c \u0111\u1ed3ng b\u1ed9 v\u1edbi m\u00e1y ch\u1ee7 th\u1eddi gian trung t\u00e2m c\u1ee7a h\u1ec7 th\u1ed1ng.[\/vc_column_text][vc_row_inner][vc_column_inner width=&#8221;1\/2&#8243; css=&#8221;.vc_custom_1473956520536{margin-top: 32px !important;}&#8221;][vc_column_text]H\u1ec7 th\u1ed1ng th\u1eddi gian ch\u00ednh x\u00e1c h\u1ee3p nh\u1ea5t<strong> bao g\u1ed3m<\/strong>:<\/p>\n<ul>\n<li>m\u1ed9t m\u00e1y ch\u1ee7 th\u1eddi gian trung t\u00e2m (H\u1ec7 th\u1ed1ng \u0111\u1ed3ng h\u1ed3 trung t\u00e2m ch\u00ednh) \u0111\u1eb7t \u1edf OCC;<\/li>\n<li>C\u00e1c \u0111\u1ed3ng h\u1ed3 ch\u00ednh l\u00e0m vi\u1ec7c li\u00ean t\u1ee5c \u1edf c\u00e1c tr\u1ea1m;<\/li>\n<li>C\u00e1c \u0111\u1ed3ng h\u1ed3 hi\u1ec3n th\u1ecb s\u1ed1\/h\u00ecnh th\u1ee9c t\u01b0\u01a1ng t\u1ef1, \u0111\u1eb7t \u1edf c\u00e1c tr\u1ea1m, t\u1ea1i OCC, kho h\u00e0ng, t\u00f2a nh\u00e0 d\u1ecbch v\u1ee5 v\u00e0 v\u0103n ph\u00f2ng, vv.<\/li>\n<\/ul>\n[\/vc_column_text][\/vc_column_inner][vc_column_inner width=&#8221;1\/2&#8243;][vc_single_image image=&#8221;1670&#8243; css=&#8221;.vc_custom_1473956654482{margin-top: 96px !important;}&#8221;][\/vc_column_inner][\/vc_row_inner][vc_column_text]Vi\u1ec7c th\u1ef1c hi\u1ec7n H\u1ec7 th\u1ed1ng th\u1eddi gian ch\u00ednh x\u00e1c h\u1ee3p nh\u1ea5t s\u1ebd cho ph\u00e9p \u0111\u1ed3ng b\u1ed9 h\u00f3a ho\u1ea1t \u0111\u1ed9ng c\u1ee7a t\u1ea5t c\u1ea3 c\u00e1c h\u1ec7 th\u1ed1ng, th\u1ef1c hi\u1ec7n \u0111\u1ed3ng th\u1eddi c\u00e1c l\u1ec7nh \u0111i\u1ec1u khi\u1ec3n \u0111\u1ed1i v\u1edbi c\u00e1c h\u1ec7 th\u1ed1ng kh\u00e1c nhau t\u1eeb OCC c\u0169ng nh\u01b0 th\u1ef1c hi\u1ec7n vi\u1ec7c ghi l\u1ea1i t\u1ea5t c\u1ea3 c\u00e1c ho\u1ea1t \u0111\u1ed9ng h\u1ec7 th\u1ed1ng theo th\u1eddi gian chung.[\/vc_column_text][\/vc_column][\/vc_row]\n<\/section>","protected":false},"excerpt":{"rendered":"<p>[vc_row][vc_column][vc_column_text]H\u1ec7 th\u1ed1ng th\u1eddi gian ch\u00ednh x\u00e1c h\u1ee3p nh\u1ea5t \u0111\u1ec3 \u0111\u1ed3ng b\u1ed9 h\u00f3a th\u1eddi gian ch\u00ednh x\u00e1c v\u1edbi t\u1ea5t c\u1ea3 c\u00e1c h\u1ec7 th\u1ed1ng \u0111\u00f2i h\u1ecfi \u0111\u1ed3ng b\u1ed9 h\u00f3a th\u1eddi gian v\u00e0 hi\u1ec3n th\u1ecb th\u1eddi gian cho nh\u00e2n vi\u00ean v\u00e0 h\u00e0nh kh\u00e1ch. H\u1ec7 th\u1ed1ng s\u1ebd \u0111\u1ed3ng b\u1ed9 h\u00f3a th\u1eddi gian c\u1ee7a m\u00e1y ch\u1ee7 th\u1eddi gian trung t\u00e2m&hellip;<\/p>\n","protected":false},"author":6,"featured_media":0,"parent":450,"menu_order":0,"comment_status":"closed","ping_status":"closed","template":"","meta":{"footnotes":""},"translation":{"provider":"WPGlobus","version":"2.12.2","language":"vi","enabled_languages":["en","ru","bg","vi"],"languages":{"en":{"title":true,"content":true,"excerpt":false},"ru":{"title":true,"content":true,"excerpt":false},"bg":{"title":false,"content":false,"excerpt":false},"vi":{"title":true,"content":true,"excerpt":false}}},"_links":{"self":[{"href":"https:\/\/lotgroup.eu\/vi\/wp-json\/wp\/v2\/pages\/1424"}],"collection":[{"href":"https:\/\/lotgroup.eu\/vi\/wp-json\/wp\/v2\/pages"}],"about":[{"href":"https:\/\/lotgroup.eu\/vi\/wp-json\/wp\/v2\/types\/page"}],"author":[{"embeddable":true,"href":"https:\/\/lotgroup.eu\/vi\/wp-json\/wp\/v2\/users\/6"}],"replies":[{"embeddable":true,"href":"https:\/\/lotgroup.eu\/vi\/wp-json\/wp\/v2\/comments?post=1424"}],"version-history":[{"count":17,"href":"https:\/\/lotgroup.eu\/vi\/wp-json\/wp\/v2\/pages\/1424\/revisions"}],"predecessor-version":[{"id":4521,"href":"https:\/\/lotgroup.eu\/vi\/wp-json\/wp\/v2\/pages\/1424\/revisions\/4521"}],"up":[{"embeddable":true,"href":"https:\/\/lotgroup.eu\/vi\/wp-json\/wp\/v2\/pages\/450"}],"wp:attachment":[{"href":"https:\/\/lotgroup.eu\/vi\/wp-json\/wp\/v2\/media?parent=1424"}],"curies":[{"name":"wp","href":"https:\/\/api.w.org\/{rel}","templated":true}]}}