{"id":1428,"date":"2016-08-31T11:14:52","date_gmt":"2016-08-31T08:14:52","guid":{"rendered":"http:\/\/i68176kq.bget.ru\/?page_id=1428"},"modified":"2018-02-15T16:28:43","modified_gmt":"2018-02-15T13:28:43","slug":"multi-services-network","status":"publish","type":"page","link":"https:\/\/lotgroup.eu\/vi\/product\/smart-city\/multi-services-network\/","title":{"rendered":"M\u1ea1ng l\u01b0\u1edbi \u0111a d\u1ecbch v\u1ee5"},"content":{"rendered":"<section class=\"wpb-content-wrapper\">[vc_row][vc_column][vc_row_inner][vc_column_inner][vc_single_image image=&#8221;1614&#8243;][vc_empty_space height=&#8221;16px&#8221;][vc_column_text]M\u1ea1ng l\u01b0\u1edbi \u0111a d\u1ecbch v\u1ee5 (MSN) l\u00e0 m\u1ea1ng Gigabit Ethernet d\u1ef1 ph\u00f2ng \u0111a d\u1ecbch v\u1ee5 \u0111\u01b0\u1ee3c thi\u1ebft k\u1ebf \u0111\u1ec3 cung c\u1ea5p <strong>h\u1ea1 t\u1ea7ng vi\u1ec5n th\u00f4ng \u0111\u01b0\u1ee3c t\u1ed5 ch\u1ee9c t\u1ed1t<\/strong> bao g\u1ed3m t\u1ea5t c\u1ea3 c\u00e1c \u0111\u1ed1i t\u01b0\u1ee3ng chi\u1ebfn l\u01b0\u1ee3c nh\u01b0 OCC, tr\u1ea1m ph\u00e1t, kho h\u00e0ng, t\u00f2a nh\u00e0 v\u0103n ph\u00f2ng d\u1ecbch v\u1ee5 v\u00e0 b\u1ea5t k\u1ef3 n\u01a1i n\u00e0o kh\u00e1c li\u00ean quan \u0111\u1ebfn giao th\u00f4ng c\u00f4ng c\u1ed9ng. MSN c\u0169ng cung c\u1ea5p c\u00e1c k\u00eanh truy\u1ec1n th\u00f4ng \u0111\u00e1ng tin c\u1eady gi\u1eefa c\u00e1c v\u1ecb tr\u00ed chi\u1ebfn l\u01b0\u1ee3c quan tr\u1ecdng v\u00e0 b\u00e3i \u0111\u1ed7 xe ho\u1eb7c nh\u00e2n vi\u00ean \u0111i\u1ec1u h\u00e0nh di \u0111\u1ed9ng.<\/p>\n<p>MSN truy\u1ec1n d\u1eef li\u1ec7u \u0111\u00e1ng tin c\u1eady gi\u1eefa t\u1ea5t c\u1ea3 c\u00e1c n\u00fat m\u1ea1ng v\u00e0 c\u00e1c h\u1ec7 th\u1ed1ng.<\/p>\n<p>C\u1ea5u tr\u00fac li\u00ean k\u1ebft m\u1ea1ng cho M\u1ea1ng l\u01b0\u1edbi Ethernet Gigabit d\u1ef1 ph\u00f2ng \u0111a d\u1ecbch v\u1ee5 \u0111\u1ec3 li\u00ean k\u1ebft c\u00e1c n\u00fat Trang ch\u1ee7 s\u1ebd l\u00e0 m\u1ed9t<strong> \u00ab<\/strong>c<strong>\u1ea5u tr\u00fac li\u00ean k\u1ebft v\u00f2ng k\u00e9p \u00bb<\/strong>:<\/p>\n<ul>\n<li>m\u1ed7i n\u00fat c\u1ee7a m\u1ea1ng l\u01b0\u1edbi s\u1ebd \u0111\u01b0\u1ee3c k\u1ebft n\u1ed1i v\u1edbi hai n\u00fat kh\u00e1c trong m\u1ea1ng l\u01b0\u1edbi, v\u1edbi hai m\u1ed1i n\u1ed1i \u0111\u1ebfn m\u1ed7i n\u00fat n\u00e0y, v\u00e0 v\u1edbi n\u00fat \u0111\u1ea7u ti\u00ean v\u00e0 n\u00fat cu\u1ed1i c\u00f9ng \u0111\u01b0\u1ee3c k\u1ebft n\u1ed1i v\u1edbi nhau b\u1eb1ng hai m\u1ed1i n\u1ed1i, t\u1ea1o th\u00e0nh m\u1ed9t v\u00f2ng k\u00e9p;<\/li>\n<li>c\u1ea5u tr\u00fac li\u00ean k\u1ebft m\u1ea1ng v\u00f2ng k\u00e9p cho ph\u00e9p truy\u1ec1n t\u1ea3i t\u1ea5t c\u1ea3 c\u00e1c kh\u1ed1i l\u01b0\u1ee3ng d\u1eef li\u1ec7u c\u1ea7n thi\u1ebft trong tr\u01b0\u1eddng h\u1ee3p ng\u1eaft c\u00e1p quang ho\u1eb7c m\u1ed9t trong c\u00e1c n\u00fat h\u1ec7 th\u1ed1ng b\u1ecb h\u01b0 h\u1ecfng. T\u1ea5t c\u1ea3 thi\u1ebft b\u1ecb MSN \u0111\u1ec1u c\u00f3 m\u1ee9c sao l\u01b0u c\u1ea7n thi\u1ebft \u0111\u1ec3 kh\u00f4ng m\u1ea5t d\u1eef li\u1ec7u \u0111\u00e3 truy\u1ec1n t\u1ea3i.<\/li>\n<\/ul>\n<p>Theo d\u00f5i v\u00e0 ki\u1ec3m so\u00e1t MSN \u0111\u01b0\u1ee3c ti\u1ebfn h\u00e0nh t\u1eeb OCC, n\u01a1i l\u00e0m vi\u1ec7c t\u1ef1 \u0111\u1ed9ng c\u1ee7a qu\u1ea3n tr\u1ecb vi\u00ean m\u1ea1ng \u0111\u01b0\u1ee3c trang b\u1ecb trong m\u1ea1ng l\u01b0\u1edbi.[\/vc_column_text][vc_empty_space height=&#8221;16px&#8221;][vc_column_text]\n<h4>\u01afu \u0111i\u1ec3m c\u1ee7a vi\u1ec7c tri\u1ec3n khai MSN l\u00e0:<\/h4>\n<ul>\n<li><strong>c\u01a1 s\u1edf \u0111\u00e1ng tin c\u1eady \u0111\u1ec3 truy\u1ec1n d\u1eef li\u1ec7u<\/strong> gi\u1eefa c\u00e1c h\u1ec7 th\u1ed1ng;<\/li>\n<li><strong>trung t\u00e2m gi\u00e1m s\u00e1t ho\u1ea1t \u0111\u1ed9ng MSN<\/strong> duy nh\u1ea5t \u0111\u1eb7t \u1edf OCC;<\/li>\n<li><strong>trung t\u00e2m khai th\u00e1c duy nh\u1ea5t c\u00e1c s\u1ef1 ki\u1ec7n MSN<\/strong>;<\/li>\n<li><strong>cung c\u1ea5p c\u00e1c h\u1ec7 th\u1ed1ng kh\u00e1c v\u1edbi t\u00e0i nguy\u00ean MSN (H\u1ec7 th\u1ed1ng b\u00e1o hi\u1ec7u, SCADA, H\u1ec7 th\u1ed1ng qu\u1ea3n l\u00fd t\u00f2a nh\u00e0, vv<\/strong>);<\/li>\n<li>k\u1ebft n\u1ed1i c\u00e1c <strong>ph\u00e2n \u0111o\u1ea1n m\u1ea1ng m\u1edbi<\/strong> v\u00e0o m\u1ea1ng MSN tr\u00ean c\u00e1c tuy\u1ebfn \u0111\u01b0\u1eddng giao th\u00f4ng c\u00f4ng c\u1ed9ng m\u1edbi m\u00e0 kh\u00f4ng c\u1ea7n chi ph\u00ed thi\u1ebft y\u1ebfu cho vi\u1ec7c th\u00e0nh l\u1eadp trung t\u00e2m \u0111i\u1ec1u khi\u1ec3n m\u1ea1ng l\u01b0\u1edbi cho t\u1eebng tuy\u1ebfn giao th\u00f4ng c\u00f4ng c\u1ed9ng.<\/li>\n<\/ul>\n[\/vc_column_text][\/vc_column_inner][\/vc_row_inner][vc_btn title=&#8221;C\u00c1C D\u1ef0 \u00c1N \u0110\u00c3 TH\u1ef0C HI\u1ec6N&#8221; shape=&#8221;square&#8221; link=&#8221;url:%2Freview%2Fselected-projects%2Fsmart-projects%2F%231472731023834-294c2db1-067a|||&#8221;][\/vc_column][\/vc_row]\n<\/section>","protected":false},"excerpt":{"rendered":"<p>[vc_row][vc_column][vc_row_inner][vc_column_inner][vc_single_image image=&#8221;1614&#8243;][vc_empty_space height=&#8221;16px&#8221;][vc_column_text]M\u1ea1ng l\u01b0\u1edbi \u0111a d\u1ecbch v\u1ee5 (MSN) l\u00e0 m\u1ea1ng Gigabit Ethernet d\u1ef1 ph\u00f2ng \u0111a d\u1ecbch v\u1ee5 \u0111\u01b0\u1ee3c thi\u1ebft k\u1ebf \u0111\u1ec3 cung c\u1ea5p h\u1ea1 t\u1ea7ng vi\u1ec5n th\u00f4ng \u0111\u01b0\u1ee3c t\u1ed5 ch\u1ee9c t\u1ed1t bao g\u1ed3m t\u1ea5t c\u1ea3 c\u00e1c \u0111\u1ed1i t\u01b0\u1ee3ng chi\u1ebfn l\u01b0\u1ee3c nh\u01b0 OCC, tr\u1ea1m ph\u00e1t, kho h\u00e0ng, t\u00f2a nh\u00e0 v\u0103n ph\u00f2ng d\u1ecbch v\u1ee5 v\u00e0 b\u1ea5t k\u1ef3&hellip;<\/p>\n","protected":false},"author":6,"featured_media":0,"parent":450,"menu_order":0,"comment_status":"closed","ping_status":"closed","template":"","meta":{"footnotes":""},"translation":{"provider":"WPGlobus","version":"2.12.2","language":"vi","enabled_languages":["en","ru","bg","vi"],"languages":{"en":{"title":true,"content":true,"excerpt":false},"ru":{"title":true,"content":true,"excerpt":false},"bg":{"title":false,"content":false,"excerpt":false},"vi":{"title":true,"content":true,"excerpt":false}}},"_links":{"self":[{"href":"https:\/\/lotgroup.eu\/vi\/wp-json\/wp\/v2\/pages\/1428"}],"collection":[{"href":"https:\/\/lotgroup.eu\/vi\/wp-json\/wp\/v2\/pages"}],"about":[{"href":"https:\/\/lotgroup.eu\/vi\/wp-json\/wp\/v2\/types\/page"}],"author":[{"embeddable":true,"href":"https:\/\/lotgroup.eu\/vi\/wp-json\/wp\/v2\/users\/6"}],"replies":[{"embeddable":true,"href":"https:\/\/lotgroup.eu\/vi\/wp-json\/wp\/v2\/comments?post=1428"}],"version-history":[{"count":20,"href":"https:\/\/lotgroup.eu\/vi\/wp-json\/wp\/v2\/pages\/1428\/revisions"}],"predecessor-version":[{"id":4591,"href":"https:\/\/lotgroup.eu\/vi\/wp-json\/wp\/v2\/pages\/1428\/revisions\/4591"}],"up":[{"embeddable":true,"href":"https:\/\/lotgroup.eu\/vi\/wp-json\/wp\/v2\/pages\/450"}],"wp:attachment":[{"href":"https:\/\/lotgroup.eu\/vi\/wp-json\/wp\/v2\/media?parent=1428"}],"curies":[{"name":"wp","href":"https:\/\/api.w.org\/{rel}","templated":true}]}}