{"id":1533,"date":"2016-08-31T15:33:23","date_gmt":"2016-08-31T12:33:23","guid":{"rendered":"http:\/\/i68176kq.bget.ru\/?page_id=1533"},"modified":"2018-09-24T10:52:14","modified_gmt":"2018-09-24T07:52:14","slug":"access-control-system","status":"publish","type":"page","link":"https:\/\/lotgroup.eu\/vi\/product\/access-control\/access-control-system\/","title":{"rendered":"H\u1ec7 th\u1ed1ng ki\u1ec3m so\u00e1t ra v\u00e0o"},"content":{"rendered":"<section class=\"wpb-content-wrapper\">[vc_row][vc_column][vc_single_image image=&#8221;2189&#8243; css=&#8221;.vc_custom_1473764491798{margin-bottom: 32px !important;}&#8221;][vc_column_text]H\u1ec7 th\u1ed1ng ki\u1ec3m so\u00e1t ra v\u00e0o (ACS) l\u00e0 m\u1ed9t b\u1ed9 ph\u1ea7n m\u1ec1m v\u00e0 ph\u1ea7n c\u1ee9ng cung c\u1ea5p vi\u1ec7c s\u1eafp x\u1ebfp h\u1ee3p l\u00fd, ki\u1ec3m so\u00e1t v\u00e0 ghi l\u1ea1i s\u1ef1 di chuy\u1ec3n c\u1ee7a nh\u1eefng ng\u01b0\u1eddi trong ph\u1ea1m vi \u0111\u01b0\u1ee3c h\u1ec7 th\u1ed1ng ki\u1ec3m so\u00e1t. T\u00f9y thu\u1ed9c v\u00e0o nhu c\u1ea7u c\u1ee7a kh\u00e1ch h\u00e0ng, ACS m\u00e0 c\u00f4ng ty ch\u00fang t\u00f4i ph\u00e1t tri\u1ec3n c\u00f3 th\u1ec3 th\u1ef1c hi\u1ec7n c\u00e1c ch\u1ee9c n\u0103ng sau:<\/p>\n<ul>\n<li>h\u1ea1n ch\u1ebf ng\u01b0\u1eddi ngo\u00e0i \u0111\u1ed9t nh\u1eadp v\u00e0o ph\u1ea1m vi khu v\u1ef1c n\u1eb1m trong s\u1ef1 gi\u00e1m s\u00e1t c\u1ee7a h\u1ec7 th\u1ed1ng;<\/li>\n<li>h\u1ea1n ch\u1ebf quy\u1ec1n t\u1ef1 do \u0111i l\u1ea1i \u0111\u1ed1i v\u1edbi nh\u00e2n vi\u00ean v\u00e0 kh\u00e1ch t\u00f9y thu\u1ed9c v\u00e0o quy\u1ec1n ra v\u00e0o c\u1ee7a h\u1ecd;<\/li>\n<li>ghi ch\u00e9p th\u1eddi gian l\u00e0m vi\u1ec7c, s\u1ef1 c\u00f3 m\u1eb7t c\u1ee7a nh\u00e2n vi\u00ean, c\u0169ng nh\u01b0 l\u1eadp s\u1ed1 li\u1ec7u th\u1ed1ng k\u00ea v\u00e0 cung c\u1ea5p t\u1ea5t c\u1ea3 th\u00f4ng tin v\u1ec1 c\u00e1c chuy\u1ec3n \u0111\u1ed9ng b\u00ean trong khu v\u1ef1c;<\/li>\n<li>thanh to\u00e1n cho vi\u1ec7c ra v\u00e0o ph\u1ea1m vi khu v\u1ef1c \u0111\u01b0\u1ee3c ki\u1ec3m so\u00e1t b\u1edfi h\u1ec7 th\u1ed1ng.<\/li>\n<\/ul>\n<p>C\u00e1c d\u1ef1 \u00e1n v\u1ec1 h\u1ec7 th\u1ed1ng ki\u1ec3m so\u00e1t v\u00e0o ra do T\u1eadp \u0111o\u00e0n LOT cung c\u1ea5p \u0111\u00e3 v\u1eadn h\u00e0nh th\u00e0nh c\u00f4ng \u1edf c\u00e1c \u0111\u1ed1i t\u01b0\u1ee3ng kh\u00e1c nhau, bao g\u1ed3m:<\/p>\n<ul>\n<li>c\u00e1c c\u01a1 s\u1edf c\u00f4ng c\u1ed9ng;<\/li>\n<li>c\u00e1c c\u01a1 s\u1edf gi\u00e1o d\u1ee5c;<\/li>\n<li>ng\u00e2n h\u00e0ng;<\/li>\n<li>nh\u00e0 m\u00e1y, nh\u00e0 x\u01b0\u1edfng, trong c\u00e1c c\u01a1 s\u1edf c\u00f4ng nghi\u1ec7p v\u00e0 v\u0103n ph\u00f2ng;<\/li>\n<li>c\u00e1c doanh nghi\u1ec7p cung c\u1ea5p c\u00e1c ho\u1ea1t \u0111\u1ed9ng gi\u1ea3i tr\u00ed, ngh\u1ec9 ng\u01a1i, v\u0103n ho\u00e1 v\u00e0 th\u1ec3 thao.<\/li>\n<\/ul>\n<p>T\u1eadp \u0111o\u00e0n LOT cung c\u1ea5p c\u00e1c m\u00f4 \u0111un ACS sau c\u00f3 th\u1ec3 \u0111\u01b0\u1ee3c ch\u1ecdn \u0111\u1ec3 t\u1ea1o n\u00ean h\u1ec7 th\u1ed1ng:<\/p>\n<h3>Ph\u1ea7n c\u1ee9ng<\/h3>\n<p><strong>C\u00f4ng c\u1ee5 nh\u1eadn d\u1ea1ng<\/strong> \u2013 s\u00f3ng m\u1ea1ng th\u00f4ng tin \u0111\u1ec3 theo d\u00f5i, ghi ch\u00e9p v\u00e0 ki\u1ec3m tra nh\u1eadn d\u1ea1ng:<\/p>\n<ul>\n<li>Th\u1ebb th\u00f4ng minh (MIFARE\u00ae*, PayWave, PayPass v\u00e0 nhi\u1ec1u h\u01a1n n\u1eefa).<\/li>\n<\/ul>\n<p><strong>C\u1eeda quay (Turnstile)<\/strong> nh\u1eb1m ki\u1ec3m so\u00e1t l\u1ed1i \u0111i v\u00e0o c\u00e1c h\u1ec7 th\u1ed1ng ki\u1ec3m so\u00e1t ra v\u00e0o, bao g\u1ed3m:<\/p>\n<ul>\n<li>Turnstile Expert<\/li>\n<li>Turnstile Porta<\/li>\n<li>Turnstile Eco<\/li>\n<li>Turnstile Accent<\/li>\n<li>Turnstile Turn-port<\/li>\n<li>Turnstile Castle<\/li>\n<li>Turnstile Calisto<\/li>\n<li>Turnstile Defender<\/li>\n<li>Turnstile L-IT<\/li>\n<li>C\u1eeda quay quang h\u1ecdc<\/li>\n<\/ul>\n<p><strong>H\u1ec7 th\u1ed1ng m\u00e1y tr\u1ea1m t\u1ef1 \u0111\u1ed9ng (AWS)<\/strong> \u2013 c\u00e1c m\u00e1y t\u00ednh c\u00f3 ph\u1ea7n m\u1ec1m t\u1ef1 \u0111\u1ed9ng h\u00f3a c\u00f4ng vi\u1ec7c c\u1ee7a c\u00e1c nh\u00e2n vi\u00ean v\u1eadn h\u00e0nh h\u1ec7 th\u1ed1ng:<\/p>\n<ul>\n<li>Guard AWS (<strong>H\u1ec7 th\u1ed1ng m\u00e1y tr\u1ea1m t\u1ef1 \u0111\u1ed9ng c\u1ee7a b\u1ea3o v\u1ec7)<\/strong><\/li>\n<\/ul>\n<p><strong>M\u00e1y ch\u1ee7 h\u1ec7 th\u1ed1ng:<\/strong><\/p>\n<ul>\n<li>M\u00e1y ch\u1ee7 BD<\/li>\n<\/ul>\n<p>Thi\u1ebft b\u1ecb m\u1ea1ng h\u1ec7 th\u1ed1ng: c\u1ed5ng \u0111\u1ecbnh tuy\u1ebfn, b\u1ed9 \u0111\u1ecbnh tuy\u1ebfn v\u00e0 c\u00f4ng t\u1eafc.<\/p>\n<h3>Ph\u1ea7n m\u1ec1m<\/h3>\n<p>T\u1eadp \u0111o\u00e0n LOT \u0111\u00e3 ph\u00e1t tri\u1ec3n m\u1ed9t h\u1ec7 th\u1ed1ng ki\u1ec3m so\u00e1t v\u00e0o ra \u0111\u1eb7c bi\u1ec7t Barrier nh\u1eb1m l\u1eafp \u0111\u1eb7t t\u1ea1i c\u00e1c h\u00e3ng c\u00f4ng nghi\u1ec7p, c\u00e1c t\u1ed5 ch\u1ee9c t\u00e0i ch\u00ednh v\u00e0 h\u00e0nh ch\u00ednh, c\u00e1c doanh nghi\u1ec7p l\u1edbn v\u00e0 c\u00e1c t\u1ed5 ch\u1ee9c kh\u00e1c, c\u0169ng nh\u01b0 c\u00e1c c\u01a1 s\u1edf qu\u00e2n s\u1ef1 v\u00e0 chi\u1ebfn l\u01b0\u1ee3c. M\u1ee5c \u0111\u00edch c\u1ee7a h\u1ec7 th\u1ed1ng l\u00e0 t\u1ef1 \u0111\u1ed9ng ki\u1ec3m so\u00e1t vi\u1ec7c ra v\u00e0o c\u1ee7a nh\u00e2n vi\u00ean v\u00e0 kh\u00e1ch ngo\u00e0i. H\u1ec7 th\u1ed1ng c\u0169ng c\u00f3 th\u1ec3 \u0111\u01b0\u1ee3c s\u1eed d\u1ee5ng \u0111\u1ec3 t\u1ef1 \u0111\u1ed9ng h\u00f3a vi\u1ec7c ghi ch\u00e9p gi\u1edd l\u00e0m vi\u1ec7c (\u0111i l\u00e0m tr\u1ec5, l\u00e0m th\u00eam gi\u1edd, vv).<\/p>\n<p><strong>L\u1eafp \u0111\u1eb7t h\u1ec7 th\u1ed1ng ki\u1ec3m so\u00e1t ra v\u00e0o Barrier<\/strong> t\u1ea1i m\u1ed9t doanh nghi\u1ec7p \u0111\u1ea3m b\u1ea3o c\u00e1c \u0111i\u1ec1u ki\u1ec7n sau:<\/p>\n<ul>\n<li>B\u00e1o c\u00e1o th\u1eddi gian l\u00e0m vi\u1ec7c b\u1eb1ng c\u00e1ch ghi ch\u00e9p ch\u00ednh x\u00e1c h\u01a1n. H\u1ea1n ch\u1ebf ra v\u00e0o c\u00e1c c\u01a1 s\u1edf v\u00e0\/ ho\u1eb7c khu\u00f4n vi\u00ean c\u1ee7a t\u1ed5 ch\u1ee9c.<\/li>\n<li>Gi\u1ea3m tr\u1ed9m c\u1eafp c\u00e1c gi\u00e1 tr\u1ecb v\u1eadt ch\u1ea5t v\u00e0 t\u00e0i li\u1ec7u.<\/li>\n<li>\u0110\u01a1n gi\u1ea3n h\u00f3a th\u1ee7 t\u1ee5c ph\u00e1t h\u00e0nh v\u00e9 ra v\u00e0o.<\/li>\n<li>C\u1ea3i thi\u1ec7n hi\u1ec7u su\u1ea5t c\u1ee7a nh\u00e2n vi\u00ean (k\u1ef7 lu\u1eadt lao \u0111\u1ed9ng).<\/li>\n<li>B\u00e1o c\u00e1o th\u1eddi gian ch\u1ea5m c\u00f4ng v\u00e0 h\u1ed3 s\u01a1 nh\u00e2n s\u1ef1 l\u01b0u gi\u1eef \u00edt lao \u0111\u1ed9ng.<\/li>\n<li>B\u00e1o c\u00e1o qu\u1ea3n l\u00fd qu\u1ef9 l\u01b0\u01a1ng hi\u1ec7u qu\u1ea3 h\u01a1n (ch\u1ec9 trong th\u1eddi gian l\u00e0m vi\u1ec7c th\u1ef1c t\u1ebf).<\/li>\n<\/ul>\n<h3>C\u00e1c d\u1ecbch v\u1ee5<\/h3>\n<p><strong>Thi\u1ebft k\u1ebf m\u1ed9t ACS cho m\u1ed9t doanh nghi\u1ec7p c\u1ee5 th\u1ec3:<\/strong><\/p>\n<ul>\n<li>Ph\u00e2n t\u00edch to\u00e0n di\u1ec7n c\u01a1 c\u1ea5u doanh nghi\u1ec7p c\u1ee7a kh\u00e1ch h\u00e0ng.<\/li>\n<li>B\u00e1o c\u00e1o c\u00f4ng t\u00e1c \u0111\u1ec3 l\u1ef1a ch\u1ecdn g\u00f3i ph\u1ea7n c\u1ee9ng v\u00e0 ph\u1ea7n m\u1ec1m t\u1ed1i \u01b0u (v\u1ec1 m\u1eb7t chi ph\u00ed, t\u00ednh linh ho\u1ea1t v\u00e0 kh\u1ea3 n\u0103ng m\u1edf r\u1ed9ng) n.<\/li>\n<li>\u01af\u1edbc t\u00ednh th\u1eddi gian v\u00e0 chi ph\u00ed c\u1ee7a vi\u1ec7c th\u1ef1c hi\u1ec7n h\u1ec7 th\u1ed1ng \u0111\u1ed1i v\u1edbi m\u1ed9t doanh nghi\u1ec7p \u0111i\u1ec3n h\u00ecnh (\u01b0\u1edbc t\u00ednh s\u01a1 b\u1ed9) v\u00e0 doanh nghi\u1ec7p c\u1ee5 th\u1ec3 (\u01b0\u1edbc t\u00ednh ch\u00ednh x\u00e1c).<\/li>\n<\/ul>\n<p><strong>C\u00e0i \u0111\u1eb7t ACS t\u1ea1i m\u1ed9t doanh nghi\u1ec7p:<\/strong><\/p>\n<ul>\n<li>C\u00e0i \u0111\u1eb7t ph\u1ea7n c\u1ee9ng.<\/li>\n<li>B\u1ed1 tr\u00ed m\u1ea1ng truy\u1ec1n th\u00f4ng (\u0111\u1ed1i v\u1edbi m\u1ea1ng c\u00f3 d\u00e2y) v\u00e0 l\u1eafp \u0111\u1eb7t thi\u1ebft b\u1ecb m\u1ea1ng (\u0111\u1ed1i v\u1edbi t\u1ea5t c\u1ea3 c\u00e1c lo\u1ea1i m\u1ea1ng).<\/li>\n<li>T\u00ecm v\u00e0 kh\u1eafc ph\u1ee5c l\u1ed7i (ki\u1ec3m tra) ph\u1ea7n c\u1ee9ng h\u1ec7 th\u1ed1ng \u0111\u00e3 c\u00e0i \u0111\u1eb7t.<\/li>\n<li>C\u00e0i \u0111\u1eb7t v\u00e0 \u0111i\u1ec1u ch\u1ec9nh ph\u1ea7n m\u1ec1m h\u1ec7 th\u1ed1ng.<\/li>\n<li>Ki\u1ec3m tra s\u1ef1 t\u01b0\u01a1ng t\u00e1c c\u1ee7a t\u1ea5t c\u1ea3 c\u00e1c th\u00e0nh ph\u1ea7n h\u1ec7 th\u1ed1ng.<\/li>\n<\/ul>\n<p><strong>H\u1ed7 tr\u1ee3 v\u00e0 b\u1ea3o tr\u00ec ph\u1ea7n c\u1ee9ng h\u1ec7 th\u1ed1ng:<\/strong><\/p>\n<ul>\n<li>Ti\u1ebfn h\u00e0nh ki\u1ec3m tra d\u1ecbch v\u1ee5 theo l\u1ecbch tr\u00ecnh.<\/li>\n<li>Thay th\u1ebf v\u1eadt t\u01b0 ph\u1ee5 v\u00e0 c\u00e1c linh ki\u1ec7n h\u1ebft h\u1ea1n s\u1eed d\u1ee5ng.<\/li>\n<\/ul>\n<p><strong>H\u1ed7 tr\u1ee3 v\u00e0 c\u1eadp nh\u1eadt ph\u1ea7n m\u1ec1m h\u1ec7 th\u1ed1ng theo l\u1ecbch tr\u00ecnh:<\/strong><\/p>\n<ul>\n<li>Th\u1ef1c hi\u1ec7n c\u1eadp nh\u1eadt theo l\u1ecbch tr\u00ecnh \u0111\u1ec3 c\u1ea3i thi\u1ec7n hi\u1ec7u su\u1ea5t h\u1ec7 th\u1ed1ng.<\/li>\n<li>Gi\u1ea3i quy\u1ebft c\u00e1c v\u1ea5n \u0111\u1ec1 khi v\u1eadn h\u00e0nh ph\u1ea7n m\u1ec1m h\u1ec7 th\u1ed1ng \u1edf ch\u1ebf \u0111\u1ed9 tr\u1ef1c tuy\u1ebfn.<\/li>\n<li>\u0110\u00e0o t\u1ea1o nh\u00e2n vi\u00ean c\u1ee7a kh\u00e1ch h\u00e0ng \u0111\u1ec3 v\u1eadn h\u00e0nh h\u1ec7 th\u1ed1ng (nh\u00e0 qu\u1ea3n tr\u1ecb h\u1ec7 th\u1ed1ng, ng\u01b0\u1eddi \u0111i\u1ec1u h\u00e0nh AWS, k\u1ef9 thu\u1eadt vi\u00ean).<\/li>\n<\/ul>\n<h4>C\u00e1c \u0111\u1ea1i l\u00fd b\u00e1n l\u1ebb qu\u1ed1c t\u1ebf c\u1ee7a ch\u00fang t\u00f4i<\/h4>\n<ul>\n<li>Alarmtec<\/li>\n<li>TIS<\/li>\n<li>Accesorii Securitate<\/li>\n<li>Anti-Efractie<\/li>\n<li>Bentel Sistem<\/li>\n<li>C&amp;C Engineering<\/li>\n<li>Cactus Technology<\/li>\n<li>e4Soft<\/li>\n<li>Green Center<\/li>\n<li>Secpral<\/li>\n<li>Solutions Intelligentes Informatiques<\/li>\n<li>TAS Seguridad<\/li>\n<\/ul>\n[\/vc_column_text][vc_empty_space][vc_btn title=&#8221;C\u00c1C D\u1ef0 \u00c1N \u0110\u00c3 TH\u1ef0C HI\u1ec6N&#8221; shape=&#8221;square&#8221; link=&#8221;url:%2Freview%2Fselected-projects%2Faccess-control-projects%2F%231472825572683-4331795f-75c8|||&#8221;][vc_column_text]<span style=\"font-size: small;\"><em>* MIFARE\u00ae v\u00e0 MIFARE CLASSIC\u00ae l\u00e0 c\u00e1c nh\u00e3n hi\u1ec7u \u0111\u00e3 \u0111\u0103ng k\u00fd thu\u1ed9c s\u1edf h\u1eefu c\u1ee7a NXP B.V.<\/em><\/span>[\/vc_column_text][\/vc_column][\/vc_row]\n<\/section>","protected":false},"excerpt":{"rendered":"<p>[vc_row][vc_column][vc_single_image image=&#8221;2189&#8243; css=&#8221;.vc_custom_1473764491798{margin-bottom: 32px !important;}&#8221;][vc_column_text]H\u1ec7 th\u1ed1ng ki\u1ec3m so\u00e1t ra v\u00e0o (ACS) l\u00e0 m\u1ed9t b\u1ed9 ph\u1ea7n m\u1ec1m v\u00e0 ph\u1ea7n c\u1ee9ng cung c\u1ea5p vi\u1ec7c s\u1eafp x\u1ebfp h\u1ee3p l\u00fd, ki\u1ec3m so\u00e1t v\u00e0 ghi l\u1ea1i s\u1ef1 di chuy\u1ec3n c\u1ee7a nh\u1eefng ng\u01b0\u1eddi trong ph\u1ea1m vi \u0111\u01b0\u1ee3c h\u1ec7 th\u1ed1ng ki\u1ec3m so\u00e1t. T\u00f9y thu\u1ed9c v\u00e0o nhu c\u1ea7u c\u1ee7a kh\u00e1ch h\u00e0ng, ACS m\u00e0&hellip;<\/p>\n","protected":false},"author":6,"featured_media":0,"parent":452,"menu_order":0,"comment_status":"closed","ping_status":"closed","template":"","meta":{"footnotes":""},"translation":{"provider":"WPGlobus","version":"2.12.2","language":"vi","enabled_languages":["en","ru","bg","vi"],"languages":{"en":{"title":true,"content":true,"excerpt":false},"ru":{"title":false,"content":false,"excerpt":false},"bg":{"title":false,"content":false,"excerpt":false},"vi":{"title":true,"content":true,"excerpt":false}}},"_links":{"self":[{"href":"https:\/\/lotgroup.eu\/vi\/wp-json\/wp\/v2\/pages\/1533"}],"collection":[{"href":"https:\/\/lotgroup.eu\/vi\/wp-json\/wp\/v2\/pages"}],"about":[{"href":"https:\/\/lotgroup.eu\/vi\/wp-json\/wp\/v2\/types\/page"}],"author":[{"embeddable":true,"href":"https:\/\/lotgroup.eu\/vi\/wp-json\/wp\/v2\/users\/6"}],"replies":[{"embeddable":true,"href":"https:\/\/lotgroup.eu\/vi\/wp-json\/wp\/v2\/comments?post=1533"}],"version-history":[{"count":16,"href":"https:\/\/lotgroup.eu\/vi\/wp-json\/wp\/v2\/pages\/1533\/revisions"}],"predecessor-version":[{"id":5455,"href":"https:\/\/lotgroup.eu\/vi\/wp-json\/wp\/v2\/pages\/1533\/revisions\/5455"}],"up":[{"embeddable":true,"href":"https:\/\/lotgroup.eu\/vi\/wp-json\/wp\/v2\/pages\/452"}],"wp:attachment":[{"href":"https:\/\/lotgroup.eu\/vi\/wp-json\/wp\/v2\/media?parent=1533"}],"curies":[{"name":"wp","href":"https:\/\/api.w.org\/{rel}","templated":true}]}}