{"id":2558,"date":"2016-09-16T13:50:58","date_gmt":"2016-09-16T10:50:58","guid":{"rendered":"http:\/\/i68176kq.bget.ru\/?page_id=2558"},"modified":"2018-05-25T18:05:53","modified_gmt":"2018-05-25T15:05:53","slug":"access-control-for-school-and-university","status":"publish","type":"page","link":"https:\/\/lotgroup.eu\/vi\/product\/access-control\/access-control-for-school-and-university\/","title":{"rendered":"H\u1ec7 th\u1ed1ng ki\u1ec3m so\u00e1t ra v\u00e0o cho Tr\u01b0\u1eddng h\u1ecdc v\u00e0 \u0110\u1ea1i h\u1ecdc"},"content":{"rendered":"<section class=\"wpb-content-wrapper\">[vc_row][vc_column width=&#8221;1\/4&#8243;][vc_column_text]\n<h4><strong>\u0110\u1ec3 \u0111\u1ea3m b\u1ea3o an ninh v\u00e0 ki\u1ec3m so\u00e1t vi\u1ec7c v\u00e0o ra c\u00e1c c\u01a1 s\u1edf gi\u00e1o d\u1ee5c \u0111\u1ea1i h\u1ecdc, ch\u00fang t\u00f4i cung c\u1ea5p c\u00e1c h\u1ec7 th\u1ed1ng bao g\u1ed3m:<\/strong><\/h4>\n<ul>\n<li>c\u1eeda quay \u0111\u01b0\u1ee3c trang b\u1ecb c\u00e1c \u0111\u1ea7u \u0111\u1ecdc th\u1ebb kh\u00f4ng ti\u1ebfp x\u00fac (gi\u00e1 ba ch\u00e2n v\u00e0 c\u1ed5ng ap, tr\u00ean 10 ki\u1ec3u m\u1eabu);<\/li>\n<li>c\u00e1c ph\u1ee5 ki\u1ec7n ch\u1eb7n l\u1ed1i \u0111i (c\u1eeda ph\u1ee5, h\u00e0ng r\u00e0o, thanh ch\u1eafn, vv);<\/li>\n<li>ph\u1ea7n c\u1ee9ng gi\u00e1m s\u00e1t b\u1eb1ng video (m\u00e1y \u1ea3nh, m\u00e0n h\u00ecnh gi\u00e1m s\u00e1t);<\/li>\n<li>ph\u1ea7n m\u1ec1m \u0111\u1eb7c bi\u1ec7t \u0111\u1ec3 v\u1eadn h\u00e0nh thi\u1ebft b\u1ecb.<\/li>\n<\/ul>\n[\/vc_column_text][\/vc_column][vc_column width=&#8221;3\/4&#8243;][vc_single_image image=&#8221;2518&#8243; css=&#8221;.vc_custom_1474033673152{margin-top: 32px !important;}&#8221;][\/vc_column][\/vc_row][vc_row][vc_column][vc_column_text]\n<h4><strong>Th\u1ef1c hi\u1ec7n ACS (H\u1ec7 th\u1ed1ng ki\u1ec3m so\u00e1t v\u00e0o ra) cho ph\u00e9p nh\u1eefng ng\u01b0\u1eddi c\u00f3 th\u1ea9m quy\u1ec1n \u1edf tr\u01b0\u1eddng \u0111\u1ea1i h\u1ecdc gi\u1ea3i quy\u1ebft m\u1ed9t s\u1ed1 v\u1ea5n \u0111\u1ec1:<\/strong><\/h4>\n<ul>\n<li>H\u1ea1n ch\u1ebf vi\u1ec7c ra v\u00e0o t\u1ea1i c\u00e1c c\u01a1 s\u1edf c\u1ee7a tr\u01b0\u1eddng \u0111\u1ea1i h\u1ecdc: ch\u1ec9 cho ph\u00e9p nh\u1eefng th\u00e0nh vi\u00ean c\u1ee7a c\u1ed9ng \u0111\u1ed3ng nh\u00e0 tr\u01b0\u1eddng v\u00e0 nh\u00e2n vi\u00ean;<\/li>\n<li>Theo d\u00f5i t\u00ecnh h\u00ecnh b\u00ean trong t\u00f2a nh\u00e0 b\u1eb1ng c\u00e1ch s\u1eed d\u1ee5ng m\u1ed9t h\u1ec7 th\u1ed1ng gi\u00e1m s\u00e1t b\u1eb1ng video;<\/li>\n<li>\u0110\u01b0a ra th\u1ed1ng k\u00ea chi ti\u1ebft v\u1ec1 c\u00e1c l\u01b0\u1ee3t ra v\u00e0o \u0111\u1ec3 theo d\u00f5i s\u1ef1 c\u00f3 m\u1eb7t c\u1ee7a sinh vi\u00ean ho\u1eb7c c\u1ea3i thi\u1ec7n vi\u1ec7c qu\u1ea3n l\u00fd th\u1eddi gian l\u00e0m vi\u1ec7c c\u1ee7a c\u00e1c c\u00e1n b\u1ed9 gi\u1ea3ng d\u1ea1y;<\/li>\n<li>Gi\u1ea3m b\u1edbt chi ph\u00ed cho vi\u1ec7c cung c\u1ea5p an ninh trong c\u01a1 s\u1edf tr\u01b0\u1eddng \u0111\u1ea1i h\u1ecdc.<\/li>\n<\/ul>\n[\/vc_column_text][vc_separator color=&#8221;blue&#8221; css=&#8221;.vc_custom_1474271082068{margin-top: 32px !important;}&#8221;][\/vc_column][\/vc_row][vc_row][vc_column][vc_column_text]\n<h4><strong>\u0110\u1ed1i v\u1edbi tr\u01b0\u1eddng c\u1ee7a b\u1ea1n, ch\u00fang t\u00f4i \u0111\u1ec1 xu\u1ea5t:<\/strong><\/h4>\n<ul>\n<li>L\u1eafp \u0111\u1eb7t m\u1ed9t c\u1eeda quay (ho\u1eb7c m\u1ed9t s\u1ed1 c\u1eeda quay) b\u1ea3o \u0111\u1ea3m v\u00e0 m\u1ed9t m\u00e1y t\u00ednh \u0111\u1ec3 \u0111i\u1ec1u khi\u1ec3n c\u1eeda quay n\u00e0y.<\/li>\n<li>Tri\u1ec3n khai ph\u1ea7n m\u1ec1m qu\u1ea3n l\u00fd h\u1ec7 th\u1ed1ng.<\/li>\n<li>Cung c\u1ea5p cho sinh vi\u00ean v\u00e0 gi\u00e1o vi\u00ean th\u1ebb ra v\u00e0o.<\/li>\n<li>C\u00e0i \u0111\u1eb7t m\u1ed9t \u1ee9ng d\u1ee5ng web v\u1edbi m\u1ed9t giao di\u1ec7n th\u00e2n thi\u1ec7n v\u1edbi ng\u01b0\u1eddi d\u00f9ng.<\/li>\n<\/ul>\n[\/vc_column_text][\/vc_column][\/vc_row][vc_row][vc_column][vc_column_text]Trong nh\u1eefng n\u0103m g\u1ea7n \u0111\u00e2y, h\u1ec7 th\u1ed1ng ki\u1ec3m so\u00e1t ra v\u00e0o \u0111\u00e3 \u0111\u01b0\u1ee3c ph\u1ed5 bi\u1ebfn tr\u00ean di\u1ec7n r\u1ed9ng v\u00e0 hi\u1ec7n di\u1ec7n trong nhi\u1ec1u l\u0129nh v\u1ef1c.\u00a0H\u1ec7 th\u1ed1ng c\u1ee7a ch\u00fang t\u00f4i ho\u1ea1t \u0111\u1ed9ng m\u1ed9t c\u00e1ch tr\u01a1n tru, ki\u1ec3m so\u00e1t l\u1ed1i v\u00e0o t\u00f2a nh\u00e0 m\u1ed9t c\u00e1ch tuy\u1ec7t \u0111\u1ed1i, tuy nhi\u00ean b\u1ea1n c\u00f3 bi\u1ebft \u0111i\u1ec1u g\u00ec l\u00e0m cho h\u1ec7 th\u1ed1ng tr\u1edf n\u00ean th\u1ef1c s\u1ef1 \u0111\u1eb7c bi\u1ec7t kh\u00f4ng? \u1ee8ng d\u1ee5ng d\u1ef1a tr\u00ean web \u0111\u1eb7c bi\u1ec7t gi\u00fap cho c\u00e1c b\u1eadc ph\u1ee5 huynh v\u00e0 gi\u00e1o vi\u00ean qu\u1ea3n l\u00fd \u0111\u01b0\u1ee3c qu\u00e1 tr\u00ecnh h\u1ecdc t\u1eadp \u1edf tr\u01b0\u1eddng c\u1ee7a con em m\u00ecnh.<\/p>\n<h4>Ph\u1ea7n m\u1ec1m gi\u00fap c\u00e1c b\u1eadc ph\u1ee5 hunh g\u1ea7n g\u0169i h\u01a1n v\u1edbi cu\u1ed9c s\u1ed1ng \u1edf tr\u01b0\u1eddng c\u1ee7a con m\u00ecnh:<\/h4>\n<ul>\n<li>Th\u00f4ng b\u00e1o \u1edf d\u1ea1ng SMS \u0111\u00fang v\u00e0o l\u00fac con b\u1ea1n \u0111i v\u00e0o tr\u01b0\u1eddng v\u00e0 ra ngo\u00e0i.<\/li>\n<li>Th\u1ed1ng k\u00ea v\u1ec1 s\u1ef1 hi\u1ec7n di\u1ec7n tr\u00ean l\u1edbp c\u1ee7a con b\u1ea1n trong kho\u1ea3ng th\u1eddi gian \u0111\u00e3 ch\u1ecdn.<\/li>\n<li>C\u00e1c b\u00e1o c\u00e1o tr\u1ef1c tuy\u1ebfn v\u1ec1 \u0111i\u1ec3m s\u1ed1 c\u1ee7a con b\u1ea1n (m\u00f4-\u0111un &#8220;s\u1ed5 ghi \u0111i\u1ec7n t\u1eed\u201d).<\/li>\n<li>C\u00f3 th\u1ec3 theo d\u00f5i \u00fd ki\u1ebfn c\u1ee7a gi\u00e1o vi\u00ean v\u00e0 vi\u1ec7c chuy\u1ec3n ti\u1ebfp tr\u1ef1c tuy\u1ebfn.<\/li>\n<li>Truy c\u1eadp v\u00e0o l\u1ecbch tr\u00ecnh v\u00e0 b\u00e0i t\u1eadp c\u1ee7a con em c\u1ee7a b\u1ea1n.<\/li>\n<\/ul>\n[\/vc_column_text][\/vc_column][\/vc_row][vc_row][vc_column][vc_column_text]\n<h4>H\u01a1n 80% ph\u1ee5 huynh kh\u00f4ng \u0111\u01b0\u1ee3c th\u00f4ng b\u00e1o v\u1ec1 kh\u1ea3 n\u0103ng l\u1eafp \u0111\u1eb7t h\u1ec7 th\u1ed1ng ki\u1ec3m so\u00e1t ra v\u00e0o hi\u1ec7u qu\u1ea3 t\u1ea1i tr\u01b0\u1eddng.<\/h4>\n<p>C\u00e1c b\u1eadc ph\u1ee5 huynh th\u00e2n th\u01b0\u01a1ng lu\u00f4n quan t\u00e2m \u0111\u1ebfn cu\u1ed9c s\u1ed1ng v\u00e0 s\u1ee9c kho\u1ebb c\u1ee7a con m\u00ecnh. \u1ede nh\u00e0, con h\u1ecd lu\u00f4n \u0111\u01b0\u1ee3c an to\u00e0n, c\u00f2n \u1edf tr\u01b0\u1eddng th\u00ec sao?\u00a0C\u00e1ch \u0111\u01a1n gi\u1ea3n nh\u1ea5t \u0111\u1ec3 c\u1ea3i thi\u1ec7n s\u1ef1 an to\u00e0n t\u1ea1i tr\u01b0\u1eddng c\u1ee7a con b\u1ea1n m\u1ed9t c\u00e1ch \u0111\u00e1ng k\u1ec3 &#8211; l\u00e0 l\u1eafp \u0111\u1eb7t h\u1ec7 th\u1ed1ng ki\u1ec3m so\u00e1t ra v\u00e0o t\u1ef1 \u0111\u1ed9ng chuy\u00ean d\u1ee5ng.[\/vc_column_text][\/vc_column][\/vc_row][vc_row][vc_column][vc_column_text]H\u1ec7 th\u1ed1ng n\u00e0y nh\u1eb1m gi\u00fap hi\u1ec7u tr\u01b0\u1edfng qu\u1ea3n l\u00fd t\u1ea5t c\u1ea3 c\u00e1c ho\u1ea1t \u0111\u1ed9ng gi\u1ea3ng d\u1ea1y v\u00e0 h\u1ecdc t\u1eadp trong m\u1ecdi giai \u0111o\u1ea1n &#8211; h\u1ec7 th\u1ed1ng xu\u1ea5t ra c\u00e1c b\u00e1o c\u00e1o kh\u00e1c nhau v\u1ec1 c\u00f4ng vi\u1ec7c c\u1ee7a gi\u00e1o vi\u00ean, ti\u1ebfn \u0111\u1ed9 l\u1edbp h\u1ecdc, vv, v\u00ed d\u1ee5:<\/p>\n<ul>\n<li>D\u1eef li\u1ec7u v\u1ec1 sinh vi\u00ean chuy\u1ec3n tr\u01b0\u1eddng ho\u1eb7c sinh vi\u00ean \u0111\u00e3 t\u1ed1t nghi\u1ec7p.<\/li>\n<li>Th\u00e0nh ph\u1ea7n c\u00e1c sinh vi\u00ean trong l\u1edbp h\u1ecdc.<\/li>\n<li>C\u00e1c h\u1ed3 s\u01a1 v\u1ec1 c\u00e1n b\u1ed9 gi\u1ea3ng d\u1ea1y (th\u1eddi gian l\u00e0m vi\u1ec7c, th\u1eddi gian gi\u1ea3ng d\u1ea1y, s\u1ef1 ch\u1eadm tr\u1ec5, vv).<\/li>\n<li>D\u1eef li\u1ec7u v\u1ec1 c\u01a1 s\u1edf h\u1ea1 t\u1ea7ng tr\u01b0\u1eddng h\u1ecdc.<\/li>\n<li>D\u1eef li\u1ec7u v\u1ec1 c\u00e1c ho\u1ea1t \u0111\u1ed9ng ngo\u1ea1i kh\u00f3a.<\/li>\n<li>Ph\u00e2n t\u00edch so s\u00e1nh ti\u1ebfn \u0111\u1ed9 h\u1ecdc t\u1eadp.<\/li>\n<li>B\u00e1o c\u00e1o t\u01b0\u01a1ng t\u00e1c v\u1ec1 k\u1ebft qu\u1ea3 \u0111\u00e1nh gi\u00e1 h\u1ecdc t\u1eadp cu\u1ed1i c\u00f9ng.<\/li>\n<\/ul>\n<h4>M\u00f4-\u0111un tr\u1ee3 gi\u00fap gi\u00e1o vi\u00ean cho ph\u00e9p c\u00e1c ho\u1ea1t \u0111\u1ed9ng qu\u1ea3n l\u00fd sau:<\/h4>\n<ul>\n<li>\u0110\u00e1nh gi\u00e1 vi\u1ec7c h\u1ecdc t\u1eadp c\u1ee7a sinh vi\u00ean, nh\u1eadn x\u00e9t v\u1ec1 \u0111i\u1ec3m s\u1ed1.<\/li>\n<li>Vi\u1ebft nh\u1eadn x\u00e9t v\u1ec1 h\u1ea1nh ki\u1ec3m c\u1ee7a sinh vi\u00ean.<\/li>\n<li>T\u1ea1o ra bi\u1ec3u \u0111\u1ed3 hi\u1ec7n di\u1ec7n c\u1ee7a sinh vi\u00ean tr\u00ean l\u1edbp.<\/li>\n<li>G\u1eedi tin nh\u1eafn cho ph\u1ee5 huynh ho\u1eb7c ban \u0111i\u1ec1u h\u00e0nh nh\u00e0 tr\u01b0\u1eddng.<\/li>\n<li>Xem l\u1ecbch tr\u00ecnh c\u00e1c l\u1edbp h\u1ecdc v\u00e0 c\u00e1c ho\u1ea1t \u0111\u1ed9ng c\u1ee7a tr\u01b0\u1eddng.<\/li>\n<li>Qu\u1ea3n l\u00fd th\u1eddi kho\u00e1 bi\u1ec3u, c\u00e1c ho\u1ea1t \u0111\u1ed9ng ngo\u1ea1i kh\u00f3a c\u1ee7a c\u00e1c l\u1edbp.<\/li>\n<li>Xem l\u1ea1i th\u00f4ng b\u00e1o v\u00e0 tin t\u1ee9c c\u1ee7a tr\u01b0\u1eddng.<\/li>\n<\/ul>\n[\/vc_column_text][\/vc_column][\/vc_row][vc_row][vc_column][vc_column_text]\n<h4>H\u1ec7 th\u1ed1ng ki\u1ec3m so\u00e1t ra v\u00e0o c\u0169ng l\u00e0 m\u1ed9t c\u00f4ng c\u1ee5 h\u1ed7 tr\u1ee3 thu\u1eadn ti\u1ec7n cho c\u00e1c hi\u1ec7u tr\u01b0\u1edfng tr\u01b0\u1eddng \u0111\u1ed3ng th\u1eddi cung c\u1ea5p c\u00e1c b\u00e1o c\u00e1o v\u00e0 c\u00e1c ch\u1ee9c n\u0103ng sau:<\/h4>\n<ul>\n<li>Ti\u1ebfn \u0111\u1ed9 h\u1ecdc t\u1eadp c\u1ee7a to\u00e0n tr\u01b0\u1eddng v\u00e0 c\u1ee7a c\u00e1c sinh vi\u00ean ho\u1eb7c l\u1edbp h\u1ecdc \u0111\u01b0\u1ee3c ch\u1ecdn.<\/li>\n<li>T\u1ea5t c\u1ea3 h\u1ed3 s\u01a1 c\u00e1 nh\u00e2n c\u1ee7a sinh vi\u00ean trong tr\u01b0\u1eddng.<\/li>\n<li>Qu\u1ea3n l\u00fd th\u1eddi kh\u00f3a bi\u1ec3u c\u1ee7a tr\u01b0\u1eddng.<\/li>\n<li>T\u1ea1o ra b\u00e1o c\u00e1o cho c\u00e1c c\u01a1 quan nh\u00e0 n\u01b0\u1edbc ho\u1eb7c ch\u00ednh quy\u1ec1n th\u00e0nh ph\u1ed1.<\/li>\n<\/ul>\n[\/vc_column_text][vc_empty_space][vc_btn title=&#8221;C\u00c1C D\u1ef0 \u00c1N \u0110\u00c3 TH\u1ef0C HI\u1ec6N&#8221; shape=&#8221;square&#8221; link=&#8221;url:%2Freview%2Fselected-projects%2Faccess-control-projects%2F%231474021300146-c4cfb0bc-7bdb|||&#8221;][\/vc_column][\/vc_row]\n<\/section>","protected":false},"excerpt":{"rendered":"<p>[vc_row][vc_column width=&#8221;1\/4&#8243;][vc_column_text] \u0110\u1ec3 \u0111\u1ea3m b\u1ea3o an ninh v\u00e0 ki\u1ec3m so\u00e1t vi\u1ec7c v\u00e0o ra c\u00e1c c\u01a1 s\u1edf gi\u00e1o d\u1ee5c \u0111\u1ea1i h\u1ecdc, ch\u00fang t\u00f4i cung c\u1ea5p c\u00e1c h\u1ec7 th\u1ed1ng bao g\u1ed3m: c\u1eeda quay \u0111\u01b0\u1ee3c trang b\u1ecb c\u00e1c \u0111\u1ea7u \u0111\u1ecdc th\u1ebb kh\u00f4ng ti\u1ebfp x\u00fac (gi\u00e1 ba ch\u00e2n v\u00e0 c\u1ed5ng ap, tr\u00ean 10 ki\u1ec3u m\u1eabu); c\u00e1c ph\u1ee5 ki\u1ec7n ch\u1eb7n&hellip;<\/p>\n","protected":false},"author":6,"featured_media":0,"parent":452,"menu_order":0,"comment_status":"closed","ping_status":"closed","template":"","meta":{"footnotes":""},"translation":{"provider":"WPGlobus","version":"2.12.2","language":"vi","enabled_languages":["en","ru","bg","vi"],"languages":{"en":{"title":true,"content":true,"excerpt":false},"ru":{"title":true,"content":true,"excerpt":false},"bg":{"title":false,"content":false,"excerpt":false},"vi":{"title":true,"content":true,"excerpt":false}}},"_links":{"self":[{"href":"https:\/\/lotgroup.eu\/vi\/wp-json\/wp\/v2\/pages\/2558"}],"collection":[{"href":"https:\/\/lotgroup.eu\/vi\/wp-json\/wp\/v2\/pages"}],"about":[{"href":"https:\/\/lotgroup.eu\/vi\/wp-json\/wp\/v2\/types\/page"}],"author":[{"embeddable":true,"href":"https:\/\/lotgroup.eu\/vi\/wp-json\/wp\/v2\/users\/6"}],"replies":[{"embeddable":true,"href":"https:\/\/lotgroup.eu\/vi\/wp-json\/wp\/v2\/comments?post=2558"}],"version-history":[{"count":27,"href":"https:\/\/lotgroup.eu\/vi\/wp-json\/wp\/v2\/pages\/2558\/revisions"}],"predecessor-version":[{"id":4646,"href":"https:\/\/lotgroup.eu\/vi\/wp-json\/wp\/v2\/pages\/2558\/revisions\/4646"}],"up":[{"embeddable":true,"href":"https:\/\/lotgroup.eu\/vi\/wp-json\/wp\/v2\/pages\/452"}],"wp:attachment":[{"href":"https:\/\/lotgroup.eu\/vi\/wp-json\/wp\/v2\/media?parent=2558"}],"curies":[{"name":"wp","href":"https:\/\/api.w.org\/{rel}","templated":true}]}}