{"id":3315,"date":"2017-01-24T17:32:07","date_gmt":"2017-01-24T14:32:07","guid":{"rendered":"http:\/\/lotgroup.eu\/?page_id=3315"},"modified":"2017-06-14T15:34:37","modified_gmt":"2017-06-14T12:34:37","slug":"proray-scada-centralized-traffic-control-system","status":"publish","type":"page","link":"https:\/\/lotgroup.eu\/vi\/product\/rail-transport\/proray-scada-centralized-traffic-control-system\/","title":{"rendered":"H\u1ec7 th\u1ed1ng \u0111i\u1ec1u h\u00e0nh t\u1eadp trung Proray SCADA"},"content":{"rendered":"<section class=\"wpb-content-wrapper\">[vc_row][vc_column][vc_single_image image=&#8221;3316&#8243; css_animation=&#8221;bottom-to-top&#8221;][\/vc_column][\/vc_row][vc_row][vc_column][vc_column_text]<strong>H\u1ec7 th\u1ed1ng ki\u1ec3m so\u00e1t t\u1eadp trung PRORAY SCADA<\/strong> l\u00e0 m\u1ed9t t\u1eadp h\u1ee3p c\u00e1c ph\u1ea7n m\u1ec1m v\u1edbi nhi\u1ec7m v\u1ee5 thu th\u1eadp, x\u1eed l\u00fd, hi\u1ec3n th\u1ecb v\u00e0 l\u01b0u tr\u1eef th\u00f4ng tin v\u1ec1 chuy\u1ec3n \u0111\u1ed9ng c\u1ee7a t\u00e0u v\u00e0 c\u00e1ch ki\u1ec3m so\u00e1t.<\/p>\n<p>Chu\u1ed7i ph\u1ea7n m\u1ec1m n\u00e0y ho\u1ea1t \u0111\u1ed9ng d\u01b0\u1edbi h\u1ec7 th\u1ed1ng v\u1eadn h\u00e0nh th\u1ef1c QNX \u0111\u01b0\u1ee3c s\u1eed d\u1ee5ng trong c\u00e1c h\u1ec7 th\u1ed1ng l\u1eafp r\u00e1p. H\u1ec7 th\u1ed1ng v\u1eadn h\u00e0nh QNX c\u00f3 th\u1ec3 chuy\u1ec3n h\u00f3a th\u00e0nh nhi\u1ec1u n\u1ec1n t\u1ea3ng v\u00e0 c\u00f3 th\u1ec3 v\u1eadn h\u00e0nh tr\u00ean b\u1ea5t c\u1ee9 b\u1ed9 x\u1eed l\u00fd hi\u1ec7n \u0111\u1ea1i n\u00e0o \u0111\u01b0\u1ee3c s\u1eed d\u1ee5ng c\u00f9ng c\u00e1c h\u1ec7 th\u1ed1ng l\u1eafp r\u00e1p.[\/vc_column_text][\/vc_column][\/vc_row][vc_row][vc_column]<style>.vcex-heading.vcex_69f0d8281de3d .vcex-heading-inner{border-color:#1e73be;}.vcex-heading.vcex_69f0d8281de3d{border-color:#1e73be;}<\/style><h2 class=\"vcex-heading vcex-heading-bottom-border-w-color vcex-module wpex-text-2xl wpex-font-normal  wpb_animate_when_almost_visible wpb_left-to-right left-to-right wpex-border-b-2 wpex-border-solid wpex-border-main vcex_69f0d8281de3d\"><span class=\"vcex-heading-inner wpex-inline-block wpex-relative wpex-pb-5 wpex-border-b-2 wpex-border-solid wpex-border-accent\">Proray SCADA cung c\u1ea5p:<\/span><\/h2>[\/vc_column][\/vc_row][vc_row][vc_column][vc_column_text]\n<ul>\n<li><strong>m\u1ed9t t\u1eadp h\u1ee3p c\u00f9ng v\u1edbi s\u1ef1 ph\u00e2n t\u00edch c\u00e1c d\u1eef li\u1ec7u <\/strong>nh\u1eadn \u0111\u01b0\u1ee3c t\u1eeb c\u00e1c t\u00e0i s\u1ea3n g\u1eafn v\u1edbi \u0111\u01b0\u1eddng ray (c\u00e1c \u0111i\u1ec3m, \u0111\u00e8n giao th\u00f4ng, c\u1ea3m bi\u1ebfn \u0111i\u1ec3m, v.v);<\/li>\n<li><strong>minh h\u1ecda t\u00ecnh tr\u1ea1ng <\/strong>b\u00e1o hi\u1ec7u<\/li>\n<li><strong>l\u01b0u gi\u1eef l\u1ecbch s\u1eed v\u00e0 l\u01b0u tr\u1eef <\/strong>c\u00e1c tr\u1ea1ng th\u00e1i c\u1ee7a h\u1ec7 th\u1ed1ng, b\u00e1o hi\u1ec7u v\u00e0 c\u00e1c t\u00ecnh hu\u1ed1ng kh\u1ea9n c\u1ea5p;<\/li>\n<li><strong>ki\u1ec3m so\u00e1t t\u1eadp trung c\u00e1c b\u1ed9 ph\u1eadn c\u1ee7a h\u1ec7 th\u1ed1ng <\/strong>t\u1eeb n\u01a1i l\u00e0m vi\u1ec7c t\u1ef1 \u0111\u1ed9ng c\u1ee7a ng\u01b0\u1eddi \u0111i\u1ec1u khi\u1ec3n<\/li>\n<li><strong>chuy\u1ec3n d\u1eef li\u1ec7u m\u1ed9t c\u00e1ch an to\u00e0n v\u00e0 \u0111\u00e1ng tin c\u1eady t\u1edbi <\/strong>h\u1ec7 th\u1ed1ng ki\u1ec3m so\u00e1t v\u1eadn h\u00e0nh<\/li>\n<li><strong>ti\u1ebfp c\u1eadn c\u00e1c d\u1ecb bi\u1ec7t th\u00f4ng th\u01b0\u1eddng v\u00e0 ti\u1ebfp nh\u1eadn quy\u1ec1n truy c\u1eadp <\/strong>c\u00e1c ngu\u1ed3n d\u1eef li\u1ec7u v\u00e0 b\u1ed9 ph\u1eadn ki\u1ec3m so\u00e1t<\/li>\n<\/ul>\n[\/vc_column_text][\/vc_column][\/vc_row][vc_row][vc_column]<style>.vcex-heading.vcex_69f0d8281f3ff .vcex-heading-inner{border-color:#1e73be;}.vcex-heading.vcex_69f0d8281f3ff{border-color:#1e73be;}<\/style><h2 class=\"vcex-heading vcex-heading-bottom-border-w-color vcex-module wpex-text-2xl wpex-font-normal  wpb_animate_when_almost_visible wpb_left-to-right left-to-right wpex-border-b-2 wpex-border-solid wpex-border-main vcex_69f0d8281f3ff\"><span class=\"vcex-heading-inner wpex-inline-block wpex-relative wpex-pb-5 wpex-border-b-2 wpex-border-solid wpex-border-accent\">C\u1ea5u t\u1ea1o h\u1ec7 th\u1ed1ng<\/span><\/h2>[\/vc_column][\/vc_row][vc_row][vc_column]<style>.vcex-heading.vcex_69f0d8281fff3 .vcex-heading-inner{border-color:#cccccc;}.vcex-heading.vcex_69f0d8281fff3{border-color:#cccccc;font-size:18px;}<\/style><h3 class=\"vcex-heading vcex-heading-bottom-border-w-color vcex-module wpex-text-2xl wpex-font-normal  wpb_animate_when_almost_visible wpb_right-to-left right-to-left wpex-border-b-2 wpex-border-solid wpex-border-main vcex_69f0d8281fff3\"><span class=\"vcex-heading-inner wpex-inline-block wpex-relative wpex-pb-5 wpex-border-b-2 wpex-border-solid wpex-border-accent\">M\u1ee9c \u0111\u1ed9 nh\u00e0 ga<\/span><\/h3>[\/vc_column][\/vc_row][vc_row][vc_column][vc_column_text]M\u1ee9c \u0111\u1ed9 nh\u00e0 ga bao g\u1ed3m nh\u1eefng n\u01a1i l\u00e0m vi\u1ec7c t\u1ef1 \u0111\u1ed9ng c\u1ee7a ng\u01b0\u1eddi v\u1eadn h\u00e0nh (AWP) v\u00e0 m\u1ed9t t\u1eadp h\u01a1p c\u00e1c ga v\u1edbi ch\u1ee9c n\u0103ng nh\u1eadn, x\u1eed l\u00fd v\u00e0 l\u01b0u th\u00f4ng tin t\u1eeb c\u00e1c t\u00e0i s\u1ea3n g\u1eafn v\u1edbi \u0111\u01b0\u1eddng ray. M\u1ee9c \u0111\u1ed9 nh\u00e0 ga bao g\u1ed3m nh\u1eefng n\u01a1i l\u00e0m vi\u1ec7c t\u1ef1 \u0111\u1ed9ng c\u1ee7a ng\u01b0\u1eddi v\u1eadn h\u00e0nh (AWP) v\u00e0 m\u1ed9t t\u1eadp h\u01a1p c\u00e1c ga v\u1edbi ch\u1ee9c n\u0103ng nh\u1eadn, x\u1eed l\u00fd v\u00e0 l\u01b0u th\u00f4ng tin t\u1eeb c\u00e1c t\u00e0i s\u1ea3n g\u1eafn li\u1ec1n v\u1edbi \u0111\u01b0\u1eddng ray.[\/vc_column_text][\/vc_column][\/vc_row][vc_row][vc_column]<style>.vcex-heading.vcex_69f0d82820bd6 .vcex-heading-inner{border-color:#cccccc;}.vcex-heading.vcex_69f0d82820bd6{border-color:#cccccc;font-size:18px;}<\/style><h3 class=\"vcex-heading vcex-heading-bottom-border-w-color vcex-module wpex-text-2xl wpex-font-normal  wpb_animate_when_almost_visible wpb_right-to-left right-to-left wpex-border-b-2 wpex-border-solid wpex-border-main vcex_69f0d82820bd6\"><span class=\"vcex-heading-inner wpex-inline-block wpex-relative wpex-pb-5 wpex-border-b-2 wpex-border-solid wpex-border-accent\">M\u1ee9c \u0111\u1ed9 trung t\u00e2m ki\u1ec3m so\u00e1t v\u1eadn h\u00e0nh<\/span><\/h3>[\/vc_column][\/vc_row][vc_row][vc_column][vc_column_text]M\u1ee9c \u0111\u1ed9 trung t\u00e2m ki\u1ec3m so\u00e1t v\u1eadn h\u00e0nh bao g\u1ed3m nh\u1eefng n\u01a1i l\u00e0m vi\u1ec7c t\u1ef1 \u0111\u1ed9ng c\u1ee7a ng\u01b0\u1eddi v\u1eadn h\u00e0nh c\u0169ng nh\u01b0 n\u01a1i l\u00e0m vi\u1ec7c t\u1ef1 \u0111\u1ed9ng c\u1ee7a ng\u01b0\u1eddi \u0111i\u1ec1u khi\u1ec3n h\u1ec7 th\u1ed1ng, c\u00e1c thi\u1ebft b\u1ecb truy\u1ec1n tin \u1edf m\u1ee9c \u0111\u1ed9 nh\u00e0 ga, m\u00e0n h\u00ecnh gh\u00e9p v\u00e0 m\u00e1y ch\u1ee7 ch\u1ee9a c\u01a1 s\u1edf d\u1eef li\u1ec7u c\u00f3 nhi\u1ec7m v\u1ee5 thu th\u1eadp v\u00e0 l\u01b0u tr\u1eef s\u1ef1 \u0111i\u1ec1u khi\u1ec3n c\u00e1c y\u1ebfu t\u1ed1 trong h\u1ec7 th\u1ed1ng c\u0169ng nh\u01b0 l\u1ecbch s\u1eed tr\u1ea1ng th\u00e1i c\u1ee7a h\u1ec7 th\u1ed1ng.[\/vc_column_text][\/vc_column][\/vc_row][vc_row][vc_column][vc_column_text]<img decoding=\"async\" loading=\"lazy\" class=\"alignnone size-full wp-image-3332\" src=\"https:\/\/lotgroup.eu\/wp-content\/uploads\/2017\/01\/Operations_Control_Center_Level_Cheme_en.jpg\" alt=\"Operations Control Center Level\" width=\"1201\" height=\"1203\" srcset=\"https:\/\/lotgroup.eu\/wp-content\/uploads\/2017\/01\/Operations_Control_Center_Level_Cheme_en.jpg 1201w, https:\/\/lotgroup.eu\/wp-content\/uploads\/2017\/01\/Operations_Control_Center_Level_Cheme_en-300x300.jpg 300w, https:\/\/lotgroup.eu\/wp-content\/uploads\/2017\/01\/Operations_Control_Center_Level_Cheme_en-600x601.jpg 600w, https:\/\/lotgroup.eu\/wp-content\/uploads\/2017\/01\/Operations_Control_Center_Level_Cheme_en-768x769.jpg 768w, https:\/\/lotgroup.eu\/wp-content\/uploads\/2017\/01\/Operations_Control_Center_Level_Cheme_en-1200x1202.jpg 1200w\" sizes=\"(max-width: 1201px) 100vw, 1201px\" \/>[\/vc_column_text][\/vc_column][\/vc_row][vc_row][vc_column]<style>.vcex-heading.vcex_69f0d82821418 .vcex-heading-inner{border-color:#1e73be;}.vcex-heading.vcex_69f0d82821418{border-color:#1e73be;}<\/style><h2 class=\"vcex-heading vcex-heading-bottom-border-w-color vcex-module wpex-text-2xl wpex-font-normal  wpb_animate_when_almost_visible wpb_left-to-right left-to-right wpex-border-b-2 wpex-border-solid wpex-border-main vcex_69f0d82821418\"><span class=\"vcex-heading-inner wpex-inline-block wpex-relative wpex-pb-5 wpex-border-b-2 wpex-border-solid wpex-border-accent\">C\u1ea5u tr\u00fac c\u00e1c y\u1ebfu t\u1ed1 c\u1ee7a h\u1ec7 th\u1ed1ng<\/span><\/h2>[\/vc_column][\/vc_row][vc_row][vc_column][vc_column_text]<strong>H\u1ec7 th\u1ed1ng ProRay SCADA<\/strong> bao g\u1ed3m c\u00e1c y\u1ebfu t\u1ed1 nh\u01b0 <strong>m\u00e1y kh\u00e1ch, m\u00e1y ch\u1ee7 ch\u1ee9a c\u01a1 s\u1edf d\u1eef li\u1ec7u, m\u00e1y ch\u1ee7 ch\u1ee9a n\u00fat m\u1ea1ng v\u00e0 c\u00e1c thi\u1ebft b\u1ecb.<\/strong><\/p>\n<p><strong>M\u00e1y kh\u00e1ch <\/strong>l\u00e0 m\u1ed9t ph\u1ea7n c\u1ee7a h\u1ec7 th\u1ed1ng, chuy\u00ean cung c\u1ea5p t\u01b0\u01a1ng t\u00e1c v\u1edbi ng\u01b0\u1eddi d\u00f9ng v\u00e0 ch\u1ee9a m\u00e0n h\u00ecnh gh\u00e9p hi\u1ec3n th\u1ecb th\u00f4ng tin chung v\u1ec1 t\u00ecnh tr\u1ea1ng c\u1ee7a m\u1ecdi y\u1ebfu t\u1ed1 trong h\u1ec7 th\u1ed1ng c\u0169ng nh\u01b0 AWP c\u1ee7a ng\u01b0\u1eddi v\u1eadn h\u00e0nh. \u0110i\u1ec1u n\u00e0y gi\u00fap hi\u1ec3n th\u1ecb th\u00f4ng tin v\u1ec1 c\u00e1c y\u1ebfu t\u1ed1 c\u1ee5 th\u1ec3 trong h\u1ec7 th\u1ed1ng v\u00e0 ki\u1ec3m so\u00e1t ch\u00fang.<\/p>\n<p><strong>M\u00e1y ch\u1ee7 ch\u1ee9a c\u01a1 s\u1edf d\u1eef li\u1ec7u <\/strong>l\u00e0 m\u1ed9t ph\u1ea7n c\u1ee7a h\u1ec7 th\u1ed1ng, c\u00f3 tr\u00e1ch nhi\u1ec7m \u0111\u1ea3m b\u1ea3o l\u01b0u tr\u1eef v\u00e0 cung c\u1ea5p th\u00f4ng tin v\u1ec1 chu\u1ed7i tr\u1ea1ng th\u00e1i v\u00e0 c\u00e0i \u0111\u1eb7t. M\u00e1y ch\u1ee7 n\u00e0y bao g\u1ed3m c\u01a1 s\u1edf d\u1eef li\u1ec7u \u0111i\u1ec1u khi\u1ec3n c\u1ee7a c\u00e1c y\u1ebfu t\u1ed1 trong h\u1ec7 th\u1ed1ng, c\u01a1 s\u1edf d\u1eef li\u1ec7u v\u1ec1 l\u1ecbch s\u1eed c\u00e1c y\u1ebfu t\u1ed1 trong h\u1ec7 th\u1ed1ng c\u0169ng nh\u01b0 m\u00e1y kh\u00e1ch thu th\u1eadp l\u1ecbch s\u1eed, v\u00ed d\u1ee5 nh\u01b0 t\u00ecnh tr\u1ea1ng hi\u1ec7n t\u1ea1i c\u1ee7a c\u00e1c y\u1ebfu t\u1ed1 trong h\u1ec7 th\u1ed1ng.<\/p>\n<p><strong>M\u00e1y ch\u1ee7 ch\u1ee9a n\u00fat m\u1ea1ng <\/strong>bao g\u1ed3m m\u00e1y ch\u1ee7 ch\u1ee9a c\u01a1 s\u1edf d\u1eef li\u1ec7u v\u00e0 m\u00e1y ch\u1ee7 logic, kh\u1ed1i ch\u01b0\u01a1ng tr\u00ecnh thu th\u1eadp l\u1ecbch s\u1eed, tr\u00ecnh \u0111i\u1ec1u khi\u1ec3n thi\u1ebft b\u1ecb Modbus RTU, tr\u00ecnh \u0111i\u1ec1u khi\u1ec3n thi\u1ebft b\u1ecb Modbus TCP v\u00e0 tr\u00ecnh \u0111i\u1ec1u khi\u1ec3n thi\u1ebft b\u1ecb ph\u1ee5 tr\u1ee3 theo y\u00eau c\u1ea7u.<\/p>\n<p>C\u00e1c thi\u1ebft b\u1ecb h\u1ec7 th\u1ed1ng bao g\u1ed3m Thi\u1ebft b\u1ecb Modbus RTU, Thi\u1ebft b\u1ecb Modbus TCP v\u00e0 thi\u1ebft b\u1ecb ph\u1ee5 tr\u1ee3 theo y\u00eau c\u1ea7u.[\/vc_column_text][\/vc_column][\/vc_row][vc_row][vc_column][vc_column_text]<img decoding=\"async\" loading=\"lazy\" class=\"alignnone size-full wp-image-3333\" src=\"https:\/\/lotgroup.eu\/wp-content\/uploads\/2017\/01\/System_Components_Structure_PRO-SCADA_eng.jpg\" alt=\"System Components Structure PRO-SCADA\" width=\"1200\" height=\"1145\" srcset=\"https:\/\/lotgroup.eu\/wp-content\/uploads\/2017\/01\/System_Components_Structure_PRO-SCADA_eng.jpg 1200w, https:\/\/lotgroup.eu\/wp-content\/uploads\/2017\/01\/System_Components_Structure_PRO-SCADA_eng-600x573.jpg 600w, https:\/\/lotgroup.eu\/wp-content\/uploads\/2017\/01\/System_Components_Structure_PRO-SCADA_eng-768x733.jpg 768w\" sizes=\"(max-width: 1200px) 100vw, 1200px\" \/>[\/vc_column_text][\/vc_column][\/vc_row][vc_row][vc_column][vc_column_text]<strong>\u0110\u1ec3 nh\u1eadn bi\u1ebft t\u01b0\u01a1ng t\u00e1c gi\u1eefa ng\u01b0\u1eddi d\u00f9ng v\u00e0 ph\u1ea7n c\u1ee9ng, h\u1ec7 th\u1ed1ng \u0111\u01b0\u1ee3c c\u1ea5u th\u00e0nh t\u1eeb c\u00e1c y\u1ebfu t\u1ed1 sau:<\/strong><\/p>\n<ul>\n<li><strong>ng\u01b0\u1eddi d\u00f9ng:<\/strong> l\u00e0 nh\u1eefng ng\u01b0\u1eddi t\u00ecm hi\u1ec3u c\u00e1c thay \u0111\u1ed5i ph\u1ee9c t\u1ea1p trong tr\u1ea1ng th\u00e1i thi\u1ebft b\u1ecb ph\u1ea7n c\u1ee9ng v\u00e0 ki\u1ec3m so\u00e1t ch\u00fang n\u1ebfu th\u1ea5y c\u1ea7n thi\u1ebft<\/li>\n<li><strong>thi\u1ebft b\u1ecb \u0111\u1ea7u cu\u1ed1i:<\/strong> l\u00e0 thi\u1ebft b\u1ecb gi\u1eefa ng\u01b0\u1eddi d\u00f9ng v\u00e0 thi\u1ebft b\u1ecb ph\u1ea7n c\u1ee9ng, chuy\u00ean cung c\u1ea5p giao di\u1ec7n th\u00e2n thi\u1ec7n v\u1edbi ng\u01b0\u1eddi d\u00f9ng<\/li>\n<\/ul>\n<p><strong>Thi\u1ebft b\u1ecb \u0111\u1ea7u cu\u1ed1i bao g\u1ed3m c\u00e1c ph\u1ea7n m\u1ec1m d\u01b0\u1edbi d\u00e2y<\/strong><\/p>\n<ul>\n<li><strong>kh\u1ed1i ch\u01b0\u01a1ng tr\u00ecnh hi\u1ec3n th\u1ecb tr\u1ea1ng th\u00e1i<\/strong> gi\u00fap ng\u01b0\u1eddi d\u00f9ng th\u1ea5y \u0111\u01b0\u1ee3c t\u00ecnh tr\u1ea1ng hi\u1ec7n t\u1ea1i c\u1ee7a ph\u1ea7n c\u1ee9ng v\u00e0 c\u00e1c y\u1ebfu t\u1ed1 logic trong h\u1ec7 th\u1ed1ng<\/li>\n<li><strong>kh\u1ed1i ch\u01b0\u01a1ng tr\u00ecnh hi\u1ec3n th\u1ecb l\u1ecbch s\u1eed tr\u1ea1ng th\u00e1i <\/strong>li\u1ec7t k\u00ea l\u1ecbch s\u1eed c\u00e1c thay \u0111\u1ed5i trong tr\u1ea1ng th\u00e1i c\u1ee7a ph\u1ea7n c\u1ee9ng v\u00e0 c\u00e1c y\u1ebfu t\u1ed1 logic trong h\u1ec7 th\u1ed1ng;<\/li>\n<li><strong>kh\u1ed1i ch\u01b0\u01a1ng tr\u00ecnh ki\u1ec3m so\u00e1t tr\u1ea1ng th\u00e1i <\/strong>cho ph\u00e9p ng\u01b0\u1eddi d\u00f9ng c\u00e0i \u0111\u1eb7t (thay \u0111\u1ed5i) tr\u1ea1ng th\u00e1i c\u00e1c y\u1ebfu t\u1ed1 ph\u1ea7n c\u1ee9ng c\u1ee7a h\u1ec7 th\u1ed1ng<\/li>\n<li><strong>kh\u1ed1i ch\u01b0\u01a1ng tr\u00ecnh x\u00e1c minh <\/strong>l\u00e0 m\u1ed9t h\u1ec7 th\u1ed1ng x\u00e1c nh\u1eadn v\u00e0 ph\u00e2n bi\u1ec7t quy\u1ec1n truy c\u1eadp c\u1ee7a ng\u01b0\u1eddi d\u00f9ng v\u1edbi c\u00e1c ch\u1ee9c n\u0103ng ki\u1ec3m so\u00e1t h\u1ec7 th\u1ed1ng kh\u00e1c nhau.<\/li>\n<\/ul>\n<p><strong>C\u00e1c m\u00e1y ch\u1ee7 c\u00f3 nhi\u1ec7m v\u1ee5 ti\u1ebfp nh\u1eadn, x\u1eed l\u00fd v\u00e0 t\u00edch tr\u1eef d\u1eef li\u1ec7u t\u1eeb c\u00e1c thi\u1ebft b\u1ecb ph\u1ea7n c\u1ee9ng v\u00e0 thi\u1ebft b\u1ecb \u0111\u1ea7u cu\u1ed1i. C\u00e1c m\u00e1y ch\u1ee7 th\u1ef1c hi\u1ec7n nh\u1eefng ch\u1ee9c n\u0103ng d\u01b0\u1edbi \u0111\u00e2y:<\/strong><\/p>\n<ul>\n<li><strong>Thu th\u1eadp v\u00e0 ph\u00e2n t\u00edch d\u1eef li\u1ec7u.<\/strong> C\u00e1c m\u00e1y ch\u1ee7 x\u1eed l\u00fd v\u00e0 t\u00edch tr\u1eef d\u1eef li\u1ec7u t\u1eeb ph\u1ea7n c\u1ee9ng v\u00e0 c\u00e1c y\u1ebfu t\u1ed1 logic c\u1ee7a h\u1ec7 th\u1ed1ng<\/li>\n<li><strong>Ki\u1ec3m so\u00e1t c\u00e1c thi\u1ebft b\u1ecb ph\u1ea7n c\u1ee9ng c\u1ee7a h\u1ec7 th\u1ed1ng.<\/strong> C\u00e1c m\u00e1y ch\u1ee7 thu th\u1eadp, x\u1eed l\u00fd v\u00e0 truy\u1ec1n l\u1ec7nh t\u1edbi c\u00e1c y\u1ebfu t\u1ed1 ph\u1ea7n c\u1ee9ng c\u1ee7a h\u1ec7 th\u1ed1ng.<\/li>\n<li><strong>\u0110i\u1ec1u khi\u1ec3n c\u00e1c b\u1ed9 ph\u1eadn c\u1ee7a h\u1ec7 th\u1ed1ng. <\/strong>C\u00e1c m\u00e1y ch\u1ee7 x\u1eed l\u00fd v\u00e0 l\u01b0u tr\u1eef thay \u0111\u1ed5i trong c\u00e0i \u0111\u1eb7t ph\u1ea7n c\u1ee9ng v\u00e0 c\u00e1c y\u1ebfu t\u1ed1 logic c\u1ee7a h\u1ec7 th\u1ed1ng.<\/li>\n<li><strong>T\u00edch tr\u1eef v\u00e0 x\u1eed l\u00fd l\u1ecbch s\u1eed c\u00e1c thay \u0111\u1ed5i. <\/strong>C\u00e1c m\u00e1y ch\u1ee7 thu th\u1eadp v\u00e0 x\u1eed l\u00fd l\u1ecbch s\u1eed tr\u1ea1ng th\u00e1i c\u1ee7a c\u00e1c b\u1ed9 ph\u1eadn logic v\u00e0 ph\u1ea7n c\u1ee9ng c\u1ee7a h\u1ec7 th\u1ed1ng<\/li>\n<\/ul>\n[\/vc_column_text][\/vc_column][\/vc_row][vc_row][vc_column]<style>.vcex-heading.vcex_69f0d828219db .vcex-heading-inner{border-color:#1e73be;}.vcex-heading.vcex_69f0d828219db{border-color:#1e73be;}<\/style><h2 class=\"vcex-heading vcex-heading-bottom-border-w-color vcex-module wpex-text-2xl wpex-font-normal  wpb_animate_when_almost_visible wpb_left-to-right left-to-right wpex-border-b-2 wpex-border-solid wpex-border-main vcex_69f0d828219db\"><span class=\"vcex-heading-inner wpex-inline-block wpex-relative wpex-pb-5 wpex-border-b-2 wpex-border-solid wpex-border-accent\">\u0110i\u1ec3m m\u1ea1nh c\u1ee7a vi\u1ec7c \u1ee9ng d\u1ee5ng H\u1ec7 th\u1ed1ng Proray SCADA<\/span><\/h2>[\/vc_column][\/vc_row][vc_row][vc_column width=&#8221;1\/4&#8243;][vc_row_inner][vc_column_inner width=&#8221;1\/4&#8243;][vc_column_text]\n<h4><img decoding=\"async\" loading=\"lazy\" class=\"alignnone size-full wp-image-3348\" src=\"https:\/\/lotgroup.eu\/wp-content\/uploads\/2017\/01\/High_information_capacity_and_reliability-1.jpg\" alt=\"High Information Capacity and Reliability\" width=\"200\" height=\"200\" \/><\/h4>\n[\/vc_column_text][\/vc_column_inner][vc_column_inner width=&#8221;3\/4&#8243;][vc_column_text]\n<h4>L\u01b0u l\u01b0\u1ee3ng th\u00f4ng tin v\u00e0 \u0111\u1ed9 tin c\u1eady cao<\/h4>\n[\/vc_column_text][\/vc_column_inner][\/vc_row_inner][vc_column_text css_animation=&#8221;top-to-bottom&#8221;]Vi\u1ec7c v\u1eadn h\u00e0nh h\u1ec7 th\u1ed1ng cho ph\u00e9p ph\u00e2n t\u00edch l\u01b0\u1ee3ng th\u00f4ng tin l\u1edbn v\u1ec1 tr\u1ea1ng th\u00e1i thi\u1ebft b\u1ecb h\u1ec7 th\u1ed1ng ph\u00f9 h\u1ee3p cho l\u01b0u tr\u1eef[\/vc_column_text][\/vc_column][vc_column width=&#8221;1\/4&#8243;][vc_row_inner][vc_column_inner width=&#8221;1\/4&#8243;][vc_column_text]\n<h4><img decoding=\"async\" loading=\"lazy\" class=\"alignnone size-full wp-image-3347\" src=\"https:\/\/lotgroup.eu\/wp-content\/uploads\/2017\/01\/Analyze_of_Operators_Actions-1.jpg\" alt=\"Analyze of Operator\u2019s Actions\" width=\"200\" height=\"200\" \/><\/h4>\n[\/vc_column_text][\/vc_column_inner][vc_column_inner width=&#8221;3\/4&#8243;][vc_column_text]\n<h4>Ph\u00e2n t\u00edch ho\u1ea1t \u0111\u1ed9ng c\u1ee7a ng\u01b0\u1eddi v\u1eadn h\u00e0nh<\/h4>\n[\/vc_column_text][\/vc_column_inner][\/vc_row_inner][vc_column_text css_animation=&#8221;bottom-to-top&#8221;]Vi\u1ec7c l\u01b0u gi\u1eef l\u1ecbch s\u1eed thi\u1ebft b\u1ecb h\u1ec7 th\u1ed1ng cho ph\u00e9p ph\u00e2n t\u00edch c\u00e1c ho\u1ea1t \u0111\u1ed9ng c\u1ee7a ng\u01b0\u1eddi \u0111i\u1ec1u h\u00e0nh, ph\u00e1t hi\u1ec7n l\u1ed7i v\u00e0 s\u1eeda ch\u1eefa ch\u00fang[\/vc_column_text][\/vc_column][vc_column width=&#8221;1\/4&#8243;][vc_row_inner][vc_column_inner width=&#8221;1\/4&#8243;][vc_column_text]\n<h4><img decoding=\"async\" loading=\"lazy\" class=\"alignnone size-full wp-image-3349\" src=\"https:\/\/lotgroup.eu\/wp-content\/uploads\/2017\/01\/Improving_the_quality_of_operators_work-1.jpg\" alt=\"Improving the Quality of Operator\u2019s Work\" width=\"200\" height=\"200\" \/><\/h4>\n[\/vc_column_text][\/vc_column_inner][vc_column_inner width=&#8221;3\/4&#8243;][vc_column_text]\n<h4>N\u00e2ng cao ch\u1ea5t l\u01b0\u1ee3ng c\u00f4ng vi\u1ec7c c\u1ee7a ng\u01b0\u1eddi v\u1eadn h\u00e0nh<\/h4>\n[\/vc_column_text][\/vc_column_inner][\/vc_row_inner][vc_column_text css_animation=&#8221;top-to-bottom&#8221;]Giao di\u1ec7n th\u00e2n thi\u1ec7n c\u1ee7a h\u1ec7 th\u1ed1ng cho ph\u00e9p l\u00e0m gi\u1ea3m m\u1ec7t m\u1ecfi v\u00e0 t\u0103ng t\u00ednh ch\u00ednh x\u00e1c trong c\u00f4ng vi\u1ec7c c\u1ee7a ng\u01b0\u1eddi \u0111i\u1ec1u h\u00e0nh[\/vc_column_text][\/vc_column][vc_column width=&#8221;1\/4&#8243;][vc_row_inner][vc_column_inner width=&#8221;1\/4&#8243;][vc_column_text]\n<h4><img decoding=\"async\" loading=\"lazy\" class=\"alignnone size-full wp-image-3346\" src=\"https:\/\/lotgroup.eu\/wp-content\/uploads\/2017\/01\/Adaptability-1.jpg\" alt=\"Adaptability\" width=\"200\" height=\"200\" \/><\/h4>\n[\/vc_column_text][\/vc_column_inner][vc_column_inner width=&#8221;3\/4&#8243;][vc_column_text]\n<h4>Kh\u00e1 n\u0103ng th\u00edch nghi<\/h4>\n[\/vc_column_text][\/vc_column_inner][\/vc_row_inner][vc_column_text css_animation=&#8221;bottom-to-top&#8221;]H\u1ec7 th\u1ed1ng n\u00e0y c\u00f3 t\u00ednh m\u1edf v\u00e0 c\u00f3 th\u1ec3 \u0111\u01b0\u1ee3c m\u1edf r\u1ed9ng. N\u00f3 c\u00f3 th\u1ec3 \u0111\u01b0\u1ee3c k\u1ebft n\u1ed1i v\u1edbi b\u1ea5t c\u1ee9 h\u1ec7 th\u1ed1ng li\u00ean kh\u00f3a \u0111i\u1ec7n n\u00e0o. H\u1ec7 th\u1ed1ng n\u00e0y d\u1ec5 \u00e1p d\u1ee5ng \u1edf giai \u0111o\u1ea1n thi\u1ebft k\u1ebf c\u0169ng nh\u01b0 kh\u00e2u hi\u1ec7n \u0111\u1ea1i h\u00f3a trong su\u1ed1t qu\u00e1 tr\u00ecnh v\u1eadn h\u00e0nh[\/vc_column_text][\/vc_column][\/vc_row]\n<\/section>","protected":false},"excerpt":{"rendered":"<p>[vc_row][vc_column][vc_single_image image=&#8221;3316&#8243; css_animation=&#8221;bottom-to-top&#8221;][\/vc_column][\/vc_row][vc_row][vc_column][vc_column_text]H\u1ec7 th\u1ed1ng ki\u1ec3m so\u00e1t t\u1eadp trung PRORAY SCADA l\u00e0 m\u1ed9t t\u1eadp h\u1ee3p c\u00e1c ph\u1ea7n m\u1ec1m v\u1edbi nhi\u1ec7m v\u1ee5 thu th\u1eadp, x\u1eed l\u00fd, hi\u1ec3n th\u1ecb v\u00e0 l\u01b0u tr\u1eef th\u00f4ng tin v\u1ec1 chuy\u1ec3n \u0111\u1ed9ng c\u1ee7a t\u00e0u v\u00e0 c\u00e1ch ki\u1ec3m so\u00e1t. Chu\u1ed7i ph\u1ea7n m\u1ec1m n\u00e0y ho\u1ea1t \u0111\u1ed9ng d\u01b0\u1edbi h\u1ec7 th\u1ed1ng v\u1eadn h\u00e0nh th\u1ef1c QNX \u0111\u01b0\u1ee3c s\u1eed&hellip;<\/p>\n","protected":false},"author":6,"featured_media":0,"parent":448,"menu_order":0,"comment_status":"closed","ping_status":"closed","template":"","meta":{"footnotes":""},"translation":{"provider":"WPGlobus","version":"2.12.2","language":"vi","enabled_languages":["en","ru","bg","vi"],"languages":{"en":{"title":true,"content":true,"excerpt":false},"ru":{"title":true,"content":true,"excerpt":false},"bg":{"title":false,"content":false,"excerpt":false},"vi":{"title":true,"content":true,"excerpt":false}}},"_links":{"self":[{"href":"https:\/\/lotgroup.eu\/vi\/wp-json\/wp\/v2\/pages\/3315"}],"collection":[{"href":"https:\/\/lotgroup.eu\/vi\/wp-json\/wp\/v2\/pages"}],"about":[{"href":"https:\/\/lotgroup.eu\/vi\/wp-json\/wp\/v2\/types\/page"}],"author":[{"embeddable":true,"href":"https:\/\/lotgroup.eu\/vi\/wp-json\/wp\/v2\/users\/6"}],"replies":[{"embeddable":true,"href":"https:\/\/lotgroup.eu\/vi\/wp-json\/wp\/v2\/comments?post=3315"}],"version-history":[{"count":48,"href":"https:\/\/lotgroup.eu\/vi\/wp-json\/wp\/v2\/pages\/3315\/revisions"}],"predecessor-version":[{"id":4392,"href":"https:\/\/lotgroup.eu\/vi\/wp-json\/wp\/v2\/pages\/3315\/revisions\/4392"}],"up":[{"embeddable":true,"href":"https:\/\/lotgroup.eu\/vi\/wp-json\/wp\/v2\/pages\/448"}],"wp:attachment":[{"href":"https:\/\/lotgroup.eu\/vi\/wp-json\/wp\/v2\/media?parent=3315"}],"curies":[{"name":"wp","href":"https:\/\/api.w.org\/{rel}","templated":true}]}}