{"id":3353,"date":"2017-01-25T13:13:22","date_gmt":"2017-01-25T10:13:22","guid":{"rendered":"http:\/\/lotgroup.eu\/?page_id=3353"},"modified":"2017-06-14T15:31:46","modified_gmt":"2017-06-14T12:31:46","slug":"umbis-micro-processor-based-interlocking-system-mpi","status":"publish","type":"page","link":"https:\/\/lotgroup.eu\/vi\/product\/rail-transport\/umbis-micro-processor-based-interlocking-system-mpi\/","title":{"rendered":"H\u1ec7 th\u1ed1ng li\u00ean k\u1ebft d\u1ef1a tr\u00ean b\u1ed9 vi x\u1eed l\u00fd Umbis (MPI)"},"content":{"rendered":"<section class=\"wpb-content-wrapper\">[vc_row][vc_column][vc_single_image image=&#8221;3354&#8243; css_animation=&#8221;bottom-to-top&#8221;][\/vc_column][\/vc_row][vc_row][vc_column][vc_column_text]<strong>H\u1ec7 th\u1ed1ng li\u00ean k\u1ebft d\u1ef1a tr\u00ean b\u1ed9 vi x\u1eed l\u00fd (MPI)<\/strong> l\u00e0 m\u1ed9t h\u1ec7 th\u1ed1ng ki\u1ec3m so\u00e1t t\u1ef1 \u0111\u1ed9ng c\u00f3 nhi\u1ec7m v\u1ee5 qu\u1ea3n l\u00fd t\u00e0u v\u00e0 c\u00e1c t\u00e1c nghi\u1ec7p t\u1ea1i ga c\u0169ng nh\u01b0 c\u00e1c khu gian g\u00e2n k\u1ec1 sao cho ph\u00f9 h\u1ee3p v\u1edbi c\u00e1c y\u00eau c\u1ea7u an to\u00e0n giao th\u00f4ng.[\/vc_column_text][\/vc_column][\/vc_row][vc_row][vc_column]<style>.vcex-heading.vcex_69e019810c4e7 .vcex-heading-inner{border-color:#1e73be;}.vcex-heading.vcex_69e019810c4e7{border-color:#1e73be;}<\/style><h2 class=\"vcex-heading vcex-heading-bottom-border-w-color vcex-module wpex-text-2xl wpex-font-normal  wpb_animate_when_almost_visible wpb_left-to-right left-to-right wpex-border-b-2 wpex-border-solid wpex-border-main vcex_69e019810c4e7\"><span class=\"vcex-heading-inner wpex-inline-block wpex-relative wpex-pb-5 wpex-border-b-2 wpex-border-solid wpex-border-accent\">H\u1ec7 th\u1ed1ng UMBIS cho ph\u00e9p:<\/span><\/h2>[\/vc_column][\/vc_row][vc_row][vc_column][vc_column_text]\n<ul>\n<li>ki\u1ec3m so\u00e1t c\u00e1c thi\u00eat b\u1ecb t\u1ef1 \u0111\u1ed9ng t\u1ea1i ga (c\u00e1c ch\u1ee9c n\u0103ng ch\u00ednh c\u1ee7a ghi v\u00e0 t\u00edn hi\u1ec7u)<\/li>\n<li>ki\u1ec3m so\u00e1t tr\u1ea1ng th\u00e1i c\u00e1c thi\u1ebft b\u1ecb t\u1ef1 \u0111\u1ed9ng t\u1ea1i ga;<\/li>\n<li>v\u1eadn h\u00e0nh t\u00e0u an to\u00e0n;<\/li>\n<li>ch\u1ea9n \u0111o\u00e1n c\u00e1c thi\u1ebft b\u1ecb t\u1ef1 \u0111\u1ed9ng v\u00e0 t\u1ef1 ch\u1ea9n \u0111o\u00e1n c\u00e1c th\u00e0nh ph\u1ea7n trong h\u1ec7 th\u1ed1ng;<\/li>\n<li>t\u01b0\u01a1ng quan v\u1edbi c\u00e1c h\u1ec7 th\u1ed1ng c\u00f9ng ho\u1eb7c c\u00f3 c\u1ea5p \u0111\u1ed9 cao h\u01a1n (h\u1ec7 th\u1ed1ng \u0111i\u1ec1u h\u00e0nh t\u1eadp trung)<\/li>\n<li>l\u01b0u tr\u1eef th\u00f4ng tin v\u1ec1 tr\u1ea1ng th\u00e1i c\u1ee7a thi\u1ebft b\u1ecb ki\u1ec3m so\u00e1t, ho\u1ea1t \u0111\u1ed9ng c\u1ee7a ng\u01b0\u1eddi v\u1eadn h\u00e0nh v\u00e0 d\u1eef li\u1ec7u ch\u1ea9n \u0111o\u00e1n v\u1eadn h\u00e0nh c\u1ee7a c\u00e1c c\u00e1c th\u00e0nh ph\u1ea7n trong h\u1ec7 th\u1ed1ng.<\/li>\n<\/ul>\n[\/vc_column_text][\/vc_column][\/vc_row][vc_row][vc_column]<style>.vcex-heading.vcex_69e019810d2d8 .vcex-heading-inner{border-color:#1e73be;}.vcex-heading.vcex_69e019810d2d8{border-color:#1e73be;}<\/style><h2 class=\"vcex-heading vcex-heading-bottom-border-w-color vcex-module wpex-text-2xl wpex-font-normal  wpb_animate_when_almost_visible wpb_left-to-right left-to-right wpex-border-b-2 wpex-border-solid wpex-border-main vcex_69e019810d2d8\"><span class=\"vcex-heading-inner wpex-inline-block wpex-relative wpex-pb-5 wpex-border-b-2 wpex-border-solid wpex-border-accent\">C\u1ea5u t\u1ea1o h\u1ec7 th\u1ed1ng<\/span><\/h2>[\/vc_column][\/vc_row][vc_row][vc_column]<style>.vcex-heading.vcex_69e019810d9bc .vcex-heading-inner{border-color:#cccccc;}.vcex-heading.vcex_69e019810d9bc{border-color:#cccccc;font-size:18px;}<\/style><h3 class=\"vcex-heading vcex-heading-bottom-border-w-color vcex-module wpex-text-2xl wpex-font-normal  wpb_animate_when_almost_visible wpb_right-to-left right-to-left wpex-border-b-2 wpex-border-solid wpex-border-main vcex_69e019810d9bc\"><span class=\"vcex-heading-inner wpex-inline-block wpex-relative wpex-pb-5 wpex-border-b-2 wpex-border-solid wpex-border-accent\">C\u1ea5p tr\u00ean<\/span><\/h3>[\/vc_column][\/vc_row][vc_row][vc_column][vc_column_text]C\u1ea5p thi\u1ebft b\u1ecb ki\u1ec3m so\u00e1t bao g\u1ed3m nh\u1eefng n\u01a1i l\u00e0m vi\u1ec7c t\u1ef1 \u0111\u1ed9ng ch\u00ednh ho\u1eb7c d\u1ef1 ph\u00f2ng c\u1ee7a ng\u01b0\u1eddi tr\u1ef1c c\u0169ng nh\u01b0 k\u1ef9 thu\u1eadt vi\u00ean.<\/p>\n<p>Nh\u1edd v\u00e0o vi\u1ec7c gi\u1edbi h\u1ea1n quy\u1ec1n truy c\u1eadp v\u00e0o n\u01a1i l\u00e0m vi\u1ec7c t\u1ef1 \u0111\u1ed9ng v\u00e0 lo\u1ea1i b\u1ecf kh\u1ea3 n\u0103ng thay \u0111\u1ed5i trong ch\u01b0\u01a1ng tr\u00ecnh ho\u1ea1t \u0111\u1ed9ng c\u1ee7a UMBIS m\u00e0 t\u00ednh to\u00e0n v\u1eb9n c\u0169ng nh\u01b0 b\u1ea3o m\u1eadt c\u1ee7a ngu\u1ed3n th\u00f4ng tin h\u1ec7 th\u1ed1ng \u0111\u01b0\u1ee3c b\u1ea3o \u0111\u1ea3m.[\/vc_column_text][\/vc_column][\/vc_row][vc_row][vc_column]<style>.vcex-heading.vcex_69e019810e1bc .vcex-heading-inner{border-color:#cccccc;}.vcex-heading.vcex_69e019810e1bc{border-color:#cccccc;font-size:18px;}<\/style><h3 class=\"vcex-heading vcex-heading-bottom-border-w-color vcex-module wpex-text-2xl wpex-font-normal  wpb_animate_when_almost_visible wpb_right-to-left right-to-left wpex-border-b-2 wpex-border-solid wpex-border-main vcex_69e019810e1bc\"><span class=\"vcex-heading-inner wpex-inline-block wpex-relative wpex-pb-5 wpex-border-b-2 wpex-border-solid wpex-border-accent\">C\u1ea5p trung<\/span><\/h3>[\/vc_column][\/vc_row][vc_row][vc_column][vc_column_text]C\u1ea5p trung l\u00e0 m\u1ed9t t\u1eadp h\u1ee3p ph\u1ea7n c\u1ee9ng v\u00e0 ph\u1ea7n m\u1ec1m \u0111\u1ea3m b\u1ea3o vi\u1ec7c ki\u1ec3m so\u00e1t v\u00e0 ki\u1ec3m tra c\u00e1c m\u1ed1i li\u00ean h\u1ec7 logic ch\u00ednh v\u00e0 g\u1eedi l\u1ec7nh qu\u1ea3n l\u00fd c\u0169ng nh\u01b0 \u0111\u1ea3m b\u1ea3o s\u1ef1 k\u1ebft n\u1ed1i gi\u1eefa c\u00e1c h\u1ec7 th\u1ed1ng \u201ccon\u201d.<\/p>\n<p>C\u1ea5p trung bao g\u1ed3m tr\u1ea1m \u0111i\u1ec1u khi\u1ec3n t\u1eadp trung v\u00e0 tr\u1ea1m ki\u1ec3m so\u00e1t g\u1eafn t\u1ea1i c\u00e1c \u0111\u1ed1i t\u01b0\u1ee3ng.[\/vc_column_text][\/vc_column][\/vc_row][vc_row][vc_column]<style>.vcex-heading.vcex_69e019810e94e .vcex-heading-inner{border-color:#cccccc;}.vcex-heading.vcex_69e019810e94e{border-color:#cccccc;font-size:18px;}<\/style><h3 class=\"vcex-heading vcex-heading-bottom-border-w-color vcex-module wpex-text-2xl wpex-font-normal  wpb_animate_when_almost_visible wpb_right-to-left right-to-left wpex-border-b-2 wpex-border-solid wpex-border-main vcex_69e019810e94e\"><span class=\"vcex-heading-inner wpex-inline-block wpex-relative wpex-pb-5 wpex-border-b-2 wpex-border-solid wpex-border-accent\">C\u1ea5p d\u01b0\u1edbi<\/span><\/h3>[\/vc_column][\/vc_row][vc_row][vc_column][vc_column_text]C\u1ea5p d\u01b0\u1edbi c\u1ee7a h\u1ec7 th\u1ed1ng bao g\u1ed3m c\u00e1c thi\u1ebft b\u1ecb ngo\u00e0i tr\u1eddi nh\u01b0 m\u00e1y quay ghi, \u0111\u00e8n LED giao th\u00f4ng, c\u1ea3m bi\u1ebfn \u0111\u1ebfm tr\u1ee5c, gi\u00e1 \u0111i\u1ec7n v\u00e0 d\u00e2y c\u00e1p.[\/vc_column_text][\/vc_column][\/vc_row][vc_row][vc_column][vc_column_text]<img decoding=\"async\" loading=\"lazy\" class=\"alignnone size-full wp-image-3356\" src=\"https:\/\/lotgroup.eu\/wp-content\/uploads\/2017\/01\/MPI_cheme.jpg\" alt=\"Umbis Micro-Processor Based Interlocking System (MPI)\" width=\"1200\" height=\"1814\" srcset=\"https:\/\/lotgroup.eu\/wp-content\/uploads\/2017\/01\/MPI_cheme.jpg 1200w, https:\/\/lotgroup.eu\/wp-content\/uploads\/2017\/01\/MPI_cheme-600x907.jpg 600w, https:\/\/lotgroup.eu\/wp-content\/uploads\/2017\/01\/MPI_cheme-768x1161.jpg 768w\" sizes=\"(max-width: 1200px) 100vw, 1200px\" \/>[\/vc_column_text][\/vc_column][\/vc_row][vc_row][vc_column]<style>.vcex-heading.vcex_69e019810f016 .vcex-heading-inner{border-color:#1e73be;}.vcex-heading.vcex_69e019810f016{border-color:#1e73be;}<\/style><h2 class=\"vcex-heading vcex-heading-bottom-border-w-color vcex-module wpex-text-2xl wpex-font-normal  wpb_animate_when_almost_visible wpb_left-to-right left-to-right wpex-border-b-2 wpex-border-solid wpex-border-main vcex_69e019810f016\"><span class=\"vcex-heading-inner wpex-inline-block wpex-relative wpex-pb-5 wpex-border-b-2 wpex-border-solid wpex-border-accent\">\u01afu \u0111i\u1ec3m c\u1ee7a vi\u1ec7c s\u1eed d\u1ee5ng h\u1ec7 th\u1ed1ng UMBIS<\/span><\/h2>[\/vc_column][\/vc_row][vc_row][vc_column width=&#8221;1\/3&#8243;][vc_row_inner][vc_column_inner width=&#8221;1\/4&#8243;][vc_column_text]\n<h4><img decoding=\"async\" loading=\"lazy\" class=\"alignnone size-full wp-image-3346\" src=\"https:\/\/lotgroup.eu\/wp-content\/uploads\/2017\/01\/Adaptability-1.jpg\" alt=\"Adaptability\" width=\"200\" height=\"200\" \/><\/h4>\n[\/vc_column_text][\/vc_column_inner][vc_column_inner width=&#8221;3\/4&#8243;][vc_column_text]\n<h4>Kh\u1ea3 n\u0103ng th\u00edch nghi<\/h4>\n[\/vc_column_text][\/vc_column_inner][\/vc_row_inner][vc_column_text css_animation=&#8221;top-to-bottom&#8221;]C\u00e1c kh\u1ea3 n\u0103ng c\u1ee7a UMBIS cho ph\u00e9p d\u1ec5 d\u00e0ng v\u00e0 nhanh ch\u00f3ng \u00e1p d\u1ee5ng h\u1ec7 th\u1ed1ng tr\u00ean c\u00e1c tuy\u1ebfn \u0111\u01b0\u1eddng ray ch\u00ednh v\u00e0 c\u00f4ng nghi\u1ec7p.[\/vc_column_text][\/vc_column][vc_column width=&#8221;1\/3&#8243;][vc_row_inner][vc_column_inner width=&#8221;1\/4&#8243;][vc_column_text]\n<h4><img decoding=\"async\" loading=\"lazy\" class=\"alignnone size-full wp-image-3360\" src=\"https:\/\/lotgroup.eu\/wp-content\/uploads\/2017\/01\/Safety.jpg\" alt=\"Safety\" width=\"200\" height=\"200\" \/><\/h4>\n[\/vc_column_text][\/vc_column_inner][vc_column_inner width=&#8221;3\/4&#8243;][vc_column_text]\n<h4>T\u00ednh an to\u00e1n<\/h4>\n[\/vc_column_text][\/vc_column_inner][\/vc_row_inner][vc_column_text css_animation=&#8221;bottom-to-top&#8221;]Nh\u1edd c\u00e1c thi\u1ebft b\u1ecb d\u1ef1 ph\u00f2ng v\u00e0 vi\u1ec7c \u00e1p d\u1ee5ng nguy\u00ean t\u1eafc ho\u1ea1t \u0111\u1ed9ng \u201c2 trong 3\u201d m\u00e0 t\u00ednh an to\u00e0n c\u1ee7a h\u1ec7 th\u1ed1ng li\u00ean kh\u00f3a d\u1ef1a tr\u00ean vi x\u1eed l\u00fd \u0111\u01b0\u1ee3c \u0111\u1ea3m b\u1ea3o.[\/vc_column_text][\/vc_column][vc_column width=&#8221;1\/3&#8243;][vc_row_inner][vc_column_inner width=&#8221;1\/4&#8243;][vc_column_text]\n<h4><img decoding=\"async\" loading=\"lazy\" class=\"alignnone size-full wp-image-3361\" src=\"https:\/\/lotgroup.eu\/wp-content\/uploads\/2017\/01\/Reliability.jpg\" alt=\"Reliability\" width=\"200\" height=\"200\" \/><\/h4>\n[\/vc_column_text][\/vc_column_inner][vc_column_inner width=&#8221;3\/4&#8243;][vc_column_text]\n<h4>T\u00ednh tin c\u1eady<\/h4>\n[\/vc_column_text][\/vc_column_inner][\/vc_row_inner][vc_column_text css_animation=&#8221;top-to-bottom&#8221;]T\u00ednh tin c\u1eady c\u1ee7a h\u1ec7 th\u1ed1ng UMBIS d\u1ef1a tr\u00ean s\u1ef1 d\u1ef1 ph\u00f2ng \u201cn\u00f3ng\u201d c\u1ee7a c\u00e1c n\u00fat m\u1ea1ng trong h\u1ec7 th\u1ed1ng v\u00e0 d\u1ef1 ph\u00f2ng c\u1ee7a c\u00e1c k\u00eanh li\u00ean l\u1ea1c. Vi\u1ec7c gi\u00e1m s\u00e1t v\u00e0 ch\u1ea9n \u0111o\u00e1n tr\u1ea1ng th\u00e1i thi\u1ebft b\u1ecb vi \u0111i\u1ec7n t\u1eed li\u00ean t\u1ee5c \u0111\u1ea3m b\u1ea3o vi\u1ec7c ph\u00e1t hi\u1ec7n k\u1ecbp th\u1eddi v\u00e0 x\u1eed l\u00fd tr\u01b0\u1edbc khi x\u1ea3y ra s\u1ef1 c\u1ed1. H\u1ec7 th\u1ed1ng c\u00f3 m\u1ed9t m\u00e0ng b\u1ea3o v\u1ec7 xung hi\u1ec7u qu\u1ea3, l\u00e0m gi\u1ea3m t\u1ed1i \u0111a t\u00e1c \u0111\u1ed9ng t\u1eeb c\u00e1c y\u1ebfu t\u1ed1 b\u00ean ngo\u00e0i \u0111\u01a1i v\u1edbi b\u1ed9 vi x\u1eed l\u00fd.[\/vc_column_text][\/vc_column][\/vc_row]\n<\/section>","protected":false},"excerpt":{"rendered":"<p>[vc_row][vc_column][vc_single_image image=&#8221;3354&#8243; css_animation=&#8221;bottom-to-top&#8221;][\/vc_column][\/vc_row][vc_row][vc_column][vc_column_text]H\u1ec7 th\u1ed1ng li\u00ean k\u1ebft d\u1ef1a tr\u00ean b\u1ed9 vi x\u1eed l\u00fd (MPI) l\u00e0 m\u1ed9t h\u1ec7 th\u1ed1ng ki\u1ec3m so\u00e1t t\u1ef1 \u0111\u1ed9ng c\u00f3 nhi\u1ec7m v\u1ee5 qu\u1ea3n l\u00fd t\u00e0u v\u00e0 c\u00e1c t\u00e1c nghi\u1ec7p t\u1ea1i ga c\u0169ng nh\u01b0 c\u00e1c khu gian g\u00e2n k\u1ec1 sao cho ph\u00f9 h\u1ee3p v\u1edbi c\u00e1c y\u00eau c\u1ea7u an to\u00e0n giao th\u00f4ng.[\/vc_column_text][\/vc_column][\/vc_row][vc_row][vc_column][\/vc_column][\/vc_row][vc_row][vc_column][vc_column_text] ki\u1ec3m so\u00e1t c\u00e1c&hellip;<\/p>\n","protected":false},"author":6,"featured_media":0,"parent":448,"menu_order":0,"comment_status":"closed","ping_status":"closed","template":"","meta":{"footnotes":""},"translation":{"provider":"WPGlobus","version":"2.12.2","language":"vi","enabled_languages":["en","ru","bg","vi"],"languages":{"en":{"title":true,"content":true,"excerpt":false},"ru":{"title":true,"content":true,"excerpt":false},"bg":{"title":false,"content":false,"excerpt":false},"vi":{"title":true,"content":true,"excerpt":false}}},"_links":{"self":[{"href":"https:\/\/lotgroup.eu\/vi\/wp-json\/wp\/v2\/pages\/3353"}],"collection":[{"href":"https:\/\/lotgroup.eu\/vi\/wp-json\/wp\/v2\/pages"}],"about":[{"href":"https:\/\/lotgroup.eu\/vi\/wp-json\/wp\/v2\/types\/page"}],"author":[{"embeddable":true,"href":"https:\/\/lotgroup.eu\/vi\/wp-json\/wp\/v2\/users\/6"}],"replies":[{"embeddable":true,"href":"https:\/\/lotgroup.eu\/vi\/wp-json\/wp\/v2\/comments?post=3353"}],"version-history":[{"count":30,"href":"https:\/\/lotgroup.eu\/vi\/wp-json\/wp\/v2\/pages\/3353\/revisions"}],"predecessor-version":[{"id":4390,"href":"https:\/\/lotgroup.eu\/vi\/wp-json\/wp\/v2\/pages\/3353\/revisions\/4390"}],"up":[{"embeddable":true,"href":"https:\/\/lotgroup.eu\/vi\/wp-json\/wp\/v2\/pages\/448"}],"wp:attachment":[{"href":"https:\/\/lotgroup.eu\/vi\/wp-json\/wp\/v2\/media?parent=3353"}],"curies":[{"name":"wp","href":"https:\/\/api.w.org\/{rel}","templated":true}]}}