{"id":3364,"date":"2017-01-25T15:49:15","date_gmt":"2017-01-25T12:49:15","guid":{"rendered":"http:\/\/lotgroup.eu\/?page_id=3364"},"modified":"2017-06-14T15:40:07","modified_gmt":"2017-06-14T12:40:07","slug":"relay-processing-based-interlocking-system-rpi","status":"publish","type":"page","link":"https:\/\/lotgroup.eu\/vi\/product\/rail-transport\/relay-processing-based-interlocking-system-rpi\/","title":{"rendered":"H\u1ec7 th\u1ed1ng li\u00ean kh\u00f3a d\u1ef1a tr\u00ean ho\u1ea1t \u0111\u1ed9ng c\u1ee7a r\u01a1le \u2013 b\u1ed9 x\u1eed l\u00fd (RPI)"},"content":{"rendered":"<section class=\"wpb-content-wrapper\">[vc_row][vc_column][vc_single_image image=&#8221;3363&#8243; css_animation=&#8221;bottom-to-top&#8221;][\/vc_column][\/vc_row][vc_row][vc_column][vc_column_text]H\u1ec7 th\u1ed1ng li\u00ean kh\u00f3a d\u1ef1a tr\u00ean ho\u1ea1t \u0111\u1ed9ng c\u1ee7a role \u2013 b\u1ed9 x\u1eed l\u00fd l\u00e0 m\u1ed9t h\u1ec7 th\u1ed1ng c\u00f3 nhi\u1ec7m v\u1ee5 hi\u1ec7n \u0111\u1ea1i h\u00f3a c\u00e1c h\u1ec7 th\u1ed1ng li\u00ean k\u1ebft b\u1eb1ng r\u01a1le hi\u1ec7n t\u1ea1i v\u00e0 \u0111\u1ea1t \u0111\u01b0\u1ee3c m\u1ee9c \u0111\u1ed9 m\u1edbi trong ki\u1ec3m so\u00e1t ch\u1ea1y t\u00e0u m\u00e0 v\u1eabn gi\u1eef nguy\u00ean c\u1ea5u tr\u00fac c\u1ee7a c\u00e1c thi\u1ebft b\u1ecb ngo\u00e0i tr\u1eddi.<\/p>\n<p>S\u1ef1 ki\u1ec3m so\u00e1t t\u1eadp trung nh\u01b0 v\u1eady cho ph\u00e9p \u0111\u1ea9y nhanh ti\u1ebfn \u0111\u1ed9 chu\u1ea9n b\u1ecb l\u1ed9 tr\u00ecnh, n\u00e2ng cao an to\u00e0n giao th\u00f4ng, gi\u1ea3m s\u1ed1 l\u01b0\u1ee3ng nh\u00e2n c\u00f4ng t\u1ea1i ga v\u00e0 t\u0103ng s\u1ee9c ch\u1ee9a c\u1ee7a ga.<\/p>\n<p>Vi\u1ec7c \u1ee9ng d\u1ee5ng vi thi\u1ebft b\u1ecb ki\u1ec3m so\u00e1t c\u00f9ng c\u00e1c c\u00f4ng ngh\u1ec7 hi\u1ec7n \u0111\u1ea1i khi\u1ebfn h\u1ec7 th\u1ed1ng tr\u1edf n\u00ean \u0111\u00e1ng tin c\u1eady v\u00e0 d\u1ec5 d\u00e0ng b\u1ea3o tr\u00ec, b\u1ea3o d\u01b0\u1ee1ng.<\/p>\n<p>H\u1ec7 th\u1ed1ng RPI \u0111\u01b0\u1ee3c s\u1eed d\u1ee5ng v\u1edbi m\u1ee5c \u0111\u00edch hi\u1ec7n \u0111\u1ea1i h\u00f3a c\u00e1c nh\u00e0 ga hi\u1ec7n h\u00e0nh v\u1edbi b\u1ea5t c\u1ee9 s\u1ed1 l\u01b0\u1ee3ng ghi n\u00e0o, \u0111\u01b0\u1ee3c trang b\u1ecb li\u00ean k\u1ebft b\u1eb1ng \u0111i\u1ec7n (EI), <strong>gi\u1eef nguy\u00ean c\u00e1c thi\u1ebft b\u1ecb ngo\u00e0i tr\u1eddi s\u1eb5n c\u00f3.<\/strong><\/p>\n<p>Vi\u1ec7c s\u1eed d\u1ee5ng h\u1ec7 th\u1ed1ng li\u00ean kh\u00f3a d\u1ef1a tr\u00ean ho\u1ea1t \u0111\u1ed9ng c\u1ee7a r\u01a1le \u2013 b\u1ed9 x\u1eed l\u00fd l\u00e0 m\u1ed9t b\u01b0\u1edbc \u0111\u1ec7m <strong>m\u1edbi, nhanh ch\u00f3ng <\/strong>v\u00e0 <strong>h\u1ee3p l\u00fd <\/strong>\u0111\u1ec3 ti\u1ebfn t\u1edbi m\u1ed9t <strong>tr\u00ecnh \u0111\u1ed9 c\u00f4ng ngh\u1ec7 m\u1edbi <\/strong>trong qu\u1ea3n l\u00fd t\u1ef1 \u0111\u1ed9ng. C\u00e1c s\u01a1 \u0111\u1ed3 role \u1edf c\u1ea5p d\u01b0\u1edbi c\u00f3 \u0111\u1ed9 tin c\u1eady cao v\u00e0 \u0111\u00e3 quen thu\u1ed9c v\u1edbi ng\u01b0\u1eddi v\u1eadn h\u00e0nh s\u1ebd \u0111\u01b0\u1ee3c gi\u1eef nguy\u00ean, c\u00f2n c\u1ea5p tr\u00ean s\u1ebd \u0111\u01b0\u1ee3c v\u1eadn h\u00e0nh tr\u00ean m\u1ed9t n\u1ec1n t\u1ea3ng m\u1edbi.<\/p>\n<p>Vi\u1ec7c thay th\u1ebf b\u1ea3ng \u0111i\u1ec1u khi\u1ec3n b\u1eb1ng m\u1ed9t <strong>n\u01a1i l\u00e0m vi\u1ec7c t\u1ef1 \u0111\u1ed9ng v\u1edbi<\/strong> <strong>m\u00e1y t\u00ednh c\u00f4ng nghi\u1ec7p hi\u1ec7n \u0111\u1ea1i v\u00e0 c\u00f4ng th\u00e1i c\u1ee7a ng\u01b0\u1eddi v\u1eadn h\u00e0nh <\/strong>cho ph\u00e9p s\u1eed d\u1ee5ng giao di\u1ec7n th\u00f4ng minh c\u1ee7a h\u1ec7 th\u1ed1ng.[\/vc_column_text][\/vc_column][\/vc_row][vc_row][vc_column]<style>.vcex-heading.vcex_69d598b0c534c .vcex-heading-inner{border-color:#1e73be;}.vcex-heading.vcex_69d598b0c534c{border-color:#1e73be;}<\/style><h2 class=\"vcex-heading vcex-heading-bottom-border-w-color vcex-module wpex-text-2xl wpex-font-normal  wpb_animate_when_almost_visible wpb_left-to-right left-to-right wpex-border-b-2 wpex-border-solid wpex-border-main vcex_69d598b0c534c\"><span class=\"vcex-heading-inner wpex-inline-block wpex-relative wpex-pb-5 wpex-border-b-2 wpex-border-solid wpex-border-accent\">C\u00e1c ch\u1ee9c n\u0103ng c\u1ee7a h\u1ec7 th\u1ed1ng<\/span><\/h2>[\/vc_column][\/vc_row][vc_row][vc_column]<style>.vcex-heading.vcex_69d598b0c666e .vcex-heading-inner{border-color:#cccccc;}.vcex-heading.vcex_69d598b0c666e{border-color:#cccccc;font-size:18px;}<\/style><h3 class=\"vcex-heading vcex-heading-bottom-border-w-color vcex-module wpex-text-2xl wpex-font-normal  wpb_animate_when_almost_visible wpb_right-to-left right-to-left wpex-border-b-2 wpex-border-solid wpex-border-main vcex_69d598b0c666e\"><span class=\"vcex-heading-inner wpex-inline-block wpex-relative wpex-pb-5 wpex-border-b-2 wpex-border-solid wpex-border-accent\">H\u1ec7 th\u1ed1ng li\u00ean kh\u00f3a d\u1ef1a tr\u00ean ho\u1ea1t \u0111\u1ed9ng c\u1ee7a r\u01a1le \u2013 b\u1ed9 x\u1eed l\u00fd cho ph\u00e9p:<\/span><\/h3>[\/vc_column][\/vc_row][vc_row][vc_column][vc_column_text]\n<ul>\n<li>\u0110i\u1ec1u khi\u1ec3n c\u00e1c thi\u1ebft b\u1ecb t\u1ef1 \u0111\u1ed9ng t\u1ea1i ga<\/li>\n<li>gi\u00e1m s\u00e1t tr\u1ea1ng th\u00e1i c\u00e1c thi\u1ebft b\u1ecb t\u1ef1 \u0111\u1ed9ng t\u1ea1i ga<\/li>\n<li>v\u1eadn h\u00e0nh t\u00e0u an to\u00e0n<\/li>\n<li>ch\u1ea9n \u0111o\u00e1n c\u00e1c thi\u1ebft b\u1ecb t\u1ef1 \u0111\u1ed9ng<\/li>\n<li>truy\u1ec1n tin t\u1edbi c\u00e1c h\u1ec7 th\u1ed1ng \u1edf c\u1ea5p \u0111\u1ed9 t\u01b0\u01a1ng \u0111\u01b0\u01a1ng ho\u1eb7c cao h\u01a1n (c\u00e1c h\u1ec7 th\u1ed1ng \u0111i\u1ec1u h\u00e0nh t\u1eadp trung)<\/li>\n<li>l\u01b0u tr\u1eef th\u00f4ng tin v\u1ec1 tr\u1ea1ng th\u00e1i c\u1ee7a c\u00e1c thi\u1ebft b\u1ecb qu\u1ea3n l\u00fd, ho\u1ea1t \u0111\u1ed9ng c\u1ee7a ng\u01b0\u1eddi v\u1eadn h\u00e0nh c\u0169ng nh\u01b0 d\u1eef li\u1ec7u ch\u1ea9n \u0111o\u00e1n c\u1ee7a c\u00e1c th\u00e0nh ph\u1ea7n trong h\u1ec7 th\u1ed1ng.<\/li>\n<\/ul>\n[\/vc_column_text][\/vc_column][\/vc_row][vc_row][vc_column]<style>.vcex-heading.vcex_69d598b0c6eca .vcex-heading-inner{border-color:#1e73be;}.vcex-heading.vcex_69d598b0c6eca{border-color:#1e73be;}<\/style><h2 class=\"vcex-heading vcex-heading-bottom-border-w-color vcex-module wpex-text-2xl wpex-font-normal  wpb_animate_when_almost_visible wpb_left-to-right left-to-right wpex-border-b-2 wpex-border-solid wpex-border-main vcex_69d598b0c6eca\"><span class=\"vcex-heading-inner wpex-inline-block wpex-relative wpex-pb-5 wpex-border-b-2 wpex-border-solid wpex-border-accent\">C\u1ea5u t\u1ea1o h\u1ec7 th\u1ed1ng<\/span><\/h2>[\/vc_column][\/vc_row][vc_row][vc_column]<style>.vcex-heading.vcex_69d598b0c7654 .vcex-heading-inner{border-color:#cccccc;}.vcex-heading.vcex_69d598b0c7654{border-color:#cccccc;font-size:18px;}<\/style><h3 class=\"vcex-heading vcex-heading-bottom-border-w-color vcex-module wpex-text-2xl wpex-font-normal  wpb_animate_when_almost_visible wpb_right-to-left right-to-left wpex-border-b-2 wpex-border-solid wpex-border-main vcex_69d598b0c7654\"><span class=\"vcex-heading-inner wpex-inline-block wpex-relative wpex-pb-5 wpex-border-b-2 wpex-border-solid wpex-border-accent\">C\u1ea5p tr\u00ean<\/span><\/h3>[\/vc_column][\/vc_row][vc_row][vc_column][vc_column_text]C\u1ea5p tr\u00ean c\u1ee7a h\u1ec7 th\u1ed1ng bao g\u1ed3m c\u00e1c thi\u1ebft b\u1ecb qu\u1ea3n l\u00fd, ki\u1ec3m so\u00e1t. T\u1ea1i c\u1ea5p n\u00e0y b\u1ea3ng \u0111i\u1ec1u khi\u1ec3n \u0111\u01b0\u1ee3c thay th\u1ebf b\u1eb1ng n\u01a1i l\u00e0m vi\u1ec7c t\u1ef1 \u0111\u1ed9ng hi\u1ec7n \u0111\u1ea1i v\u01a1i c\u00e1c m\u00e1y t\u00ednh c\u00f4ng nghi\u1ec7p:<\/p>\n<ul>\n<li>n\u01a1i l\u00e0m vi\u1ec7c ch\u00ednh v\u00e0 d\u1ef1 ph\u00f2ng c\u1ee7a c\u00e1c nh\u00e2n vi\u00ean tr\u1ef1c t\u1ea1i ga \u0111\u01b0\u1ee3c d\u00f9ng \u0111\u1ec3 \u0111i\u1ec1u khi\u1ec3n c\u00e1c thi\u1ebft b\u1ecb RPI t\u1ea1i ga<\/li>\n<li>n\u01a1i l\u00e0m vi\u1ec7c t\u1ef1 \u0111\u1ed9ng c\u1ee7a k\u1ef9 thu\u1eadt vi\u00ean c\u00f3 ch\u1ee9c n\u0103ng ki\u1ec3m so\u00e1t c\u00e1c thi\u1ebft b\u1ecb li\u00ean k\u1ebft<\/li>\n<\/ul>\n[\/vc_column_text][\/vc_column][\/vc_row][vc_row][vc_column]<style>.vcex-heading.vcex_69d598b0c7ed0 .vcex-heading-inner{border-color:#cccccc;}.vcex-heading.vcex_69d598b0c7ed0{border-color:#cccccc;font-size:18px;}<\/style><h3 class=\"vcex-heading vcex-heading-bottom-border-w-color vcex-module wpex-text-2xl wpex-font-normal  wpb_animate_when_almost_visible wpb_right-to-left right-to-left wpex-border-b-2 wpex-border-solid wpex-border-main vcex_69d598b0c7ed0\"><span class=\"vcex-heading-inner wpex-inline-block wpex-relative wpex-pb-5 wpex-border-b-2 wpex-border-solid wpex-border-accent\">C\u1ea5p trung<\/span><\/h3>[\/vc_column][\/vc_row][vc_row][vc_column][vc_column_text]C\u1ea5p trung l\u00e0 m\u1ed9t t\u1eadp h\u1ee3p ph\u1ea7n c\u1ee9ng v\u00e0 ph\u1ea7n m\u1ec1m c\u00f3 ch\u1ee9c n\u0103ng qu\u1ea3n l\u00fd v\u00e0 ki\u1ec3m tra li\u00ean k\u1ebft logic, g\u1eedi l\u1ec7nh \u0111i\u1ec1u khi\u1ec3n c\u0169ng nh\u01b0 \u0111\u1ea3m b\u1ea3o k\u1ebft n\u1ed1i gi\u1eefa c\u00e1c h\u1ec7 th\u1ed1ng. \u1ede c\u1ea5p n\u00e0y s\u1ebd xu\u1ea5t hi\u1ec7n nh\u1eefng thi\u1ebft b\u1ecb ki\u1ec3u r\u01a1-le v\u00e0 c\u1ea3 vi x\u1eed l\u00fd.[\/vc_column_text][\/vc_column][\/vc_row][vc_row][vc_column]<style>.vcex-heading.vcex_69d598b0c8616 .vcex-heading-inner{border-color:#cccccc;}.vcex-heading.vcex_69d598b0c8616{border-color:#cccccc;font-size:18px;}<\/style><h3 class=\"vcex-heading vcex-heading-bottom-border-w-color vcex-module wpex-text-2xl wpex-font-normal  wpb_animate_when_almost_visible wpb_right-to-left right-to-left wpex-border-b-2 wpex-border-solid wpex-border-main vcex_69d598b0c8616\"><span class=\"vcex-heading-inner wpex-inline-block wpex-relative wpex-pb-5 wpex-border-b-2 wpex-border-solid wpex-border-accent\">C\u1ea5p d\u01b0\u1edbi<\/span><\/h3>[\/vc_column][\/vc_row][vc_row][vc_column][vc_column_text]C\u1ea5p d\u01b0\u1edbi c\u1ee7a h\u1ec7 th\u1ed1ng bao g\u1ed3m c\u00e1c thi\u1ebft b\u1ecb \u0111i\u1ec1u khi\u1ec3n nh\u01b0 ghi, \u0111\u00e8n giao th\u00f4ng, s\u01a1 \u0111\u1ed3 \u0111i\u1ec7n (h\u1ed9p d\u00e2y, m\u1ed1i n\u1ed1i tr\u1edf kh\u00e1ng, vv.).[\/vc_column_text][\/vc_column][\/vc_row][vc_row][vc_column][vc_column_text]<img decoding=\"async\" loading=\"lazy\" class=\"alignnone size-full wp-image-3365\" src=\"https:\/\/lotgroup.eu\/wp-content\/uploads\/2017\/01\/RPI_scheme.jpg\" alt=\"Relay Processing Based Interlocking System (RPI)\" width=\"1200\" height=\"1807\" srcset=\"https:\/\/lotgroup.eu\/wp-content\/uploads\/2017\/01\/RPI_scheme.jpg 1200w, https:\/\/lotgroup.eu\/wp-content\/uploads\/2017\/01\/RPI_scheme-600x904.jpg 600w, https:\/\/lotgroup.eu\/wp-content\/uploads\/2017\/01\/RPI_scheme-768x1156.jpg 768w\" sizes=\"(max-width: 1200px) 100vw, 1200px\" \/>[\/vc_column_text][\/vc_column][\/vc_row][vc_row][vc_column]<style>.vcex-heading.vcex_69d598b0c8e0c .vcex-heading-inner{border-color:#1e73be;}.vcex-heading.vcex_69d598b0c8e0c{border-color:#1e73be;}<\/style><h2 class=\"vcex-heading vcex-heading-bottom-border-w-color vcex-module wpex-text-2xl wpex-font-normal  wpb_animate_when_almost_visible wpb_left-to-right left-to-right wpex-border-b-2 wpex-border-solid wpex-border-main vcex_69d598b0c8e0c\"><span class=\"vcex-heading-inner wpex-inline-block wpex-relative wpex-pb-5 wpex-border-b-2 wpex-border-solid wpex-border-accent\">\u01afu \u0111i\u1ec3m c\u1ee7a vi\u1ec7c s\u1eed d\u1ee5ng h\u1ec7 th\u1ed1ng RPI<\/span><\/h2>[\/vc_column][\/vc_row][vc_row][vc_column width=&#8221;1\/3&#8243;][vc_row_inner][vc_column_inner width=&#8221;1\/4&#8243;][vc_column_text]\n<h4><img decoding=\"async\" loading=\"lazy\" class=\"alignnone size-full wp-image-3371\" src=\"https:\/\/lotgroup.eu\/wp-content\/uploads\/2017\/01\/Reduction_of_Post_Service_Room_Areas.jpg\" alt=\"Reduction of Post Service Room Areas\" width=\"200\" height=\"200\" \/><\/h4>\n[\/vc_column_text][\/vc_column_inner][vc_column_inner width=&#8221;3\/4&#8243;][vc_column_text]\n<h4>Gi\u1ea3m di\u1ec7n t\u00edch ph\u00f2ng sau d\u1ecbch v\u1ee5<\/h4>\n[\/vc_column_text][\/vc_column_inner][\/vc_row_inner][vc_column_text css_animation=&#8221;top-to-bottom&#8221;]Vi\u1ec7c s\u1eed d\u1ee5ng c\u00f4ng ngh\u1ec7 d\u1ef1a tr\u00ean ho\u1ea1t \u0111\u1ed9ng c\u1ee7a role \u2013 b\u1ed9 x\u1eed l\u00fd cho ph\u00e9p gi\u1ea3m thi\u1ec3u k\u00edch c\u1ee1 ph\u00f2ng d\u1ecbch v\u1ee5;[\/vc_column_text][\/vc_column][vc_column width=&#8221;1\/3&#8243;][vc_row_inner][vc_column_inner width=&#8221;1\/4&#8243;][vc_column_text]\n<h4><img decoding=\"async\" loading=\"lazy\" class=\"alignnone size-full wp-image-3372\" src=\"https:\/\/lotgroup.eu\/wp-content\/uploads\/2017\/01\/System_Modernization.jpg\" alt=\"System Modernization\" width=\"200\" height=\"200\" \/><\/h4>\n[\/vc_column_text][\/vc_column_inner][vc_column_inner width=&#8221;3\/4&#8243;][vc_column_text]\n<h4>Hi\u1ec7n \u0111\u1ea1i h\u00f3a h\u1ec7 th\u1ed1ng<\/h4>\n[\/vc_column_text][\/vc_column_inner][\/vc_row_inner][vc_column_text css_animation=&#8221;bottom-to-top&#8221;]H\u1ec7 th\u1ed1ng c\u00f3 th\u1ec3 \u0111\u01b0\u1ee3c n\u00e2ng c\u1ea5p b\u1eb1ng giao th\u1ee9c protocol, l\u01b0u tr\u1eef (ch\u1ee9c n\u0103ng h\u1ed9p \u0111en) v\u00e0 t\u1ef1 \u0111\u1ed9ng h\u00f3a trong \u0111i\u1ec1u khi\u1ec3n c\u00e0i \u0111\u1eb7t tuy\u1ebfn \u0111\u01b0\u1eddng;[\/vc_column_text][\/vc_column][vc_column width=&#8221;1\/3&#8243;][vc_row_inner][vc_column_inner width=&#8221;1\/4&#8243;][vc_column_text]\n<h4><img decoding=\"async\" loading=\"lazy\" class=\"alignnone size-full wp-image-3370\" src=\"https:\/\/lotgroup.eu\/wp-content\/uploads\/2017\/01\/Minimization_of_Human_Factor.jpg\" alt=\"Minimization of Human Factor\" width=\"200\" height=\"200\" \/><\/h4>\n[\/vc_column_text][\/vc_column_inner][vc_column_inner width=&#8221;3\/4&#8243;][vc_column_text]\n<h4>Gi\u1ea3m thi\u1ec3u t\u1ed1i \u0111a y\u1ebfu t\u1ed1 con ng\u01b0\u1eddi<\/h4>\n[\/vc_column_text][\/vc_column_inner][\/vc_row_inner][vc_column_text css_animation=&#8221;top-to-bottom&#8221;]Giao di\u1ec7n th\u00f4ng minh c\u1ee7a h\u1ec7 th\u1ed1ng gi\u1ea3m thi\u1ec3u t\u1ed1i \u0111a kh\u1ea3 n\u0103ng x\u1ea3y ra sai s\u00f3t hay tr\u00ec ho\u00e3n trong ho\u1ea1t \u0111\u1ed9ng c\u1ee7a ng\u01b0\u1eddi v\u1eadn h\u00e0nh (g\u1ee3i \u00fd, nh\u1eafc nh\u1edd b\u1eb1ng l\u1eddi n\u00f3i hay \u0111i\u1ec1u khi\u1ec3n logic h\u00e0nh \u0111\u1ed9ng c\u1ee7a con ng\u01b0\u1eddi);[\/vc_column_text][\/vc_column][\/vc_row][vc_row][vc_column width=&#8221;1\/3&#8243;][vc_row_inner][vc_column_inner width=&#8221;1\/4&#8243;][vc_column_text]\n<h4><img decoding=\"async\" loading=\"lazy\" class=\"alignnone size-full wp-image-3369\" src=\"https:\/\/lotgroup.eu\/wp-content\/uploads\/2017\/01\/Increased_Scope_of_the_Information.jpg\" alt=\"Increased Scope of the Information\" width=\"200\" height=\"200\" \/><\/h4>\n[\/vc_column_text][\/vc_column_inner][vc_column_inner width=&#8221;3\/4&#8243;][vc_column_text]\n<h4>T\u0103ng ph\u1ea1m vi th\u00f4ng tin<\/h4>\n[\/vc_column_text][\/vc_column_inner][\/vc_row_inner][vc_column_text]Vi\u1ec7c \u1ee9ng d\u1ee5ng h\u1ec7 th\u1ed1ng cho ph\u00e9p t\u0103ng kh\u1ed1i l\u01b0\u1ee3ng th\u00f4ng tin, \u0111\u01b0\u1ee3c s\u1eed d\u1ee5ng \u1edf c\u00e1c khu gian, \u0111\u01b0\u01a1ng ngang v\u00e0 c\u00e1c \u0111\u1ed1i t\u01b0\u1ee3ng ki\u1ec3m so\u00e1t kh\u00e1c;[\/vc_column_text][\/vc_column][vc_column width=&#8221;1\/3&#8243;][vc_row_inner][vc_column_inner width=&#8221;1\/4&#8243;][vc_column_text]\n<h4><img decoding=\"async\" loading=\"lazy\" class=\"alignnone size-full wp-image-3368\" src=\"https:\/\/lotgroup.eu\/wp-content\/uploads\/2017\/01\/high_reliability.jpg\" alt=\"High Reliability\" width=\"200\" height=\"200\" \/><\/h4>\n[\/vc_column_text][\/vc_column_inner][vc_column_inner width=&#8221;3\/4&#8243;][vc_column_text]\n<h4>\u0110\u1ed9 tin c\u1eady cao<\/h4>\n[\/vc_column_text][\/vc_column_inner][\/vc_row_inner][vc_column_text]H\u1ec7 th\u1ed1ng c\u00f3 t\u00ednh tin c\u1eady cao nh\u1edd c\u00e1c ph\u01b0\u01a1ng ti\u1ec7n h\u1ed7 tr\u1ee3 m\u00e1y \u0111i\u1ec1u khi\u1ec3n v\u1eadn h\u00e0nh t\u1eeb xa v\u00e0 m\u00e1y b\u00e1o hi\u1ec7u t\u1eeb xa.[\/vc_column_text][\/vc_column][vc_column width=&#8221;1\/3&#8243;][\/vc_column][\/vc_row]\n<\/section>","protected":false},"excerpt":{"rendered":"<p>[vc_row][vc_column][vc_single_image image=&#8221;3363&#8243; css_animation=&#8221;bottom-to-top&#8221;][\/vc_column][\/vc_row][vc_row][vc_column][vc_column_text]H\u1ec7 th\u1ed1ng li\u00ean kh\u00f3a d\u1ef1a tr\u00ean ho\u1ea1t \u0111\u1ed9ng c\u1ee7a role \u2013 b\u1ed9 x\u1eed l\u00fd l\u00e0 m\u1ed9t h\u1ec7 th\u1ed1ng c\u00f3 nhi\u1ec7m v\u1ee5 hi\u1ec7n \u0111\u1ea1i h\u00f3a c\u00e1c h\u1ec7 th\u1ed1ng li\u00ean k\u1ebft b\u1eb1ng r\u01a1le hi\u1ec7n t\u1ea1i v\u00e0 \u0111\u1ea1t \u0111\u01b0\u1ee3c m\u1ee9c \u0111\u1ed9 m\u1edbi trong ki\u1ec3m so\u00e1t ch\u1ea1y t\u00e0u m\u00e0 v\u1eabn gi\u1eef nguy\u00ean c\u1ea5u tr\u00fac c\u1ee7a c\u00e1c thi\u1ebft&hellip;<\/p>\n","protected":false},"author":6,"featured_media":0,"parent":448,"menu_order":0,"comment_status":"closed","ping_status":"closed","template":"","meta":{"footnotes":""},"translation":{"provider":"WPGlobus","version":"2.12.2","language":"vi","enabled_languages":["en","ru","bg","vi"],"languages":{"en":{"title":true,"content":true,"excerpt":false},"ru":{"title":true,"content":true,"excerpt":false},"bg":{"title":false,"content":false,"excerpt":false},"vi":{"title":true,"content":true,"excerpt":false}}},"_links":{"self":[{"href":"https:\/\/lotgroup.eu\/vi\/wp-json\/wp\/v2\/pages\/3364"}],"collection":[{"href":"https:\/\/lotgroup.eu\/vi\/wp-json\/wp\/v2\/pages"}],"about":[{"href":"https:\/\/lotgroup.eu\/vi\/wp-json\/wp\/v2\/types\/page"}],"author":[{"embeddable":true,"href":"https:\/\/lotgroup.eu\/vi\/wp-json\/wp\/v2\/users\/6"}],"replies":[{"embeddable":true,"href":"https:\/\/lotgroup.eu\/vi\/wp-json\/wp\/v2\/comments?post=3364"}],"version-history":[{"count":24,"href":"https:\/\/lotgroup.eu\/vi\/wp-json\/wp\/v2\/pages\/3364\/revisions"}],"predecessor-version":[{"id":4394,"href":"https:\/\/lotgroup.eu\/vi\/wp-json\/wp\/v2\/pages\/3364\/revisions\/4394"}],"up":[{"embeddable":true,"href":"https:\/\/lotgroup.eu\/vi\/wp-json\/wp\/v2\/pages\/448"}],"wp:attachment":[{"href":"https:\/\/lotgroup.eu\/vi\/wp-json\/wp\/v2\/media?parent=3364"}],"curies":[{"name":"wp","href":"https:\/\/api.w.org\/{rel}","templated":true}]}}