{"id":3377,"date":"2017-01-25T17:17:47","date_gmt":"2017-01-25T14:17:47","guid":{"rendered":"http:\/\/lotgroup.eu\/?page_id=3377"},"modified":"2017-06-14T15:45:22","modified_gmt":"2017-06-14T12:45:22","slug":"cbtc-l","status":"publish","type":"page","link":"https:\/\/lotgroup.eu\/vi\/product\/rail-transport\/cbtc-l\/","title":{"rendered":"CBTC-L"},"content":{"rendered":"<section class=\"wpb-content-wrapper\">[vc_row][vc_column][vc_single_image image=&#8221;3378&#8243; css_animation=&#8221;bottom-to-top&#8221;][\/vc_column][\/vc_row][vc_row][vc_column][vc_column_text]<strong>H\u1ec7 th\u1ed1ng \u0421\u0412\u0422\u0421-L <\/strong>l\u00e0 m\u1ed9t chu\u1ed7i thi\u1ebft b\u1ecb \u0111\u01b0\u1ee3c d\u00f9ng \u0111\u1ec3 \u0111\u1ecbnh v\u1ecb t\u00e0u v\u00e0 truy\u1ec1n th\u00f4ng tin t\u1edbi t\u00e0u. H\u1ec7 th\u1ed1ng n\u00e0y l\u00e0 c\u00f4ng c\u1ee5 h\u1eefu \u00edch cho ch\u1ebf \u0111\u1ed9 \u0111i\u1ec1u khi\u1ec3n t\u00e0u t\u1ed1i \u01b0u, gi\u00fap t\u00e0u di chuy\u1ec3n an to\u00e0n v\u00e0 s\u1eed d\u1ee5ng ph\u01b0\u01a1ng ph\u00e1p truy\u1ec1n d\u1eef li\u1ec7u hi\u1ec7n \u0111\u1ea1i.[\/vc_column_text][\/vc_column][\/vc_row][vc_row][vc_column]<style>.vcex-heading.vcex_69e75e15b60d8 .vcex-heading-inner{border-color:#1e73be;}.vcex-heading.vcex_69e75e15b60d8{border-color:#1e73be;}<\/style><h2 class=\"vcex-heading vcex-heading-bottom-border-w-color vcex-module wpex-text-2xl wpex-font-normal  wpb_animate_when_almost_visible wpb_left-to-right left-to-right wpex-border-b-2 wpex-border-solid wpex-border-main vcex_69e75e15b60d8\"><span class=\"vcex-heading-inner wpex-inline-block wpex-relative wpex-pb-5 wpex-border-b-2 wpex-border-solid wpex-border-accent\">CBTC-L cung c\u1ea5p:<\/span><\/h2>[\/vc_column][\/vc_row][vc_row][vc_column][vc_column_text]\n<ul>\n<li><strong>\u0111i\u1ec1u khi\u1ec3n v\u00e0 ch\u1ec9 d\u1eabn \u0111\u01b0\u1eddng tr\u1ed1ng\/kh\u00f4ng tr\u1ed1ng <\/strong>b\u1eb1ng c\u00e1ch s\u1eed d\u1ee5ng c\u00f4ng ngh\u1ec7 h\u1ec7 th\u1ed1ng \u0111\u1ebfm tr\u1ee5c xe Frauscher (\u00c1o)<\/li>\n<li><strong>truy\u1ec1n d\u1eef li\u1ec7u t\u1edbi t\u00e0u <\/strong>qua b\u1ed9 thu\/ph\u00e1t LoRa v\u1edbi ph\u1ea1m vi ho\u1ea1t \u0111\u1ed9ng si\u00eau d\u00e0i, \u0111\u1ea3m b\u1ea3o x\u00e2y d\u1ef1ng m\u1ea1ng l\u01b0\u1edbi k\u1ebft n\u1ed1i d\u1ec5 d\u00e0ng;<\/li>\n<li><strong>nh\u1eadn t\u00edn hi\u1ec7u <\/strong>t\u1eeb c\u00e1c \u0111i\u1ec3m LoRa trong khu v\u1ef1c ph\u1ee7 CBTC-L b\u1eb1ng vi\u1ec7c l\u1eafp \u0111\u1eb7t c\u00e1c thi\u1ebft b\u1ecb chuy\u00ean d\u1ee5ng tr\u00ean bu\u1ed3ng l\u00e1i. T\u00e0u \u0111\u01b0\u1ee3c \u0111i\u1ec1u khi\u1ec3n b\u1edfi h\u1ec7 th\u1ed1ng ACS hi\u1ec7n h\u00e0nh trong khu gi\u1ea3m xung, b\u00ean ngo\u00e0i khu v\u1ef1c ph\u1ee7 s\u00f3ng LoRa.<\/li>\n<\/ul>\n[\/vc_column_text][\/vc_column][\/vc_row][vc_row][vc_column]<style>.vcex-heading.vcex_69e75e15b71a6 .vcex-heading-inner{border-color:#1e73be;}.vcex-heading.vcex_69e75e15b71a6{border-color:#1e73be;}<\/style><h2 class=\"vcex-heading vcex-heading-bottom-border-w-color vcex-module wpex-text-2xl wpex-font-normal  wpb_animate_when_almost_visible wpb_left-to-right left-to-right wpex-border-b-2 wpex-border-solid wpex-border-main vcex_69e75e15b71a6\"><span class=\"vcex-heading-inner wpex-inline-block wpex-relative wpex-pb-5 wpex-border-b-2 wpex-border-solid wpex-border-accent\">C\u1ea5u t\u1ea1o h\u1ec7 th\u1ed1ng<\/span><\/h2>[\/vc_column][\/vc_row][vc_row][vc_column]<style>.vcex-heading.vcex_69e75e15b7982 .vcex-heading-inner{border-color:#cccccc;}.vcex-heading.vcex_69e75e15b7982{border-color:#cccccc;font-size:18px;}<\/style><h3 class=\"vcex-heading vcex-heading-bottom-border-w-color vcex-module wpex-text-2xl wpex-font-normal  wpb_animate_when_almost_visible wpb_right-to-left right-to-left wpex-border-b-2 wpex-border-solid wpex-border-main vcex_69e75e15b7982\"><span class=\"vcex-heading-inner wpex-inline-block wpex-relative wpex-pb-5 wpex-border-b-2 wpex-border-solid wpex-border-accent\">\u0421\u0412\u0422\u0421-L bao g\u1ed3m:<\/span><\/h3>[\/vc_column][\/vc_row][vc_row][vc_column][vc_column_text]\n<ul>\n<li><strong>thi\u1ebft b\u1ecb ngo\u00e0i tr\u1eddi \u2013 <\/strong>h\u1ec7 th\u1ed1ng \u0111\u1ebfm tr\u1ee5c xe (\u0111\u1ec3 x\u00e1c \u0111\u1ecbnh v\u1ecb tr\u00ed c\u1ee7a t\u00e0u) \u0438 m\u1ea1ng l\u01b0\u1edbi c\u00e1c \u0111i\u1ec3m m\u00e3 h\u00f3a (c\u00e1c thi\u1ebft b\u1ecb thu\/ph\u00e1t s\u1eed d\u1ee5ng k\u00eanh truy\u1ec1n tin k\u1ef9 thu\u1eadt s\u1ed1);<\/li>\n<li><strong>thi\u1ebft b\u1ecb tr\u1ea1m <\/strong>\u2013 \u0111\u1ea7u \u0111\u1ebfm c\u1ee7a h\u1ec7 th\u1ed1ng \u0111\u1ebfm tr\u1ee5c (\u0111\u01b0\u1ee3c \u0111\u1eb7t trong t\u1ee7) v\u00e0 m\u1ed9t t\u1eadp h\u1ee3p ph\u1ea7n m\u1ec1m v\u00e0 ph\u1ea7m c\u1ee9ng d\u1ef1 ph\u00f2ng v\u1edbi b\u1ed9 \u0111i\u1ec1u khi\u1ec3n d\u1ef1a tr\u00ean vi x\u1eed l\u00fd;<\/li>\n<li><strong>thi\u1ebft b\u1ecb tr\u00ean t\u00e0u <\/strong>v\u1edbi \u0103ng-ten bu\u1ed3ng l\u00e1i (nh\u1eadn t\u00edn hi\u1ec7u truy\u1ec1n t\u1eeb c\u00e1c \u0111i\u1ec3m m\u00e3 h\u00f3a t\u1edbi bu\u1ed3ng l\u00e1i)<\/li>\n<\/ul>\n[\/vc_column_text][\/vc_column][\/vc_row][vc_row][vc_column][vc_column_text]<img decoding=\"async\" loading=\"lazy\" class=\"alignnone size-full wp-image-3379\" src=\"https:\/\/lotgroup.eu\/wp-content\/uploads\/2017\/01\/Rail_CBTC-L_Lora_EN.png\" alt=\"LoRa (Long Range)\" width=\"1200\" height=\"580\" \/>[\/vc_column_text][\/vc_column][\/vc_row][vc_row][vc_column][vc_column_text]<strong>C\u00e1c \u0111i\u1ec3m m\u00e3 h\u00f3a (EP) <\/strong>n\u1ed1i li\u1ec1n v\u1edbi nhau th\u00e0nh c\u00e1c nh\u00f3m nh\u1edd h\u1ec7 th\u1ed1ng truy\u1ec1n tin tr\u00ean c\u01a1 s\u1edf c\u00f4ng ngh\u1ec7 truy\u1ec1n tin LoRa<\/p>\n<p><strong>LoRa (Ph\u1ea1m vi d\u00e0i) <\/strong>l\u00e0 m\u1ea1ng l\u01b0\u1edbi li\u00ean l\u1ea1c kh\u00f4ng d\u00e2y v\u1edbi \u0111\u1ed9 ph\u1ee7 s\u00f3ng r\u1ed9ng, s\u1eed d\u1ee5ng giao th\u1ee9c m\u1edf m\u1edbi, ti\u1ebft ki\u1ec7m n\u1eb7ng l\u01b0\u1ee3ng, \u0111\u01b0\u1ee3c ph\u00e1t tri\u1ec3n b\u1edfi T\u1eadp \u0111o\u00e0n Semtech v\u00e0 t\u1ed5 ch\u1ee9c nghi\u00ean c\u1ee9u IBM (M\u1ef9)[\/vc_column_text][\/vc_column][\/vc_row][vc_row][vc_column][vc_column_text]<img decoding=\"async\" loading=\"lazy\" class=\"alignnone size-full wp-image-3380\" src=\"https:\/\/lotgroup.eu\/wp-content\/uploads\/2017\/01\/CBTC_L_eng.jpg\" alt=\"CBTC-L\" width=\"1200\" height=\"1319\" srcset=\"https:\/\/lotgroup.eu\/wp-content\/uploads\/2017\/01\/CBTC_L_eng.jpg 1200w, https:\/\/lotgroup.eu\/wp-content\/uploads\/2017\/01\/CBTC_L_eng-600x660.jpg 600w, https:\/\/lotgroup.eu\/wp-content\/uploads\/2017\/01\/CBTC_L_eng-768x844.jpg 768w\" sizes=\"(max-width: 1200px) 100vw, 1200px\" \/>[\/vc_column_text][\/vc_column][\/vc_row][vc_row][vc_column]<style>.vcex-heading.vcex_69e75e15b7fdd .vcex-heading-inner{border-color:#1e73be;}.vcex-heading.vcex_69e75e15b7fdd{border-color:#1e73be;}<\/style><h2 class=\"vcex-heading vcex-heading-bottom-border-w-color vcex-module wpex-text-2xl wpex-font-normal  wpb_animate_when_almost_visible wpb_left-to-right left-to-right wpex-border-b-2 wpex-border-solid wpex-border-main vcex_69e75e15b7fdd\"><span class=\"vcex-heading-inner wpex-inline-block wpex-relative wpex-pb-5 wpex-border-b-2 wpex-border-solid wpex-border-accent\">\u01afu \u0111i\u1ec3m c\u1ee7a CBTC-L<\/span><\/h2>[\/vc_column][\/vc_row][vc_row][vc_column width=&#8221;1\/3&#8243; css_animation=&#8221;top-to-bottom&#8221;][vc_row_inner][vc_column_inner width=&#8221;1\/4&#8243;][vc_column_text]\n<h4><img decoding=\"async\" loading=\"lazy\" class=\"alignnone size-full wp-image-3387\" src=\"https:\/\/lotgroup.eu\/wp-content\/uploads\/2017\/01\/Possibility_of_the_System_Implementation_without_Service_Interruption.jpg\" alt=\"Possibility of the System Implementation without Service Interruption\" width=\"200\" height=\"200\" \/><\/h4>\n[\/vc_column_text][\/vc_column_inner][vc_column_inner width=&#8221;3\/4&#8243;][vc_column_text]\n<h4>Kh\u1ea3 n\u0103ng v\u1eadn h\u00e0nh h\u1ec7 th\u1ed1ng m\u00e0 kh\u00f4ng \u1ea3nh h\u01b0\u1edfng \u0111\u1ebfn ho\u1ea1t \u0111\u1ed9ng kh\u00e1c<\/h4>\n[\/vc_column_text][\/vc_column_inner][\/vc_row_inner][vc_column_text css_animation=&#8221;top-to-bottom&#8221;]C\u00f4ng t\u00e1c v\u1eadn t\u1ea3i ch\u00ednh kh\u00f4ng h\u1ec1 b\u1ecb gi\u00e1n \u0111o\u1ea1n khi v\u1eadn h\u00e0nh, l\u1eafp \u0111\u1eb7t, ki\u1ec3m tra v\u00e0 nghi\u1ec7m thu h\u1ec7 th\u1ed1ng CBTC-L nh\u1edd kh\u1ea3 n\u0103ng t\u00edch h\u1ee3p v\u1edbi c\u00e1c thi\u1ebft b\u1ecb ACS c\u00f3 s\u1eb5n tr\u00ean t\u00e0u;[\/vc_column_text][\/vc_column][vc_column width=&#8221;1\/3&#8243; css_animation=&#8221;bottom-to-top&#8221;][vc_row_inner][vc_column_inner width=&#8221;1\/4&#8243;][vc_column_text]\n<h4><img decoding=\"async\" loading=\"lazy\" class=\"alignnone size-full wp-image-3386\" src=\"https:\/\/lotgroup.eu\/wp-content\/uploads\/2017\/01\/Low_Operational_Costs.jpg\" alt=\"Low Operational Costs\" width=\"200\" height=\"200\" \/><\/h4>\n[\/vc_column_text][\/vc_column_inner][vc_column_inner width=&#8221;3\/4&#8243;][vc_column_text]\n<h4>Chi ph\u00ed v\u1eadn h\u00e0nh th\u1ea5p<\/h4>\n[\/vc_column_text][\/vc_column_inner][\/vc_row_inner][vc_column_text css_animation=&#8221;bottom-to-top&#8221;]Vi\u1ec7c s\u1eed d\u1ee5ng CBTC-L cho ph\u00e9p gi\u1ea3m thi\u1ec3u s\u1ed1 l\u01b0\u1ee3ng thi\u1ebft b\u1ecb ngo\u00e0i tr\u1eddi; \u1ee9ng d\u1ee5ng c\u00e1c thi\u1ebft b\u1ecb \u0111i\u1ec7n t\u1eed c\u00f4ng nghi\u1ec7p l\u00e0m gi\u1ea3m t\u1ed1i \u0111a chi ph\u00ed b\u1ea3o tr\u00ec; c\u00e1c ch\u1ee9c n\u0103ng chu\u1ea9n \u0111o\u00e1n hi\u1ec7n \u0111\u1ea1i c\u1ee7a thi\u1ebft b\u1ecb cho ph\u00e9p ph\u00e1t hi\u1ec7n s\u1ef1 c\u1ed1 k\u1ecbp th\u1eddi v\u00e0 c\u1ea3nh b\u00e1o tr\u01b0\u1edbc; vi\u1ec7c thay th\u1ebf c\u00e1c b\u1ed9 ph\u1eadn h\u01b0 h\u1ecfng c\u00f3 th\u1ec3 \u0111\u01b0\u1ee3c th\u1ef1c hi\u1ec7n m\u00e0 kh\u00f4ng \u1ea3nh h\u01b0\u1edfng \u0111\u1ebfn ho\u1ea1t \u0111\u1ed9ng ch\u00ednh;[\/vc_column_text][\/vc_column][vc_column width=&#8221;1\/3&#8243; css_animation=&#8221;top-to-bottom&#8221;][vc_row_inner][vc_column_inner width=&#8221;1\/4&#8243;][vc_column_text]\n<h4><img decoding=\"async\" loading=\"lazy\" class=\"alignnone size-full wp-image-3385\" src=\"https:\/\/lotgroup.eu\/wp-content\/uploads\/2017\/01\/Modular_Principle_of_the_System.jpg\" alt=\"Modular Principle of the System\" width=\"200\" height=\"200\" \/><\/h4>\n[\/vc_column_text][\/vc_column_inner][vc_column_inner width=&#8221;3\/4&#8243;][vc_column_text]\n<h4>Nguy\u00ean l\u00fd m\u00f4\u0111un c\u1ee7a h\u1ec7 th\u1ed1ng<\/h4>\n[\/vc_column_text][\/vc_column_inner][\/vc_row_inner][vc_column_text css_animation=&#8221;top-to-bottom&#8221;]CBTC-L c\u00f3 th\u1ec3 \u0111\u01b0\u1ee3c m\u1edf r\u1ed9ng th\u00e0nh h\u1ec7 th\u1ed1ng CBTC ho\u00e0n ch\u1ec9nh v\u1edbi chi ph\u00ed \u0111\u1ea7u t\u01b0 th\u1ea5p nh\u1ea5t;[\/vc_column_text][\/vc_column][\/vc_row][vc_row][vc_column width=&#8221;1\/3&#8243; css_animation=&#8221;bottom-to-top&#8221;][vc_row_inner][vc_column_inner width=&#8221;1\/4&#8243;][vc_column_text]\n<h4><img decoding=\"async\" loading=\"lazy\" class=\"alignnone size-full wp-image-3384\" src=\"https:\/\/lotgroup.eu\/wp-content\/uploads\/2017\/01\/Optimization-of-the-Train-Control-Mode.jpg\" alt=\"Optimization of the Train Control Mode\" width=\"200\" height=\"200\" \/><\/h4>\n[\/vc_column_text][\/vc_column_inner][vc_column_inner width=&#8221;3\/4&#8243;][vc_column_text]\n<h4>T\u1ed1i \u01b0u h\u00f3a Ch\u1ebf \u0111\u1ed9 \u0111i\u1ec1u khi\u1ec3n t\u00e0u<\/h4>\n[\/vc_column_text][\/vc_column_inner][\/vc_row_inner][vc_column_text]Thi\u1ebft b\u1ecb h\u1ea7m c\u1ee7a CBTC-L \u0111\u1ea3m b\u1ea3o \u0111\u1ecbnh v\u1ecb \u0111o\u00e0n t\u00e0u t\u1ea1i nh\u1eefng \u0111i\u1ec3m nh\u1ea5t \u0111\u1ecbnh v\u00e0 cho ph\u00e9p \u0111i\u1ec1u khi\u1ec3n t\u00e0u \u1edf ch\u1ebf \u0111\u1ed9 ti\u1ebft ki\u1ec7m \u0111i\u1ec7n theo h\u1ec7 th\u1ed1ng ACS.[\/vc_column_text][\/vc_column][vc_column width=&#8221;1\/3&#8243; css_animation=&#8221;bottom-to-top&#8221;][vc_row_inner][vc_column_inner width=&#8221;1\/4&#8243;][vc_column_text]\n<h4><img decoding=\"async\" loading=\"lazy\" class=\"alignnone size-full wp-image-3383\" src=\"https:\/\/lotgroup.eu\/wp-content\/uploads\/2017\/01\/High-Carrying-Capacity.jpg\" alt=\"High Carrying Capacity\" width=\"200\" height=\"200\" \/><\/h4>\n[\/vc_column_text][\/vc_column_inner][vc_column_inner width=&#8221;3\/4&#8243;][vc_column_text]\n<h4>S\u1ee9c ch\u1ee9a cao<\/h4>\n[\/vc_column_text][\/vc_column_inner][\/vc_row_inner][vc_column_text]Vi\u1ec7c \u00e1p d\u1ee5ng h\u1ec7 th\u1ed9ng CBTC-L gi\u00fap \u0111i\u1ec1u h\u00e0nh ch\u1ea1y t\u00e0u v\u1edbi kho\u1ea3ng c\u00e1ch ng\u1eafn nh\u1ea5t gi\u1eefa c\u00e1c t\u00e0u v\u00e0 \u0111\u1ea3m b\u1ea3o v\u1eadn t\u1ed1c l\u1edbn nh\u1ea5t cho ph\u00e9p.[\/vc_column_text][\/vc_column][vc_column width=&#8221;1\/3&#8243;][\/vc_column][\/vc_row]\n<\/section>","protected":false},"excerpt":{"rendered":"<p>[vc_row][vc_column][vc_single_image image=&#8221;3378&#8243; css_animation=&#8221;bottom-to-top&#8221;][\/vc_column][\/vc_row][vc_row][vc_column][vc_column_text]H\u1ec7 th\u1ed1ng \u0421\u0412\u0422\u0421-L l\u00e0 m\u1ed9t chu\u1ed7i thi\u1ebft b\u1ecb \u0111\u01b0\u1ee3c d\u00f9ng \u0111\u1ec3 \u0111\u1ecbnh v\u1ecb t\u00e0u v\u00e0 truy\u1ec1n th\u00f4ng tin t\u1edbi t\u00e0u. H\u1ec7 th\u1ed1ng n\u00e0y l\u00e0 c\u00f4ng c\u1ee5 h\u1eefu \u00edch cho ch\u1ebf \u0111\u1ed9 \u0111i\u1ec1u khi\u1ec3n t\u00e0u t\u1ed1i \u01b0u, gi\u00fap t\u00e0u di chuy\u1ec3n an to\u00e0n v\u00e0 s\u1eed d\u1ee5ng ph\u01b0\u01a1ng ph\u00e1p truy\u1ec1n d\u1eef li\u1ec7u hi\u1ec7n \u0111\u1ea1i.[\/vc_column_text][\/vc_column][\/vc_row][vc_row][vc_column][\/vc_column][\/vc_row][vc_row][vc_column][vc_column_text] \u0111i\u1ec1u&hellip;<\/p>\n","protected":false},"author":6,"featured_media":0,"parent":448,"menu_order":0,"comment_status":"closed","ping_status":"closed","template":"","meta":{"footnotes":""},"translation":{"provider":"WPGlobus","version":"2.12.2","language":"vi","enabled_languages":["en","ru","bg","vi"],"languages":{"en":{"title":true,"content":true,"excerpt":false},"ru":{"title":true,"content":true,"excerpt":false},"bg":{"title":false,"content":false,"excerpt":false},"vi":{"title":true,"content":true,"excerpt":false}}},"_links":{"self":[{"href":"https:\/\/lotgroup.eu\/vi\/wp-json\/wp\/v2\/pages\/3377"}],"collection":[{"href":"https:\/\/lotgroup.eu\/vi\/wp-json\/wp\/v2\/pages"}],"about":[{"href":"https:\/\/lotgroup.eu\/vi\/wp-json\/wp\/v2\/types\/page"}],"author":[{"embeddable":true,"href":"https:\/\/lotgroup.eu\/vi\/wp-json\/wp\/v2\/users\/6"}],"replies":[{"embeddable":true,"href":"https:\/\/lotgroup.eu\/vi\/wp-json\/wp\/v2\/comments?post=3377"}],"version-history":[{"count":25,"href":"https:\/\/lotgroup.eu\/vi\/wp-json\/wp\/v2\/pages\/3377\/revisions"}],"predecessor-version":[{"id":4396,"href":"https:\/\/lotgroup.eu\/vi\/wp-json\/wp\/v2\/pages\/3377\/revisions\/4396"}],"up":[{"embeddable":true,"href":"https:\/\/lotgroup.eu\/vi\/wp-json\/wp\/v2\/pages\/448"}],"wp:attachment":[{"href":"https:\/\/lotgroup.eu\/vi\/wp-json\/wp\/v2\/media?parent=3377"}],"curies":[{"name":"wp","href":"https:\/\/api.w.org\/{rel}","templated":true}]}}