{"id":3390,"date":"2017-01-25T18:05:18","date_gmt":"2017-01-25T15:05:18","guid":{"rendered":"http:\/\/lotgroup.eu\/?page_id=3390"},"modified":"2017-06-14T15:48:26","modified_gmt":"2017-06-14T12:48:26","slug":"automated-cab-signaling-acs","status":"publish","type":"page","link":"https:\/\/lotgroup.eu\/vi\/product\/rail-transport\/automated-cab-signaling-acs\/","title":{"rendered":"B\u00e1o hi\u1ec7u t\u1ef1 \u0111\u1ed9ng t\u1eeb bu\u1ed3ng l\u00e1i (ACS)"},"content":{"rendered":"<section class=\"wpb-content-wrapper\">[vc_row][vc_column][vc_single_image image=&#8221;3391&#8243; css_animation=&#8221;bottom-to-top&#8221;][\/vc_column][\/vc_row][vc_row][vc_column][vc_column_text]<strong>B\u00e1o hi\u1ec7u t\u1ef1 \u0111\u1ed9ng t\u1eeb bu\u1ed3ng l\u00e1i (ACS)<\/strong> l\u00e0 m\u1ed9t h\u1ec7 th\u1ed1ng b\u00e1o hi\u1ec7u v\u1eadn t\u1ea3i \u0111\u01b0\u1eddng s\u1eaft c\u00f3 nhi\u1ec7m v\u1ee5 truy\u1ec1n c\u00e1c t\u00edn hi\u1ec7u t\u1edbi ga \u0111i\u1ec1u khi\u1ec3n ph\u01b0\u01a1ng ti\u1ec7n \u0111\u01b0\u1eddng s\u1eaft.[\/vc_column_text][\/vc_column][\/vc_row][vc_row][vc_column]<style>.vcex-heading.vcex_69e76a77259b6 .vcex-heading-inner{border-color:#1e73be;}.vcex-heading.vcex_69e76a77259b6{border-color:#1e73be;}<\/style><h2 class=\"vcex-heading vcex-heading-bottom-border-w-color vcex-module wpex-text-2xl wpex-font-normal  wpb_animate_when_almost_visible wpb_left-to-right left-to-right wpex-border-b-2 wpex-border-solid wpex-border-main vcex_69e76a77259b6\"><span class=\"vcex-heading-inner wpex-inline-block wpex-relative wpex-pb-5 wpex-border-b-2 wpex-border-solid wpex-border-accent\">H\u1ec7 th\u1ed1ng ACS cung c\u1ea5p:<\/span><\/h2>[\/vc_column][\/vc_row][vc_row][vc_column][vc_column_text]\n<ul>\n<li><strong>h\u00ecnh th\u1ee9c b\u00e1o hi\u1ec7u tr\u00ean bu\u1ed3ng l\u00e1i <\/strong>c\u1ee7a t\u00e0u, cho ph\u00e9p t\u00e0u chuy\u1ec3n \u0111\u1ed9ng khi c\u00f3 kh\u00f4ng gian tr\u1ed1ng v\u1edbi \u0111\u1ed9 d\u00e0i kh\u00f4ng ng\u1eafn h\u01a1n kho\u1ea3ng c\u00e1ch d\u1eebng \u0111\u01b0\u1ee3c thi\u1ebft k\u1ebf c\u1ee7a t\u00e0u v\u1edbi gi\u1edbi h\u1ea1n t\u1ed1c \u0111\u1ed9 ho\u1eb7c c\u1ea5m chuy\u1ec3n \u0111\u1ed9ng v\u00e0 y\u00eau c\u1ea7u d\u1eebng;<\/li>\n<li><strong>ki\u1ec3m so\u00e1t li\u00ean t\u1ee5c khi qu\u00e1 t\u1ed1c \u0111\u1ed9 cho ph\u00e9p <\/strong>v\u00e0 t\u1ef1 \u0111\u1ed9ng phanh khi v\u01b0\u1ee3t t\u1ed1c;<\/li>\n<li><strong>t\u1ef1 \u0111\u1ed9ng th\u1ea3 phanh c\u1ee7a t\u00e0u <\/strong>sau khi t\u1ed1c \u0111\u1ed9 \u0111\u01b0\u1ee3c gi\u1ea3m t\u1edbi m\u1ee9c cho ph\u00e9p;<\/li>\n<li><strong>h\u1ec7 th\u1ed1ng phanh t\u1ef1 \u0111\u1ed9ng <\/strong>\u0111\u1ec3 t\u00e0u d\u1eebng h\u1eb3n trong c\u00e1c tr\u01b0\u1eddng h\u1ee3p: tr\u01b0\u1edbc khi t\u1edbi khu gian \u0111ang b\u1ecb chi\u1ebfm d\u1ee5ng; tr\u01b0\u1edbc khu gian, n\u01a1i thi\u1ebft b\u1ecb ph\u00e1t hi\u1ec7n t\u00e0u c\u00f3 d\u1ea5u hi\u1ec7u tr\u1ee5c tr\u1eb7c, khi vi\u1ec7c nh\u1eadn t\u00ednh hi\u1ec7u b\u1ecb gi\u00e1n \u0111o\u1ea1n, tr\u01b0\u1edbc khi \u0111\u00e8n giao th\u00f4ng chuy\u1ec3n sang m\u00e0u \u0111\u1ecf hay khi qu\u00e1 t\u1ed1c;<\/li>\n<li><strong>ki\u1ec3m so\u00e1t h\u00e0nh vi c\u1ee7a ng\u01b0\u1eddi l\u00e1i t\u00e0u <\/strong>khi c\u00e1c thi\u1ebft b\u1ecb ACS c\u1ee7a t\u00e0u b\u1ecb t\u1eaft.<\/li>\n<\/ul>\n[\/vc_column_text][\/vc_column][\/vc_row][vc_row][vc_column][vc_column_text]<img decoding=\"async\" loading=\"lazy\" class=\"alignnone size-full wp-image-3392\" src=\"https:\/\/lotgroup.eu\/wp-content\/uploads\/2017\/01\/ACS_Train.jpg\" alt=\"ACS\" width=\"1200\" height=\"808\" srcset=\"https:\/\/lotgroup.eu\/wp-content\/uploads\/2017\/01\/ACS_Train.jpg 1200w, https:\/\/lotgroup.eu\/wp-content\/uploads\/2017\/01\/ACS_Train-600x404.jpg 600w, https:\/\/lotgroup.eu\/wp-content\/uploads\/2017\/01\/ACS_Train-768x517.jpg 768w\" sizes=\"(max-width: 1200px) 100vw, 1200px\" \/>[\/vc_column_text][\/vc_column][\/vc_row][vc_row][vc_column]<style>.vcex-heading.vcex_69e76a77268c1 .vcex-heading-inner{border-color:#1e73be;}.vcex-heading.vcex_69e76a77268c1{border-color:#1e73be;}<\/style><h2 class=\"vcex-heading vcex-heading-bottom-border-w-color vcex-module wpex-text-2xl wpex-font-normal  wpb_animate_when_almost_visible wpb_left-to-right left-to-right wpex-border-b-2 wpex-border-solid wpex-border-main vcex_69e76a77268c1\"><span class=\"vcex-heading-inner wpex-inline-block wpex-relative wpex-pb-5 wpex-border-b-2 wpex-border-solid wpex-border-accent\">H\u1ec7 th\u1ed1ng ACS bao g\u1ed3m:<\/span><\/h2>[\/vc_column][\/vc_row][vc_row][vc_column][vc_column_text]\n<ul>\n<li>c\u00e1c thi\u1ebft b\u1ecb truy\u1ec1n d\u1eef li\u1ec7u ngo\u00e0i tr\u1eddi;<\/li>\n<li>c\u00e1c thi\u1ebft b\u1ecb nh\u00e2n v\u00e0 gi\u1ea3i m\u00e3, c\u00e1c thi\u1ebft b\u1ecb ch\u1ec9 d\u1eabn, c\u1ea3m bi\u1ebfn v\u00e0 \u0111i\u1ec1u h\u00e0nh tr\u00ean t\u00e0u;<\/li>\n<li>c\u00e1c thi\u1ebft b\u1ecb c\u00f3 kh\u1ea3 n\u0103ng k\u1ebft h\u1ee3p v\u1eadn h\u00e0nh ACS v\u1edbi c\u00e1c b\u1ed9 ph\u1eadn b\u00e1o hi\u1ec7u kh\u00e1c.<\/li>\n<\/ul>\n[\/vc_column_text][\/vc_column][\/vc_row]\n<\/section>","protected":false},"excerpt":{"rendered":"<p>[vc_row][vc_column][vc_single_image image=&#8221;3391&#8243; css_animation=&#8221;bottom-to-top&#8221;][\/vc_column][\/vc_row][vc_row][vc_column][vc_column_text]B\u00e1o hi\u1ec7u t\u1ef1 \u0111\u1ed9ng t\u1eeb bu\u1ed3ng l\u00e1i (ACS) l\u00e0 m\u1ed9t h\u1ec7 th\u1ed1ng b\u00e1o hi\u1ec7u v\u1eadn t\u1ea3i \u0111\u01b0\u1eddng s\u1eaft c\u00f3 nhi\u1ec7m v\u1ee5 truy\u1ec1n c\u00e1c t\u00edn hi\u1ec7u t\u1edbi ga \u0111i\u1ec1u khi\u1ec3n ph\u01b0\u01a1ng ti\u1ec7n \u0111\u01b0\u1eddng s\u1eaft.[\/vc_column_text][\/vc_column][\/vc_row][vc_row][vc_column][\/vc_column][\/vc_row][vc_row][vc_column][vc_column_text] h\u00ecnh th\u1ee9c b\u00e1o hi\u1ec7u tr\u00ean bu\u1ed3ng l\u00e1i c\u1ee7a t\u00e0u, cho ph\u00e9p t\u00e0u chuy\u1ec3n \u0111\u1ed9ng khi c\u00f3 kh\u00f4ng gian tr\u1ed1ng v\u1edbi&hellip;<\/p>\n","protected":false},"author":6,"featured_media":0,"parent":448,"menu_order":0,"comment_status":"closed","ping_status":"closed","template":"","meta":{"footnotes":""},"translation":{"provider":"WPGlobus","version":"2.12.2","language":"vi","enabled_languages":["en","ru","bg","vi"],"languages":{"en":{"title":true,"content":true,"excerpt":false},"ru":{"title":true,"content":true,"excerpt":false},"bg":{"title":false,"content":false,"excerpt":false},"vi":{"title":true,"content":true,"excerpt":false}}},"_links":{"self":[{"href":"https:\/\/lotgroup.eu\/vi\/wp-json\/wp\/v2\/pages\/3390"}],"collection":[{"href":"https:\/\/lotgroup.eu\/vi\/wp-json\/wp\/v2\/pages"}],"about":[{"href":"https:\/\/lotgroup.eu\/vi\/wp-json\/wp\/v2\/types\/page"}],"author":[{"embeddable":true,"href":"https:\/\/lotgroup.eu\/vi\/wp-json\/wp\/v2\/users\/6"}],"replies":[{"embeddable":true,"href":"https:\/\/lotgroup.eu\/vi\/wp-json\/wp\/v2\/comments?post=3390"}],"version-history":[{"count":15,"href":"https:\/\/lotgroup.eu\/vi\/wp-json\/wp\/v2\/pages\/3390\/revisions"}],"predecessor-version":[{"id":6012,"href":"https:\/\/lotgroup.eu\/vi\/wp-json\/wp\/v2\/pages\/3390\/revisions\/6012"}],"up":[{"embeddable":true,"href":"https:\/\/lotgroup.eu\/vi\/wp-json\/wp\/v2\/pages\/448"}],"wp:attachment":[{"href":"https:\/\/lotgroup.eu\/vi\/wp-json\/wp\/v2\/media?parent=3390"}],"curies":[{"name":"wp","href":"https:\/\/api.w.org\/{rel}","templated":true}]}}