{"id":3395,"date":"2017-01-25T18:23:13","date_gmt":"2017-01-25T15:23:13","guid":{"rendered":"http:\/\/lotgroup.eu\/?page_id=3395"},"modified":"2017-06-14T15:52:50","modified_gmt":"2017-06-14T12:52:50","slug":"axle-counting-system","status":"publish","type":"page","link":"https:\/\/lotgroup.eu\/vi\/product\/rail-transport\/axle-counting-system\/","title":{"rendered":"H\u1ec7 th\u1ed1ng \u0111\u1ebfm tr\u1ee5c"},"content":{"rendered":"<section class=\"wpb-content-wrapper\">[vc_row][vc_column][vc_single_image image=&#8221;3396&#8243; css_animation=&#8221;bottom-to-top&#8221;][\/vc_column][\/vc_row][vc_row][vc_column][vc_column_text]<strong>LOT Group <\/strong>s\u1eed d\u1ee5ng h\u1ec7 th\u1ed1ng \u0111\u1ebfm tr\u1ee5c Fraucher trong m\u1ecdi gi\u1ea3i ph\u00e1p v\u1eadn t\u1ea3i \u0111\u01b0\u1eddng s\u1eaft c\u1ee7a m\u00ecnh.<\/p>\n<p><strong>H\u1ec7 th\u1ed1ng \u0111\u1ebfm tr\u1ee5c FRAUSCHER (FAdC) (\u00c1o) <\/strong>l\u00e0 m\u1ed9t th\u1ebf h\u1ec7 m\u1edbi c\u1ee7a h\u1ec7 th\u1ed1ng \u0111\u1ebfm tr\u1ee5c d\u1ef1a tr\u00ean giao di\u1ec7n tu\u1ea7n t\u1ef1. H\u1ec7 th\u1ed1ng n\u00e0y \u0111\u01b0\u1ee3c d\u00f9ng \u0111\u1ec3 ki\u1ec3m so\u00e1t s\u1ed1 b\u00e1nh xe t\u00e0u \u0111i qua <strong>(ki\u1ec3m so\u00e1t v\u00e0 ch\u1ec9 d\u1eabn \u0111\u01b0\u1eddng tr\u1ed1ng\/kh\u00f4ng tr\u1ed1ng) <\/strong>v\u00e0 <strong>x\u00e1c \u0111\u1ecbnh h\u01b0\u1edbng chuy\u1ec3n \u0111\u1ed9ng.<\/strong><\/p>\n<p>H\u1ec7 th\u1ed1ng FAdC tu\u00e2n th\u1ee7 c\u00e1c ti\u00eau chu\u1ea9n an to\u00e0n c\u1ee7a SIL<\/p>\n<p>Giao di\u1ec7n truy\u1ec1n tin m\u1edf c\u1ee7a h\u1ec7 th\u1ed1ng t\u1ed1i \u01b0u h\u00f3a vi\u1ec7c t\u00edch h\u1ee3p FAdC v\u1edbi h\u1ec7 th\u1ed1ng t\u1ef1 \u0111\u1ed9ng h\u00f3a \u0111\u01b0\u1eddng s\u1eaft v\u00e0 c\u00e1c h\u1ec7 th\u1ed1ng \u0111i\u1ec1u khi\u1ec3n t\u1eeb xa[\/vc_column_text][\/vc_column][\/vc_row][vc_row][vc_column]<style>.vcex-heading.vcex_69d552e0a940e .vcex-heading-inner{border-color:#1e73be;}.vcex-heading.vcex_69d552e0a940e{border-color:#1e73be;}<\/style><h2 class=\"vcex-heading vcex-heading-bottom-border-w-color vcex-module wpex-text-2xl wpex-font-normal  wpb_animate_when_almost_visible wpb_left-to-right left-to-right wpex-border-b-2 wpex-border-solid wpex-border-main vcex_69d552e0a940e\"><span class=\"vcex-heading-inner wpex-inline-block wpex-relative wpex-pb-5 wpex-border-b-2 wpex-border-solid wpex-border-accent\">H\u1ec7 th\u1ed1ng \u0111\u1ebfm tr\u1ee5c cho ph\u00e9p:<\/span><\/h2>[\/vc_column][\/vc_row][vc_row][vc_column]<style>.vcex-heading.vcex_69d552e0ab021 .vcex-heading-inner{border-color:#cccccc;}.vcex-heading.vcex_69d552e0ab021{border-color:#cccccc;font-size:18px;}<\/style><h3 class=\"vcex-heading vcex-heading-bottom-border-w-color vcex-module wpex-text-2xl wpex-font-normal  wpb_animate_when_almost_visible wpb_right-to-left right-to-left wpex-border-b-2 wpex-border-solid wpex-border-main vcex_69d552e0ab021\"><span class=\"vcex-heading-inner wpex-inline-block wpex-relative wpex-pb-5 wpex-border-b-2 wpex-border-solid wpex-border-accent\">Ch\u1ec9 d\u1eabn \u0111\u01b0\u1eddng tr\u1ed1ng\/kh\u00f4ng tr\u1ed1ng<\/span><\/h3>[\/vc_column][\/vc_row][vc_row][vc_column][vc_column_text]Ch\u1ee9c n\u0103ng ch\u00ednh c\u1ee7a h\u1ec7 th\u1ed1ng \u0111\u1ebfm tr\u1ee5c l\u00e0 cung c\u1ea5p th\u00f4ng tin ch\u00ednh x\u00e1c v\u1ec1 vi\u1ec7c li\u1ec7u m\u1ed9t \u0111o\u1ea1n \u0111\u01b0\u1eddng \u0111ang tr\u1ed1ng hay b\u1ecb chi\u1ebfm d\u1ee5ng. H\u1ec7 th\u1ed1ng c\u00f3 th\u1ec3 ki\u1ec3m so\u00e1t c\u00e1c khu gian ng\u1eafn trong ga c\u0169ng nh\u01b0 c\u00e1c \u0111o\u1ea1n d\u00e0i gi\u1eefa hai ga hay gi\u1eefa c\u00e1c h\u1ed9p t\u00edn hi\u1ec7u.[\/vc_column_text][\/vc_column][\/vc_row][vc_row][vc_column]<style>.vcex-heading.vcex_69d552e0abc18 .vcex-heading-inner{border-color:#cccccc;}.vcex-heading.vcex_69d552e0abc18{border-color:#cccccc;font-size:18px;}<\/style><h3 class=\"vcex-heading vcex-heading-bottom-border-w-color vcex-module wpex-text-2xl wpex-font-normal  wpb_animate_when_almost_visible wpb_right-to-left right-to-left wpex-border-b-2 wpex-border-solid wpex-border-main vcex_69d552e0abc18\"><span class=\"vcex-heading-inner wpex-inline-block wpex-relative wpex-pb-5 wpex-border-b-2 wpex-border-solid wpex-border-accent\">Kh\u1edfi \u0111\u1ed9ng l\u1ea1i (\u0111\u01b0a v\u1ec1 tr\u1ea1ng th\u00e1i ban \u0111\u1ea7u)<\/span><\/h3>[\/vc_column][\/vc_row][vc_row][vc_column][vc_column_text]Trong qu\u00e1 tr\u00ecnh \u0111\u01b0a v\u00e0o s\u1eed d\u1ee5ng ho\u1eb7c trong tr\u01b0\u1eddng h\u1ee3p c\u00f3 s\u1ef1 c\u1ed1 khi s\u1eed d\u1ee5ng, b\u1ea3o tr\u00ec b\u1ea3o d\u01b0\u1ee1ng v.v., vi\u1ec7c kh\u1edfi \u0111\u1ed9ng l\u1ea1i h\u1ec7 th\u1ed1ng \u0111\u1ebfm tr\u1ee5c l\u00e0 c\u1ea7n thi\u1ebft. V\u00ec l\u00fd do c\u00f3 nhi\u1ec1u c\u00e1ch kh\u1edfi \u0111\u1ed9ng v\u00e0 ch\u1ebf \u0111\u1ed9 ho\u1ea1t \u0111\u1ed9ng kh\u00e1c nhau n\u00ean vi\u1ec7c t\u00f9y ch\u1ec9nh qu\u00e1 tr\u00ecnh kh\u1edfi \u0111\u1ed9ng l\u1ea1i l\u00e0 kh\u00f4ng th\u1ec3 thi\u1ebfu. Gi\u00e1i ph\u00e1p c\u1ee7a Frauscher ho\u00e0n to\u00e0n \u0111\u00e1p \u1ee9ng \u0111\u01b0\u1ee3c nhu c\u1ea7u c\u1ee7a m\u1ecdi kh\u00e1ch h\u00e0ng.[\/vc_column_text][\/vc_column][\/vc_row][vc_row][vc_column]<style>.vcex-heading.vcex_69d552e0ac774 .vcex-heading-inner{border-color:#cccccc;}.vcex-heading.vcex_69d552e0ac774{border-color:#cccccc;font-size:18px;}<\/style><h3 class=\"vcex-heading vcex-heading-bottom-border-w-color vcex-module wpex-text-2xl wpex-font-normal  wpb_animate_when_almost_visible wpb_right-to-left right-to-left wpex-border-b-2 wpex-border-solid wpex-border-main vcex_69d552e0ac774\"><span class=\"vcex-heading-inner wpex-inline-block wpex-relative wpex-pb-5 wpex-border-b-2 wpex-border-solid wpex-border-accent\">Ch\u1ea9n \u0111o\u00e1n h\u1ec7 th\u1ed1ng<\/span><\/h3>[\/vc_column][\/vc_row][vc_row][vc_column][vc_column_text]Ngo\u00e0i vi\u1ec7c \u0111\u1ebfm tr\u1ee5c m\u1ed9t c\u00e1ch ch\u00ednh x\u00e1c th\u00ec vi\u1ec7c truy\u1ec1n d\u1eef li\u1ec7u \u0111\u01b0\u1ee3c ch\u1ea9n \u0111o\u00e1n c\u0169ng \u0111\u00f3ng vai tr\u00f2 r\u1ea5t quan tr\u1ecdng.<\/p>\n<p>H\u1ec7 th\u1ed1ng ch\u1ea9n \u0111o\u00e1n c\u1ee7a Frauscher FDS c\u00f3 kh\u1ea3 n\u0103ng trao \u0111\u1ed5i nh\u1eefng d\u1eef li\u1ec7u kh\u00e1c nhau. Vi\u1ec7c n\u00e0y cho ph\u00e9p th\u1ef1c hi\u1ec7n c\u00f4ng t\u00e1c b\u1ea3o tr\u00ec ng\u0103n ng\u1eeba, t\u1ed1i \u01b0u h\u00f3a s\u1eeda ch\u1eefa h\u01b0 h\u1ecfng, ti\u1ebfp c\u1eadn tr\u1ef1c tuy\u1ebfn c\u00e1c d\u1eef li\u1ec7u nh\u1eadn \u0111\u01b0\u1ee3c t\u1eeb b\u1ed9 \u0111\u1ebfm tr\u1ee5c v\u00e0 gi\u1ea3m thi\u1ec3u t\u1ed1i \u0111a vi\u1ec7c b\u1ea3o tr\u00ec gi\u00fap gi\u1ea3m chi ph\u00ed trong su\u1ed1t th\u1eddi gian s\u1eed d\u1ee5ng.[\/vc_column_text][\/vc_column][\/vc_row][vc_row][vc_column]<style>.vcex-heading.vcex_69d552e0ad280 .vcex-heading-inner{border-color:#cccccc;}.vcex-heading.vcex_69d552e0ad280{border-color:#cccccc;font-size:18px;}<\/style><h3 class=\"vcex-heading vcex-heading-bottom-border-w-color vcex-module wpex-text-2xl wpex-font-normal  wpb_animate_when_almost_visible wpb_right-to-left right-to-left wpex-border-b-2 wpex-border-solid wpex-border-main vcex_69d552e0ad280\"><span class=\"vcex-heading-inner wpex-inline-block wpex-relative wpex-pb-5 wpex-border-b-2 wpex-border-solid wpex-border-accent\">H\u1ec7 th\u1ed1ng cho ph\u00e9p cung c\u1ea5p th\u00f4ng tin v\u1ec1:<\/span><\/h3>[\/vc_column][\/vc_row][vc_row][vc_column][vc_column_text]\n<ul>\n<li>h\u01b0\u1edbng ch\u1ea1y t\u00e0u<\/li>\n<li>x\u00e1c \u0111\u1ecbnh trung t\u00e2m c\u1ee7a b\u00e1nh xe<\/li>\n<li>t\u1ed1c \u0111\u1ed9<\/li>\n<li>t\u00ecnh tr\u1ea1ng m\u00e1y \u0111\u1ebfm<\/li>\n<li>\u0111\u01b0\u1eddng k\u00ednh c\u1ee7a b\u00e1nh xe, v.v<\/li>\n<\/ul>\n[\/vc_column_text][\/vc_column][\/vc_row][vc_row][vc_column][vc_column_text]<img decoding=\"async\" loading=\"lazy\" class=\"alignnone size-full wp-image-3397\" src=\"https:\/\/lotgroup.eu\/wp-content\/uploads\/2017\/01\/Axle-Counting-System-scheme.jpg\" alt=\"Axle Counting System\" width=\"980\" height=\"346\" srcset=\"https:\/\/lotgroup.eu\/wp-content\/uploads\/2017\/01\/Axle-Counting-System-scheme.jpg 980w, https:\/\/lotgroup.eu\/wp-content\/uploads\/2017\/01\/Axle-Counting-System-scheme-600x212.jpg 600w, https:\/\/lotgroup.eu\/wp-content\/uploads\/2017\/01\/Axle-Counting-System-scheme-768x271.jpg 768w\" sizes=\"(max-width: 980px) 100vw, 980px\" \/>[\/vc_column_text][\/vc_column][\/vc_row][vc_row][vc_column]<style>.vcex-heading.vcex_69d552e0add35 .vcex-heading-inner{border-color:#1e73be;}.vcex-heading.vcex_69d552e0add35{border-color:#1e73be;}<\/style><h2 class=\"vcex-heading vcex-heading-bottom-border-w-color vcex-module wpex-text-2xl wpex-font-normal  wpb_animate_when_almost_visible wpb_left-to-right left-to-right wpex-border-b-2 wpex-border-solid wpex-border-main vcex_69d552e0add35\"><span class=\"vcex-heading-inner wpex-inline-block wpex-relative wpex-pb-5 wpex-border-b-2 wpex-border-solid wpex-border-accent\">H\u1ec7 th\u1ed1ng bao g\u1ed3m c\u00e1c thi\u1ebft b\u1ecb c\u1ea1nh \u0111\u01b0\u1eddng v\u00e0 thi\u1ebft b\u1ecb th\u00e1p \u0111\u01b0\u1ee3c t\u1ea1o n\u00ean b\u1edfi:<\/span><\/h2>[\/vc_column][\/vc_row][vc_row][vc_column][vc_column_text]\n<ul>\n<li>c\u1ea3m bi\u1ebfn c\u00e0i \u0111\u1eb7t tr\u00ean \u0111\u01b0\u1eddng ray (s\u1eed d\u1ee5ng k\u1eb9p s\u1eaft, kh\u00f4ng c\u1ea7n khoan)<\/li>\n<li>h\u1ed9p n\u1ed1i gi\u1eefa c\u00e1c b\u1ed9 th\u00edch \u1ee9ng c\u1ee7a \u0111\u01b0\u1eddng ray<\/li>\n<li>c\u00e1c d\u00e2y c\u00e1p \u0111\u01b0\u1ee3c \u0111\u1eb7t \u1edf gi\u1eefa<\/li>\n<\/ul>\n<p>D\u1eef li\u1ec7u t\u1eeb c\u1ea3m bi\u1ebfn \u0111\u01b0\u1ee3c truy\u1ec1n t\u1edbi thi\u1ebft b\u1ecb th\u00e1p, \u1edf \u0111\u00e2y ch\u00fang \u0111\u01b0\u1ee3c x\u1eed l\u00fd b\u1edfi m\u00f4 \u0111un AEB.<\/p>\n<p>M\u00f4 \u0111un n\u00e0y th\u1ef1c hi\u1ec7n c\u1ea3 hai ch\u1ee9c n\u0103ng: x\u1eed l\u00fd th\u00f4ng tin v\u1eeba nh\u1eadn t\u1eeb c\u1ea3m bi\u1ebfn v\u00e0 \u0111\u1ebfm tr\u1ee5c xe. D\u1eef li\u1ec7u ph\u00e1t ra \u0111\u01b0\u1ee3c truy\u1ec1n t\u1edbi m\u00f4 \u0111un truy\u1ec1n tin, mang t\u00edn hi\u1ec7u t\u1eeb d\u1eef li\u1ec7u t\u1edbi h\u1ec7 th\u1ed1ng c\u00f3 m\u1ee9c \u0111\u1ed9 cao h\u01a1n.[\/vc_column_text][\/vc_column][\/vc_row][vc_row][vc_column]<style>.vcex-heading.vcex_69d552e0ae7b2 .vcex-heading-inner{border-color:#1e73be;}.vcex-heading.vcex_69d552e0ae7b2{border-color:#1e73be;}<\/style><h2 class=\"vcex-heading vcex-heading-bottom-border-w-color vcex-module wpex-text-2xl wpex-font-normal  wpb_animate_when_almost_visible wpb_left-to-right left-to-right wpex-border-b-2 wpex-border-solid wpex-border-main vcex_69d552e0ae7b2\"><span class=\"vcex-heading-inner wpex-inline-block wpex-relative wpex-pb-5 wpex-border-b-2 wpex-border-solid wpex-border-accent\">\u01afu \u0111i\u1ec3m c\u1ee7a H\u1ec7 th\u1ed1ng \u0111\u1ebfm tr\u1ee5c<\/span><\/h2>[\/vc_column][\/vc_row][vc_row][vc_column width=&#8221;1\/4&#8243; css_animation=&#8221;top-to-bottom&#8221;][vc_row_inner][vc_column_inner width=&#8221;1\/4&#8243;][vc_column_text]<img decoding=\"async\" loading=\"lazy\" class=\"alignnone size-full wp-image-3400\" src=\"https:\/\/lotgroup.eu\/wp-content\/uploads\/2017\/01\/possibility-to-determine-movement-direction.jpg\" alt=\"Possibility to Determine Movement Direction\" width=\"200\" height=\"200\" \/>[\/vc_column_text][\/vc_column_inner][vc_column_inner width=&#8221;3\/4&#8243;][vc_column_text]<strong>Kh\u1ea3 n\u0103ng x\u00e1c \u0111\u1ecbnh h\u01b0\u1edbng chuy\u1ec3n \u0111\u1ed9ng, <\/strong>s\u1ed1 tr\u1ee5c xe v\u00e0 t\u1ed1c \u0111\u1ed9 t\u00e0u;[\/vc_column_text][\/vc_column_inner][\/vc_row_inner][\/vc_column][vc_column width=&#8221;1\/4&#8243; css_animation=&#8221;bottom-to-top&#8221;][vc_row_inner][vc_column_inner width=&#8221;1\/4&#8243;][vc_column_text]<img decoding=\"async\" loading=\"lazy\" class=\"alignnone size-full wp-image-3401\" src=\"https:\/\/lotgroup.eu\/wp-content\/uploads\/2017\/01\/digital-communication-interface.jpg\" alt=\"Digital Communication Interface\" width=\"200\" height=\"200\" \/>[\/vc_column_text][\/vc_column_inner][vc_column_inner width=&#8221;3\/4&#8243;][vc_column_text]<strong>Giao di\u1ec7n li\u00ean l\u1ea1c k\u1ef9 thu\u1eadt s\u1ed1, <\/strong>d\u1ecbch v\u1ee5 t\u1ef1 ch\u1ea9n \u0111o\u00e1n g\u1eafn li\u1ec1n b\u00ean trong;[\/vc_column_text][\/vc_column_inner][\/vc_row_inner][\/vc_column][vc_column width=&#8221;1\/4&#8243; css_animation=&#8221;top-to-bottom&#8221;][vc_row_inner][vc_column_inner width=&#8221;1\/4&#8243;][vc_column_text]<img decoding=\"async\" loading=\"lazy\" class=\"alignnone size-full wp-image-3386\" src=\"https:\/\/lotgroup.eu\/wp-content\/uploads\/2017\/01\/Low_Operational_Costs.jpg\" alt=\"Low Operational Costs\" width=\"200\" height=\"200\" \/>[\/vc_column_text][\/vc_column_inner][vc_column_inner width=&#8221;3\/4&#8243;][vc_column_text]<strong>Chi ph\u00ed b\u1ea3o tr\u00ec,<\/strong> l\u1eafp \u0111\u1eb7t v\u00e0 khai th\u00e1c th\u1ea5p[\/vc_column_text][\/vc_column_inner][\/vc_row_inner][\/vc_column][vc_column width=&#8221;1\/4&#8243; css_animation=&#8221;bottom-to-top&#8221;][vc_row_inner][vc_column_inner width=&#8221;1\/4&#8243;][vc_column_text]<img decoding=\"async\" loading=\"lazy\" class=\"alignnone size-full wp-image-3402\" src=\"https:\/\/lotgroup.eu\/wp-content\/uploads\/2017\/01\/fast-system-reset.jpg\" alt=\"Fast System Reset\" width=\"200\" height=\"200\" \/>[\/vc_column_text][\/vc_column_inner][vc_column_inner width=&#8221;3\/4&#8243;][vc_column_text]<strong>Kh\u1edfi \u0111\u1ed9ng l\u1ea1i h\u1ec7 th\u1ed1ng nhanh ch\u00f3ng<\/strong>[\/vc_column_text][\/vc_column_inner][\/vc_row_inner][\/vc_column][\/vc_row]\n<\/section>","protected":false},"excerpt":{"rendered":"<p>[vc_row][vc_column][vc_single_image image=&#8221;3396&#8243; css_animation=&#8221;bottom-to-top&#8221;][\/vc_column][\/vc_row][vc_row][vc_column][vc_column_text]LOT Group s\u1eed d\u1ee5ng h\u1ec7 th\u1ed1ng \u0111\u1ebfm tr\u1ee5c Fraucher trong m\u1ecdi gi\u1ea3i ph\u00e1p v\u1eadn t\u1ea3i \u0111\u01b0\u1eddng s\u1eaft c\u1ee7a m\u00ecnh. H\u1ec7 th\u1ed1ng \u0111\u1ebfm tr\u1ee5c FRAUSCHER (FAdC) (\u00c1o) l\u00e0 m\u1ed9t th\u1ebf h\u1ec7 m\u1edbi c\u1ee7a h\u1ec7 th\u1ed1ng \u0111\u1ebfm tr\u1ee5c d\u1ef1a tr\u00ean giao di\u1ec7n tu\u1ea7n t\u1ef1. H\u1ec7 th\u1ed1ng n\u00e0y \u0111\u01b0\u1ee3c d\u00f9ng \u0111\u1ec3 ki\u1ec3m so\u00e1t s\u1ed1 b\u00e1nh xe&hellip;<\/p>\n","protected":false},"author":6,"featured_media":0,"parent":448,"menu_order":0,"comment_status":"closed","ping_status":"closed","template":"","meta":{"footnotes":""},"translation":{"provider":"WPGlobus","version":"2.12.2","language":"vi","enabled_languages":["en","ru","bg","vi"],"languages":{"en":{"title":true,"content":true,"excerpt":false},"ru":{"title":true,"content":true,"excerpt":false},"bg":{"title":false,"content":false,"excerpt":false},"vi":{"title":true,"content":true,"excerpt":false}}},"_links":{"self":[{"href":"https:\/\/lotgroup.eu\/vi\/wp-json\/wp\/v2\/pages\/3395"}],"collection":[{"href":"https:\/\/lotgroup.eu\/vi\/wp-json\/wp\/v2\/pages"}],"about":[{"href":"https:\/\/lotgroup.eu\/vi\/wp-json\/wp\/v2\/types\/page"}],"author":[{"embeddable":true,"href":"https:\/\/lotgroup.eu\/vi\/wp-json\/wp\/v2\/users\/6"}],"replies":[{"embeddable":true,"href":"https:\/\/lotgroup.eu\/vi\/wp-json\/wp\/v2\/comments?post=3395"}],"version-history":[{"count":27,"href":"https:\/\/lotgroup.eu\/vi\/wp-json\/wp\/v2\/pages\/3395\/revisions"}],"predecessor-version":[{"id":4400,"href":"https:\/\/lotgroup.eu\/vi\/wp-json\/wp\/v2\/pages\/3395\/revisions\/4400"}],"up":[{"embeddable":true,"href":"https:\/\/lotgroup.eu\/vi\/wp-json\/wp\/v2\/pages\/448"}],"wp:attachment":[{"href":"https:\/\/lotgroup.eu\/vi\/wp-json\/wp\/v2\/media?parent=3395"}],"curies":[{"name":"wp","href":"https:\/\/api.w.org\/{rel}","templated":true}]}}