{"id":3415,"date":"2017-01-27T11:55:14","date_gmt":"2017-01-27T08:55:14","guid":{"rendered":"http:\/\/lotgroup.eu\/?page_id=3415"},"modified":"2022-02-10T22:54:18","modified_gmt":"2022-02-10T19:54:18","slug":"railway-crossing-control-system","status":"publish","type":"page","link":"https:\/\/lotgroup.eu\/vi\/product\/rail-transport\/railway-crossing-control-system\/","title":{"rendered":"H\u1ec7 th\u1ed1ng ki\u1ec3m so\u00e1t \u0111\u01b0\u1eddng ngang"},"content":{"rendered":"<section class=\"wpb-content-wrapper\">[vc_row][vc_column][vc_single_image image=&#8221;3416&#8243; css_animation=&#8221;bottom-to-top&#8221;][\/vc_column][\/vc_row][vc_row][vc_column][vc_column_text]<strong>H\u1ec7 th\u1ed1ng ki\u1ec3m so\u00e1t \u0111\u01b0\u1eddng ngang <\/strong>\u0111\u01b0\u1ee3c d\u00f9ng \u0111\u1ec3 qu\u1ea3n l\u00fd c\u00e1c kh\u1ed1i thi\u1ebft b\u1ecb c\u1ea3nh b\u00e1o tr\u00ean \u0111\u01b0\u1eddng ngang, cho ph\u00e9p truy\u1ec1n th\u00f4ng s\u1ed1 ch\u1ea9n \u0111o\u00e1n t\u1edbi c\u00e1c h\u1ec7 th\u1ed1ng \u0111i\u1ec1u h\u00e0nh.[\/vc_column_text][\/vc_column][\/vc_row][vc_row][vc_column]<style>.vcex-heading.vcex_69d55162c29cc .vcex-heading-inner{border-color:#1e73be;}.vcex-heading.vcex_69d55162c29cc{border-color:#1e73be;}<\/style><h2 class=\"vcex-heading vcex-heading-bottom-border-w-color vcex-module wpex-text-2xl wpex-font-normal  wpb_animate_when_almost_visible wpb_left-to-right left-to-right wpex-border-b-2 wpex-border-solid wpex-border-main vcex_69d55162c29cc\"><span class=\"vcex-heading-inner wpex-inline-block wpex-relative wpex-pb-5 wpex-border-b-2 wpex-border-solid wpex-border-accent\">H\u1ec7 th\u1ed1ng ki\u1ec3m so\u00e1t \u0111\u01b0\u1eddng ngang cho ph\u00e9p:<\/span><\/h2>[\/vc_column][\/vc_row][vc_row][vc_column][vc_column_text]\n<ul>\n<li><strong>ki\u1ec3m so\u00e1t <\/strong>t\u00ecnh tr\u1ea1ng thi\u1ebft b\u1ecb c\u1ea3nh b\u00e1o t\u1ef1 \u0111\u1ed9ng tr\u00ean \u0111\u01b0\u1eddng ngang;<\/li>\n<li><strong>li\u00ean k\u1ebft v\u1edbi h\u1ec7 th\u1ed1ng ki\u1ec3m so\u00e1t <\/strong>vi\u1ec7c th\u00f4ng qua c\u1ee7a t\u00e0u b\u1eb1ng \u0111\u01b0\u1eddng d\u00e2y \u0111i\u1ec7n ho\u1eb7c k\u00eanh truy\u1ec1n d\u1eef li\u1ec7u s\u00f3ng radio;<\/li>\n<li><strong>li\u00ean k\u1ebft v\u1edbi h\u1ec7 th\u1ed1ng c\u1ea3nh b\u00e1o t\u1ea1i \u0111\u01b0\u1eddng ngang <\/strong>b\u1eb1ng c\u00e1ch theo d\u00f5i tr\u1ea1ng th\u00e1i v\u00e0 ki\u1ec3m so\u00e1t thi\u1ebft b\u1ecb role;<\/li>\n<li><strong>li\u00ean k\u1ebft v\u1edbi c\u00e1c h\u1ec7 th\u1ed1ng ki\u1ec3m so\u00e1t d\u1ef1a tr\u00ean b\u1ed9 vi x\u1eed l\u00fd hi\u1ec7n \u0111\u1ea1i <\/strong>\u1edf m\u1ee9c \u0111\u1ed9 cao h\u01a1n (c\u00f3 kh\u1ea3 n\u0103ng \u0111i\u1ec1u ph\u1ed1i);<\/li>\n<li><strong>hi\u1ec3n th\u1ecb c\u00e1c <\/strong>th\u00f4ng s\u1ed1 ki\u1ec3m so\u00e1t h\u1ec7 th\u1ed1ng v\u00e0 thi\u1ebft b\u1ecb \u0111\u01b0\u1eddng ngang<strong> tr\u00ean b\u1ea3ng ch\u1ec9 d\u1eabn.<\/strong><\/li>\n<\/ul>\n[\/vc_column_text][\/vc_column][\/vc_row][vc_row][vc_column]<style>.vcex-heading.vcex_69d55162c3b78 .vcex-heading-inner{border-color:#1e73be;}.vcex-heading.vcex_69d55162c3b78{border-color:#1e73be;}<\/style><h2 class=\"vcex-heading vcex-heading-bottom-border-w-color vcex-module wpex-text-2xl wpex-font-normal  wpb_animate_when_almost_visible wpb_left-to-right left-to-right wpex-border-b-2 wpex-border-solid wpex-border-main vcex_69d55162c3b78\"><span class=\"vcex-heading-inner wpex-inline-block wpex-relative wpex-pb-5 wpex-border-b-2 wpex-border-solid wpex-border-accent\">C\u1ea5u t\u1ea1o h\u1ec7 th\u1ed1ng<\/span><\/h2>[\/vc_column][\/vc_row][vc_row][vc_column]<style>.vcex-heading.vcex_69d55162c4415 .vcex-heading-inner{border-color:#cccccc;}.vcex-heading.vcex_69d55162c4415{border-color:#cccccc;font-size:18px;}<\/style><h3 class=\"vcex-heading vcex-heading-bottom-border-w-color vcex-module wpex-text-2xl wpex-font-normal  wpb_animate_when_almost_visible wpb_right-to-left right-to-left wpex-border-b-2 wpex-border-solid wpex-border-main vcex_69d55162c4415\"><span class=\"vcex-heading-inner wpex-inline-block wpex-relative wpex-pb-5 wpex-border-b-2 wpex-border-solid wpex-border-accent\">C\u1ea5p tr\u00ean<\/span><\/h3>[\/vc_column][\/vc_row][vc_row][vc_column][vc_column_text]C\u1ea5p tr\u00ean c\u00f3 nhi\u1ec7m v\u1ee5 th\u1ed1ng nh\u1ea5t, k\u1ebft n\u1ed1i h\u1ec7 th\u1ed1ng ki\u1ec3m so\u00e1t \u0111\u01b0\u1eddng ngang v\u1edbi c\u00e1c h\u1ec7 th\u1ed1ng \u0111i\u1ec1u h\u00e0nh. C\u00f3 th\u1ec3 t\u00f9y ch\u1ecdn b\u1ed5 sung c\u00e1c t\u1eadp h\u1ee3p d\u01b0\u1edbi \u0111\u00e2y \u1edf c\u1ea5p tr\u00ean:<\/p>\n<ul>\n<li>b\u1ed9 thi\u1ebft b\u1ecb AWP c\u1ee7a ng\u01b0\u1eddi tr\u1ef1c \u0111\u01b0\u1eddng ngang;<\/li>\n<li>n\u01a1i l\u00e0m vi\u1ec7c t\u1ef1 \u0111\u1ed9ng c\u1ee7a h\u1ec7 th\u1ed1ng c\u1ea5p tr\u00ean.<\/li>\n<\/ul>\n[\/vc_column_text][\/vc_column][\/vc_row][vc_row][vc_column]<style>.vcex-heading.vcex_69d55162c4d28 .vcex-heading-inner{border-color:#cccccc;}.vcex-heading.vcex_69d55162c4d28{border-color:#cccccc;font-size:18px;}<\/style><h3 class=\"vcex-heading vcex-heading-bottom-border-w-color vcex-module wpex-text-2xl wpex-font-normal  wpb_animate_when_almost_visible wpb_right-to-left right-to-left wpex-border-b-2 wpex-border-solid wpex-border-main vcex_69d55162c4d28\"><span class=\"vcex-heading-inner wpex-inline-block wpex-relative wpex-pb-5 wpex-border-b-2 wpex-border-solid wpex-border-accent\">C\u1ea5p trung<\/span><\/h3>[\/vc_column][\/vc_row][vc_row][vc_column][vc_column_text]C\u1ea5p trung bao g\u1ed3m c\u00e1c t\u1ee7 \u0111i\u1ec1u khi\u1ec3n thi\u1ebft b\u1ecb c\u1ea3nh b\u00e1o t\u1ea1i \u0111\u01b0\u1eddng ngang v\u00e0 b\u1ed9 thi\u1ebft b\u1ecb x\u1eed l\u00fd d\u1eef li\u1ec7u.<\/p>\n<p>\u1ede c\u1ea5p n\u00e0y, vi\u1ec7c x\u1eed l\u00fd logic c\u00e1c d\u1eef li\u1ec7u \u0111\u01b0\u1ee3c th\u1ef1c hi\u1ec7n nh\u1edd c\u00e1c t\u1ee7 \u0111i\u1ec1u khi\u1ec3n v\u00e0 modul x\u1eed l\u00fd d\u1eef li\u1ec7u c\u1ee7a Frauscher.[\/vc_column_text][\/vc_column][\/vc_row][vc_row][vc_column]<style>.vcex-heading.vcex_69d55162c564f .vcex-heading-inner{border-color:#cccccc;}.vcex-heading.vcex_69d55162c564f{border-color:#cccccc;font-size:18px;}<\/style><h3 class=\"vcex-heading vcex-heading-bottom-border-w-color vcex-module wpex-text-2xl wpex-font-normal  wpb_animate_when_almost_visible wpb_right-to-left right-to-left wpex-border-b-2 wpex-border-solid wpex-border-main vcex_69d55162c564f\"><span class=\"vcex-heading-inner wpex-inline-block wpex-relative wpex-pb-5 wpex-border-b-2 wpex-border-solid wpex-border-accent\">C\u1ea5p d\u01b0\u1edbi<\/span><\/h3>[\/vc_column][\/vc_row][vc_row][vc_column][vc_column_text]C\u1ea5p d\u01b0\u1edbi bao g\u1ed3m thi\u1ebft b\u1ecb ngo\u00e0i tr\u1eddi nh\u01b0:<\/p>\n<ul>\n<li>C\u1ea3m bi\u1ebfn ACS Frauscher;<\/li>\n<li>c\u00e1c \u0111\u00e8n t\u00edn hi\u1ec7u giao th\u00f4ng;<\/li>\n<li>chu\u00f4ng b\u00e1o \u0111\u1ed9ng;<\/li>\n<li>r\u00e0o ch\u1eafn t\u1ef1 \u0111\u1ed9ng (t\u00f9y ch\u1ecdn);<\/li>\n<li>c\u00e1c t\u00edn hi\u1ec7u b\u1ea3o v\u1ec7 (t\u00f9y ch\u1ecdn).<\/li>\n<\/ul>\n[\/vc_column_text][\/vc_column][\/vc_row][vc_row][vc_column][vc_column_text]<img decoding=\"async\" loading=\"lazy\" class=\"alignnone size-full wp-image-3417\" src=\"https:\/\/lotgroup.eu\/wp-content\/uploads\/2017\/01\/Railway-Crossing-Control-System-Scheme.jpg\" alt=\"Railway Crossing Control System\" width=\"1200\" height=\"1758\" srcset=\"https:\/\/lotgroup.eu\/wp-content\/uploads\/2017\/01\/Railway-Crossing-Control-System-Scheme.jpg 1200w, https:\/\/lotgroup.eu\/wp-content\/uploads\/2017\/01\/Railway-Crossing-Control-System-Scheme-600x879.jpg 600w, https:\/\/lotgroup.eu\/wp-content\/uploads\/2017\/01\/Railway-Crossing-Control-System-Scheme-768x1125.jpg 768w\" sizes=\"(max-width: 1200px) 100vw, 1200px\" \/>[\/vc_column_text][\/vc_column][\/vc_row][vc_row][vc_column]<style>.vcex-heading.vcex_69d55162c600f .vcex-heading-inner{border-color:#1e73be;}.vcex-heading.vcex_69d55162c600f{border-color:#1e73be;}<\/style><h2 class=\"vcex-heading vcex-heading-bottom-border-w-color vcex-module wpex-text-2xl wpex-font-normal  wpb_animate_when_almost_visible wpb_left-to-right left-to-right wpex-border-b-2 wpex-border-solid wpex-border-main vcex_69d55162c600f\"><span class=\"vcex-heading-inner wpex-inline-block wpex-relative wpex-pb-5 wpex-border-b-2 wpex-border-solid wpex-border-accent\">\u01afu \u0111i\u1ec3m c\u1ee7a vi\u1ec7c s\u1eed d\u1ee5ng H\u1ec7 th\u1ed1ng ki\u1ec3m so\u00e1t \u0111\u01b0\u1eddng ngang<\/span><\/h2>[vc_column_text]H\u1ec7 th\u1ed1ng ki\u1ec3m so\u00e1t \u0111\u01b0\u1eddng ngang ho\u1ea1t \u0111\u1ed9ng \u0111\u1ed9c l\u1eadp v\u00e0 kh\u00f4ng c\u1ea7n k\u1ebft n\u1ed1i v\u1edbi c\u00e1c h\u1ec7 th\u1ed1ng ch\u1eafn t\u1ef1 \u0111\u1ed9ng hi\u1ec7n h\u00e0nh.<\/p>\n<p>H\u1ec7 th\u1ed1ng cho ph\u00e9p trang b\u1ecb b\u1ea5t k\u1ef3 \u0111\u01b0\u1eddng ngang n\u00e0o (kh\u00f4ng quan tr\u1ecdng c\u00f3 ng\u01b0\u1eddi g\u00e1c hay kh\u00f4ng) m\u00e0 kh\u00f4ng ph\u1ee5 thu\u1ed9c v\u00e0o thi\u1ebft b\u1ecb ti\u00eau chu\u1ea9n \u0111\u01b0\u1ee3c l\u1eafp \u0111\u1eb7t tr\u00ean \u0111\u00f3.[\/vc_column_text][\/vc_column][\/vc_row][vc_row][vc_column]<style>.vcex-heading.vcex_69d55162c67bc .vcex-heading-inner{border-color:#cccccc;}.vcex-heading.vcex_69d55162c67bc{border-color:#cccccc;font-size:18px;}<\/style><h3 class=\"vcex-heading vcex-heading-bottom-border-w-color vcex-module wpex-text-2xl wpex-font-normal  wpb_animate_when_almost_visible wpb_right-to-left right-to-left wpex-border-b-2 wpex-border-solid wpex-border-main vcex_69d55162c67bc\"><span class=\"vcex-heading-inner wpex-inline-block wpex-relative wpex-pb-5 wpex-border-b-2 wpex-border-solid wpex-border-accent\">\u01afu \u0111i\u1ec3m c\u1ee7a h\u1ec7 th\u1ed1ng:<\/span><\/h3>[\/vc_column][\/vc_row][vc_row][vc_column width=&#8221;1\/3&#8243; css_animation=&#8221;top-to-bottom&#8221;][vc_row_inner][vc_column_inner width=&#8221;1\/4&#8243;][vc_column_text]<img decoding=\"async\" loading=\"lazy\" class=\"alignnone size-full wp-image-3418\" src=\"https:\/\/lotgroup.eu\/wp-content\/uploads\/2017\/01\/System-tolerance-to-equipment-failures.jpg\" alt=\"System tolerance to equipment failures\" width=\"200\" height=\"200\" \/>[\/vc_column_text][\/vc_column_inner][vc_column_inner width=&#8221;3\/4&#8243;][vc_column_text]<strong>Lo\u1ea1i b\u1ecf c\u00e1c s\u1ef1 c\u1ed1<\/strong> quan tr\u1ecdng \u1edf \u0111\u1ea7u ra (k\u1ec3 c\u1ea3 khi c\u00f3 tr\u1ee5c tr\u1eb7c v\u1ec1 thi\u1ebft b\u1ecb);[\/vc_column_text][\/vc_column_inner][\/vc_row_inner][\/vc_column][vc_column width=&#8221;1\/3&#8243; css_animation=&#8221;bottom-to-top&#8221;][vc_row_inner][vc_column_inner width=&#8221;1\/4&#8243;][vc_column_text]<img decoding=\"async\" loading=\"lazy\" class=\"alignnone size-full wp-image-3347\" src=\"https:\/\/lotgroup.eu\/wp-content\/uploads\/2017\/01\/Analyze_of_Operators_Actions-1.jpg\" alt=\"Analyze of Operator\u2019s Actions\" width=\"200\" height=\"200\" \/>[\/vc_column_text][\/vc_column_inner][vc_column_inner width=&#8221;3\/4&#8243;][vc_column_text]<strong>Ki\u1ec3m so\u00e1t kh\u1ea3 n\u0103ng v\u1eadn h\u00e0nh v\u00e0 c\u1ea3nh b\u00e1o khi c\u00f3 s\u1ef1 c\u1ed1 <\/strong>t\u1ea1i b\u1ea5t k\u1ef3 kh\u1ed1i ch\u1ee9c n\u0103ng n\u00e0o c\u1ee7a h\u1ec7 th\u1ed1ng n\u00e0o n\u00f3i ri\u00eang v\u00e0 to\u00e0n b\u1ed9 h\u1ec7 th\u1ed1ng n\u00f3i chung;[\/vc_column_text][\/vc_column_inner][\/vc_row_inner][\/vc_column][vc_column width=&#8221;1\/3&#8243; css_animation=&#8221;top-to-bottom&#8221;][vc_row_inner][vc_column_inner width=&#8221;1\/4&#8243;][vc_column_text]<img decoding=\"async\" loading=\"lazy\" class=\"alignnone size-full wp-image-3421\" src=\"https:\/\/lotgroup.eu\/wp-content\/uploads\/2017\/01\/Possibility-of-hot-swapping.jpg\" alt=\"Possibility of hot swapping\" width=\"200\" height=\"200\" \/>[\/vc_column_text][\/vc_column_inner][vc_column_inner width=&#8221;3\/4&#8243;][vc_column_text]<strong>Kh\u1ea3 n\u0103ng thay th\u1ebf nhanh <\/strong>b\u1ea5t k\u00ec kh\u1ed1i ch\u1ee9c n\u0103ng n\u00e0o khi g\u1eb7p s\u1ef1 c\u1ed1 v\u00e0 s\u1eeda ch\u1eefa;[\/vc_column_text][\/vc_column_inner][\/vc_row_inner][\/vc_column][\/vc_row][vc_row][vc_column width=&#8221;1\/3&#8243; css_animation=&#8221;bottom-to-top&#8221;][vc_row_inner][vc_column_inner width=&#8221;1\/4&#8243;][vc_column_text]<img decoding=\"async\" loading=\"lazy\" class=\"alignnone size-full wp-image-3422\" src=\"https:\/\/lotgroup.eu\/wp-content\/uploads\/2017\/01\/Switch-to-protection-close-crossing-state.jpg\" alt=\"Switch to protection (close) crossing state\" width=\"200\" height=\"200\" \/>[\/vc_column_text][\/vc_column_inner][vc_column_inner width=&#8221;3\/4&#8243;][vc_column_text]<strong>Chuy\u1ec3n sang ch\u1ebf \u0111\u1ed9 b\u1ea3o v\u1ec7 (\u0111\u00f3ng) \u0111\u01b0\u1eddng ngang <\/strong>trong tr\u01b0\u1eddng h\u1ee3p thi\u1ebft b\u1ecb h\u1ec7 th\u1ed1ng g\u1eb7p s\u1ef1 c\u1ed1;[\/vc_column_text][\/vc_column_inner][\/vc_row_inner][\/vc_column][vc_column width=&#8221;1\/3&#8243; css_animation=&#8221;top-to-bottom&#8221;][vc_row_inner][vc_column_inner width=&#8221;1\/4&#8243;][vc_column_text]<img decoding=\"async\" loading=\"lazy\" class=\"alignnone size-full wp-image-3423\" src=\"https:\/\/lotgroup.eu\/wp-content\/uploads\/2017\/01\/The-equipment-does-not-need-manual-setting.jpg\" alt=\"The equipment does not need manual setting\" width=\"200\" height=\"200\" \/>[\/vc_column_text][\/vc_column_inner][vc_column_inner width=&#8221;3\/4&#8243;][vc_column_text]<strong>Kh\u00f4ng c\u1ea7n \u0111i\u1ec1u khi\u1ec3n th\u1ee7 c\u00f4ng <\/strong>trong su\u1ed1t th\u1eddi gian s\u1eed d\u1ee5ng.[\/vc_column_text][\/vc_column_inner][\/vc_row_inner][\/vc_column][vc_column width=&#8221;1\/3&#8243;][\/vc_column][\/vc_row]\n<\/section>","protected":false},"excerpt":{"rendered":"<p>[vc_row][vc_column][vc_single_image image=&#8221;3416&#8243; css_animation=&#8221;bottom-to-top&#8221;][\/vc_column][\/vc_row][vc_row][vc_column][vc_column_text]H\u1ec7 th\u1ed1ng ki\u1ec3m so\u00e1t \u0111\u01b0\u1eddng ngang \u0111\u01b0\u1ee3c d\u00f9ng \u0111\u1ec3 qu\u1ea3n l\u00fd c\u00e1c kh\u1ed1i thi\u1ebft b\u1ecb c\u1ea3nh b\u00e1o tr\u00ean \u0111\u01b0\u1eddng ngang, cho ph\u00e9p truy\u1ec1n th\u00f4ng s\u1ed1 ch\u1ea9n \u0111o\u00e1n t\u1edbi c\u00e1c h\u1ec7 th\u1ed1ng \u0111i\u1ec1u h\u00e0nh.[\/vc_column_text][\/vc_column][\/vc_row][vc_row][vc_column][\/vc_column][\/vc_row][vc_row][vc_column][vc_column_text] ki\u1ec3m so\u00e1t t\u00ecnh tr\u1ea1ng thi\u1ebft b\u1ecb c\u1ea3nh b\u00e1o t\u1ef1 \u0111\u1ed9ng tr\u00ean \u0111\u01b0\u1eddng ngang; li\u00ean k\u1ebft v\u1edbi h\u1ec7 th\u1ed1ng ki\u1ec3m so\u00e1t&hellip;<\/p>\n","protected":false},"author":6,"featured_media":0,"parent":448,"menu_order":0,"comment_status":"closed","ping_status":"closed","template":"","meta":{"footnotes":""},"translation":{"provider":"WPGlobus","version":"2.12.2","language":"vi","enabled_languages":["en","ru","bg","vi"],"languages":{"en":{"title":true,"content":true,"excerpt":false},"ru":{"title":true,"content":true,"excerpt":false},"bg":{"title":false,"content":false,"excerpt":false},"vi":{"title":true,"content":true,"excerpt":false}}},"_links":{"self":[{"href":"https:\/\/lotgroup.eu\/vi\/wp-json\/wp\/v2\/pages\/3415"}],"collection":[{"href":"https:\/\/lotgroup.eu\/vi\/wp-json\/wp\/v2\/pages"}],"about":[{"href":"https:\/\/lotgroup.eu\/vi\/wp-json\/wp\/v2\/types\/page"}],"author":[{"embeddable":true,"href":"https:\/\/lotgroup.eu\/vi\/wp-json\/wp\/v2\/users\/6"}],"replies":[{"embeddable":true,"href":"https:\/\/lotgroup.eu\/vi\/wp-json\/wp\/v2\/comments?post=3415"}],"version-history":[{"count":22,"href":"https:\/\/lotgroup.eu\/vi\/wp-json\/wp\/v2\/pages\/3415\/revisions"}],"predecessor-version":[{"id":5896,"href":"https:\/\/lotgroup.eu\/vi\/wp-json\/wp\/v2\/pages\/3415\/revisions\/5896"}],"up":[{"embeddable":true,"href":"https:\/\/lotgroup.eu\/vi\/wp-json\/wp\/v2\/pages\/448"}],"wp:attachment":[{"href":"https:\/\/lotgroup.eu\/vi\/wp-json\/wp\/v2\/media?parent=3415"}],"curies":[{"name":"wp","href":"https:\/\/api.w.org\/{rel}","templated":true}]}}