{"id":454,"date":"2016-07-19T14:20:25","date_gmt":"2016-07-19T11:20:25","guid":{"rendered":"http:\/\/i68176kq.bget.ru\/?page_id=454"},"modified":"2018-08-16T11:43:04","modified_gmt":"2018-08-16T08:43:04","slug":"production","status":"publish","type":"page","link":"https:\/\/lotgroup.eu\/vi\/product\/production\/","title":{"rendered":"S\u1ea3n xu\u1ea5t"},"content":{"rendered":"<section class=\"wpb-content-wrapper\">[vc_row][vc_column][vc_column_text]Ph\u1ea7n c\u1ee9ng thi\u1ebft b\u1ecb c\u1ee7a T\u1eadp \u0111o\u00e0n LOT l\u00e0 k\u1ebft qu\u1ea3 c\u1ee7a c\u00f4ng t\u00e1c chuy\u00ean m\u00f4n t\u00edch c\u1ef1c v\u00e0 nhi\u1ec7t huy\u1ebft trong 20 n\u0103m. Do \u0111\u00f3, s\u1ea3n ph\u1ea9m c\u1ee7a ch\u00fang t\u00f4i c\u00f3 ch\u1ea5t l\u01b0\u1ee3ng, \u0111\u1ed9 tin c\u1eady, hi\u1ec7u qu\u1ea3\u00a0 cao c\u00f9ng v\u1edbi thi\u1ebft k\u1ebf tr\u01a1n tru. T\u1eadp \u0111o\u00e0n LOT cung c\u1ea5p h\u01a1n 30 m\u1eabu c\u1eeda xoay ph\u1ee5c v\u1ee5 c\u00e1c m\u1ee5c \u0111\u00edch kh\u00e1c nhau, c\u0169ng nh\u01b0 c\u00e1c b\u1ed9 x\u00e1c th\u1ef1c th\u1ebb th\u00f4ng h\u00e0nh v\u00e0 th\u1ebb t\u00edn d\u1ee5ng, m\u00e1y b\u00e1n h\u00e0ng t\u1ef1 \u0111\u1ed9ng v\u00e0 m\u00e1y n\u1ea1p ti\u1ec1n t\u1ef1 \u0111\u1ed9ng, thi\u1ebft b\u1ecb t\u1ef1 \u0111\u1ed9ng t\u1ea1i b\u00e3i \u0111\u1ed7 xe. C\u00e1c s\u1ea3n ph\u1ea9m ph\u1ea7n c\u1ee9ng c\u1ee7a ch\u00fang t\u00f4i c\u00f3 th\u1ec3 \u0111\u00e1p \u1ee9ng mong \u0111\u1ee3i c\u1ee7a nh\u1eefng kh\u00e1ch h\u00e0ng v\u1edbi y\u00eau c\u1ea7u cao nh\u1ea5t.<\/p>\n<p>S\u1ea3n ph\u1ea9m c\u1ee7a ch\u00fang t\u00f4i \u0111\u01b0\u1ee3c thi\u1ebft k\u1ebf v\u00e0 s\u1ea3n xu\u1ea5t b\u1edfi \u0111\u1ed9i ng\u0169 chuy\u00ean gia c\u00f3 tay ngh\u1ec1 cao. C\u01a1 s\u1edf s\u1ea3n xu\u1ea5t c\u1ee7a c\u00f4ng ty \u0111\u01b0\u1ee3c trang b\u1ecb thi\u1ebft b\u1ecb hi\u1ec7n \u0111\u1ea1i nh\u1eb1m \u0111\u1ea3m b\u1ea3o s\u1ea3n xu\u1ea5t c\u00e1c thi\u1ebft b\u1ecb ch\u1ea5t l\u01b0\u1ee3ng cao m\u1ed9t c\u00e1ch nhanh ch\u00f3ng nh\u1ea5t.<\/p>\n<p>Ph\u1ea7n c\u1ee9ng thi\u1ebft b\u1ecb c\u1ee7a ch\u00fang t\u00f4i chuy\u00ean d\u1ee5ng cho c\u00e1c h\u1ec7 th\u1ed1ng ki\u1ec3m so\u00e1t truy c\u1eadp, c\u00e1c gi\u1ea3i ph\u00e1p v\u1eadn t\u1ea3i c\u00f4ng c\u1ed9ng t\u1ef1 \u0111\u1ed9ng, thu ph\u00ed c\u1ee5c b\u1ed9 v\u00e0 qu\u00e1 tr\u00ecnh t\u1ef1 \u0111\u1ed9ng kh\u00e1c. Ph\u1ea7n c\u1ee9ng thi\u1ebft b\u1ecb c\u00f3 th\u1ec3 d\u1ec5 d\u00e0ng t\u00edch h\u1ee3p v\u00e0o c\u00e1c gi\u1ea3i ph\u00e1p h\u1ec7 th\u1ed1ng do c\u00e1c b\u00ean th\u1ee9 ba cung c\u1ea5p.[\/vc_column_text][\/vc_column][\/vc_row][vc_row][vc_column width=&#8221;1\/4&#8243;]<a class=\"vcex-module vcex-icon-box vcex-icon-box-four vcex-icon-box-has-link wpex-inherit-color wpex-no-underline wpex-block vcex-icon-box-wo-icon wpex-text-center wpex-p-30 wpex-bordered\" href=\"\/vi\/product\/production\/turnstiles\/\"><div class=\"vcex-icon-box-text\"><h2 class=\"vcex-icon-box-heading wpex-heading wpex-text-md wpex-mb-10\">C\u1eeda xoay<\/h2><div class=\"vcex-icon-box-content wpex-last-mb-0 wpex-clr\"><p><img decoding=\"async\" loading=\"lazy\" class=\"alignnone wp-image-2335\" src=\"https:\/\/lotgroup.eu\/wp-content\/uploads\/2016\/07\/turnst_cayman_manufact1200-300x300.jpg\" width=\"400\" height=\"300\" srcset=\"https:\/\/lotgroup.eu\/wp-content\/uploads\/2016\/07\/turnst_cayman_manufact1200-600x450.jpg 600w, https:\/\/lotgroup.eu\/wp-content\/uploads\/2016\/07\/turnst_cayman_manufact1200-768x576.jpg 768w, https:\/\/lotgroup.eu\/wp-content\/uploads\/2016\/07\/turnst_cayman_manufact1200.jpg 1200w\" sizes=\"(max-width: 400px) 100vw, 400px\" \/><\/p>\n<\/div><\/div><\/a>[\/vc_column][vc_column width=&#8221;1\/4&#8243;]<a class=\"vcex-module vcex-icon-box vcex-icon-box-four vcex-icon-box-has-link wpex-inherit-color wpex-no-underline wpex-block vcex-icon-box-wo-icon wpex-text-center wpex-p-30 wpex-bordered\" href=\"\/vi\/product\/production\/complex-solutions\/\"><div class=\"vcex-icon-box-text\"><h2 class=\"vcex-icon-box-heading wpex-heading wpex-text-md wpex-mb-10\">Gi\u1ea3i ph\u00e1p ph\u1ee9c h\u1ee3p<\/h2><div class=\"vcex-icon-box-content wpex-last-mb-0 wpex-clr\"><p><img decoding=\"async\" loading=\"lazy\" class=\"alignnone size-medium wp-image-2195\" src=\"https:\/\/lotgroup.eu\/wp-content\/uploads\/2016\/07\/product_ico_complex-600x424.jpg\" alt=\"product_ico_complex\" width=\"600\" height=\"424\" \/><\/p>\n<\/div><\/div><\/a>[\/vc_column][vc_column width=&#8221;1\/4&#8243;]<a class=\"vcex-module vcex-icon-box vcex-icon-box-four vcex-icon-box-has-link wpex-inherit-color wpex-no-underline wpex-block vcex-icon-box-wo-icon wpex-text-center wpex-p-30 wpex-bordered\" href=\"\/vi\/product\/production\/validators\/\"><div class=\"vcex-icon-box-text\"><h2 class=\"vcex-icon-box-heading wpex-heading wpex-text-md wpex-mb-10\">Thi\u1ebft b\u1ecb x\u00e1c th\u1ef1c<\/h2><div class=\"vcex-icon-box-content wpex-last-mb-0 wpex-clr\"><p><img decoding=\"async\" loading=\"lazy\" class=\"alignnone size-full wp-image-2097\" src=\"https:\/\/lotgroup.eu\/wp-content\/uploads\/2016\/07\/prod_valid.jpg\" alt=\"prod_valid\" width=\"300\" height=\"225\" \/><\/p>\n<\/div><\/div><\/a>[\/vc_column][vc_column width=&#8221;1\/4&#8243;]<a class=\"vcex-module vcex-icon-box vcex-icon-box-four vcex-icon-box-has-link wpex-inherit-color wpex-no-underline wpex-block vcex-icon-box-wo-icon wpex-text-center wpex-p-30 wpex-bordered\" href=\"\/vi\/product\/production\/vending-machines\/\"><div class=\"vcex-icon-box-text\"><h2 class=\"vcex-icon-box-heading wpex-heading wpex-text-md wpex-mb-10\">M\u00e1y b\u00e1n h\u00e0ng t\u1ef1 \u0111\u1ed9ng<\/h2><div class=\"vcex-icon-box-content wpex-last-mb-0 wpex-clr\"><p><img decoding=\"async\" loading=\"lazy\" class=\"alignnone size-medium wp-image-2082\" src=\"https:\/\/lotgroup.eu\/wp-content\/uploads\/2016\/09\/prod_veniding_ico-600x450.jpg\" alt=\"prod_veniding_ico\" width=\"600\" height=\"450\" \/><\/p>\n<\/div><\/div><\/a>[\/vc_column][\/vc_row][vc_row][vc_column width=&#8221;1\/4&#8243;]<a class=\"vcex-module vcex-icon-box vcex-icon-box-four vcex-icon-box-has-link wpex-inherit-color wpex-no-underline wpex-block vcex-icon-box-wo-icon wpex-text-center wpex-p-30 wpex-bordered\" href=\"\/vi\/product\/production\/parking-equipment\/\"><div class=\"vcex-icon-box-text\"><h2 class=\"vcex-icon-box-heading wpex-heading wpex-text-md wpex-mb-10\">Thi\u1ebft b\u1ecb t\u1ea1i b\u00e3i \u0111\u1ed7 xe<\/h2><div class=\"vcex-icon-box-content wpex-last-mb-0 wpex-clr\"><p><img decoding=\"async\" loading=\"lazy\" class=\"alignnone size-medium wp-image-2533\" src=\"https:\/\/lotgroup.eu\/wp-content\/uploads\/2016\/07\/parking_enter_stand-600x600.jpg\" alt=\"parking_enter_stand\" width=\"600\" height=\"600\" srcset=\"https:\/\/lotgroup.eu\/wp-content\/uploads\/2016\/07\/parking_enter_stand.jpg 600w, https:\/\/lotgroup.eu\/wp-content\/uploads\/2016\/07\/parking_enter_stand-300x300.jpg 300w\" sizes=\"(max-width: 600px) 100vw, 600px\" \/><\/p>\n<\/div><\/div><\/a>[\/vc_column][vc_column width=&#8221;1\/4&#8243;]<a class=\"vcex-module vcex-icon-box vcex-icon-box-four vcex-icon-box-has-link wpex-inherit-color wpex-no-underline wpex-block vcex-icon-box-wo-icon wpex-text-center wpex-p-30 wpex-bordered\" href=\"\/vi\/product\/production\/automated-working-stations\/\"><div class=\"vcex-icon-box-text\"><h2 class=\"vcex-icon-box-heading wpex-heading wpex-text-md wpex-mb-10\">Tr\u1ea1m l\u00e0m vi\u1ec7c t\u1ef1 \u0111\u1ed9ng<\/h2><div class=\"vcex-icon-box-content wpex-last-mb-0 wpex-clr\"><p><img decoding=\"async\" loading=\"lazy\" class=\"alignnone size-medium wp-image-1846\" src=\"https:\/\/lotgroup.eu\/wp-content\/uploads\/2016\/08\/rail_dispat\u0441h_baku02-600x400.jpg\" alt=\"rail_dispat%d1%81h_baku02\" width=\"600\" height=\"400\" srcset=\"https:\/\/lotgroup.eu\/wp-content\/uploads\/2016\/08\/rail_dispat\u0441h_baku02-600x400.jpg 600w, https:\/\/lotgroup.eu\/wp-content\/uploads\/2016\/08\/rail_dispat\u0441h_baku02-768x512.jpg 768w, https:\/\/lotgroup.eu\/wp-content\/uploads\/2016\/08\/rail_dispat\u0441h_baku02.jpg 1200w\" sizes=\"(max-width: 600px) 100vw, 600px\" \/><\/p>\n<\/div><\/div><\/a>[\/vc_column][vc_column width=&#8221;1\/4&#8243;][\/vc_column][vc_column width=&#8221;1\/4&#8243;][\/vc_column][\/vc_row]\n<\/section>","protected":false},"excerpt":{"rendered":"<p>[vc_row][vc_column][vc_column_text]Ph\u1ea7n c\u1ee9ng thi\u1ebft b\u1ecb c\u1ee7a T\u1eadp \u0111o\u00e0n LOT l\u00e0 k\u1ebft qu\u1ea3 c\u1ee7a c\u00f4ng t\u00e1c chuy\u00ean m\u00f4n t\u00edch c\u1ef1c v\u00e0 nhi\u1ec7t huy\u1ebft trong 20 n\u0103m. Do \u0111\u00f3, s\u1ea3n ph\u1ea9m c\u1ee7a ch\u00fang t\u00f4i c\u00f3 ch\u1ea5t l\u01b0\u1ee3ng, \u0111\u1ed9 tin c\u1eady, hi\u1ec7u qu\u1ea3\u00a0 cao c\u00f9ng v\u1edbi thi\u1ebft k\u1ebf tr\u01a1n tru. T\u1eadp \u0111o\u00e0n LOT cung c\u1ea5p h\u01a1n 30 m\u1eabu c\u1eeda&hellip;<\/p>\n","protected":false},"author":6,"featured_media":0,"parent":439,"menu_order":0,"comment_status":"closed","ping_status":"closed","template":"","meta":{"footnotes":""},"translation":{"provider":"WPGlobus","version":"2.12.2","language":"vi","enabled_languages":["en","ru","bg","vi"],"languages":{"en":{"title":true,"content":true,"excerpt":false},"ru":{"title":true,"content":true,"excerpt":false},"bg":{"title":false,"content":false,"excerpt":false},"vi":{"title":true,"content":true,"excerpt":false}}},"_links":{"self":[{"href":"https:\/\/lotgroup.eu\/vi\/wp-json\/wp\/v2\/pages\/454"}],"collection":[{"href":"https:\/\/lotgroup.eu\/vi\/wp-json\/wp\/v2\/pages"}],"about":[{"href":"https:\/\/lotgroup.eu\/vi\/wp-json\/wp\/v2\/types\/page"}],"author":[{"embeddable":true,"href":"https:\/\/lotgroup.eu\/vi\/wp-json\/wp\/v2\/users\/6"}],"replies":[{"embeddable":true,"href":"https:\/\/lotgroup.eu\/vi\/wp-json\/wp\/v2\/comments?post=454"}],"version-history":[{"count":31,"href":"https:\/\/lotgroup.eu\/vi\/wp-json\/wp\/v2\/pages\/454\/revisions"}],"predecessor-version":[{"id":6050,"href":"https:\/\/lotgroup.eu\/vi\/wp-json\/wp\/v2\/pages\/454\/revisions\/6050"}],"up":[{"embeddable":true,"href":"https:\/\/lotgroup.eu\/vi\/wp-json\/wp\/v2\/pages\/439"}],"wp:attachment":[{"href":"https:\/\/lotgroup.eu\/vi\/wp-json\/wp\/v2\/media?parent=454"}],"curies":[{"name":"wp","href":"https:\/\/api.w.org\/{rel}","templated":true}]}}