{"id":969,"date":"2016-08-29T12:39:51","date_gmt":"2016-08-29T09:39:51","guid":{"rendered":"http:\/\/i68176kq.bget.ru\/?page_id=969"},"modified":"2017-06-14T10:20:05","modified_gmt":"2017-06-14T07:20:05","slug":"turnstiles","status":"publish","type":"page","link":"https:\/\/lotgroup.eu\/vi\/product\/production\/turnstiles\/","title":{"rendered":"C\u1eeda quay"},"content":{"rendered":"<section class=\"wpb-content-wrapper\">[vc_row][vc_column width=&#8221;1\/4&#8243;]<a class=\"vcex-module vcex-icon-box vcex-icon-box-four vcex-icon-box-has-link wpex-inherit-color wpex-no-underline wpex-block vcex-icon-box-wo-icon wpex-text-center wpex-p-30 wpex-bordered\" href=\"\/vi\/product\/production\/turnstiles\/tripod-turnstiles\/\"><div class=\"vcex-icon-box-text\"><h2 class=\"vcex-icon-box-heading wpex-heading wpex-text-md wpex-mb-10\">C\u1eeda quay Gi\u00e1 ba ch\u00e2n<\/h2><div class=\"vcex-icon-box-content wpex-last-mb-0 wpex-clr\"><p><img decoding=\"async\" loading=\"lazy\" class=\"alignnone wp-image-1123 size-thumbnail\" src=\"https:\/\/lotgroup.eu\/wp-content\/uploads\/2016\/08\/accent-300x300.jpg\" width=\"300\" height=\"300\" srcset=\"https:\/\/lotgroup.eu\/wp-content\/uploads\/2016\/08\/accent-300x300.jpg 300w, https:\/\/lotgroup.eu\/wp-content\/uploads\/2016\/08\/accent.jpg 600w\" sizes=\"(max-width: 300px) 100vw, 300px\" \/><\/p>\n<\/div><\/div><\/a>[\/vc_column][vc_column width=&#8221;1\/4&#8243;]<a class=\"vcex-module vcex-icon-box vcex-icon-box-four vcex-icon-box-has-link wpex-inherit-color wpex-no-underline wpex-block vcex-icon-box-wo-icon wpex-text-center wpex-p-30 wpex-bordered\" href=\"\/vi\/product\/production\/turnstiles\/stand-tripod-turnstiles\/\"><div class=\"vcex-icon-box-text\"><h2 class=\"vcex-icon-box-heading wpex-heading wpex-text-md wpex-mb-10\">C\u1eeda quay Gi\u00e1 ba ch\u00e2n \u0111\u1ee9ng<\/h2><div class=\"vcex-icon-box-content wpex-last-mb-0 wpex-clr\"><p><img decoding=\"async\" loading=\"lazy\" class=\"alignnone wp-image-1263 size-thumbnail\" src=\"https:\/\/lotgroup.eu\/wp-content\/uploads\/2016\/08\/calisto-300x300.jpg\" width=\"300\" height=\"300\" srcset=\"https:\/\/lotgroup.eu\/wp-content\/uploads\/2016\/08\/calisto-300x300.jpg 300w, https:\/\/lotgroup.eu\/wp-content\/uploads\/2016\/08\/calisto.jpg 600w\" sizes=\"(max-width: 300px) 100vw, 300px\" \/><\/p>\n<\/div><\/div><\/a>[\/vc_column][vc_column width=&#8221;1\/4&#8243;]<a class=\"vcex-module vcex-icon-box vcex-icon-box-four vcex-icon-box-has-link wpex-inherit-color wpex-no-underline wpex-block vcex-icon-box-wo-icon wpex-text-center wpex-p-30 wpex-bordered\" href=\"\/vi\/product\/production\/turnstiles\/swing-turnstiles\/\"><div class=\"vcex-icon-box-text\"><h2 class=\"vcex-icon-box-heading wpex-heading wpex-text-md wpex-mb-10\">C\u1eeda quay<\/h2><div class=\"vcex-icon-box-content wpex-last-mb-0 wpex-clr\"><p><img decoding=\"async\" loading=\"lazy\" class=\"alignnone wp-image-1312 size-thumbnail\" src=\"https:\/\/lotgroup.eu\/wp-content\/uploads\/2016\/08\/porta-300x300.jpg\" width=\"300\" height=\"300\" srcset=\"https:\/\/lotgroup.eu\/wp-content\/uploads\/2016\/08\/porta-300x300.jpg 300w, https:\/\/lotgroup.eu\/wp-content\/uploads\/2016\/08\/porta.jpg 600w\" sizes=\"(max-width: 300px) 100vw, 300px\" \/><\/p>\n<\/div><\/div><\/a>[\/vc_column][vc_column width=&#8221;1\/4&#8243;]<a class=\"vcex-module vcex-icon-box vcex-icon-box-four vcex-icon-box-has-link wpex-inherit-color wpex-no-underline wpex-block vcex-icon-box-wo-icon wpex-text-center wpex-p-30 wpex-bordered\" href=\"\/vi\/product\/production\/turnstiles\/flap-turnstiles\/\"><div class=\"vcex-icon-box-text\"><h2 class=\"vcex-icon-box-heading wpex-heading wpex-text-md wpex-mb-10\">C\u1eeda quay \u0111\u1eadp nh\u1eb9<\/h2><div class=\"vcex-icon-box-content wpex-last-mb-0 wpex-clr\"><p><img decoding=\"async\" loading=\"lazy\" class=\"alignnone size-full wp-image-1294\" src=\"https:\/\/lotgroup.eu\/wp-content\/uploads\/2016\/08\/eclipse.jpg\" alt=\"eclipse\" width=\"600\" height=\"600\" srcset=\"https:\/\/lotgroup.eu\/wp-content\/uploads\/2016\/08\/eclipse.jpg 600w, https:\/\/lotgroup.eu\/wp-content\/uploads\/2016\/08\/eclipse-300x300.jpg 300w\" sizes=\"(max-width: 600px) 100vw, 600px\" \/><\/p>\n<\/div><\/div><\/a>[\/vc_column][\/vc_row][vc_row][vc_column width=&#8221;1\/4&#8243;]<a class=\"vcex-module vcex-icon-box vcex-icon-box-four vcex-icon-box-has-link wpex-inherit-color wpex-no-underline wpex-block vcex-icon-box-wo-icon wpex-text-center wpex-p-30 wpex-bordered\" href=\"\/vi\/product\/production\/turnstiles\/slide-turnstiles\/\"><div class=\"vcex-icon-box-text\"><h2 class=\"vcex-icon-box-heading wpex-heading wpex-text-md wpex-mb-10\">C\u1eeda quay tr\u01b0\u1ee3t<\/h2><div class=\"vcex-icon-box-content wpex-last-mb-0 wpex-clr\"><p><img decoding=\"async\" loading=\"lazy\" class=\"alignnone size-full wp-image-1279\" src=\"https:\/\/lotgroup.eu\/wp-content\/uploads\/2016\/08\/cayman.jpg\" alt=\"cayman\" width=\"600\" height=\"600\" srcset=\"https:\/\/lotgroup.eu\/wp-content\/uploads\/2016\/08\/cayman.jpg 600w, https:\/\/lotgroup.eu\/wp-content\/uploads\/2016\/08\/cayman-300x300.jpg 300w\" sizes=\"(max-width: 600px) 100vw, 600px\" \/><\/p>\n<\/div><\/div><\/a>[\/vc_column][vc_column width=&#8221;1\/4&#8243;]<a class=\"vcex-module vcex-icon-box vcex-icon-box-four vcex-icon-box-has-link wpex-inherit-color wpex-no-underline wpex-block vcex-icon-box-wo-icon wpex-text-center wpex-p-30 wpex-bordered\" href=\"\/vi\/product\/production\/turnstiles\/rotor-turnstiles\/\"><div class=\"vcex-icon-box-text\"><h2 class=\"vcex-icon-box-heading wpex-heading wpex-text-md wpex-mb-10\">C\u1eeda quay c\u00e1nh qu\u1ea1t<\/h2><div class=\"vcex-icon-box-content wpex-last-mb-0 wpex-clr\"><p><img decoding=\"async\" loading=\"lazy\" class=\"alignnone size-full wp-image-2301\" src=\"https:\/\/lotgroup.eu\/wp-content\/uploads\/2016\/08\/defender.jpg\" alt=\"defender\" width=\"600\" height=\"600\" srcset=\"https:\/\/lotgroup.eu\/wp-content\/uploads\/2016\/08\/defender.jpg 600w, https:\/\/lotgroup.eu\/wp-content\/uploads\/2016\/08\/defender-300x300.jpg 300w\" sizes=\"(max-width: 600px) 100vw, 600px\" \/><\/p>\n<\/div><\/div><\/a>[\/vc_column][vc_column width=&#8221;1\/4&#8243;][\/vc_column][vc_column width=&#8221;1\/4&#8243;][\/vc_column][\/vc_row]\n<\/section>","protected":false},"excerpt":{"rendered":"<p>[vc_row][vc_column width=&#8221;1\/4&#8243;][\/vc_column][vc_column width=&#8221;1\/4&#8243;][\/vc_column][vc_column width=&#8221;1\/4&#8243;][\/vc_column][vc_column width=&#8221;1\/4&#8243;][\/vc_column][\/vc_row][vc_row][vc_column width=&#8221;1\/4&#8243;][\/vc_column][vc_column width=&#8221;1\/4&#8243;][\/vc_column][vc_column width=&#8221;1\/4&#8243;][\/vc_column][vc_column width=&#8221;1\/4&#8243;][\/vc_column][\/vc_row]<\/p>\n","protected":false},"author":6,"featured_media":0,"parent":454,"menu_order":0,"comment_status":"closed","ping_status":"closed","template":"","meta":{"footnotes":""},"translation":{"provider":"WPGlobus","version":"2.12.2","language":"vi","enabled_languages":["en","ru","bg","vi"],"languages":{"en":{"title":true,"content":true,"excerpt":false},"ru":{"title":true,"content":true,"excerpt":false},"bg":{"title":false,"content":false,"excerpt":false},"vi":{"title":true,"content":true,"excerpt":false}}},"_links":{"self":[{"href":"https:\/\/lotgroup.eu\/vi\/wp-json\/wp\/v2\/pages\/969"}],"collection":[{"href":"https:\/\/lotgroup.eu\/vi\/wp-json\/wp\/v2\/pages"}],"about":[{"href":"https:\/\/lotgroup.eu\/vi\/wp-json\/wp\/v2\/types\/page"}],"author":[{"embeddable":true,"href":"https:\/\/lotgroup.eu\/vi\/wp-json\/wp\/v2\/users\/6"}],"replies":[{"embeddable":true,"href":"https:\/\/lotgroup.eu\/vi\/wp-json\/wp\/v2\/comments?post=969"}],"version-history":[{"count":32,"href":"https:\/\/lotgroup.eu\/vi\/wp-json\/wp\/v2\/pages\/969\/revisions"}],"predecessor-version":[{"id":6022,"href":"https:\/\/lotgroup.eu\/vi\/wp-json\/wp\/v2\/pages\/969\/revisions\/6022"}],"up":[{"embeddable":true,"href":"https:\/\/lotgroup.eu\/vi\/wp-json\/wp\/v2\/pages\/454"}],"wp:attachment":[{"href":"https:\/\/lotgroup.eu\/vi\/wp-json\/wp\/v2\/media?parent=969"}],"curies":[{"name":"wp","href":"https:\/\/api.w.org\/{rel}","templated":true}]}}